{"id":425,"date":"2016-11-21T09:37:43","date_gmt":"2016-11-21T09:37:43","guid":{"rendered":"https:\/\/hilfe.telekom-cloudcenter.de\/?page_id=425"},"modified":"2016-11-21T15:38:40","modified_gmt":"2016-11-21T15:38:40","slug":"kontakte-importieren","status":"publish","type":"page","link":"https:\/\/hilfe.telekom-cloudcenter.de\/index.php\/produkte\/microsoft-exchange\/kontakte-importieren\/","title":{"rendered":"Kontakte importieren"},"content":{"rendered":"<p>Um mehrere Kontakte im Cloud Manager anzulegen, k\u00f6nnen Sie die Funktion zum Importieren einer Kontaktliste nutzen. W\u00e4hlen Sie hierzu in der Hauptnavigation unterhalb von <strong>&#8220;Microsoft\u00ae Exchange&#8221;<\/strong> den Men\u00fcpunkt <strong>&#8220;Kontakte importieren&#8221;<\/strong>. Diese Funktion steht Ihnen ebenfalls beim Anlegen eines Kontakts zur Verf\u00fcgung. W\u00e4hlen Sie hierzu in der Bearbeitungssicht f\u00fcr einen neuen Kontakt die Schaltfl\u00e4che <strong>&#8220;Kontakte importieren&#8221;<\/strong>.<\/p>\n<p>F\u00fcr den Import von mehreren Kontakten steht Ihnen eine CSV-Vorlage zur Verf\u00fcgung, welche Sie z.B. in Microsoft Excel\u00ae bearbeiten k\u00f6nnen. Bitte f\u00fcllen Sie die Vorlage sorgf\u00e4ltig mit den von Ihnen gew\u00fcnschten Kontaktdaten aus. Folgende Angaben m\u00fcssen Sie in jedem Fall pro anzulegenden Kontakt angeben:<\/p>\n<ul>\n<li>Vorname<\/li>\n<li>Nachname<\/li>\n<li>Anzeigename<\/li>\n<li>E-Mail Adresse<\/li>\n<\/ul>\n<p><strong>Beispiel:<\/strong><\/p>\n<ul>\n<li>Max<\/li>\n<li>Mustermann<\/li>\n<li>Max Mustermann<\/li>\n<li>mustermann@dom\u00e4ne.de<\/li>\n<\/ul>\n<p>Haben Sie die CSV-Vorlage mit den gew\u00fcnschten Kontaktdaten ausgef\u00fcllt, m\u00fcssen Sie die Datei zwingend als .CSV-Datei (Trennzeichen-getrennt) speichern, um Sie anschlie\u00dfend im Cloud Manager hochladen zu k\u00f6nnen. Zum Hochladen der .CSV-Datei w\u00e4hlen Sie zun\u00e4chst die Schaltfl\u00e4che &#8220;Durchsuchen&#8221; und nach Auswahl der entsprechenden Datei die Schaltfl\u00e4che &#8220;Importieren&#8221;.<\/p>\n<p>Sie erhalten zun\u00e4chst eine Vorschau der in der .CSV-Datei enthaltenen Datens\u00e4tze.<\/p>\n<p>W\u00e4hlen Sie in der angezeigten Vorschau die Schaltfl\u00e4che &#8220;Weiter&#8221;, werden die in der .CSV-Datei enthaltenen Datens\u00e4tze zun\u00e4chst validiert. War die Validierung erfolgreich, k\u00f6nnen Sie den Import im folgenden Dialog durch Wahl der Schaltfl\u00e4che &#8220;Weiter&#8221; starten.<\/p>\n<p>Anschlie\u00dfend k\u00f6nnen Sie den Fortschritt des Imports \u00fcber den entsprechenden Eintrag im Prozessmonitor verfolgen.<\/p>\n<p>Wurden in der .CSV-Datei fehlerhafte Datens\u00e4tze erkannt, erhalten Sie nach der Validierung eine Auflistung aller aufgetretenen Fehler.<\/p>\n","protected":false},"excerpt":{"rendered":"<p>Um mehrere Kontakte im Cloud Manager anzulegen, k\u00f6nnen Sie die Funktion zum Importieren einer Kontaktliste nutzen. W\u00e4hlen Sie hierzu in der Hauptnavigation unterhalb von &#8220;Microsoft\u00ae Exchange&#8221; den Men\u00fcpunkt &#8220;Kontakte importieren&#8221;. Diese Funktion steht Ihnen ebenfalls beim Anlegen eines Kontakts zur Verf\u00fcgung. W\u00e4hlen Sie hierzu in der Bearbeitungssicht f\u00fcr einen neuen Kontakt die Schaltfl\u00e4che &#8220;Kontakte importieren&#8221;&#8230;. <a href=\"https:\/\/hilfe.telekom-cloudcenter.de\/index.php\/produkte\/microsoft-exchange\/kontakte-importieren\/\">read more &raquo;<\/a><\/p>\n","protected":false},"author":1,"featured_media":0,"parent":256,"menu_order":0,"comment_status":"closed","ping_status":"closed","template":"","meta":{"footnotes":""},"_links":{"self":[{"href":"https:\/\/hilfe.telekom-cloudcenter.de\/index.php\/wp-json\/wp\/v2\/pages\/425"}],"collection":[{"href":"https:\/\/hilfe.telekom-cloudcenter.de\/index.php\/wp-json\/wp\/v2\/pages"}],"about":[{"href":"https:\/\/hilfe.telekom-cloudcenter.de\/index.php\/wp-json\/wp\/v2\/types\/page"}],"author":[{"embeddable":true,"href":"https:\/\/hilfe.telekom-cloudcenter.de\/index.php\/wp-json\/wp\/v2\/users\/1"}],"replies":[{"embeddable":true,"href":"https:\/\/hilfe.telekom-cloudcenter.de\/index.php\/wp-json\/wp\/v2\/comments?post=425"}],"version-history":[{"count":5,"href":"https:\/\/hilfe.telekom-cloudcenter.de\/index.php\/wp-json\/wp\/v2\/pages\/425\/revisions"}],"predecessor-version":[{"id":526,"href":"https:\/\/hilfe.telekom-cloudcenter.de\/index.php\/wp-json\/wp\/v2\/pages\/425\/revisions\/526"}],"up":[{"embeddable":true,"href":"https:\/\/hilfe.telekom-cloudcenter.de\/index.php\/wp-json\/wp\/v2\/pages\/256"}],"wp:attachment":[{"href":"https:\/\/hilfe.telekom-cloudcenter.de\/index.php\/wp-json\/wp\/v2\/media?parent=425"}],"curies":[{"name":"wp","href":"https:\/\/api.w.org\/{rel}","templated":true}]}}