{"id":439,"date":"2016-11-21T09:40:14","date_gmt":"2016-11-21T09:40:14","guid":{"rendered":"https:\/\/hilfe.telekom-cloudcenter.de\/?page_id=439"},"modified":"2022-01-03T14:07:48","modified_gmt":"2022-01-03T14:07:48","slug":"verteilerliste-anlegen","status":"publish","type":"page","link":"https:\/\/hilfe.telekom-cloudcenter.de\/index.php\/produkte\/microsoft-exchange\/verteilerlisten\/verteilerliste-anlegen\/","title":{"rendered":"Verteilerliste anlegen"},"content":{"rendered":"<p>Um eine neue Verteilerliste anzulegen, w\u00e4hlen Sie die Schaltfl\u00e4che <strong>&#8220;Verteilerliste anlegen&#8221;<\/strong> in der \u00dcbersicht der Verteilerlisten.<\/p>\n<p>Vergeben Sie zun\u00e4chst den gew\u00fcnschten Anzeigenamen f\u00fcr die Verteilerliste. F\u00fcgen Sie optional eine Notiz, bspw. zur n\u00e4heren Beschreibung der Verteilerliste, hinzu.<\/p>\n<p>Den <strong>Verwalter<\/strong> f\u00fcr die Verteilerliste legen Sie \u00fcber die Auswahlliste fest. Weitere Verwalter k\u00f6nnen Sie \u00fcber die Schaltfl\u00e4che <strong>&#8220;+&#8221;<\/strong> hinzuf\u00fcgen. Bitte beachten Sie, dass Sie als Verwalter nur Nutzer mit einer bereits zugewiesenen Mailbox ausw\u00e4hlen k\u00f6nnen.<\/p>\n<p>Im Bereich <strong>E-Mail Adressen<\/strong> legen Sie die E-Mail Adressen fest, \u00fcber die die Verteilerliste erreichbar sein soll. Zu jeder Verteilerliste wird eine Default-Mail-Adresse in der Form <strong>&#8220;name@[IhrKundenstammname].telekom-cloudcenter.de&#8221;<\/strong> generiert. Diese E-Mail-Adresse wird Ihnen unmittelbar nach Vergabe eines Namens f\u00fcr die Verteilerliste im Formular angezeigt. Bitte beachten Sie, dass Sie diese E-Mail-Adresse nicht \u00e4ndern oder l\u00f6schen k\u00f6nnen. Diese E-Mail-Adresse ist zudem zun\u00e4chst als prim\u00e4re E-Mail-Adresse markiert. Durch Wahl der Schaltfl\u00e4che <strong>&#8220;+&#8221;<\/strong> k\u00f6nnen Sie weitere E-Mail-Adressen (Alias) hinzuf\u00fcgen. Dabei k\u00f6nnen Sie sowohl den Local-Part (Zeichenfolge vor dem @-Zeichen) als auch den Domain-Part (Zeichenfolge hinter dem @-Zeichen) frei bestimmen. In der Auswahlliste der Domain werden Ihnen dabei nur bereits verifizierte Domains zur Auswahl angeboten. Durch Wahl der Schaltfl\u00e4che <strong>&#8220;P&#8221;<\/strong> k\u00f6nnen Sie eine E-Mail-Adresse als prim\u00e4re E-Mail-Adresse kennzeichnen.<\/p>\n<p>Im Bereich <strong>&#8220;Zus\u00e4tzliche Verteilerlisten Optionen&#8221;<\/strong> k\u00f6nnen Sie zus\u00e4tzliche Einstellungen vornehmen. Wenn Sie den Empfang von E-Mails erm\u00f6glichen wollen, die von einer von der Verteilerliste abweichenden Domain gesendet werden, aktivieren Sie die Option <strong>&#8220;Ist extern erreichbar&#8221;<\/strong>. M\u00f6chten Sie eine Verteilerliste f\u00fcr die Steuerung von Kalenderberechtigungen verwenden, aktivieren Sie die Option <strong>&#8220;Sicherheits-aktiviert&#8221;<\/strong>.<\/p>\n<p>F\u00fcr extern erreichbare Verteilerlisten haben Sie zudem die M\u00f6glichkeit zus\u00e4tzliche E-Mail Sicherheitsoptionen im Bereich <strong>&#8220;Verteilerlisten Sicherheit&#8221;<\/strong> zu aktivieren. Sie k\u00f6nnen diese Einstellungen per &#8220;Standard-Einstellungen&#8221; oder mittels <strong><a href=\"https:\/\/hilfe.telekom-cloudcenter.de\/index.php\/produkte\/microsoft-exchange\/einstellungen-fur-exchange\/sicherheitsprofile\/\">Sicherheitsprofil<\/a><\/strong> vornehmen. Bitte beachten Sie dabei, dass Sie f\u00fcr die Optionen &#8220;3. Virenscanner&#8221;, &#8220;Virus Outbreak Detection&#8221;, &#8220;APT Protect Pro&#8221; und &#8220;Quarant\u00e4nebox&#8221; \u00fcber ausreichend gebuchte und freie Lizenzen (Bestellmenge) verf\u00fcgen m\u00fcssen.<\/p>\n<p>Speichern Sie abschlie\u00dfend Ihre Eingaben durch Wahl der Schaltfl\u00e4che <strong>&#8220;Speichern&#8221;<\/strong>.<\/p>\n","protected":false},"excerpt":{"rendered":"<p>Um eine neue Verteilerliste anzulegen, w\u00e4hlen Sie die Schaltfl\u00e4che &#8220;Verteilerliste anlegen&#8221; in der \u00dcbersicht der Verteilerlisten. Vergeben Sie zun\u00e4chst den gew\u00fcnschten Anzeigenamen f\u00fcr die Verteilerliste. F\u00fcgen Sie optional eine Notiz, bspw. zur n\u00e4heren Beschreibung der Verteilerliste, hinzu. Den Verwalter f\u00fcr die Verteilerliste legen Sie \u00fcber die Auswahlliste fest. Weitere Verwalter k\u00f6nnen Sie \u00fcber die Schaltfl\u00e4che&#8230; <a href=\"https:\/\/hilfe.telekom-cloudcenter.de\/index.php\/produkte\/microsoft-exchange\/verteilerlisten\/verteilerliste-anlegen\/\">read more &raquo;<\/a><\/p>\n","protected":false},"author":1,"featured_media":0,"parent":437,"menu_order":0,"comment_status":"closed","ping_status":"closed","template":"","meta":{"footnotes":""},"_links":{"self":[{"href":"https:\/\/hilfe.telekom-cloudcenter.de\/index.php\/wp-json\/wp\/v2\/pages\/439"}],"collection":[{"href":"https:\/\/hilfe.telekom-cloudcenter.de\/index.php\/wp-json\/wp\/v2\/pages"}],"about":[{"href":"https:\/\/hilfe.telekom-cloudcenter.de\/index.php\/wp-json\/wp\/v2\/types\/page"}],"author":[{"embeddable":true,"href":"https:\/\/hilfe.telekom-cloudcenter.de\/index.php\/wp-json\/wp\/v2\/users\/1"}],"replies":[{"embeddable":true,"href":"https:\/\/hilfe.telekom-cloudcenter.de\/index.php\/wp-json\/wp\/v2\/comments?post=439"}],"version-history":[{"count":10,"href":"https:\/\/hilfe.telekom-cloudcenter.de\/index.php\/wp-json\/wp\/v2\/pages\/439\/revisions"}],"predecessor-version":[{"id":5959,"href":"https:\/\/hilfe.telekom-cloudcenter.de\/index.php\/wp-json\/wp\/v2\/pages\/439\/revisions\/5959"}],"up":[{"embeddable":true,"href":"https:\/\/hilfe.telekom-cloudcenter.de\/index.php\/wp-json\/wp\/v2\/pages\/437"}],"wp:attachment":[{"href":"https:\/\/hilfe.telekom-cloudcenter.de\/index.php\/wp-json\/wp\/v2\/media?parent=439"}],"curies":[{"name":"wp","href":"https:\/\/api.w.org\/{rel}","templated":true}]}}