{"id":445,"date":"2016-11-21T09:44:04","date_gmt":"2016-11-21T09:44:04","guid":{"rendered":"https:\/\/hilfe.telekom-cloudcenter.de\/?page_id=445"},"modified":"2016-11-21T15:55:52","modified_gmt":"2016-11-21T15:55:52","slug":"verteilerliste-loschen","status":"publish","type":"page","link":"https:\/\/hilfe.telekom-cloudcenter.de\/index.php\/produkte\/microsoft-exchange\/verteilerlisten\/verteilerliste-loschen\/","title":{"rendered":"Verteilerliste l\u00f6schen"},"content":{"rendered":"<p>Zur L\u00f6schung von Verteilerlisten w\u00e4hlen Sie zun\u00e4chst eine oder mehrere Verteilerlisten durch Aktivieren der Checkbox(en) in der \u00dcbersicht der Verteilerlisten aus und w\u00e4hlen anschlie\u00dfend die Schaltfl\u00e4che <strong>&#8220;Verteilerliste l\u00f6schen&#8221;<\/strong>.<\/p>\n<p>Best\u00e4tigen Sie anschlie\u00dfend die Sicherheitsabfrage mit <strong>&#8220;Ok&#8221;<\/strong>. Das L\u00f6schen von Verteilerlisten hat keinerlei Freigabe von Nutzungsberechtigungen zur Folge.<\/p>\n","protected":false},"excerpt":{"rendered":"<p>Zur L\u00f6schung von Verteilerlisten w\u00e4hlen Sie zun\u00e4chst eine oder mehrere Verteilerlisten durch Aktivieren der Checkbox(en) in der \u00dcbersicht der Verteilerlisten aus und w\u00e4hlen anschlie\u00dfend die Schaltfl\u00e4che &#8220;Verteilerliste l\u00f6schen&#8221;. Best\u00e4tigen Sie anschlie\u00dfend die Sicherheitsabfrage mit &#8220;Ok&#8221;. Das L\u00f6schen von Verteilerlisten hat keinerlei Freigabe von Nutzungsberechtigungen zur Folge.<\/p>\n","protected":false},"author":1,"featured_media":0,"parent":437,"menu_order":0,"comment_status":"closed","ping_status":"closed","template":"","meta":{"footnotes":""},"_links":{"self":[{"href":"https:\/\/hilfe.telekom-cloudcenter.de\/index.php\/wp-json\/wp\/v2\/pages\/445"}],"collection":[{"href":"https:\/\/hilfe.telekom-cloudcenter.de\/index.php\/wp-json\/wp\/v2\/pages"}],"about":[{"href":"https:\/\/hilfe.telekom-cloudcenter.de\/index.php\/wp-json\/wp\/v2\/types\/page"}],"author":[{"embeddable":true,"href":"https:\/\/hilfe.telekom-cloudcenter.de\/index.php\/wp-json\/wp\/v2\/users\/1"}],"replies":[{"embeddable":true,"href":"https:\/\/hilfe.telekom-cloudcenter.de\/index.php\/wp-json\/wp\/v2\/comments?post=445"}],"version-history":[{"count":2,"href":"https:\/\/hilfe.telekom-cloudcenter.de\/index.php\/wp-json\/wp\/v2\/pages\/445\/revisions"}],"predecessor-version":[{"id":536,"href":"https:\/\/hilfe.telekom-cloudcenter.de\/index.php\/wp-json\/wp\/v2\/pages\/445\/revisions\/536"}],"up":[{"embeddable":true,"href":"https:\/\/hilfe.telekom-cloudcenter.de\/index.php\/wp-json\/wp\/v2\/pages\/437"}],"wp:attachment":[{"href":"https:\/\/hilfe.telekom-cloudcenter.de\/index.php\/wp-json\/wp\/v2\/media?parent=445"}],"curies":[{"name":"wp","href":"https:\/\/api.w.org\/{rel}","templated":true}]}}