{"id":451,"date":"2016-11-21T11:06:51","date_gmt":"2016-11-21T11:06:51","guid":{"rendered":"https:\/\/hilfe.telekom-cloudcenter.de\/?page_id=451"},"modified":"2018-09-27T08:44:12","modified_gmt":"2018-09-27T08:44:12","slug":"mailboxdetails","status":"publish","type":"page","link":"https:\/\/hilfe.telekom-cloudcenter.de\/index.php\/produkte\/microsoft-exchange\/mailboxen\/mailboxdetails\/","title":{"rendered":"Mailboxdetails"},"content":{"rendered":"<p>Nach Auswahl einer Mailbox in der Mailbox\u00fcbersicht werden Ihnen die Mailboxdetails angezeigt. In der Detailanzeige sind folgende Informationen ersichtlich:<\/p>\n<ul>\n<li>E-Mail-Adressen (prim\u00e4re Adresse und weitere Adressen (Aliase))<\/li>\n<li>Mailboxdaten\n<ul>\n<li>Produkttyp<\/li>\n<li>zugewiesener Mailboxspeicher<\/li>\n<li>Aktivierte Mailbox Dienste<\/li>\n<li>Aktivierte Mailbox Optionen<\/li>\n<li>Zus\u00e4tzliche Mailboxdaten f\u00fcr Ressourcen Mailboxen\n<ul>\n<li>Typ der Ressourcen Mailbox<\/li>\n<li>Verwalter der Ressourcen Mailbox<\/li>\n<li>Kapazit\u00e4t<\/li>\n<li>Angabe zur \u00dcberbuchbarkeit<\/li>\n<\/ul>\n<\/ul>\n<\/li>\n<li>Eingerichtete Weiterleitung (nur bei Nutzermailboxen)<\/li>\n<li>Eingerichtete Benutzerrechte (nur bei Nutzermailboxen und Shared Mailboxen)<\/li>\n<\/ul>\n<p>W\u00e4hlen Sie zum <a href=\"https:\/\/hilfe.telekom-cloudcenter.de\/index.php\/produkte\/microsoft-exchange\/mailboxen\/mailboxdetails\/mailbox-bearbeiten\/\"><strong>Bearbeiten der Mailboxdaten<\/strong><\/a> das Stift-Symbol im oberen rechten Bereich der Datenbox.<\/p>\n<p>Weiterhin stehen Ihnen folgende Bearbeitungsm\u00f6glichkeiten zur Verf\u00fcgung:<\/p>\n<ul>\n<li><a href=\"https:\/\/hilfe.telekom-cloudcenter.de\/index.php\/produkte\/microsoft-exchange\/mailboxen\/mailboxdetails\/weiterleitung-einrichtenbearbeiten\/\"><strong>Einrichtung einer Weiterleitung<\/strong><\/a><\/li>\n<li><a href=\"https:\/\/hilfe.telekom-cloudcenter.de\/index.php\/produkte\/microsoft-exchange\/mailboxen\/mailboxdetails\/weiterleitung-loschen\/\"><strong>L\u00f6schen einer Weiterleitung<\/strong><\/a><\/li>\n<\/ul>\n","protected":false},"excerpt":{"rendered":"<p>Nach Auswahl einer Mailbox in der Mailbox\u00fcbersicht werden Ihnen die Mailboxdetails angezeigt. In der Detailanzeige sind folgende Informationen ersichtlich: E-Mail-Adressen (prim\u00e4re Adresse und weitere Adressen (Aliase)) Mailboxdaten Produkttyp zugewiesener Mailboxspeicher Aktivierte Mailbox Dienste Aktivierte Mailbox Optionen Zus\u00e4tzliche Mailboxdaten f\u00fcr Ressourcen Mailboxen Typ der Ressourcen Mailbox Verwalter der Ressourcen Mailbox Kapazit\u00e4t Angabe zur \u00dcberbuchbarkeit Eingerichtete Weiterleitung&#8230; <a href=\"https:\/\/hilfe.telekom-cloudcenter.de\/index.php\/produkte\/microsoft-exchange\/mailboxen\/mailboxdetails\/\">read more &raquo;<\/a><\/p>\n","protected":false},"author":1,"featured_media":0,"parent":258,"menu_order":0,"comment_status":"closed","ping_status":"closed","template":"","meta":{"footnotes":""},"_links":{"self":[{"href":"https:\/\/hilfe.telekom-cloudcenter.de\/index.php\/wp-json\/wp\/v2\/pages\/451"}],"collection":[{"href":"https:\/\/hilfe.telekom-cloudcenter.de\/index.php\/wp-json\/wp\/v2\/pages"}],"about":[{"href":"https:\/\/hilfe.telekom-cloudcenter.de\/index.php\/wp-json\/wp\/v2\/types\/page"}],"author":[{"embeddable":true,"href":"https:\/\/hilfe.telekom-cloudcenter.de\/index.php\/wp-json\/wp\/v2\/users\/1"}],"replies":[{"embeddable":true,"href":"https:\/\/hilfe.telekom-cloudcenter.de\/index.php\/wp-json\/wp\/v2\/comments?post=451"}],"version-history":[{"count":7,"href":"https:\/\/hilfe.telekom-cloudcenter.de\/index.php\/wp-json\/wp\/v2\/pages\/451\/revisions"}],"predecessor-version":[{"id":3755,"href":"https:\/\/hilfe.telekom-cloudcenter.de\/index.php\/wp-json\/wp\/v2\/pages\/451\/revisions\/3755"}],"up":[{"embeddable":true,"href":"https:\/\/hilfe.telekom-cloudcenter.de\/index.php\/wp-json\/wp\/v2\/pages\/258"}],"wp:attachment":[{"href":"https:\/\/hilfe.telekom-cloudcenter.de\/index.php\/wp-json\/wp\/v2\/media?parent=451"}],"curies":[{"name":"wp","href":"https:\/\/api.w.org\/{rel}","templated":true}]}}