{"id":453,"date":"2016-11-21T11:07:14","date_gmt":"2016-11-21T11:07:14","guid":{"rendered":"https:\/\/hilfe.telekom-cloudcenter.de\/?page_id=453"},"modified":"2020-07-13T09:13:40","modified_gmt":"2020-07-13T09:13:40","slug":"mailbox-bearbeiten","status":"publish","type":"page","link":"https:\/\/hilfe.telekom-cloudcenter.de\/index.php\/produkte\/microsoft-exchange\/mailboxen\/mailboxdetails\/mailbox-bearbeiten\/","title":{"rendered":"Mailbox bearbeiten"},"content":{"rendered":"<p>Um eine Mailbox zu bearbeiten, w\u00e4hlen Sie zun\u00e4chst den gew\u00fcnschten Eintrag in der <a href=\"https:\/\/hilfe.telekom-cloudcenter.de\/index.php\/produkte\/microsoft-exchange\/mailboxen\/\"><strong>Mailbox\u00fcbersicht<\/strong><\/a> durch einen Klick auf die jeweilige Zeile aus. Anschlie\u00dfend w\u00e4hlen Sie die Schaltfl\u00e4che <strong>&#8220;Bearbeiten&#8221;<\/strong> (Stiftsymbol) in der Datenbox <strong>&#8220;Mailboxdaten&#8221;<\/strong>.<\/p>\n<p>In der Bearbeitungsansicht werden Ihnen die aktuellen Einstellungen der Mailbox angezeigt. Folgende Bearbeitungsm\u00f6glichkeiten stehen Ihnen in Abh\u00e4ngigkeit des Mailbox Typs zur Verf\u00fcgung:<\/p>\n<ul>\n<li>Hinzuf\u00fcgen und Entfernen von E-Mail-Adressen (Alias-Adressen)<\/li>\n<li>\u00c4ndern der prim\u00e4ren E-Mail-Adresse als Absenderadresse beim E-Mail-Versand<\/li>\n<li>\u00c4ndern des Produkttyps (Lizenztyp)<\/li>\n<li>\u00c4ndern der Mailbox-Gr\u00f6\u00dfe (Mailboxspeicher)<\/li>\n<li>De- und Aktivierung von zus\u00e4tzlichen Mailbox Optionen<\/li>\n<li>De- und Aktivierung von zus\u00e4tzlichen E-Mail Sicherheitsoptionen<\/li>\n<li>\u00c4ndern der Benutzerberechtigungen sowie der Telefonnummer und des Standorts<\/li>\n<li>F\u00fcr Ressourcen Mailboxen\n<ul>\n<li>\u00c4ndern der Beschreibung<\/li>\n<li>\u00c4ndern der Telefonnummer und des Standorts<\/li>\n<li>\u00c4ndern des Verwalters<\/li>\n<li>\u00c4ndern des Ressourcentyps<\/li>\n<li>\u00c4ndern der Kapazit\u00e4t<\/li>\n<li>\u00c4ndern der \u00dcberbuchbarkeit<\/li>\n<\/ul>\n<\/li>\n<\/ul>\n<p><strong>Achtung:<\/strong> Markieren Sie eine weitere, neue E-Mail-Adresse als prim\u00e4re E-Mail-Adresse, kann es einige Minuten lang zu Nichtzustellbarkeit von E-Mails kommen, da diese Adresse erst im System registriert werden muss.<\/p>\n<p>Best\u00e4tigen Sie Ihre \u00c4nderungen abschlie\u00dfend durch Wahl der Schaltfl\u00e4che <strong>&#8220;Speichern&#8221;<\/strong>.<\/p>\n","protected":false},"excerpt":{"rendered":"<p>Um eine Mailbox zu bearbeiten, w\u00e4hlen Sie zun\u00e4chst den gew\u00fcnschten Eintrag in der Mailbox\u00fcbersicht durch einen Klick auf die jeweilige Zeile aus. Anschlie\u00dfend w\u00e4hlen Sie die Schaltfl\u00e4che &#8220;Bearbeiten&#8221; (Stiftsymbol) in der Datenbox &#8220;Mailboxdaten&#8221;. In der Bearbeitungsansicht werden Ihnen die aktuellen Einstellungen der Mailbox angezeigt. Folgende Bearbeitungsm\u00f6glichkeiten stehen Ihnen in Abh\u00e4ngigkeit des Mailbox Typs zur Verf\u00fcgung:&#8230; <a href=\"https:\/\/hilfe.telekom-cloudcenter.de\/index.php\/produkte\/microsoft-exchange\/mailboxen\/mailboxdetails\/mailbox-bearbeiten\/\">read more &raquo;<\/a><\/p>\n","protected":false},"author":1,"featured_media":0,"parent":451,"menu_order":0,"comment_status":"closed","ping_status":"closed","template":"","meta":{"footnotes":""},"_links":{"self":[{"href":"https:\/\/hilfe.telekom-cloudcenter.de\/index.php\/wp-json\/wp\/v2\/pages\/453"}],"collection":[{"href":"https:\/\/hilfe.telekom-cloudcenter.de\/index.php\/wp-json\/wp\/v2\/pages"}],"about":[{"href":"https:\/\/hilfe.telekom-cloudcenter.de\/index.php\/wp-json\/wp\/v2\/types\/page"}],"author":[{"embeddable":true,"href":"https:\/\/hilfe.telekom-cloudcenter.de\/index.php\/wp-json\/wp\/v2\/users\/1"}],"replies":[{"embeddable":true,"href":"https:\/\/hilfe.telekom-cloudcenter.de\/index.php\/wp-json\/wp\/v2\/comments?post=453"}],"version-history":[{"count":8,"href":"https:\/\/hilfe.telekom-cloudcenter.de\/index.php\/wp-json\/wp\/v2\/pages\/453\/revisions"}],"predecessor-version":[{"id":5787,"href":"https:\/\/hilfe.telekom-cloudcenter.de\/index.php\/wp-json\/wp\/v2\/pages\/453\/revisions\/5787"}],"up":[{"embeddable":true,"href":"https:\/\/hilfe.telekom-cloudcenter.de\/index.php\/wp-json\/wp\/v2\/pages\/451"}],"wp:attachment":[{"href":"https:\/\/hilfe.telekom-cloudcenter.de\/index.php\/wp-json\/wp\/v2\/media?parent=453"}],"curies":[{"name":"wp","href":"https:\/\/api.w.org\/{rel}","templated":true}]}}