{"id":455,"date":"2016-11-21T11:07:29","date_gmt":"2016-11-21T11:07:29","guid":{"rendered":"https:\/\/hilfe.telekom-cloudcenter.de\/?page_id=455"},"modified":"2016-11-21T13:11:32","modified_gmt":"2016-11-21T13:11:32","slug":"mailbox-loschen","status":"publish","type":"page","link":"https:\/\/hilfe.telekom-cloudcenter.de\/index.php\/produkte\/microsoft-exchange\/mailboxen\/mailbox-loschen\/","title":{"rendered":"Mailbox l\u00f6schen"},"content":{"rendered":"<p>Zur L\u00f6schung von Mailboxen w\u00e4hlen Sie zun\u00e4chst eine oder mehrere Mailboxen durch Aktivieren der Checkbox(en) in der Mailbox\u00fcbersicht aus und w\u00e4hlen anschlie\u00dfend die Schaltfl\u00e4che <strong>&#8220;Mailbox l\u00f6schen&#8221;<\/strong>.\u00a0Best\u00e4tigen Sie anschlie\u00dfend die Sicherheitsabfrage mit <strong>&#8220;Ok&#8221;<\/strong>. Bitte beachten Sie, dass die Mailbox einschlie\u00dflich aller Daten anschlie\u00dfend unwiederbringlich gel\u00f6scht wird. Das durch den jeweiligen Nutzer beanspruchte Kontingent wird freigegeben, so dass Sie dar\u00fcber wieder verf\u00fcgen k\u00f6nnen.<\/p>\n<p><strong>Hinweis:<\/strong> Sollten Sie eine Mailbox versehentlich entfernt haben, kontaktieren Sie bitte den <a href=\"https:\/\/hilfe.telekom-cloudcenter.de\/index.php\/service\/service-desk\/\"><strong>Service\u00a0Desk<\/strong><\/a>. Eine Mailbox kann nur dann gel\u00f6scht werden, wenn der Mailboxnutzer kein Verwalter einer Verteilerliste oder Ressourcenmailbox ist.<\/p>\n","protected":false},"excerpt":{"rendered":"<p>Zur L\u00f6schung von Mailboxen w\u00e4hlen Sie zun\u00e4chst eine oder mehrere Mailboxen durch Aktivieren der Checkbox(en) in der Mailbox\u00fcbersicht aus und w\u00e4hlen anschlie\u00dfend die Schaltfl\u00e4che &#8220;Mailbox l\u00f6schen&#8221;.\u00a0Best\u00e4tigen Sie anschlie\u00dfend die Sicherheitsabfrage mit &#8220;Ok&#8221;. Bitte beachten Sie, dass die Mailbox einschlie\u00dflich aller Daten anschlie\u00dfend unwiederbringlich gel\u00f6scht wird. Das durch den jeweiligen Nutzer beanspruchte Kontingent wird freigegeben, so&#8230; <a href=\"https:\/\/hilfe.telekom-cloudcenter.de\/index.php\/produkte\/microsoft-exchange\/mailboxen\/mailbox-loschen\/\">read more &raquo;<\/a><\/p>\n","protected":false},"author":1,"featured_media":0,"parent":258,"menu_order":0,"comment_status":"closed","ping_status":"closed","template":"","meta":{"footnotes":""},"_links":{"self":[{"href":"https:\/\/hilfe.telekom-cloudcenter.de\/index.php\/wp-json\/wp\/v2\/pages\/455"}],"collection":[{"href":"https:\/\/hilfe.telekom-cloudcenter.de\/index.php\/wp-json\/wp\/v2\/pages"}],"about":[{"href":"https:\/\/hilfe.telekom-cloudcenter.de\/index.php\/wp-json\/wp\/v2\/types\/page"}],"author":[{"embeddable":true,"href":"https:\/\/hilfe.telekom-cloudcenter.de\/index.php\/wp-json\/wp\/v2\/users\/1"}],"replies":[{"embeddable":true,"href":"https:\/\/hilfe.telekom-cloudcenter.de\/index.php\/wp-json\/wp\/v2\/comments?post=455"}],"version-history":[{"count":2,"href":"https:\/\/hilfe.telekom-cloudcenter.de\/index.php\/wp-json\/wp\/v2\/pages\/455\/revisions"}],"predecessor-version":[{"id":477,"href":"https:\/\/hilfe.telekom-cloudcenter.de\/index.php\/wp-json\/wp\/v2\/pages\/455\/revisions\/477"}],"up":[{"embeddable":true,"href":"https:\/\/hilfe.telekom-cloudcenter.de\/index.php\/wp-json\/wp\/v2\/pages\/258"}],"wp:attachment":[{"href":"https:\/\/hilfe.telekom-cloudcenter.de\/index.php\/wp-json\/wp\/v2\/media?parent=455"}],"curies":[{"name":"wp","href":"https:\/\/api.w.org\/{rel}","templated":true}]}}