{"id":462,"date":"2016-11-21T11:51:45","date_gmt":"2016-11-21T11:51:45","guid":{"rendered":"https:\/\/hilfe.telekom-cloudcenter.de\/?page_id=462"},"modified":"2016-11-21T13:17:52","modified_gmt":"2016-11-21T13:17:52","slug":"weiterleitung-einrichten","status":"publish","type":"page","link":"https:\/\/hilfe.telekom-cloudcenter.de\/index.php\/produkte\/microsoft-exchange\/mailboxen\/mailboxdetails\/weiterleitung-einrichten\/","title":{"rendered":"Weiterleitung einrichten"},"content":{"rendered":"<p>F\u00fcr bestehende Mailboxen k\u00f6nnen Weiterleitungen eingerichtet werden. W\u00e4hlen Sie hierzu in den Mailboxdetails einer ausgew\u00e4hlten Mailbox die Schaltfl\u00e4che <strong>&#8220;Weiterleitung einrichten&#8221;<\/strong> in der Datenbox <strong>&#8220;Weiterleitung&#8221;<\/strong>.<\/p>\n<p>W\u00e4hlen Sie in der folgenden Bearbeitungssicht eine der beiden Optionen f\u00fcr die Weiterleitung an eine Mailbox innerhalb Ihrer Organisation (<strong>&#8220;Weiterleitung an eine Nutzer-Mailbox&#8221;<\/strong>) oder f\u00fcr die Weiterleitung an einen externen Kontakt (<strong>&#8220;Weiterleitung an einen Kontakt&#8221;<\/strong>).<\/p>\n<p>Anschlie\u00dfend k\u00f6nnen Sie aus der jeweiligen Auswahlliste einen Nutzer oder Kontakt f\u00fcr die Weiterleitung ausw\u00e4hlen. Zur Erleichterung der Auswahl k\u00f6nnen Sie die Auswahlliste durch Zeicheneingabe filtern. Tippen Sie dazu einfach den Namen des gew\u00fcnschten Nutzers oder Kontakts ein. Die Auswahl wird umgehend durch Ihre Eingabe gefiltert.<\/p>\n<p>Mit Aktivierung der Option <strong>&#8220;Kopie in der Mailbox behalten&#8221;<\/strong> k\u00f6nnen Sie festlegen, ob eine Kopie der weitergeleiteten E-Mail im Posteingang des eigentlichen Empf\u00e4ngers der Mailbox verbleiben soll. Best\u00e4tigen Sie abschlie\u00dfend Ihre Eingaben durch Wahl der Schaltfl\u00e4che <strong>&#8220;Speichern&#8221;<\/strong>.<\/p>\n","protected":false},"excerpt":{"rendered":"<p>F\u00fcr bestehende Mailboxen k\u00f6nnen Weiterleitungen eingerichtet werden. W\u00e4hlen Sie hierzu in den Mailboxdetails einer ausgew\u00e4hlten Mailbox die Schaltfl\u00e4che &#8220;Weiterleitung einrichten&#8221; in der Datenbox &#8220;Weiterleitung&#8221;. W\u00e4hlen Sie in der folgenden Bearbeitungssicht eine der beiden Optionen f\u00fcr die Weiterleitung an eine Mailbox innerhalb Ihrer Organisation (&#8220;Weiterleitung an eine Nutzer-Mailbox&#8221;) oder f\u00fcr die Weiterleitung an einen externen Kontakt&#8230; <a href=\"https:\/\/hilfe.telekom-cloudcenter.de\/index.php\/produkte\/microsoft-exchange\/mailboxen\/mailboxdetails\/weiterleitung-einrichten\/\">read more &raquo;<\/a><\/p>\n","protected":false},"author":1,"featured_media":0,"parent":451,"menu_order":0,"comment_status":"closed","ping_status":"closed","template":"","meta":{"footnotes":""},"_links":{"self":[{"href":"https:\/\/hilfe.telekom-cloudcenter.de\/index.php\/wp-json\/wp\/v2\/pages\/462"}],"collection":[{"href":"https:\/\/hilfe.telekom-cloudcenter.de\/index.php\/wp-json\/wp\/v2\/pages"}],"about":[{"href":"https:\/\/hilfe.telekom-cloudcenter.de\/index.php\/wp-json\/wp\/v2\/types\/page"}],"author":[{"embeddable":true,"href":"https:\/\/hilfe.telekom-cloudcenter.de\/index.php\/wp-json\/wp\/v2\/users\/1"}],"replies":[{"embeddable":true,"href":"https:\/\/hilfe.telekom-cloudcenter.de\/index.php\/wp-json\/wp\/v2\/comments?post=462"}],"version-history":[{"count":4,"href":"https:\/\/hilfe.telekom-cloudcenter.de\/index.php\/wp-json\/wp\/v2\/pages\/462\/revisions"}],"predecessor-version":[{"id":480,"href":"https:\/\/hilfe.telekom-cloudcenter.de\/index.php\/wp-json\/wp\/v2\/pages\/462\/revisions\/480"}],"up":[{"embeddable":true,"href":"https:\/\/hilfe.telekom-cloudcenter.de\/index.php\/wp-json\/wp\/v2\/pages\/451"}],"wp:attachment":[{"href":"https:\/\/hilfe.telekom-cloudcenter.de\/index.php\/wp-json\/wp\/v2\/media?parent=462"}],"curies":[{"name":"wp","href":"https:\/\/api.w.org\/{rel}","templated":true}]}}