{"id":4790,"date":"2019-07-09T13:39:22","date_gmt":"2019-07-09T13:39:22","guid":{"rendered":"https:\/\/hilfe.telekom-cloudcenter.de\/?page_id=4790"},"modified":"2020-03-06T11:52:44","modified_gmt":"2020-03-06T11:52:44","slug":"release-notes","status":"publish","type":"page","link":"https:\/\/hilfe.telekom-cloudcenter.de\/index.php\/startseite\/release-notes\/","title":{"rendered":"Release Notes"},"content":{"rendered":"\n<table class=\"wp-block-table is-style-stripes\"><tbody><tr><td>Release<\/td><td>Features<\/td><\/tr>\n<tr><td style=\"vertical-align:top\">\n3.11.2.0<\/td><td><strong>Erweiterung Mailarchivierung<\/strong>\n<ul><li> Erweiterungen f\u00fcr das Produkt Cloud Archive Plus wurden eingef\u00fchrt<\/li><\/ul>\n<ul><li> F\u00fcr Exchange Mailboxen k\u00f6nnen zus\u00e4tzlich Optionen f\u00fcr eine revisionssichere Archivierung aktiviert werden<\/li><\/ul>\n<\/td><\/tr>\n<tr><td style=\"vertical-align:top\">\n3.11.1.0<\/td><td><strong>Anpassung ADV-Formular<\/strong>\n<ul><li> Aktualisierung des ADV-Formulars entsprechend den Anforderungen der EU DSGVO<\/li><\/ul>\n<strong>Das Produkt Fax wurde aus dem Portfolio entfernt<\/strong><ul><\/ul>\n<strong>BCS Archvierung<\/strong>\n<ul><li>Erweiterung des Portfolios f\u00fcr DTAG Kunden um das Produkt Mail Archivierung.<\/li><\/ul>\n<\/td><\/tr>\n<tr><td style=\"vertical-align:top\">\n3.11.0.0<\/td><td><strong>Feld &#8220;Notes&#8221; in CM Detailansicht <\/strong>\n<ul><li> Im Detailansicht von Verteilerlisten wird das Feld &#8220;Anmerkungen&#8221; aus Exchange eingeblendet und editierbar gemacht.<\/li>\n<\/ul>\n<strong>Umbenennung Anzeigename der Verteilerlisten im Cloud Manager<\/strong>\n<ul><li> Der Anzeigename der Verteilerliste wird editierbar<\/li>\n<\/ul>\n<strong>Erweiterung Mailboxverwaltung<\/strong>\n<ul><li>Zusammenlegung von Ressourcen-, Nutzer- und Shared Mailboxen in einer Liste. Ressourcenmailbox-Verwaltung als separater Bereich entf\u00e4llt.<\/li><\/ul>\n<ul>\n<li>Typ-Auswahl beim Anlegen einer Mailbox:\n<br> &#8211; Ressourcenmailbox, Nutzermailbox oder Shared Mailbox    <br> &#8211; Mailadressverwaltung f\u00fcr alle Typen<br> &#8211; Auswahl Verwalter einer Ressourcenbox bleibt bestehen<br> &#8211; Weiterleitungen f\u00fcr Shared Mailboxen<br> &#8211; Berechtigungsverwaltung f\u00fcr Nutzermailboxen<\/li><li>\u00c4nderung des Mailboxtyps<br> &#8211; Nutzermailbox nach Shared Mailbox<br> &#8211; Shared Mailbox nach Nutzermailbox<br> &#8211; Ressourcenmailbox nach Shared Mailbox<\/li>\n<\/ul>\n<strong>Erweiterung der Mailbox-\u00dcbersicht<\/strong>\n<ul>\n<li>Die Suche funktioniert \u00fcber alle Mail-Adressen<\/li>\n<li>Die Liste kann exportiert werden<\/li>\n<\/ul>\n<strong>Erweiterung Verteilerlisten<\/strong>\n<ul>\n<li> Zuk\u00fcnftig ist es m\u00f6glich mehrere Verwalter f\u00fcr Verteilerlisten im Cloud Manager anzulegen und zu verwalten.<\/li>\n<li> Weiterhin ist es jetzt m\u00f6glich die Bezeichnung der Verteilerlisten im Cloud Manager zu verwalten\/\u00e4ndern.<\/li><\/ul>\n<strong>Verwaltung der Freigaben f\u00fcr Outlook on the Web (OWA) im Cloud Manager<\/strong>\n<ul>\n<li> Die \u00dcbersicht und Verwaltung der Freigaben f\u00fcr Outlook on the web im Cloud Manager m\u00f6glich.<\/li><\/ul>\n<\/td><\/tr><tr><td style=\"vertical-align:top\">3.9.2.2<\/td><td>\n<strong>Erweiterung Startseite Cloud Manager<\/strong>\n<ul>\n<li> Erneuerung und Erweiterung der Startseite um Produktinformationen.<\/li>\n<\/ul>\n<\/td><\/tr><tr><td style=\"vertical-align:top\">3.9.1.0<\/td><td>\n<strong>Anpassung L\u00f6schkonzept gem\u00e4\u00df EU-DSGVO<\/strong>\n<ul>\n<li> Anpassung der Richtlinien f\u00fcr L\u00f6schung der Personenbezogenen Daten gem\u00e4\u00df EU-DSGVO.<\/li>\n<\/ul>\n<\/td><\/tr><tr><td style=\"vertical-align:top\">3.9.0.0<\/td><td>\n<strong>ADV Erfassung im Cloud Manager<\/strong>\n<ul>\n<li> Laut EU-DSGVO werden die ADV Freigaben durch die Kunden erforderlich. Dies ist nun elektronisch im Cloud Manager m\u00f6glich.<\/li>\n<\/ul>\n<\/td><\/tr><tr><td style=\"vertical-align:top\">3.8.1.0<\/td><td>\n<strong>Erh\u00f6hung E-Mail Security (COS Klassen)<\/strong><\/br>\n<br><strong>Erweiterung Verteilerlisten<\/strong>\n<ul>\n<li> F\u00fcr extern erreichbare Verteilerlisten ist es m\u00f6glich, die Security Featues Quarant\u00e4neboxen, VOD, 3. Virenscanner, APT Protect Pro zu aktivieren.\nWeiterhin ist es jetzt f\u00fcr Verteilerlisten m\u00f6glich E-Mailadressen anzugeben. <\/li>\n<\/ul>\n<\/td><\/tr><tr><td style=\"vertical-align:top\">3.8.0.0<\/td><td>\n<strong>Erh\u00f6hung der Sicherheitsrichtlinien (Security Header Anpassung)<\/strong><\/br>\n<br><strong>Anpassung Passwort Policy<\/strong>\n<ul>\n<li> Die Anpassung des Passwort-Alters im Cloud Manager durch Kunden-Admin. <\/li>\n<\/ul>\n<\/td><\/tr><tr><td style=\"vertical-align:top\">3.7.2.1<\/td><td>\n<strong>Erweiterung der Online Hilfen um englische Version<\/strong><\/br>\n<\/td><\/tr><tr><td style=\"vertical-align:top\">3.7.1.0<\/td><td>\n<strong>Upgrade SharePoint 2016<\/strong><\/br>\n<\/td><\/tr><tr><td style=\"vertical-align:top\">3.7.0.1<\/td><td>\n<strong>Umbenennung Microsoft Lync in Skype vor Business<\/strong><\/br>\n<\/td><\/tr><tr><td style=\"vertical-align:top\">3.7.0.0<\/td><td>\n<strong>Bestellseite im Cloud Manager<\/strong><\/br>\n<ul><li> F\u00fcr Bestandskunden der Deutschen Telekom Gesch\u00e4ftskunden wurde eine Bestellseite f\u00fcr die Nachbestellung der Produkte eingerichtet. <\/li><\/ul>\n<strong>Verbesserung Prozessmonitor<\/strong><\/br>\n<ul><li> Erweiterung des Prozessmonitor um die detallierte Ansicht, wie z.B. welche Aktionen f\u00fcr welche Produkte und Nutzer wann durchgef\u00fchrt wurden. <\/li><\/ul>\n<strong>Online Hilfen<\/strong><\/br>\n<ul><li> Erweiterung des Cloud Manager um Online Hilfen. Das Fenster mit der Beschreibung des aktuellen Themas wird im gleichen Fenster im separaten Layer ge\u00f6ffnet, sodass der Nutzer ohne Unterbrechung und ohne Wechsel des Fensters weiter arbeiten kann. <\/li><\/ul>\n<\/td><\/tr><\/tbody><\/table>\n","protected":false},"excerpt":{"rendered":"<p>Release Features 3.11.2.0 Erweiterung Mailarchivierung Erweiterungen f\u00fcr das Produkt Cloud Archive Plus wurden eingef\u00fchrt F\u00fcr Exchange Mailboxen k\u00f6nnen zus\u00e4tzlich Optionen f\u00fcr eine revisionssichere Archivierung aktiviert werden 3.11.1.0 Anpassung ADV-Formular Aktualisierung des ADV-Formulars entsprechend den Anforderungen der EU DSGVO Das Produkt Fax wurde aus dem Portfolio entfernt BCS Archvierung Erweiterung des Portfolios f\u00fcr DTAG Kunden um&#8230; <a href=\"https:\/\/hilfe.telekom-cloudcenter.de\/index.php\/startseite\/release-notes\/\">read more &raquo;<\/a><\/p>\n","protected":false},"author":1,"featured_media":0,"parent":4,"menu_order":0,"comment_status":"closed","ping_status":"closed","template":"","meta":{"footnotes":""},"_links":{"self":[{"href":"https:\/\/hilfe.telekom-cloudcenter.de\/index.php\/wp-json\/wp\/v2\/pages\/4790"}],"collection":[{"href":"https:\/\/hilfe.telekom-cloudcenter.de\/index.php\/wp-json\/wp\/v2\/pages"}],"about":[{"href":"https:\/\/hilfe.telekom-cloudcenter.de\/index.php\/wp-json\/wp\/v2\/types\/page"}],"author":[{"embeddable":true,"href":"https:\/\/hilfe.telekom-cloudcenter.de\/index.php\/wp-json\/wp\/v2\/users\/1"}],"replies":[{"embeddable":true,"href":"https:\/\/hilfe.telekom-cloudcenter.de\/index.php\/wp-json\/wp\/v2\/comments?post=4790"}],"version-history":[{"count":8,"href":"https:\/\/hilfe.telekom-cloudcenter.de\/index.php\/wp-json\/wp\/v2\/pages\/4790\/revisions"}],"predecessor-version":[{"id":4829,"href":"https:\/\/hilfe.telekom-cloudcenter.de\/index.php\/wp-json\/wp\/v2\/pages\/4790\/revisions\/4829"}],"up":[{"embeddable":true,"href":"https:\/\/hilfe.telekom-cloudcenter.de\/index.php\/wp-json\/wp\/v2\/pages\/4"}],"wp:attachment":[{"href":"https:\/\/hilfe.telekom-cloudcenter.de\/index.php\/wp-json\/wp\/v2\/media?parent=4790"}],"curies":[{"name":"wp","href":"https:\/\/api.w.org\/{rel}","templated":true}]}}