{"id":481,"date":"2016-11-21T13:22:59","date_gmt":"2016-11-21T13:22:59","guid":{"rendered":"https:\/\/hilfe.telekom-cloudcenter.de\/?page_id=481"},"modified":"2016-11-21T13:24:06","modified_gmt":"2016-11-21T13:24:06","slug":"weiterleitung-loschen","status":"publish","type":"page","link":"https:\/\/hilfe.telekom-cloudcenter.de\/index.php\/produkte\/microsoft-exchange\/mailboxen\/mailboxdetails\/weiterleitung-loschen\/","title":{"rendered":"Weiterleitung l\u00f6schen"},"content":{"rendered":"<p>Um eine eingerichtete Weiterleitung zu l\u00f6schen und diese ggf. neu einzurichten, w\u00e4hlen Sie in der Datenbox <strong>&#8220;Weiterleitung&#8221;<\/strong> die Schaltfl\u00e4che <strong>&#8220;Weiterleitung l\u00f6schen&#8221;<\/strong> und best\u00e4tigen die anschlie\u00dfende Sicherheitsabfrage mit <strong>&#8220;Ok&#8221;<\/strong>.<\/p>\n","protected":false},"excerpt":{"rendered":"<p>Um eine eingerichtete Weiterleitung zu l\u00f6schen und diese ggf. neu einzurichten, w\u00e4hlen Sie in der Datenbox &#8220;Weiterleitung&#8221; die Schaltfl\u00e4che &#8220;Weiterleitung l\u00f6schen&#8221; und best\u00e4tigen die anschlie\u00dfende Sicherheitsabfrage mit &#8220;Ok&#8221;.<\/p>\n","protected":false},"author":1,"featured_media":0,"parent":451,"menu_order":0,"comment_status":"closed","ping_status":"closed","template":"","meta":{"footnotes":""},"_links":{"self":[{"href":"https:\/\/hilfe.telekom-cloudcenter.de\/index.php\/wp-json\/wp\/v2\/pages\/481"}],"collection":[{"href":"https:\/\/hilfe.telekom-cloudcenter.de\/index.php\/wp-json\/wp\/v2\/pages"}],"about":[{"href":"https:\/\/hilfe.telekom-cloudcenter.de\/index.php\/wp-json\/wp\/v2\/types\/page"}],"author":[{"embeddable":true,"href":"https:\/\/hilfe.telekom-cloudcenter.de\/index.php\/wp-json\/wp\/v2\/users\/1"}],"replies":[{"embeddable":true,"href":"https:\/\/hilfe.telekom-cloudcenter.de\/index.php\/wp-json\/wp\/v2\/comments?post=481"}],"version-history":[{"count":3,"href":"https:\/\/hilfe.telekom-cloudcenter.de\/index.php\/wp-json\/wp\/v2\/pages\/481\/revisions"}],"predecessor-version":[{"id":484,"href":"https:\/\/hilfe.telekom-cloudcenter.de\/index.php\/wp-json\/wp\/v2\/pages\/481\/revisions\/484"}],"up":[{"embeddable":true,"href":"https:\/\/hilfe.telekom-cloudcenter.de\/index.php\/wp-json\/wp\/v2\/pages\/451"}],"wp:attachment":[{"href":"https:\/\/hilfe.telekom-cloudcenter.de\/index.php\/wp-json\/wp\/v2\/media?parent=481"}],"curies":[{"name":"wp","href":"https:\/\/api.w.org\/{rel}","templated":true}]}}