{"id":4840,"date":"2020-05-06T09:21:09","date_gmt":"2020-05-06T09:21:09","guid":{"rendered":"https:\/\/hilfe.telekom-cloudcenter.de\/?page_id=4840"},"modified":"2020-05-06T10:19:14","modified_gmt":"2020-05-06T10:19:14","slug":"2-faktor-authentifizierung-aktivieren","status":"publish","type":"page","link":"https:\/\/hilfe.telekom-cloudcenter.de\/index.php\/nutzerverwaltung\/2-faktor-authentifizierung-aktivieren\/","title":{"rendered":"2-Faktor-Authentifizierung aktivieren"},"content":{"rendered":"\n<p>Mit der 2-Faktor-Authentifizierung erh\u00f6hen Sie die Sicherheit bei der Anmeldung am Cloud Manager sowie der web-basierten Dienste wie Microsoft Exchange Outlook-on-the-Web oder Microsoft SharePoint f\u00fcr Ihre Nutzer. Dabei erfolgt die Anmeldung am jeweiligen Service neben dem Benutzerpasswort mit einem zweiten Faktor (Einmalpasswort bzw. PIN). Voraussetzung f\u00fcr die Nutzung der 2-Faktor-Authentifizierung ist die Verwendung eines mobilen Endger\u00e4tes (Android oder iPhone) in Verbindung mit einer zus\u00e4tzlichen App (Google Authenticator)<\/p>\n\n\n\n<h4 class=\"wp-block-heading\">2-Faktor-Authentifizierung aktivieren<\/h4>\n\n\n\n<p>Um die 2-Faktor-Authentifizierung f\u00fcr einen oder mehrere Nutzer zu aktivieren, w\u00e4hlen Sie zun\u00e4chst die gew\u00fcnschten Nutzer \u00fcber die Checkbox  in der Nutzerliste aus und w\u00e4hlen anschlie\u00dfend die Schaltfl\u00e4che &#8220;2FA aktivieren&#8221;. <\/p>\n\n\n\n<p>Die ausgew\u00e4hlten Nutzer werden anschlie\u00dfend f\u00fcr die 2-Faktor-Authentifizierung vorgemerkt (aktiviert) und per E-Mail benachrichtigt, um die 2-Faktor-Authentifizierung abschlie\u00dfend <a href=\"https:\/\/hilfe.telekom-cloudcenter.de\/index.php\/einstellungen\/2fa-informationen\/2-faktor-authentifizierung-einrichten\/\"><strong>einzurichten<\/strong><\/a>. Bitte stellen Sie sicher, dass alle Nutzer \u00fcber eine E-Mailadresse verf\u00fcgen. Nutzer mit einer Exchange-Mailbox erhalten die E-Mailbenachrichtigung an die prim\u00e4re E-Mailadresse dieser Mailbox. Nutzer ohne Exchange-Mailbox sollten \u00fcber eine externe E-Mailadresse verf\u00fcgen, die Sie \u00fcber die Nutzerdetails (Nutzerdaten) hinterlegen k\u00f6nnen. Die E-Mailbenachrichtigung erfolgt dann an diese E-Mailadresse. Nutzer, die sowohl \u00fcber eine externe Mailadresse als auch eine Exchange-Mailbox verf\u00fcgen, erhalten die E-Mailbenachrichtigung stets an die prim\u00e4re E-Mailadresse der Exchange-Mailbox. Sollten Sie die 2-Faktor-Authentifizierung f\u00fcr Nutzer ohne externe Mailadresse oder Exchange-Mailbox aktivieren, informieren Sie diese Nutzer bitte direkt \u00fcber die notwendige <a href=\"https:\/\/hilfe.telekom-cloudcenter.de\/index.php\/einstellungen\/2fa-informationen\/2-faktor-authentifizierung-einrichten\/\"><strong>Einrichtung<\/strong><\/a>.<\/p>\n\n\n\n<h4 class=\"wp-block-heading\">Kennzeichnung von Nutzern f\u00fcr 2-Faktor-Authentifizierung<\/h4>\n\n\n\n<p>Nach der Aktivierung der 2-Faktor-Authentifizierung werden die Nutzer in der Nutzerliste mit einem Symbol (<img decoding=\"async\" loading=\"lazy\" width=\"256\" height=\"256\" class=\"wp-image-4851\" style=\"width: 25px;\" src=\"https:\/\/hilfe.telekom-cloudcenter.de\/wp-content\/uploads\/2020\/05\/security_solid_256_nicht-eingerichtet.png\" alt=\"\" srcset=\"https:\/\/hilfe.telekom-cloudcenter.de\/wp-content\/uploads\/2020\/05\/security_solid_256_nicht-eingerichtet.png 256w, https:\/\/hilfe.telekom-cloudcenter.de\/wp-content\/uploads\/2020\/05\/security_solid_256_nicht-eingerichtet-150x150.png 150w, https:\/\/hilfe.telekom-cloudcenter.de\/wp-content\/uploads\/2020\/05\/security_solid_256_nicht-eingerichtet-100x100.png 100w\" sizes=\"(max-width: 256px) 100vw, 256px\" \/>) gekennzeichnet. Erst nach Abschluss der Einrichtung durch den Nutzer ist die 2-Faktor-Authentifizierung aktiv. Diese Nutzer werden in der Nutzerliste mit einem farblich unterscheidbaren Symbol (<img decoding=\"async\" loading=\"lazy\" width=\"256\" height=\"256\" class=\"wp-image-4852\" style=\"width: 25px;\" src=\"https:\/\/hilfe.telekom-cloudcenter.de\/wp-content\/uploads\/2020\/05\/security_solid_256.png\" alt=\"\" srcset=\"https:\/\/hilfe.telekom-cloudcenter.de\/wp-content\/uploads\/2020\/05\/security_solid_256.png 256w, https:\/\/hilfe.telekom-cloudcenter.de\/wp-content\/uploads\/2020\/05\/security_solid_256-150x150.png 150w, https:\/\/hilfe.telekom-cloudcenter.de\/wp-content\/uploads\/2020\/05\/security_solid_256-100x100.png 100w\" sizes=\"(max-width: 256px) 100vw, 256px\" \/>) gekennzeichnet. So k\u00f6nnen Sie nach der Aktivierung der 2-Faktor-Authentifizierung nachverfolgen, welche Nutzer die Einrichtung bereits abgeschlossen haben. Nutzen Sie dazu auch die Filterm\u00f6glichkeiten oberhalb der Nutzerliste.<\/p>\n\n\n\n<h4 class=\"wp-block-heading\">Abschluss der Einrichtung f\u00fcr 2-Faktor-Authentifizierung<\/h4>\n\n\n\n<p>Der <a href=\"https:\/\/hilfe.telekom-cloudcenter.de\/index.php\/einstellungen\/2fa-informationen\/2-faktor-authentifizierung-einrichten\/\"><strong>Abschluss der Einrichtung<\/strong><\/a> f\u00fcr die 2-Faktor-Authentifizierung erfolgt, indem sich der Nutzer mit seinem Benutzerpasswort unter <a href=\"http:\/\/www.telekom-cloudcenter.de\"><strong>www.telekom-cloudcenter.de<\/strong><\/a> anmeldet. Nach der Anmeldung wird der Nutzer dann schrittweise durch die Einrichtung gef\u00fchrt. Nachdem die Einrichtung erfolgreich abgeschlossen wurde, erfolgt die Anmeldung am Cloud Manager oder jeder zugeh\u00f6rigen web-basierten Anwendung mittels Benutzerpasswort und einer PIN, die \u00fcber die zuvor installierte App (Google Authenticator) auf dem mobilen Endger\u00e4t des Nutzers generiert wird. <\/p>\n","protected":false},"excerpt":{"rendered":"<p>Mit der 2-Faktor-Authentifizierung erh\u00f6hen Sie die Sicherheit bei der Anmeldung am Cloud Manager sowie der web-basierten Dienste wie Microsoft Exchange Outlook-on-the-Web oder Microsoft SharePoint f\u00fcr Ihre Nutzer. Dabei erfolgt die Anmeldung am jeweiligen Service neben dem Benutzerpasswort mit einem zweiten Faktor (Einmalpasswort bzw. PIN). Voraussetzung f\u00fcr die Nutzung der 2-Faktor-Authentifizierung ist die Verwendung eines mobilen&#8230; <a href=\"https:\/\/hilfe.telekom-cloudcenter.de\/index.php\/nutzerverwaltung\/2-faktor-authentifizierung-aktivieren\/\">read more &raquo;<\/a><\/p>\n","protected":false},"author":1,"featured_media":0,"parent":33,"menu_order":0,"comment_status":"closed","ping_status":"closed","template":"","meta":{"footnotes":""},"_links":{"self":[{"href":"https:\/\/hilfe.telekom-cloudcenter.de\/index.php\/wp-json\/wp\/v2\/pages\/4840"}],"collection":[{"href":"https:\/\/hilfe.telekom-cloudcenter.de\/index.php\/wp-json\/wp\/v2\/pages"}],"about":[{"href":"https:\/\/hilfe.telekom-cloudcenter.de\/index.php\/wp-json\/wp\/v2\/types\/page"}],"author":[{"embeddable":true,"href":"https:\/\/hilfe.telekom-cloudcenter.de\/index.php\/wp-json\/wp\/v2\/users\/1"}],"replies":[{"embeddable":true,"href":"https:\/\/hilfe.telekom-cloudcenter.de\/index.php\/wp-json\/wp\/v2\/comments?post=4840"}],"version-history":[{"count":9,"href":"https:\/\/hilfe.telekom-cloudcenter.de\/index.php\/wp-json\/wp\/v2\/pages\/4840\/revisions"}],"predecessor-version":[{"id":5748,"href":"https:\/\/hilfe.telekom-cloudcenter.de\/index.php\/wp-json\/wp\/v2\/pages\/4840\/revisions\/5748"}],"up":[{"embeddable":true,"href":"https:\/\/hilfe.telekom-cloudcenter.de\/index.php\/wp-json\/wp\/v2\/pages\/33"}],"wp:attachment":[{"href":"https:\/\/hilfe.telekom-cloudcenter.de\/index.php\/wp-json\/wp\/v2\/media?parent=4840"}],"curies":[{"name":"wp","href":"https:\/\/api.w.org\/{rel}","templated":true}]}}