{"id":4842,"date":"2020-05-06T09:21:33","date_gmt":"2020-05-06T09:21:33","guid":{"rendered":"https:\/\/hilfe.telekom-cloudcenter.de\/?page_id=4842"},"modified":"2020-05-06T10:45:34","modified_gmt":"2020-05-06T10:45:34","slug":"2-faktor-authentifizierung-deaktivieren","status":"publish","type":"page","link":"https:\/\/hilfe.telekom-cloudcenter.de\/index.php\/nutzerverwaltung\/2-faktor-authentifizierung-deaktivieren\/","title":{"rendered":"2-Faktor-Authentifizierung deaktivieren"},"content":{"rendered":"\n<p>F\u00fcr Nutzer mit aktivierter 2-Faktor-Authentifizierung k\u00f6nnen Sie diese deaktivieren. W\u00e4hlen Sie dazu zun\u00e4chst die gew\u00fcnschten Nutzer in der Nutzerliste durch Aktivieren der Checkbox vor der ersten Spalte aus. W\u00e4hlen Sie anschlie\u00dfend die Schaltfl\u00e4che &#8220;2FA deaktivieren&#8221; und best\u00e4tigen Sie die Deaktivierung. Anschlie\u00dfend werden die gew\u00e4hlten Nutzer f\u00fcr die 2-Faktor-Authentifizierung deaktiviert. Die Anmeldung am Telekom Cloud Manager oder einer zugeh\u00f6rigen web-basierten Anwendung wie Microsoft Exchange Outlook-on-the-Web erfolgt dann nur noch mit dem Benutzerpasswort.<\/p>\n","protected":false},"excerpt":{"rendered":"<p>F\u00fcr Nutzer mit aktivierter 2-Faktor-Authentifizierung k\u00f6nnen Sie diese deaktivieren. W\u00e4hlen Sie dazu zun\u00e4chst die gew\u00fcnschten Nutzer in der Nutzerliste durch Aktivieren der Checkbox vor der ersten Spalte aus. W\u00e4hlen Sie anschlie\u00dfend die Schaltfl\u00e4che &#8220;2FA deaktivieren&#8221; und best\u00e4tigen Sie die Deaktivierung. Anschlie\u00dfend werden die gew\u00e4hlten Nutzer f\u00fcr die 2-Faktor-Authentifizierung deaktiviert. Die Anmeldung am Telekom Cloud Manager&#8230; <a href=\"https:\/\/hilfe.telekom-cloudcenter.de\/index.php\/nutzerverwaltung\/2-faktor-authentifizierung-deaktivieren\/\">read more &raquo;<\/a><\/p>\n","protected":false},"author":1,"featured_media":0,"parent":33,"menu_order":0,"comment_status":"closed","ping_status":"closed","template":"","meta":{"footnotes":""},"_links":{"self":[{"href":"https:\/\/hilfe.telekom-cloudcenter.de\/index.php\/wp-json\/wp\/v2\/pages\/4842"}],"collection":[{"href":"https:\/\/hilfe.telekom-cloudcenter.de\/index.php\/wp-json\/wp\/v2\/pages"}],"about":[{"href":"https:\/\/hilfe.telekom-cloudcenter.de\/index.php\/wp-json\/wp\/v2\/types\/page"}],"author":[{"embeddable":true,"href":"https:\/\/hilfe.telekom-cloudcenter.de\/index.php\/wp-json\/wp\/v2\/users\/1"}],"replies":[{"embeddable":true,"href":"https:\/\/hilfe.telekom-cloudcenter.de\/index.php\/wp-json\/wp\/v2\/comments?post=4842"}],"version-history":[{"count":2,"href":"https:\/\/hilfe.telekom-cloudcenter.de\/index.php\/wp-json\/wp\/v2\/pages\/4842\/revisions"}],"predecessor-version":[{"id":4863,"href":"https:\/\/hilfe.telekom-cloudcenter.de\/index.php\/wp-json\/wp\/v2\/pages\/4842\/revisions\/4863"}],"up":[{"embeddable":true,"href":"https:\/\/hilfe.telekom-cloudcenter.de\/index.php\/wp-json\/wp\/v2\/pages\/33"}],"wp:attachment":[{"href":"https:\/\/hilfe.telekom-cloudcenter.de\/index.php\/wp-json\/wp\/v2\/media?parent=4842"}],"curies":[{"name":"wp","href":"https:\/\/api.w.org\/{rel}","templated":true}]}}