{"id":4847,"date":"2020-05-06T09:50:11","date_gmt":"2020-05-06T09:50:11","guid":{"rendered":"https:\/\/hilfe.telekom-cloudcenter.de\/?page_id=4847"},"modified":"2020-06-10T06:34:58","modified_gmt":"2020-06-10T06:34:58","slug":"2-faktor-authentifizierung-einrichten","status":"publish","type":"page","link":"https:\/\/hilfe.telekom-cloudcenter.de\/index.php\/einstellungen\/2fa-informationen\/2-faktor-authentifizierung-einrichten\/","title":{"rendered":"2-Faktor-Authentifizierung einrichten"},"content":{"rendered":"\n<p>Mit der 2-Faktor-Authentifizierung erh\u00f6ht sich die Sicherheit bei der Anmeldung am Telekom Cloud Manager sowie an den web-basierten Diensten wie Microsoft-Exchange Outlook-on-the-Web. Dabei melden Sie sich k\u00fcnftig zus\u00e4tzlich zu Ihrem Passwort mit einem Einmal-Kennwort an.&nbsp;<\/p>\n\n\n\n<h4 class=\"wp-block-heading\">Ersteinrichtung<\/h4>\n\n\n\n<p>Um die Einrichtung der 2-Faktor-Authentifizierung erstmalig abzuschlie\u00dfen, folgen Sie bitte den nachfolgenden Schritten.<\/p>\n\n\n\n<p><strong>Schritt 1<\/strong>: Bitte downloaden und installieren Sie die App <strong>\u201eGoogle Authenticator\u201c<\/strong> auf Ihrem mobilen Endger\u00e4t.\u00a0Nutzen Sie dazu den App-Store auf Ihrem mobilen Endger\u00e4t.<\/p>\n\n\n\n<p><strong>Schritt 2<\/strong>:\u00a0W\u00e4hlen Sie nach Starten der App <strong>\u201eEinrichtung starten\u201c<\/strong>.<\/p>\n\n\n\n<p><strong>Schritt 3<\/strong>:\u00a0Um Ihr Endger\u00e4t einzurichten, haben Sie folgende M\u00f6glichkeiten:<\/p>\n\n\n\n<p><strong>QR-Code scannen:<\/strong>\u00a0W\u00e4hlen Sie hierzu <strong>\u201eBarcode scannen\u201c<\/strong> und scannen Sie anschlie\u00dfend den hier angezeigten QR-Code. Die App zeigt Ihnen dann eine 6-stellige PIN an. Geben Sie diesen bitte in das\u00a0Eingabefeld auf der Einrichtungsseite ein und w\u00e4hlen Sie <strong>\u201eValidieren\u201c<\/strong>.<\/p>\n\n\n\n<p><strong>Manuelle Eingabe:\u00a0<\/strong>W\u00e4hlen Sie hierzu <strong>\u201eManuelle Eingabe\u201c<\/strong>. Geben Sie anschlie\u00dfend im Feld <strong>\u201eKonto\u201c<\/strong> zum Beispiel Ihren Benutzernamen oder eine andere beliebige Kontobezeichnung ein und geben Sie im Feld <strong>\u201eSchl\u00fcssel\u201c<\/strong> den unten stehenden Secret Key (Schl\u00fcssel) ein.\u00a0Stellen Sie sicher, dass die Option <strong>\u201eZeitbasiert\u201c<\/strong> aktiviert ist. Best\u00e4tigen Sie anschlie\u00dfend Ihre Eingaben. Die App zeigt Ihnen dann eine 6-stellige PIN an. Geben Sie diesen bitte in das Eingabefeld auf der Einrichtungsseite ein und w\u00e4hlen Sie <strong>\u201eValidieren\u201c<\/strong>.<\/p>\n\n\n\n<p><strong>Schritt 4<\/strong>:\u00a0Nachdem die eingegebene 6-stellige PIN erfolgreich validiert wurde, ist die Einrichtung abgeschlossen. Sie k\u00f6nnen die Einrichtungsseite nun schlie\u00dfen. Zur sp\u00e4teren Verwendung, zum Beispiel zur Einrichtung weiterer Endger\u00e4te, steht Ihnen der hier gezeigte QR-Code sowie der Secret-Key unter <strong>\u201eEinstellungen\u201c<\/strong> weiter zur Verf\u00fcgung.<\/p>\n\n\n\n<h4 class=\"wp-block-heading\">Einrichtung wiederholen oder weitere Ger\u00e4te verbinden<\/h4>\n\n\n\n<p>Haben Sie die Einrichtung eines mobilen Endger\u00e4tes bereits erfolgreich durchgef\u00fchrt, k\u00f6nnen Sie weitere Endger\u00e4te zus\u00e4tzlich einrichten oder die Einrichtung bei Bedarf auf Ihrem Endger\u00e4t wiederholen. Gehen Sie dazu wie folgt vor:<\/p>\n\n\n\n<p><strong>Schritt 1<\/strong>: Bitte downloaden und installieren Sie die App <strong>\u201eGoogle Authenticator\u201c<\/strong> auf Ihrem mobilen Endger\u00e4t.\u00a0Nutzen Sie dazu den App-Store auf Ihrem mobilen Endger\u00e4t.<\/p>\n\n\n\n<p><strong>Schritt 2<\/strong>:\u00a0W\u00e4hlen Sie nach Starten der App <strong>\u201eEinrichtung starten\u201c<\/strong>.<\/p>\n\n\n\n<p>Schritt 3:&nbsp;Um Ihr Endger\u00e4t einzurichten, haben Sie folgende M\u00f6glichkeiten:<\/p>\n\n\n\n<p><strong>QR-Code scannen:<\/strong>\u00a0W\u00e4hlen Sie hierzu <strong>\u201eBarcode scannen\u201c<\/strong> und scannen Sie anschlie\u00dfend den hier angezeigten QR-Code. <\/p>\n\n\n\n<p><strong>Manuelle Eingabe:\u00a0<\/strong>W\u00e4hlen Sie hierzu <strong>\u201eManuelle Eingabe\u201c<\/strong>. Geben Sie anschlie\u00dfend im Feld <strong>\u201eKonto\u201c<\/strong> zum Beispiel Ihren Benutzernamen oder eine andere beliebige Kontobezeichnung ein und geben Sie im Feld <strong>\u201eSchl\u00fcssel\u201c<\/strong> den unten stehenden Secret Key (Schl\u00fcssel) ein.\u00a0Stellen Sie sicher, dass die Option <strong>\u201eZeitbasiert\u201c<\/strong> aktiviert ist. Best\u00e4tigen Sie anschlie\u00dfend Ihre Eingaben. <\/p>\n\n\n\n<p><strong>Schritt 4<\/strong>:\u00a0Die Einrichtung Ihres Endger\u00e4tes ist abgeschlossen, sobald Sie Schritt 3 erfolgreich durchgef\u00fchrt haben.<\/p>\n\n\n\n<h4 class=\"wp-block-heading\">Anmelden mit zus\u00e4tzlichem PIN<\/h4>\n\n\n\n<p>Sobald Ihr Endger\u00e4t f\u00fcr die 2-Faktor-Authentifizierung eingerichtet ist, werden Sie bei jedem Anmeldevorgang am Telekom Cloud Manager oder einer zugeh\u00f6rigen web-basierten Anwendung wie Microsoft Exchange Outlook-on-the-Web nach Eingabe Ihres Benutzerkennworts zus\u00e4tzlich zur Eingabe eines Einmalkennworts (PIN) aufgefordert. Hierzu nutzen Sie stets die dazu verbundene und eingerichtete App <strong>&#8220;Google Authenticator&#8221;<\/strong>. Die App erzeugt dazu g\u00fcltige PINs, die Sie f\u00fcr die Anmeldung nutzen k\u00f6nnen.<\/p>\n\n\n\n<h4 class=\"wp-block-heading\">Was tun bei Verlust des Endger\u00e4tes?<\/h4>\n\n\n\n<p>Sollten Sie bei eingerichteter 2-Faktor-Authentifizierung Ihr Endger\u00e4t verlieren oder sollte dies aus anderen Gr\u00fcnden nicht mehr funktionieren, sodass Sie sich nicht mehr anmelden k\u00f6nnen, kontaktieren Sie bitte einen Administrator Ihrer Organisation, der die 2-Faktor-Authentifizierung f\u00fcr Ihr Benutzerkonto deaktivieren kann.<br><br>Sollten Sie der einzige Administrator Ihrer Organisation sein, bitten wir Sie Kontakt mit unserem Helpdesk aufzunehmen!<\/p>\n\n\n\n<p> <\/p>\n","protected":false},"excerpt":{"rendered":"<p>Mit der 2-Faktor-Authentifizierung erh\u00f6ht sich die Sicherheit bei der Anmeldung am Telekom Cloud Manager sowie an den web-basierten Diensten wie Microsoft-Exchange Outlook-on-the-Web. Dabei melden Sie sich k\u00fcnftig zus\u00e4tzlich zu Ihrem Passwort mit einem Einmal-Kennwort an.&nbsp; Ersteinrichtung Um die Einrichtung der 2-Faktor-Authentifizierung erstmalig abzuschlie\u00dfen, folgen Sie bitte den nachfolgenden Schritten. Schritt 1: Bitte downloaden und installieren&#8230; <a href=\"https:\/\/hilfe.telekom-cloudcenter.de\/index.php\/einstellungen\/2fa-informationen\/2-faktor-authentifizierung-einrichten\/\">read more &raquo;<\/a><\/p>\n","protected":false},"author":1,"featured_media":0,"parent":4836,"menu_order":0,"comment_status":"closed","ping_status":"closed","template":"","meta":{"footnotes":""},"_links":{"self":[{"href":"https:\/\/hilfe.telekom-cloudcenter.de\/index.php\/wp-json\/wp\/v2\/pages\/4847"}],"collection":[{"href":"https:\/\/hilfe.telekom-cloudcenter.de\/index.php\/wp-json\/wp\/v2\/pages"}],"about":[{"href":"https:\/\/hilfe.telekom-cloudcenter.de\/index.php\/wp-json\/wp\/v2\/types\/page"}],"author":[{"embeddable":true,"href":"https:\/\/hilfe.telekom-cloudcenter.de\/index.php\/wp-json\/wp\/v2\/users\/1"}],"replies":[{"embeddable":true,"href":"https:\/\/hilfe.telekom-cloudcenter.de\/index.php\/wp-json\/wp\/v2\/comments?post=4847"}],"version-history":[{"count":8,"href":"https:\/\/hilfe.telekom-cloudcenter.de\/index.php\/wp-json\/wp\/v2\/pages\/4847\/revisions"}],"predecessor-version":[{"id":5752,"href":"https:\/\/hilfe.telekom-cloudcenter.de\/index.php\/wp-json\/wp\/v2\/pages\/4847\/revisions\/5752"}],"up":[{"embeddable":true,"href":"https:\/\/hilfe.telekom-cloudcenter.de\/index.php\/wp-json\/wp\/v2\/pages\/4836"}],"wp:attachment":[{"href":"https:\/\/hilfe.telekom-cloudcenter.de\/index.php\/wp-json\/wp\/v2\/media?parent=4847"}],"curies":[{"name":"wp","href":"https:\/\/api.w.org\/{rel}","templated":true}]}}