{"id":486,"date":"2016-11-21T13:49:30","date_gmt":"2016-11-21T13:49:30","guid":{"rendered":"https:\/\/hilfe.telekom-cloudcenter.de\/?page_id=486"},"modified":"2017-02-07T09:17:31","modified_gmt":"2017-02-07T09:17:31","slug":"zugriff-auf-ihre-emails-und-exchange-daten","status":"publish","type":"page","link":"https:\/\/hilfe.telekom-cloudcenter.de\/index.php\/produkte\/microsoft-exchange\/zugriff-auf-ihre-emails-und-exchange-daten\/","title":{"rendered":"Zugriff auf Ihre E-Mails und Exchange-Daten"},"content":{"rendered":"<p>Auf den folgenden Hilfeseiten werden die Zugangsm\u00f6glichkeiten zu Ihrem E-Mail- bzw. Exchange-Konto (f\u00fcr Termine, Kontakte, Aufgaben, Notizen) beschrieben.<\/p>\n<p>Der Zugriff \u00fcber die Outlook Web App (OWA) kann mit jedem aktuellen Browser erfolgen, bevorzugt wird jedoch der Microsoft Internet Explorer ab Version 8.<\/p>\n<p>Bei Zugang \u00fcber POP3S und IMAPS ist jedes aktuelle Mailprogramm einsetzbar, das sichere POP3-und IMAP4-Verbindungen unterst\u00fctzt. Am komfortabelsten gestaltet sich die Nutzung der Mail-Dienste durch die Verwendung von Outlook ab der Version 2007. F\u00fcr den Postfachtyp &#8220;Exchange L&#8221; werden serverseitig die kompletten Exchange-Funktionen bereitgestellt. Hingegen sind f\u00fcr den Postfachtyp &#8220;Exchange S&#8221; nur eingeschr\u00e4nkte Exchange-Funktionen verf\u00fcgbar. Bei Nutzung des Outlook Clients k\u00f6nnen somit bspw. Teamfunktionen f\u00fcr Teamkalender, die Vertretungsfunktion sowie Recovery-Funktionen nicht genutzt werden.<\/p>\n<p>Die nachfolgenden Beschreibungen orientieren sich an Microsoft Outlook 2016. Die Einstellungen f\u00fcr die Postein- und Postausgangsserver sowie weitere Einstellungen, wie z.B. f\u00fcr bevorzugte Protokolle, sind bei Verwendung anderer Mailprogramme entsprechend zu \u00fcbernehmen. Beratungen und Fehlerbehebungen hierzu sind jedoch nicht im Leistungs- und Supportumfang enthalten.<\/p>\n<ul>\n<li><a href=\"https:\/\/hilfe.telekom-cloudcenter.de\/index.php\/produkte\/microsoft-exchange\/zugriff-auf-ihre-emails-und-exchange-daten\/voreinstellungen-fur-clienteinrichtung\/\"><strong>Voreinstellung f\u00fcr die (Outlook) Client Einrichtung<\/strong><\/a><\/li>\n<li><a href=\"https:\/\/hilfe.telekom-cloudcenter.de\/index.php\/produkte\/microsoft-exchange\/zugriff-auf-ihre-emails-und-exchange-daten\/zentrales-portal-zu-ihrem-exchange-postfach\/\"><strong>Zentrales Portal zu Ihrem Exchange Postfach<\/strong><\/a><\/li>\n<li><strong><a class=\"row-title\" href=\"https:\/\/hilfe.telekom-cloudcenter.de\/index.php\/produkte\/microsoft-exchange\/zugriff-auf-ihre-emails-und-exchange-daten\/einrichtung-von-outlook-20162013\/\">Einrichtung von Outlook 2016\/2013<\/a><\/strong><\/li>\n<li><strong><a class=\"row-title\" href=\"https:\/\/hilfe.telekom-cloudcenter.de\/index.php\/produkte\/microsoft-exchange\/zugriff-auf-ihre-emails-und-exchange-daten\/einrichtung-von-apple-mail-mac-os-x\/\">Einrichtung von Apple Mail (Mac OS X)<\/a><\/strong><\/li>\n<li><strong><a class=\"row-title\" href=\"https:\/\/hilfe.telekom-cloudcenter.de\/index.php\/produkte\/microsoft-exchange\/zugriff-auf-ihre-emails-und-exchange-daten\/einrichtung-von-apple-mail-mac-os-x\/einrichtung-eines-gesicherten-imap-kontos-mit-apple-mail-unter-mac-os-x\/\">Einrichtung eines gesicherten IMAP Kontos mit Apple Mail unter Mac OS X<\/a><\/strong><\/li>\n<li><a href=\"https:\/\/hilfe.telekom-cloudcenter.de\/index.php\/produkte\/microsoft-exchange\/zugriff-auf-ihre-emails-und-exchange-daten\/verteilerliste-verwalten\/\"><strong>Verwalten von Verteilerlisten<\/strong><\/a><\/li>\n<\/ul>\n<p>&nbsp;<\/p>\n","protected":false},"excerpt":{"rendered":"<p>Auf den folgenden Hilfeseiten werden die Zugangsm\u00f6glichkeiten zu Ihrem E-Mail- bzw. Exchange-Konto (f\u00fcr Termine, Kontakte, Aufgaben, Notizen) beschrieben. Der Zugriff \u00fcber die Outlook Web App (OWA) kann mit jedem aktuellen Browser erfolgen, bevorzugt wird jedoch der Microsoft Internet Explorer ab Version 8. Bei Zugang \u00fcber POP3S und IMAPS ist jedes aktuelle Mailprogramm einsetzbar, das sichere&#8230; <a href=\"https:\/\/hilfe.telekom-cloudcenter.de\/index.php\/produkte\/microsoft-exchange\/zugriff-auf-ihre-emails-und-exchange-daten\/\">read more &raquo;<\/a><\/p>\n","protected":false},"author":1,"featured_media":0,"parent":256,"menu_order":0,"comment_status":"closed","ping_status":"closed","template":"","meta":{"footnotes":""},"_links":{"self":[{"href":"https:\/\/hilfe.telekom-cloudcenter.de\/index.php\/wp-json\/wp\/v2\/pages\/486"}],"collection":[{"href":"https:\/\/hilfe.telekom-cloudcenter.de\/index.php\/wp-json\/wp\/v2\/pages"}],"about":[{"href":"https:\/\/hilfe.telekom-cloudcenter.de\/index.php\/wp-json\/wp\/v2\/types\/page"}],"author":[{"embeddable":true,"href":"https:\/\/hilfe.telekom-cloudcenter.de\/index.php\/wp-json\/wp\/v2\/users\/1"}],"replies":[{"embeddable":true,"href":"https:\/\/hilfe.telekom-cloudcenter.de\/index.php\/wp-json\/wp\/v2\/comments?post=486"}],"version-history":[{"count":7,"href":"https:\/\/hilfe.telekom-cloudcenter.de\/index.php\/wp-json\/wp\/v2\/pages\/486\/revisions"}],"predecessor-version":[{"id":964,"href":"https:\/\/hilfe.telekom-cloudcenter.de\/index.php\/wp-json\/wp\/v2\/pages\/486\/revisions\/964"}],"up":[{"embeddable":true,"href":"https:\/\/hilfe.telekom-cloudcenter.de\/index.php\/wp-json\/wp\/v2\/pages\/256"}],"wp:attachment":[{"href":"https:\/\/hilfe.telekom-cloudcenter.de\/index.php\/wp-json\/wp\/v2\/media?parent=486"}],"curies":[{"name":"wp","href":"https:\/\/api.w.org\/{rel}","templated":true}]}}