{"id":4868,"date":"2020-05-06T11:45:42","date_gmt":"2020-05-06T11:45:42","guid":{"rendered":"https:\/\/hilfe.telekom-cloudcenter.de\/?page_id=4868"},"modified":"2020-05-06T11:47:10","modified_gmt":"2020-05-06T11:47:10","slug":"e-mailverschlusselung","status":"publish","type":"page","link":"https:\/\/hilfe.telekom-cloudcenter.de\/index.php\/produkte\/microsoft-exchange\/benutzung-der-zusatzdienste\/e-mailverschlusselung\/","title":{"rendered":"E-Mailverschl\u00fcsselung"},"content":{"rendered":"\n<p>F\u00fcr die Nutzung der E-Mailverschl\u00fcsselung ben\u00f6tigen Sie keinerlei Zusatzsoftware oder Zertifikate. <br><br>Um eine E-Mail verschl\u00fcsselt zu versenden, markieren Sie diese bitte mit &#8220;Vertraulich&#8221; in den Nachrichtenoptionen. Im Outlook-on-the-Web (OWA) finden Sie diese Option unter &#8220;Nachrichtenoptionen anzeigen&#8230;&#8221; beim Erstellen einer neuen E-Mail.<\/p>\n\n\n\n<figure class=\"wp-block-image\"><img decoding=\"async\" loading=\"lazy\" width=\"1024\" height=\"590\" src=\"https:\/\/hilfe.telekom-cloudcenter.de\/wp-content\/uploads\/2020\/05\/Nachrichtenoptionen-OWA-1-1024x590.png\" alt=\"\" class=\"wp-image-4869\" srcset=\"https:\/\/hilfe.telekom-cloudcenter.de\/wp-content\/uploads\/2020\/05\/Nachrichtenoptionen-OWA-1-1024x590.png 1024w, https:\/\/hilfe.telekom-cloudcenter.de\/wp-content\/uploads\/2020\/05\/Nachrichtenoptionen-OWA-1-300x173.png 300w, https:\/\/hilfe.telekom-cloudcenter.de\/wp-content\/uploads\/2020\/05\/Nachrichtenoptionen-OWA-1-768x442.png 768w, https:\/\/hilfe.telekom-cloudcenter.de\/wp-content\/uploads\/2020\/05\/Nachrichtenoptionen-OWA-1.png 1035w\" sizes=\"(max-width: 1024px) 100vw, 1024px\" \/><\/figure>\n\n\n\n<p>W\u00e4hlen Sie anschlie\u00dfend die Vertraulichkeit &#8220;Vertraulich&#8221; in den Nachrichtenoptionen.<\/p>\n\n\n\n<figure class=\"wp-block-image\"><img decoding=\"async\" loading=\"lazy\" width=\"1024\" height=\"403\" src=\"https:\/\/hilfe.telekom-cloudcenter.de\/wp-content\/uploads\/2020\/05\/Nachrichtenoptionen-OWA-1024x403.png\" alt=\"\" class=\"wp-image-4870\" srcset=\"https:\/\/hilfe.telekom-cloudcenter.de\/wp-content\/uploads\/2020\/05\/Nachrichtenoptionen-OWA-1024x403.png 1024w, https:\/\/hilfe.telekom-cloudcenter.de\/wp-content\/uploads\/2020\/05\/Nachrichtenoptionen-OWA-300x118.png 300w, https:\/\/hilfe.telekom-cloudcenter.de\/wp-content\/uploads\/2020\/05\/Nachrichtenoptionen-OWA-768x302.png 768w, https:\/\/hilfe.telekom-cloudcenter.de\/wp-content\/uploads\/2020\/05\/Nachrichtenoptionen-OWA.png 1961w\" sizes=\"(max-width: 1024px) 100vw, 1024px\" \/><\/figure>\n\n\n\n<p>E-Mails, die als &#8220;Vertraulich&#8221; gekennzeichnet wurden, werden beim Empf\u00e4nger verschl\u00fcsselt zugestellt. Die Verschl\u00fcsselung der E-Mail erfolgt dabei direkt \u00fcber die Telekom Cloud Plattform \u00fcber ein dediziertes E-Mail-Verschl\u00fcsselungs-Gateway.<\/p>\n","protected":false},"excerpt":{"rendered":"<p>F\u00fcr die Nutzung der E-Mailverschl\u00fcsselung ben\u00f6tigen Sie keinerlei Zusatzsoftware oder Zertifikate. Um eine E-Mail verschl\u00fcsselt zu versenden, markieren Sie diese bitte mit &#8220;Vertraulich&#8221; in den Nachrichtenoptionen. Im Outlook-on-the-Web (OWA) finden Sie diese Option unter &#8220;Nachrichtenoptionen anzeigen&#8230;&#8221; beim Erstellen einer neuen E-Mail. W\u00e4hlen Sie anschlie\u00dfend die Vertraulichkeit &#8220;Vertraulich&#8221; in den Nachrichtenoptionen. E-Mails, die als &#8220;Vertraulich&#8221; gekennzeichnet&#8230; <a href=\"https:\/\/hilfe.telekom-cloudcenter.de\/index.php\/produkte\/microsoft-exchange\/benutzung-der-zusatzdienste\/e-mailverschlusselung\/\">read more &raquo;<\/a><\/p>\n","protected":false},"author":1,"featured_media":0,"parent":721,"menu_order":0,"comment_status":"closed","ping_status":"closed","template":"","meta":{"footnotes":""},"_links":{"self":[{"href":"https:\/\/hilfe.telekom-cloudcenter.de\/index.php\/wp-json\/wp\/v2\/pages\/4868"}],"collection":[{"href":"https:\/\/hilfe.telekom-cloudcenter.de\/index.php\/wp-json\/wp\/v2\/pages"}],"about":[{"href":"https:\/\/hilfe.telekom-cloudcenter.de\/index.php\/wp-json\/wp\/v2\/types\/page"}],"author":[{"embeddable":true,"href":"https:\/\/hilfe.telekom-cloudcenter.de\/index.php\/wp-json\/wp\/v2\/users\/1"}],"replies":[{"embeddable":true,"href":"https:\/\/hilfe.telekom-cloudcenter.de\/index.php\/wp-json\/wp\/v2\/comments?post=4868"}],"version-history":[{"count":3,"href":"https:\/\/hilfe.telekom-cloudcenter.de\/index.php\/wp-json\/wp\/v2\/pages\/4868\/revisions"}],"predecessor-version":[{"id":5751,"href":"https:\/\/hilfe.telekom-cloudcenter.de\/index.php\/wp-json\/wp\/v2\/pages\/4868\/revisions\/5751"}],"up":[{"embeddable":true,"href":"https:\/\/hilfe.telekom-cloudcenter.de\/index.php\/wp-json\/wp\/v2\/pages\/721"}],"wp:attachment":[{"href":"https:\/\/hilfe.telekom-cloudcenter.de\/index.php\/wp-json\/wp\/v2\/media?parent=4868"}],"curies":[{"name":"wp","href":"https:\/\/api.w.org\/{rel}","templated":true}]}}