{"id":499,"date":"2016-11-21T14:57:17","date_gmt":"2016-11-21T14:57:17","guid":{"rendered":"https:\/\/hilfe.telekom-cloudcenter.de\/?page_id=499"},"modified":"2016-11-21T15:29:36","modified_gmt":"2016-11-21T15:29:36","slug":"kontakt-anlegen","status":"publish","type":"page","link":"https:\/\/hilfe.telekom-cloudcenter.de\/index.php\/produkte\/microsoft-exchange\/externe-kontakte\/kontakt-anlegen\/","title":{"rendered":"Kontakt anlegen"},"content":{"rendered":"<p>Um einen neuen Kontakt anzulegen, w\u00e4hlen Sie die Schaltfl\u00e4che <strong>&#8220;Kontakt anlegen&#8221;<\/strong>. Anschlie\u00dfend gelangen Sie in die Bearbeitungsansicht zum Anlegen eines neuen Kontakts. In jedem Fall m\u00fcssen die als Pflichtfelder mit <strong>&#8220;*&#8221;<\/strong> gekennzeichneten Felder ausgef\u00fcllt werden. Die erfassten Daten sind sp\u00e4ter im globalen Firmenadressbuch f\u00fcr alle Nutzer sichtbar.<\/p>\n<hr \/>\n<p><strong>Kontaktdaten<\/strong><\/p>\n<p>Im Bereich &#8220;Kontaktdaten&#8221; k\u00f6nnen Sie die allgemeinen (privaten) Daten eines Kontakts\u00a0erfassen. Das Feld &#8220;Anzeigename&#8221; wird automatisch nach Eingabe von &#8220;Vorname&#8221; und &#8220;Name&#8221; mit einem Vorschlag bef\u00fcllt, den Sie bei Bedarf \u00e4ndern k\u00f6nnen.<\/p>\n<hr \/>\n<p><strong>Kontaktadressen<\/strong><\/p>\n<p>Jeder Kontakt verf\u00fcgt neben der externen E-Mail-Adresse als Zieladresse auch \u00fcber eine interne E-Mail-Adresse. Der Domainteil (alle Zeichen hinter dem @-Symbol) ist dabei vorgegeben und kann nicht ver\u00e4ndert werden. Den Lokalteil (alle Zeichen vor dem @-Symbol) k\u00f6nnen Sie wie bei jeder E-Mail-Adresse frei bestimmen.<\/p>\n<p>Die interne E-Mail-Adresse dient in diesem Fall dazu, E-Mails an diesen Kontakt auf dem Exchange-System annehmen und weiterverarbeiten zu k\u00f6nnen. Die externe E-Mail-Adresse dient als Weiterleitungsziel. In der Anzeige der Kontaktdaten wird Ihnen sp\u00e4ter stets die interne E-Mailadresse angezeigt, z.B. im Outlook-Adressbuch. E-Mails werden weiterhin an die externe E-Mail-Adresse des Kontaktes gesendet.<\/p>\n<hr \/>\n<p><strong>Firmendaten<\/strong><\/p>\n<p>Erfassen Sie hier alle gesch\u00e4ftlichen Daten des Kontakts.<\/p>\n<hr \/>\n<p><strong>Kontakteigenschaften<\/strong><\/p>\n<p>Entscheiden Sie hier, ob die Daten des Kontakts im globalen Adressbuch angezeigt werden sollen.<\/p>\n<hr \/>\n<p><strong>Kontaktdaten speichern \/ Kontaktanlage\u00a0abbrechen<\/strong><\/p>\n<p>Um das Anlegen eines neuen Kontakts\u00a0abzubrechen, w\u00e4hlen Sie die Schaltfl\u00e4che &#8220;Abbrechen&#8221;. Sie gelangen anschlie\u00dfend zur\u00fcck in die \u00dcbersicht Ihrer externen Kontakte. Um die eingegebenen Daten zu speichern, w\u00e4hlen Sie die Schaltfl\u00e4che &#8220;Speichern&#8221;. Bei Eingabefehlern wird das entsprechende Eingabefeld, welches den Fehler verursacht,\u00a0markiert. Eine genaue Fehlermeldung erhalten Sie, wenn Sie mit der Maus \u00fcber das Symbol am markierten Eingabefeld fahren.<\/p>\n<p><strong>Hinweis:\u00a0<\/strong>Zur automatisierten Anlage einer gr\u00f6\u00dferen Anzahl neuer Kontakte\u00a0k\u00f6nnen Sie die Funktion <a href=\"https:\/\/hilfe.saase.local\/index.php\/produkte\/microsoft-exchange\/kontakte-importieren\/\">&#8220;Kontakte importieren&#8221;<\/a> nutzen, die Ihnen als Schaltfl\u00e4che im Kontaktanlageformular ganz oben angezeigt wird. Die hierf\u00fcr ben\u00f6tigte Dateivorlage k\u00f6nnen Sie nach Wahl dieser Funktion im anschlie\u00dfenden Dialog herunterladen.<\/p>\n","protected":false},"excerpt":{"rendered":"<p>Um einen neuen Kontakt anzulegen, w\u00e4hlen Sie die Schaltfl\u00e4che &#8220;Kontakt anlegen&#8221;. Anschlie\u00dfend gelangen Sie in die Bearbeitungsansicht zum Anlegen eines neuen Kontakts. In jedem Fall m\u00fcssen die als Pflichtfelder mit &#8220;*&#8221; gekennzeichneten Felder ausgef\u00fcllt werden. Die erfassten Daten sind sp\u00e4ter im globalen Firmenadressbuch f\u00fcr alle Nutzer sichtbar. Kontaktdaten Im Bereich &#8220;Kontaktdaten&#8221; k\u00f6nnen Sie die allgemeinen&#8230; <a href=\"https:\/\/hilfe.telekom-cloudcenter.de\/index.php\/produkte\/microsoft-exchange\/externe-kontakte\/kontakt-anlegen\/\">read more &raquo;<\/a><\/p>\n","protected":false},"author":1,"featured_media":0,"parent":423,"menu_order":0,"comment_status":"closed","ping_status":"closed","template":"","meta":{"footnotes":""},"_links":{"self":[{"href":"https:\/\/hilfe.telekom-cloudcenter.de\/index.php\/wp-json\/wp\/v2\/pages\/499"}],"collection":[{"href":"https:\/\/hilfe.telekom-cloudcenter.de\/index.php\/wp-json\/wp\/v2\/pages"}],"about":[{"href":"https:\/\/hilfe.telekom-cloudcenter.de\/index.php\/wp-json\/wp\/v2\/types\/page"}],"author":[{"embeddable":true,"href":"https:\/\/hilfe.telekom-cloudcenter.de\/index.php\/wp-json\/wp\/v2\/users\/1"}],"replies":[{"embeddable":true,"href":"https:\/\/hilfe.telekom-cloudcenter.de\/index.php\/wp-json\/wp\/v2\/comments?post=499"}],"version-history":[{"count":5,"href":"https:\/\/hilfe.telekom-cloudcenter.de\/index.php\/wp-json\/wp\/v2\/pages\/499\/revisions"}],"predecessor-version":[{"id":522,"href":"https:\/\/hilfe.telekom-cloudcenter.de\/index.php\/wp-json\/wp\/v2\/pages\/499\/revisions\/522"}],"up":[{"embeddable":true,"href":"https:\/\/hilfe.telekom-cloudcenter.de\/index.php\/wp-json\/wp\/v2\/pages\/423"}],"wp:attachment":[{"href":"https:\/\/hilfe.telekom-cloudcenter.de\/index.php\/wp-json\/wp\/v2\/media?parent=499"}],"curies":[{"name":"wp","href":"https:\/\/api.w.org\/{rel}","templated":true}]}}