{"id":504,"date":"2016-11-21T14:58:50","date_gmt":"2016-11-21T14:58:50","guid":{"rendered":"https:\/\/hilfe.telekom-cloudcenter.de\/?page_id=504"},"modified":"2016-11-21T15:18:37","modified_gmt":"2016-11-21T15:18:37","slug":"kontakt-bearbeiten","status":"publish","type":"page","link":"https:\/\/hilfe.telekom-cloudcenter.de\/index.php\/produkte\/microsoft-exchange\/externe-kontakte\/kontaktdetails\/kontakt-bearbeiten\/","title":{"rendered":"Kontakt bearbeiten"},"content":{"rendered":"<p>Die Kontaktdaten\u00a0k\u00f6nnen Sie in den Kontaktdetails\u00a0bearbeiten, indem Sie in der Datenbox &#8220;Kontaktdaten&#8221; das Stift-Symbol w\u00e4hlen. Anschlie\u00dfend wird Ihnen der Bearbeitungsmodus angezeigt und Sie k\u00f6nnen alle Daten des Kontakts\u00a0bearbeiten bzw. \u00e4ndern.<\/p>\n","protected":false},"excerpt":{"rendered":"<p>Die Kontaktdaten\u00a0k\u00f6nnen Sie in den Kontaktdetails\u00a0bearbeiten, indem Sie in der Datenbox &#8220;Kontaktdaten&#8221; das Stift-Symbol w\u00e4hlen. Anschlie\u00dfend wird Ihnen der Bearbeitungsmodus angezeigt und Sie k\u00f6nnen alle Daten des Kontakts\u00a0bearbeiten bzw. \u00e4ndern.<\/p>\n","protected":false},"author":1,"featured_media":0,"parent":502,"menu_order":0,"comment_status":"closed","ping_status":"closed","template":"","meta":{"footnotes":""},"_links":{"self":[{"href":"https:\/\/hilfe.telekom-cloudcenter.de\/index.php\/wp-json\/wp\/v2\/pages\/504"}],"collection":[{"href":"https:\/\/hilfe.telekom-cloudcenter.de\/index.php\/wp-json\/wp\/v2\/pages"}],"about":[{"href":"https:\/\/hilfe.telekom-cloudcenter.de\/index.php\/wp-json\/wp\/v2\/types\/page"}],"author":[{"embeddable":true,"href":"https:\/\/hilfe.telekom-cloudcenter.de\/index.php\/wp-json\/wp\/v2\/users\/1"}],"replies":[{"embeddable":true,"href":"https:\/\/hilfe.telekom-cloudcenter.de\/index.php\/wp-json\/wp\/v2\/comments?post=504"}],"version-history":[{"count":2,"href":"https:\/\/hilfe.telekom-cloudcenter.de\/index.php\/wp-json\/wp\/v2\/pages\/504\/revisions"}],"predecessor-version":[{"id":517,"href":"https:\/\/hilfe.telekom-cloudcenter.de\/index.php\/wp-json\/wp\/v2\/pages\/504\/revisions\/517"}],"up":[{"embeddable":true,"href":"https:\/\/hilfe.telekom-cloudcenter.de\/index.php\/wp-json\/wp\/v2\/pages\/502"}],"wp:attachment":[{"href":"https:\/\/hilfe.telekom-cloudcenter.de\/index.php\/wp-json\/wp\/v2\/media?parent=504"}],"curies":[{"name":"wp","href":"https:\/\/api.w.org\/{rel}","templated":true}]}}