{"id":506,"date":"2016-11-21T14:59:11","date_gmt":"2016-11-21T14:59:11","guid":{"rendered":"https:\/\/hilfe.telekom-cloudcenter.de\/?page_id=506"},"modified":"2016-11-21T15:20:23","modified_gmt":"2016-11-21T15:20:23","slug":"kontakt-loschen","status":"publish","type":"page","link":"https:\/\/hilfe.telekom-cloudcenter.de\/index.php\/produkte\/microsoft-exchange\/externe-kontakte\/kontakt-loschen\/","title":{"rendered":"Kontakt l\u00f6schen"},"content":{"rendered":"<p>Zum L\u00f6schen eines Kontakts w\u00e4hlen Sie entweder\u00a0einen oder mehrere Kontakte\u00a0in der Kontakt\u00fcbersicht\u00a0durch Aktivieren der Checkbox aus oder \u00f6ffnen die <a href=\"https:\/\/hilfe.telekom-cloudcenter.de\/index.php\/produkte\/microsoft-exchange\/externe-kontakte\/kontaktdetails\/\">Detailansicht<\/a> des zu l\u00f6schenden Kontakts. Anschlie\u00dfend w\u00e4hlen Sie die Schaltfl\u00e4che &#8220;L\u00f6schen&#8221; und best\u00e4tigen die Sicherheitsabfrage mit &#8220;Ok&#8221;.<\/p>\n<p>Beim L\u00f6schen eines Kontakts\u00a0werden alle Kontaktdaten\u00a0gel\u00f6scht.<\/p>\n","protected":false},"excerpt":{"rendered":"<p>Zum L\u00f6schen eines Kontakts w\u00e4hlen Sie entweder\u00a0einen oder mehrere Kontakte\u00a0in der Kontakt\u00fcbersicht\u00a0durch Aktivieren der Checkbox aus oder \u00f6ffnen die Detailansicht des zu l\u00f6schenden Kontakts. Anschlie\u00dfend w\u00e4hlen Sie die Schaltfl\u00e4che &#8220;L\u00f6schen&#8221; und best\u00e4tigen die Sicherheitsabfrage mit &#8220;Ok&#8221;. Beim L\u00f6schen eines Kontakts\u00a0werden alle Kontaktdaten\u00a0gel\u00f6scht.<\/p>\n","protected":false},"author":1,"featured_media":0,"parent":423,"menu_order":0,"comment_status":"closed","ping_status":"closed","template":"","meta":{"footnotes":""},"_links":{"self":[{"href":"https:\/\/hilfe.telekom-cloudcenter.de\/index.php\/wp-json\/wp\/v2\/pages\/506"}],"collection":[{"href":"https:\/\/hilfe.telekom-cloudcenter.de\/index.php\/wp-json\/wp\/v2\/pages"}],"about":[{"href":"https:\/\/hilfe.telekom-cloudcenter.de\/index.php\/wp-json\/wp\/v2\/types\/page"}],"author":[{"embeddable":true,"href":"https:\/\/hilfe.telekom-cloudcenter.de\/index.php\/wp-json\/wp\/v2\/users\/1"}],"replies":[{"embeddable":true,"href":"https:\/\/hilfe.telekom-cloudcenter.de\/index.php\/wp-json\/wp\/v2\/comments?post=506"}],"version-history":[{"count":3,"href":"https:\/\/hilfe.telekom-cloudcenter.de\/index.php\/wp-json\/wp\/v2\/pages\/506\/revisions"}],"predecessor-version":[{"id":520,"href":"https:\/\/hilfe.telekom-cloudcenter.de\/index.php\/wp-json\/wp\/v2\/pages\/506\/revisions\/520"}],"up":[{"embeddable":true,"href":"https:\/\/hilfe.telekom-cloudcenter.de\/index.php\/wp-json\/wp\/v2\/pages\/423"}],"wp:attachment":[{"href":"https:\/\/hilfe.telekom-cloudcenter.de\/index.php\/wp-json\/wp\/v2\/media?parent=506"}],"curies":[{"name":"wp","href":"https:\/\/api.w.org\/{rel}","templated":true}]}}