{"id":545,"date":"2016-11-23T11:37:11","date_gmt":"2016-11-23T11:37:11","guid":{"rendered":"https:\/\/hilfe.telekom-cloudcenter.de\/?page_id=545"},"modified":"2016-11-24T08:27:13","modified_gmt":"2016-11-24T08:27:13","slug":"sharepoint-nutzer-bearbeiten","status":"publish","type":"page","link":"https:\/\/hilfe.telekom-cloudcenter.de\/index.php\/produkte\/microsoft-sharepoint\/sharepoint-nutzer\/sharepoint-nutzerdetails\/sharepoint-nutzer-bearbeiten\/","title":{"rendered":"SharePoint-Nutzer bearbeiten"},"content":{"rendered":"<p>Um eine SharePoint-Lizenzzuweisung f\u00fcr einen Nutzer zu bearbeiten, w\u00e4hlen Sie zun\u00e4chst den gew\u00fcnschten Nutzer durch Klick in die jeweilige Zeile aus. In der Detailanzeige w\u00e4hlen Sie anschlie\u00dfend die Schaltfl\u00e4che <strong>&#8220;Bearbeiten&#8221;<\/strong> (Stift-Symbol).<\/p>\n<p>In der Bearbeitungsansicht k\u00f6nnen Sie den zugewiesenen Lizenztyp \u00e4ndern. Best\u00e4tigen Sie abschlie\u00dfend Ihre \u00c4nderungen durch Wahl der Schaltfl\u00e4che <strong>&#8220;Speichern&#8221;<\/strong>.<\/p>\n","protected":false},"excerpt":{"rendered":"<p>Um eine SharePoint-Lizenzzuweisung f\u00fcr einen Nutzer zu bearbeiten, w\u00e4hlen Sie zun\u00e4chst den gew\u00fcnschten Nutzer durch Klick in die jeweilige Zeile aus. In der Detailanzeige w\u00e4hlen Sie anschlie\u00dfend die Schaltfl\u00e4che &#8220;Bearbeiten&#8221; (Stift-Symbol). In der Bearbeitungsansicht k\u00f6nnen Sie den zugewiesenen Lizenztyp \u00e4ndern. Best\u00e4tigen Sie abschlie\u00dfend Ihre \u00c4nderungen durch Wahl der Schaltfl\u00e4che &#8220;Speichern&#8221;.<\/p>\n","protected":false},"author":1,"featured_media":0,"parent":541,"menu_order":0,"comment_status":"closed","ping_status":"closed","template":"","meta":{"footnotes":""},"_links":{"self":[{"href":"https:\/\/hilfe.telekom-cloudcenter.de\/index.php\/wp-json\/wp\/v2\/pages\/545"}],"collection":[{"href":"https:\/\/hilfe.telekom-cloudcenter.de\/index.php\/wp-json\/wp\/v2\/pages"}],"about":[{"href":"https:\/\/hilfe.telekom-cloudcenter.de\/index.php\/wp-json\/wp\/v2\/types\/page"}],"author":[{"embeddable":true,"href":"https:\/\/hilfe.telekom-cloudcenter.de\/index.php\/wp-json\/wp\/v2\/users\/1"}],"replies":[{"embeddable":true,"href":"https:\/\/hilfe.telekom-cloudcenter.de\/index.php\/wp-json\/wp\/v2\/comments?post=545"}],"version-history":[{"count":3,"href":"https:\/\/hilfe.telekom-cloudcenter.de\/index.php\/wp-json\/wp\/v2\/pages\/545\/revisions"}],"predecessor-version":[{"id":577,"href":"https:\/\/hilfe.telekom-cloudcenter.de\/index.php\/wp-json\/wp\/v2\/pages\/545\/revisions\/577"}],"up":[{"embeddable":true,"href":"https:\/\/hilfe.telekom-cloudcenter.de\/index.php\/wp-json\/wp\/v2\/pages\/541"}],"wp:attachment":[{"href":"https:\/\/hilfe.telekom-cloudcenter.de\/index.php\/wp-json\/wp\/v2\/media?parent=545"}],"curies":[{"name":"wp","href":"https:\/\/api.w.org\/{rel}","templated":true}]}}