{"id":549,"date":"2016-11-23T11:59:59","date_gmt":"2016-11-23T11:59:59","guid":{"rendered":"https:\/\/hilfe.telekom-cloudcenter.de\/?page_id=549"},"modified":"2017-07-27T11:51:05","modified_gmt":"2017-07-27T11:51:05","slug":"site-collection-anlegen","status":"publish","type":"page","link":"https:\/\/hilfe.telekom-cloudcenter.de\/index.php\/produkte\/microsoft-sharepoint\/site-collections\/site-collection-anlegen\/","title":{"rendered":"Site Collection anlegen"},"content":{"rendered":"<p>Um eine neue Site Collection anzulegen, w\u00e4hlen Sie die Schaltfl\u00e4che <strong>&#8220;Site Collection anlegen&#8221;<\/strong> in der \u00dcbersicht Ihrer Site Collections.<\/p>\n<p>In der folgenden Bearbeitungssicht legen Sie neben dem Namen f\u00fcr die Site Collection auch den Lizenztyp und die gew\u00fcnschte Sprache fest. Mit Festlegung des Verwalters bestimmen Sie den Nutzer, der sp\u00e4ter administrative Rechte, u.a. f\u00fcr die Berechtigung von weiteren Nutzern f\u00fcr diese Site Collection, erh\u00e4lt. Bitte beachten Sie, dass Sie ggf. zuerst dem gew\u00fcnschten Verwalter eine <a href=\"https:\/\/hilfe.telekom-cloudcenter.de\/index.php\/produkte\/microsoft-sharepoint\/sharepoint-nutzer\/sharepoint-lizenz-zuweisen\/\"><strong>SharePoint-Lizenz zuweisen<\/strong><\/a> m\u00fcssen. Nach Auswahl des Lizenztyps legen Sie zus\u00e4tzlich die gew\u00fcnschte Gr\u00f6\u00dfe der Site Collection fest. Die Mindestgr\u00f6\u00dfe einer Site Collection betr\u00e4gt dabei 0,5 Gigabyte. Sie k\u00f6nnen die Gr\u00f6\u00dfe in 0,5-Gigabyte-Schritten erh\u00f6hen bzw. verringern. Weiterhin k\u00f6nnen Sie w\u00e4hlen, welche Vorlage Sie f\u00fcr Ihre Site Collection nutzen wollen. Hier stehen Ihnen verschiedene Auswahloptionen, wie Team Site, Wiki Site oder Blog zur Verf\u00fcgung. Diese entsprechen den SharePoint-Standardvorlagen.<\/p>\n<table style=\"height: 1651px;\" width=\"868\">\n<tbody>\n<tr>\n<td width=\"302\"><strong>Template<\/strong><\/td>\n<td width=\"302\"><strong>Beschreibung<\/strong><\/td>\n<\/tr>\n<tr>\n<td width=\"302\">Blog<\/td>\n<td width=\"302\">Eine Website, auf der eine Person oder ein Team Gedanken, Beobachtungen und Wissen ver\u00f6ffentlichen kann und Besucher der Website Kommentare schreiben k\u00f6nnen.<\/td>\n<\/tr>\n<tr>\n<td width=\"302\">Community Portal<\/td>\n<td width=\"302\">Eine Website zum Entdecken von Communitys.<\/td>\n<\/tr>\n<tr>\n<td width=\"302\">Community Site<\/td>\n<td width=\"302\">Ein Ort, an dem Communitymitglieder Themen von gemeinsamem Interesse besprechen. Die Mitglieder k\u00f6nnen relevante Inhalte suchen und durchsuchen, indem sie die einzelnen Kategorien verwenden, Diskussionen nach Beliebtheit sortieren oder nur Beitr\u00e4ge anzeigen, f\u00fcr die eine beste Antwort vorliegt. Die Mitglieder erhalten f\u00fcr ihre Teilnahme an der Community Zuverl\u00e4ssigkeitspunkte, etwa f\u00fcr den Start von Diskussionen und f\u00fcr gegebene Antworten, sowie daf\u00fcr, dass sie f\u00fcr Beitr\u00e4ge auf &#8220;Gef\u00e4llt mir&#8221; klicken, und beste Antworten angeben.<\/td>\n<\/tr>\n<tr>\n<td width=\"302\">Document Center<\/td>\n<td width=\"302\">Website f\u00fcr die zentrale Verwaltung von Dokumenten in Ihrem Unternehmen<\/td>\n<\/tr>\n<tr>\n<td width=\"302\">Enterprise Search Center<\/td>\n<td width=\"302\">Eine Website f\u00fcr die Bereitstellung einer unternehmensweiten Suchfunktion.<\/td>\n<\/tr>\n<tr>\n<td width=\"302\">Enterprise Wiki<\/td>\n<td width=\"302\">Eine Website zum Ver\u00f6ffentlichen von gesammeltem Wissen, das Sie f\u00fcr die gesamte Organisation freigeben m\u00f6chten.<\/td>\n<\/tr>\n<tr>\n<td width=\"302\">Project Site<\/td>\n<td width=\"302\">Eine Website f\u00fcr die Verwaltung eines Projekts und die Zusammenarbeit an diesem. Auf dieser Seite werden alle Status, Kommunikationen und Artefakte f\u00fcr das Projekt an einem Ort zusammengefasst.<\/td>\n<\/tr>\n<tr>\n<td width=\"302\">Publishing Portal<\/td>\n<td width=\"302\">Eine Anfangshierarchie f\u00fcr eine f\u00fcr das Internet gedachte Website oder ein umfangreiches Intranetportal. Diese Website kann problemlos mit wiedererkennbarem Branding versehen werden. Meist verf\u00fcgt diese Website \u00fcber viel mehr Leser als Mitwirkende und wird zum Ver\u00f6ffentlichen von Webseiten mit Genehmigungsworkflows verwendet.<\/td>\n<\/tr>\n<tr>\n<td width=\"302\">Team Site<\/td>\n<td width=\"302\">Ein Ort f\u00fcr die Zusammenarbeit mit einer Gruppe von Personen.<\/td>\n<\/tr>\n<tr>\n<td width=\"302\">Wiki Site<\/td>\n<td width=\"302\">Mit dieser Vorlage wird eine Website erstellt, auf der Sie Benutzer Webseiten schnell und problemlos hinzuf\u00fcgen, bearbeiten und verkn\u00fcpfen k\u00f6nnen.<\/td>\n<\/tr>\n<\/tbody>\n<\/table>\n<p><strong>Hinweis:<\/strong> Bitte beachten Sie, dass das Anlegen einer Site Collection nur dann m\u00f6glich ist, wenn Ihre Organisation \u00fcber ausreichend freien Speicher verf\u00fcgt und mindestens einem Nutzer Ihrer Organisation eine SharePoint-Lizenz zugewiesen ist.<\/p>\n<p>Nachdem die Site Collection angelegt wurde, k\u00f6nnen Sie diese aufrufen, um bspw. erste Inhalte hochzuladen oder weitere Nutzer f\u00fcr den Zugriff zu berechtigen. W\u00e4hlen Sie hierzu einfach den Link zu Ihrer Site Collection in der <a href=\"https:\/\/hilfe.telekom-cloudcenter.de\/index.php\/produkte\/microsoft-sharepoint\/site-collections\/site-collection-details\/\"><strong>Detailansicht<\/strong><\/a>.\u00a0Alternativ k\u00f6nnen Sie, wenn Sie Verwalter der Site Collection sind, \u00a0auf der Startseite im <a href=\"https:\/\/hilfe.telekom-cloudcenter.de\/index.php\/startseite\/widgets\/\"><strong>Widget &#8220;Ihre SharePoint Site Collections&#8221;<\/strong><\/a> zur gew\u00fcnschten Site Collection navigieren.<\/p>\n<hr \/>\n<p><strong>SharePoint Site-Collection verwalten<\/strong><\/p>\n<p>F\u00fcr den Aufruf und die Verwaltung einer SharePoint Site-Collection stehen Ihnen weitere Hilfeseiten zur Verf\u00fcgung: <a href=\"https:\/\/hilfe.telekom-cloudcenter.de\/index.php\/produkte\/microsoft-sharepoint\/aufruf-und-verwaltung-einer-sharepoint-site-collection\/\"><strong>Aufruf und Verwaltung einer SharePoint Site Collection<\/strong><\/a><\/p>\n","protected":false},"excerpt":{"rendered":"<p>Um eine neue Site Collection anzulegen, w\u00e4hlen Sie die Schaltfl\u00e4che &#8220;Site Collection anlegen&#8221; in der \u00dcbersicht Ihrer Site Collections. In der folgenden Bearbeitungssicht legen Sie neben dem Namen f\u00fcr die Site Collection auch den Lizenztyp und die gew\u00fcnschte Sprache fest. Mit Festlegung des Verwalters bestimmen Sie den Nutzer, der sp\u00e4ter administrative Rechte, u.a. f\u00fcr die&#8230; <a href=\"https:\/\/hilfe.telekom-cloudcenter.de\/index.php\/produkte\/microsoft-sharepoint\/site-collections\/site-collection-anlegen\/\">read more &raquo;<\/a><\/p>\n","protected":false},"author":1,"featured_media":0,"parent":269,"menu_order":0,"comment_status":"closed","ping_status":"closed","template":"","meta":{"footnotes":""},"_links":{"self":[{"href":"https:\/\/hilfe.telekom-cloudcenter.de\/index.php\/wp-json\/wp\/v2\/pages\/549"}],"collection":[{"href":"https:\/\/hilfe.telekom-cloudcenter.de\/index.php\/wp-json\/wp\/v2\/pages"}],"about":[{"href":"https:\/\/hilfe.telekom-cloudcenter.de\/index.php\/wp-json\/wp\/v2\/types\/page"}],"author":[{"embeddable":true,"href":"https:\/\/hilfe.telekom-cloudcenter.de\/index.php\/wp-json\/wp\/v2\/users\/1"}],"replies":[{"embeddable":true,"href":"https:\/\/hilfe.telekom-cloudcenter.de\/index.php\/wp-json\/wp\/v2\/comments?post=549"}],"version-history":[{"count":10,"href":"https:\/\/hilfe.telekom-cloudcenter.de\/index.php\/wp-json\/wp\/v2\/pages\/549\/revisions"}],"predecessor-version":[{"id":1723,"href":"https:\/\/hilfe.telekom-cloudcenter.de\/index.php\/wp-json\/wp\/v2\/pages\/549\/revisions\/1723"}],"up":[{"embeddable":true,"href":"https:\/\/hilfe.telekom-cloudcenter.de\/index.php\/wp-json\/wp\/v2\/pages\/269"}],"wp:attachment":[{"href":"https:\/\/hilfe.telekom-cloudcenter.de\/index.php\/wp-json\/wp\/v2\/media?parent=549"}],"curies":[{"name":"wp","href":"https:\/\/api.w.org\/{rel}","templated":true}]}}