{"id":553,"date":"2016-11-23T12:01:00","date_gmt":"2016-11-23T12:01:00","guid":{"rendered":"https:\/\/hilfe.telekom-cloudcenter.de\/?page_id=553"},"modified":"2016-11-23T12:25:29","modified_gmt":"2016-11-23T12:25:29","slug":"site-collection-details","status":"publish","type":"page","link":"https:\/\/hilfe.telekom-cloudcenter.de\/index.php\/produkte\/microsoft-sharepoint\/site-collections\/site-collection-details\/","title":{"rendered":"Site Collection Details"},"content":{"rendered":"<p>Nach Auswahl einer Site Collection\u00a0in der Site Collection \u00dcbersicht\u00a0werden Ihnen die Site Collection Details\u00a0angezeigt. In der Detailanzeige sind folgende Informationen ersichtlich:<\/p>\n<ul>\n<li>Name der Site Collection<\/li>\n<li>Verwendete Vorlage<\/li>\n<li>Verwalter der Site Collection<\/li>\n<li>Verwendete Sprache der Site Collection<\/li>\n<li>Lizenztyp<\/li>\n<li>Zugewiesener Speicher (Gr\u00f6\u00dfe)<\/li>\n<li>Aktuelle Auslastung des Speichers<\/li>\n<li>URL (Website Adresse)<\/li>\n<\/ul>\n<p>W\u00e4hlen Sie zum <a href=\"https:\/\/hilfe.telekom-cloudcenter.de\/index.php\/produkte\/microsoft-sharepoint\/site-collections\/site-collection-details\/site-collection-bearbeiten\/\"><strong>Bearbeiten der Site Collection<\/strong><\/a>\u00a0das Stift-Symbol im oberen rechten Bereich der Datenbox.<\/p>\n","protected":false},"excerpt":{"rendered":"<p>Nach Auswahl einer Site Collection\u00a0in der Site Collection \u00dcbersicht\u00a0werden Ihnen die Site Collection Details\u00a0angezeigt. In der Detailanzeige sind folgende Informationen ersichtlich: Name der Site Collection Verwendete Vorlage Verwalter der Site Collection Verwendete Sprache der Site Collection Lizenztyp Zugewiesener Speicher (Gr\u00f6\u00dfe) Aktuelle Auslastung des Speichers URL (Website Adresse) W\u00e4hlen Sie zum Bearbeiten der Site Collection\u00a0das Stift-Symbol&#8230; <a href=\"https:\/\/hilfe.telekom-cloudcenter.de\/index.php\/produkte\/microsoft-sharepoint\/site-collections\/site-collection-details\/\">read more &raquo;<\/a><\/p>\n","protected":false},"author":1,"featured_media":0,"parent":269,"menu_order":0,"comment_status":"closed","ping_status":"closed","template":"","meta":{"footnotes":""},"_links":{"self":[{"href":"https:\/\/hilfe.telekom-cloudcenter.de\/index.php\/wp-json\/wp\/v2\/pages\/553"}],"collection":[{"href":"https:\/\/hilfe.telekom-cloudcenter.de\/index.php\/wp-json\/wp\/v2\/pages"}],"about":[{"href":"https:\/\/hilfe.telekom-cloudcenter.de\/index.php\/wp-json\/wp\/v2\/types\/page"}],"author":[{"embeddable":true,"href":"https:\/\/hilfe.telekom-cloudcenter.de\/index.php\/wp-json\/wp\/v2\/users\/1"}],"replies":[{"embeddable":true,"href":"https:\/\/hilfe.telekom-cloudcenter.de\/index.php\/wp-json\/wp\/v2\/comments?post=553"}],"version-history":[{"count":3,"href":"https:\/\/hilfe.telekom-cloudcenter.de\/index.php\/wp-json\/wp\/v2\/pages\/553\/revisions"}],"predecessor-version":[{"id":565,"href":"https:\/\/hilfe.telekom-cloudcenter.de\/index.php\/wp-json\/wp\/v2\/pages\/553\/revisions\/565"}],"up":[{"embeddable":true,"href":"https:\/\/hilfe.telekom-cloudcenter.de\/index.php\/wp-json\/wp\/v2\/pages\/269"}],"wp:attachment":[{"href":"https:\/\/hilfe.telekom-cloudcenter.de\/index.php\/wp-json\/wp\/v2\/media?parent=553"}],"curies":[{"name":"wp","href":"https:\/\/api.w.org\/{rel}","templated":true}]}}