{"id":555,"date":"2016-11-23T12:01:17","date_gmt":"2016-11-23T12:01:17","guid":{"rendered":"https:\/\/hilfe.telekom-cloudcenter.de\/?page_id=555"},"modified":"2016-11-23T12:33:01","modified_gmt":"2016-11-23T12:33:01","slug":"site-collection-bearbeiten","status":"publish","type":"page","link":"https:\/\/hilfe.telekom-cloudcenter.de\/index.php\/produkte\/microsoft-sharepoint\/site-collections\/site-collection-details\/site-collection-bearbeiten\/","title":{"rendered":"Site Collection bearbeiten"},"content":{"rendered":"<p>Um eine Site Collection zu bearbeiten, w\u00e4hlen Sie zun\u00e4chst die gew\u00fcnschte Site Collection in der <a href=\"https:\/\/hilfe.telekom-cloudcenter.de\/index.php\/produkte\/microsoft-sharepoint\/site-collections\/\"><strong>\u00dcbersicht der Site Collections<\/strong><\/a> durch einen Klick in die jeweilige Zeile aus. In der Detailanzeige der Site Collection w\u00e4hlen Sie die Schaltfl\u00e4che &#8220;Bearbeiten&#8221; (Stift-Symbol).<\/p>\n<p>In der Bearbeitungsansicht k\u00f6nnen Sie den Verwalter der Site Collection sowie den zugewiesenen Speicher \u00e4ndern. Der Name der Site Collection, Lizenztyp und Vorlage k\u00f6nnen nachtr\u00e4glich nicht ge\u00e4ndert werden. Abschlie\u00dfend k\u00f6nnen Sie Ihre \u00c4nderungen durch Wahl der Schaltfl\u00e4che <strong>&#8220;Speichern&#8221;<\/strong> best\u00e4tigen.<\/p>\n<p><strong>Hinweis:<\/strong> Bitte beachten Sie, dass bei Verringerung des zugewiesenen Speichers der zu reduzierende Speicher freigegeben sein muss.<\/p>\n","protected":false},"excerpt":{"rendered":"<p>Um eine Site Collection zu bearbeiten, w\u00e4hlen Sie zun\u00e4chst die gew\u00fcnschte Site Collection in der \u00dcbersicht der Site Collections durch einen Klick in die jeweilige Zeile aus. In der Detailanzeige der Site Collection w\u00e4hlen Sie die Schaltfl\u00e4che &#8220;Bearbeiten&#8221; (Stift-Symbol). In der Bearbeitungsansicht k\u00f6nnen Sie den Verwalter der Site Collection sowie den zugewiesenen Speicher \u00e4ndern. Der&#8230; <a href=\"https:\/\/hilfe.telekom-cloudcenter.de\/index.php\/produkte\/microsoft-sharepoint\/site-collections\/site-collection-details\/site-collection-bearbeiten\/\">read more &raquo;<\/a><\/p>\n","protected":false},"author":1,"featured_media":0,"parent":553,"menu_order":0,"comment_status":"closed","ping_status":"closed","template":"","meta":{"footnotes":""},"_links":{"self":[{"href":"https:\/\/hilfe.telekom-cloudcenter.de\/index.php\/wp-json\/wp\/v2\/pages\/555"}],"collection":[{"href":"https:\/\/hilfe.telekom-cloudcenter.de\/index.php\/wp-json\/wp\/v2\/pages"}],"about":[{"href":"https:\/\/hilfe.telekom-cloudcenter.de\/index.php\/wp-json\/wp\/v2\/types\/page"}],"author":[{"embeddable":true,"href":"https:\/\/hilfe.telekom-cloudcenter.de\/index.php\/wp-json\/wp\/v2\/users\/1"}],"replies":[{"embeddable":true,"href":"https:\/\/hilfe.telekom-cloudcenter.de\/index.php\/wp-json\/wp\/v2\/comments?post=555"}],"version-history":[{"count":3,"href":"https:\/\/hilfe.telekom-cloudcenter.de\/index.php\/wp-json\/wp\/v2\/pages\/555\/revisions"}],"predecessor-version":[{"id":567,"href":"https:\/\/hilfe.telekom-cloudcenter.de\/index.php\/wp-json\/wp\/v2\/pages\/555\/revisions\/567"}],"up":[{"embeddable":true,"href":"https:\/\/hilfe.telekom-cloudcenter.de\/index.php\/wp-json\/wp\/v2\/pages\/553"}],"wp:attachment":[{"href":"https:\/\/hilfe.telekom-cloudcenter.de\/index.php\/wp-json\/wp\/v2\/media?parent=555"}],"curies":[{"name":"wp","href":"https:\/\/api.w.org\/{rel}","templated":true}]}}