{"id":56,"date":"2016-10-20T11:44:33","date_gmt":"2016-10-20T11:44:33","guid":{"rendered":"https:\/\/hilfe.telekom-cloudcenter.de\/?page_id=56"},"modified":"2023-11-17T08:23:59","modified_gmt":"2023-11-17T08:23:59","slug":"domainverwaltung","status":"publish","type":"page","link":"https:\/\/hilfe.telekom-cloudcenter.de\/index.php\/domainverwaltung\/","title":{"rendered":"Domainverwaltung"},"content":{"rendered":"\n<p>Domains werden zur Nutzung von E-Mail-Produkten (Microsoft Exchange) Security Produkten (E-Mail Protect Pro) zwingend ben\u00f6tigt. Unter dem Men\u00fcpunkt <strong>&#8220;Domainverwaltung&#8221;<\/strong> k\u00f6nnen Sie Ihre Domains administrieren, die f\u00fcr die Public Services des Telekom Cloud Managers verwendet werden k\u00f6nnen. In der Domain\u00fcbersicht (Listenansicht)\u00a0sehen Sie, welche Domains Sie im Cloud Manager bereits eingerichtet haben und welche Eigenschaften diese jeweils besitzen.<\/p>\n\n\n\n<p>Mit dem Zugang zum Cloud Manager erhalten Sie standardm\u00e4\u00dfig eine bereits vollst\u00e4ndig eingerichtete Domain der Form <strong>&lt;kundenstammname>.telekom-cloudcenter.de<\/strong> (Kundenstammdom\u00e4ne), die Sie sofort f\u00fcr die Nutzeranlage sowie Produktnutzung (z.B. Microsoft Exchange) verwenden k\u00f6nnen. Bitte beachten Sie, dass Sie Ihre Kundenstammdom\u00e4ne nicht l\u00f6schen oder \u00e4ndern k\u00f6nnen.<\/p>\n\n\n\n<p>In der Spalte &#8220;Status&#8221; k\u00f6nnen Sie erkennen, in welchem Zustand sich Ihre Domain befindet:<\/p>\n\n\n\n<ul>\n<li><strong>Stammdomain:<\/strong> Dies ist Ihre standardm\u00e4\u00dfig vorkonfigurierte Kundendomain<\/li>\n\n\n\n<li><strong>fremdgehostet<\/strong>: alle Domains, die im Cloud Manager angelegt und bei einem anderen Anbieter verwaltet werden (z.B. Strato, GoDaddy oder sonstige) gelten als &#8220;fremdgehostet&#8221;<\/li>\n\n\n\n<li><strong>registriert<\/strong>: alle Domains, die&nbsp;\u00fcber den Cloud Manager beauftragt (registriert) wurden, erhalten den Status &#8220;registriert&#8221;<\/li>\n\n\n\n<li><strong>beauftragt<\/strong>: Domains, die sich nach einer Beauftragung im Cloud Manager noch nicht vollst\u00e4ndig und erfolgreich bei der jeweiligen Registrierungsstelle registriert wurden, befinden sich im Status &#8220;beauftragt&#8221;<\/li>\n\n\n\n<li><strong>in L\u00f6schung<\/strong>: registrierte Domains, f\u00fcr die ein K\u00fcndigungsauftrag ausgel\u00f6st wurde, befinden sich solange im Status &#8220;in L\u00f6schung&#8221; bis der K\u00fcndigungsauftrag erfolgreich verarbeitet wurde<\/li>\n<\/ul>\n\n\n\n<p>Um die <a href=\"https:\/\/hilfe.telekom-cloudcenter.de\/index.php\/domainverwaltung\/domaindetails-anzeigen\/\">Detaildaten einer Domain<\/a>&nbsp;anzuzeigen, w\u00e4hlen Sie&nbsp;per Mouse-Klick&nbsp;einen Eintrag in der&nbsp;\u00dcbersichtsliste Ihrer Domains. Anschlie\u00dfend stehen Ihnen Funktionen zum <a href=\"https:\/\/hilfe.telekom-cloudcenter.de\/index.php\/domainverwaltung\/domain-bearbeiten\/\">Bearbeiten der Domain <\/a>zur Verf\u00fcgung.<\/p>\n\n\n\n<p>Dar\u00fcber hinaus stehen Ihnen folgende Funktionen f\u00fcr die Administration Ihrer Domains zur Verf\u00fcgung:<\/p>\n\n\n\n<ul>\n<li>Funktion <a href=\"https:\/\/hilfe.telekom-cloudcenter.de\/index.php\/domainverwaltung\/domain-beauftragen\/\"><strong>&#8220;Domain beauftragen&#8221;<\/strong><\/a> f\u00fcr die Registrierung neuer und zur \u00dcbernahme vorhandener Domains (\u00dcbertragung von einem anderen, externen Anbieter wie bspw. Strato)<\/li>\n\n\n\n<li>Funktion <a href=\"https:\/\/hilfe.telekom-cloudcenter.de\/index.php\/domainverwaltung\/neue-domain-anlegen\/\"><strong>&#8220;Domain anlegen&#8221;<\/strong><\/a> zum Anlegen neuer (extern gehosteter) Domains<\/li>\n\n\n\n<li>Funktion <strong><a href=\"https:\/\/hilfe.telekom-cloudcenter.de\/index.php\/domainverwaltung\/domain-loschen\/\">&#8220;Domain l\u00f6schen&#8221;<\/a><\/strong> zum L\u00f6schen von (extern gehosteten) Domains<\/li>\n\n\n\n<li>Funktion <a href=\"https:\/\/hilfe.telekom-cloudcenter.de\/index.php\/domainverwaltung\/domain-verifizieren\/\"><strong>&#8220;Domain verifizieren&#8221;<\/strong><\/a> zum Nachweisen, dass Sie der Inhaber oder technische Ansprechpartner der (extern gehosteten) Domain sind<\/li>\n\n\n\n<li>Funktion <a href=\"https:\/\/hilfe.telekom-cloudcenter.de\/index.php\/domainverwaltung\/mx-verifizieren\/\"><strong>&#8220;MX verifizieren&#8221;<\/strong><\/a> zum Aktivieren des E-Mailempfangs f\u00fcr Ihre (extern gehostete) Domain<\/li>\n\n\n\n<li>Funktion <a href=\"https:\/\/hilfe.telekom-cloudcenter.de\/index.php\/domainverwaltung\/domain-kundigen\/\"><strong>&#8220;Domain k\u00fcndigen&#8221;<\/strong><\/a> zum K\u00fcndigen einer \u00fcber den Cloud Manager registrierten Domain<\/li>\n<\/ul>\n\n\n\n<hr class=\"wp-block-separator has-alpha-channel-opacity\"\/>\n\n\n\n<p><strong>Eigenschaften einer Domain<\/strong><\/p>\n\n\n\n<p>Mit folgenden Eigenschaften kann eine Domain gekennzeichnet sein.<\/p>\n\n\n\n<ul>\n<li>Eigenschaft <strong>&#8220;Microsoft Exchange&#8221;<\/strong>: Ist f\u00fcr eine Domain die Produktnutzungsoption &#8220;Microsoft Exchange&#8221; aktiviert, wurde diese im Exchange-System (Mailsystem) des Cloud Managers bereits bekannt gemacht. Einfach verifizierte Domains (Eigenschaft &#8220;Verifiziert&#8221;) k\u00f6nnen als sogenannte &#8220;Send-only Domains&#8221; verwendet werden. Das bedeutet, dass E-Mails von Mailadressen mit dieser Domain gesendet werden k\u00f6nnen, der Empfang von E-Mails an Mailadressen mit dieser Domain jedoch nicht m\u00f6glich ist. F\u00fcr den Versand und Empfang von E-Mails m\u00fcssen Mailadressen mit Domains verwendet werden, die sowohl &#8220;verifiziert&#8221; als auch &#8220;MX-Record verifiziert&#8221; sind. Die Eigenschaft &#8220;SMTP Domain&#8221; k\u00f6nnen Sie selbstst\u00e4ndig \u00fcber die Domainadministration der Domain setzen, um zu entscheiden, ob und wie Sie die Domain f\u00fcr den E-Mailverkehr nutzen m\u00f6chten.<\/li>\n\n\n\n<li>Eigenschaft <strong>&#8220;SaaS Domain&#8221;<\/strong>: Diese Eigenschaft wird automatisch gesetzt, wenn Sie eine Domain \u00fcber den Cloud Manager neu registrieren oder von einem anderen Anbieter zum Cloud Manager \u00fcbernehmen.<\/li>\n\n\n\n<li>Eigenschaft <strong>&#8220;Verifiziert&#8221;<\/strong>: Ist diese Eigenschaft gesetzt, haben Sie zuvor nachgewiesen, dass Sie berechtigt sind, die betreffende (bei einem externen Anbieter gehostete) Domain zu administrieren. Dieser Nachweis wird erbracht indem Sie in der Domainverwaltung Ihres Anbieters bestimmte DNS-Records setzen oder setzen lassen und die Verifikations\u00fcberpr\u00fcfung in der Domainadministration der Domain starten. Domains, die Sie neu \u00fcber den Cloud Manager registrieren oder von Ihrem bisherigen Anbieter zum Cloud Manager transferieren (Domaintransfer) sind automatisch als &#8220;verifiziert&#8221; gekennzeichnet.<\/li>\n\n\n\n<li>Eigenschaft <strong>&#8220;MX-Record verifiziert&#8221;<\/strong>: Eine Domain wird als &#8220;MX-Record verifiziert&#8221; gekennzeichnet, wenn diese f\u00fcr den Mailempfang konfiguriert wurde. Damit E-Mails an Mailadressen mit dieser Domain empfangen werden k\u00f6nnen, m\u00fcssen in der Domainverwaltung (DNS Verwaltung) des Domainanbieters (z.B. 1&amp;1) bestimmte Records (MX = Mail Exchange) eingetragen werden. Diese Eintr\u00e4ge sorgen daf\u00fcr, dass E-Mails aus dem Internet den richtigen Weg zum Exchange Mailsystem des Cloud Managers finden. Domains, die Sie neu \u00fcber den Cloud Manager registrieren oder von Ihrem bisherigen Anbieter zum Cloud Manager transferieren (Domaintransfer) sind automatisch als &#8220;MX-Record verifiziert&#8221; gekennzeichnet.<\/li>\n\n\n\n<li>Eigenschaft <strong>&#8220;DNSSec&#8221;<\/strong>: Eine Domain wird als DNSSec (-gesichert) gekennzeichnet, wenn bei der <a href=\"https:\/\/hilfe.telekom-cloudcenter.de\/index.php\/domainverwaltung\/domain-beauftragen\/\">Registrierung\/\u00dcbernahme<\/a> oder nachtr\u00e4glich beim <a href=\"https:\/\/hilfe.telekom-cloudcenter.de\/index.php\/domainverwaltung\/domain-bearbeiten\/\">Bearbeiten der Domain<\/a> die Option &#8220;DNSSec&#8221; aktiviert wurde und die Domain der DNSSec-Sicherung unterzogen wurde.<\/li>\n<\/ul>\n","protected":false},"excerpt":{"rendered":"<p>Domains werden zur Nutzung von E-Mail-Produkten (Microsoft Exchange) Security Produkten (E-Mail Protect Pro) zwingend ben\u00f6tigt. Unter dem Men\u00fcpunkt &#8220;Domainverwaltung&#8221; k\u00f6nnen Sie Ihre Domains administrieren, die f\u00fcr die Public Services des Telekom Cloud Managers verwendet werden k\u00f6nnen. In der Domain\u00fcbersicht (Listenansicht)\u00a0sehen Sie, welche Domains Sie im Cloud Manager bereits eingerichtet haben und welche Eigenschaften diese jeweils&#8230; <a href=\"https:\/\/hilfe.telekom-cloudcenter.de\/index.php\/domainverwaltung\/\">read more &raquo;<\/a><\/p>\n","protected":false},"author":1,"featured_media":0,"parent":0,"menu_order":0,"comment_status":"closed","ping_status":"closed","template":"","meta":{"footnotes":""},"_links":{"self":[{"href":"https:\/\/hilfe.telekom-cloudcenter.de\/index.php\/wp-json\/wp\/v2\/pages\/56"}],"collection":[{"href":"https:\/\/hilfe.telekom-cloudcenter.de\/index.php\/wp-json\/wp\/v2\/pages"}],"about":[{"href":"https:\/\/hilfe.telekom-cloudcenter.de\/index.php\/wp-json\/wp\/v2\/types\/page"}],"author":[{"embeddable":true,"href":"https:\/\/hilfe.telekom-cloudcenter.de\/index.php\/wp-json\/wp\/v2\/users\/1"}],"replies":[{"embeddable":true,"href":"https:\/\/hilfe.telekom-cloudcenter.de\/index.php\/wp-json\/wp\/v2\/comments?post=56"}],"version-history":[{"count":22,"href":"https:\/\/hilfe.telekom-cloudcenter.de\/index.php\/wp-json\/wp\/v2\/pages\/56\/revisions"}],"predecessor-version":[{"id":6280,"href":"https:\/\/hilfe.telekom-cloudcenter.de\/index.php\/wp-json\/wp\/v2\/pages\/56\/revisions\/6280"}],"wp:attachment":[{"href":"https:\/\/hilfe.telekom-cloudcenter.de\/index.php\/wp-json\/wp\/v2\/media?parent=56"}],"curies":[{"name":"wp","href":"https:\/\/api.w.org\/{rel}","templated":true}]}}