{"id":5883,"date":"2020-09-30T09:38:22","date_gmt":"2020-09-30T09:38:22","guid":{"rendered":"https:\/\/hilfe.telekom-cloudcenter.de\/?page_id=5883"},"modified":"2023-11-17T08:28:42","modified_gmt":"2023-11-17T08:28:42","slug":"anmelden-am-cloud-manager","status":"publish","type":"page","link":"https:\/\/hilfe.telekom-cloudcenter.de\/index.php\/anmelden-am-cloud-manager\/","title":{"rendered":"Anmelden am Cloud Manager"},"content":{"rendered":"<p>F\u00fcr die Anmeldung am Telekom Cloud Manager nutzen Sie Ihren Cloud Manager Loginnamen und Ihr zugeh\u00f6riges Passwort.<\/p>\n<p><strong>Wichtiger Hinweis<\/strong>: Das Anmeldeverfahren bzw. die Aktivierung Ihres Zugangs unterscheidet sich in Abh\u00e4ngigkeit Ihrer Produktbuchung. Nachfolgend werden die verschiedenen Aktivierungs- und Anmeldeverfahren detailliert beschrieben.<\/p>\n<hr>\n<h2>Aktivierung und Anmeldung f\u00fcr Gesch\u00e4ftskunden<\/h2>\n<p>Als technischer Administrator (Hauptadministrator) erhalten Sie nach der ersten Produktbuchung eine Willkommens-Email mit Hinweisen zur Aktivierung Ihres Zugangs. Dabei m\u00fcssen Sie bei der Aktivierung Ihres Zugangs ein eigenes Passwort vergeben. Sollten Sie diese Willkommens-Email noch nicht erhalten haben, bitten wir Sie um etwas Geduld. In der Regel wird Ihre Willkommens-Email innerhalb weniger Minuten nach Produktbuchung versendet. Sollten Sie auch nach l\u00e4ngerer Zeit keine Willkommens-Email erhalten haben, nutzen Sie bitte die Funktion <strong>&#8220;Aktivierungsmail erneut anfordern&#8221;<\/strong> auf der Anmeldeseite des Cloud Managers.<\/p>\n<p>Als Nutzer oder zus\u00e4tzlicher Administrator erhalten Sie Ihre Anmeldedaten (Loginname und Passwort) von Ihrem technischen Administrator. Anschlie\u00dfend k\u00f6nnen Sie sich am Telekom Cloud Manager mit diesen Anmeldedaten anmelden. Nach dem ersten Login werden Sie zur \u00c4nderung Ihres Passwortes aufgefordert.<\/p>\n<p><strong>Hinweis<\/strong>: Als Gesch\u00e4ftskunde mit Produktbuchung \u00fcber <a href=\"https:\/\/kundencenter.telekom.de\">https:\/\/kundencenter.telekom.de<\/a> gelten die Hinweise zu Aktivierung und Anmeldung unter <strong>&#8220;Aktivierung und Anmeldung f\u00fcr Privat- und Gesch\u00e4ftskunden mit Produktbuchung \u00fcber das Telekom Kundencenter&#8221;<\/strong>.<\/p>\n<hr>\n<h2>Aktivierung und Anmeldung f\u00fcr Privat- und Gesch\u00e4ftskunden mit Produktbuchung \u00fcber das Telekom Kundencenter<\/h2>\n<p>Haben Sie die Produktbuchung eines Public Cloud Produktes \u00fcber das Telekom Kundencenter vorgenommen, m\u00fcssen Sie als technischer Administrator (Hauptadministrator) zun\u00e4chst eine Erstregistrierung durchf\u00fchren. Rufen Sie hierzu bitte die folgende Adresse auf: <a href=\"https:\/\/registrierung.telekom-cloudcenter.de\/\">https:\/\/registrierung.telekom-cloudcenter.de\/<\/a><\/p>\n<p>Melden Sie sich anschlie\u00dfend mit Ihrem Telekom Login an und vervollst\u00e4ndigen Sie Ihre Auftragsdaten. Anschlie\u00dfend erhalten Sie nach Bereitstellung Ihrer Produkte eine Willkommens-Email mit Hinweisen zur Aktivierung Ihres Zugangs. Dabei m\u00fcssen Sie bei der Aktivierung Ihres Zugangs ein eigenes Passwort vergeben. Sollten Sie diese Willkommens-Email noch nicht erhalten haben, bitten wir Sie um etwas Geduld. In der Regel wird Ihre Willkommens-Email innerhalb weniger Minuten nach Abschluss Ihrer Erstregistrierung versendet. Sollten Sie auch nach l\u00e4ngerer Zeit keine Willkommens-Email erhalten haben, nutzen Sie bitte die Funktion <strong>&#8220;Aktivierungsmail erneut anfordern&#8221;<\/strong> auf der Anmeldeseite des Cloud Managers.<\/p>\n<p>Als Nutzer oder zus\u00e4tzlicher Administrator erhalten Sie Ihre Anmeldedaten (Loginname und Passwort) von Ihrem technischen Administrator. Anschlie\u00dfend k\u00f6nnen Sie sich am Telekom Cloud Manager mit diesen Anmeldedaten anmelden. Nach dem ersten Login werden Sie zur \u00c4nderung Ihres Passwortes aufgefordert.<\/p>\n<hr>\n<h2>Anmeldung f\u00fcr Kunden mit Produktbuchung \u00fcber TelekomCLOUD<\/h2>\n<p>Haben Sie die Produktbuchung \u00fcber <a href=\"https:\/\/cloud.telekom.de\">https:\/\/cloud.telekom.de<\/a> vorgenommen k\u00f6nnen Sie sich als technischer Administrator (Hauptadministrator) ausschlie\u00dflich mit Ihrem TelekomCLOUD-Konto am Cloud Manager anmelden. Nach der Produktbuchung erhalten Sie eine Willkommens-Email mit Hinweisen zur Buchung sowie einem Direktlink f\u00fcr die Anmeldung am Telekom Cloud Manager. Alternativ w\u00e4hlen Sie&nbsp;die Option zur alternativen Anmeldung <strong>&#8220;Anmelden mit Hilfe Ihres Kontos bei: TelekomCLOUD&#8221;<\/strong> auf der Anmeldeseite.<\/p>\n<p>Als Nutzer oder zus\u00e4tzlicher Administrator erhalten Sie Ihre Anmeldedaten (Loginname und Passwort) von Ihrem technischen Administrator. Anschlie\u00dfend k\u00f6nnen Sie sich am Telekom Cloud Manager mit diesen Anmeldedaten anmelden. Nach dem ersten Login werden Sie zur \u00c4nderung Ihres Passwortes aufgefordert.<\/p>\n\n\n<p><\/p>\n","protected":false},"excerpt":{"rendered":"<p>F\u00fcr die Anmeldung am Telekom Cloud Manager nutzen Sie Ihren Cloud Manager Loginnamen und Ihr zugeh\u00f6riges Passwort. Wichtiger Hinweis: Das Anmeldeverfahren bzw. die Aktivierung Ihres Zugangs unterscheidet sich in Abh\u00e4ngigkeit Ihrer Produktbuchung. Nachfolgend werden die verschiedenen Aktivierungs- und Anmeldeverfahren detailliert beschrieben. Aktivierung und Anmeldung f\u00fcr Gesch\u00e4ftskunden Als technischer Administrator (Hauptadministrator) erhalten Sie nach der ersten&#8230; <a href=\"https:\/\/hilfe.telekom-cloudcenter.de\/index.php\/anmelden-am-cloud-manager\/\">read more &raquo;<\/a><\/p>\n","protected":false},"author":1,"featured_media":0,"parent":0,"menu_order":0,"comment_status":"closed","ping_status":"closed","template":"","meta":{"footnotes":""},"_links":{"self":[{"href":"https:\/\/hilfe.telekom-cloudcenter.de\/index.php\/wp-json\/wp\/v2\/pages\/5883"}],"collection":[{"href":"https:\/\/hilfe.telekom-cloudcenter.de\/index.php\/wp-json\/wp\/v2\/pages"}],"about":[{"href":"https:\/\/hilfe.telekom-cloudcenter.de\/index.php\/wp-json\/wp\/v2\/types\/page"}],"author":[{"embeddable":true,"href":"https:\/\/hilfe.telekom-cloudcenter.de\/index.php\/wp-json\/wp\/v2\/users\/1"}],"replies":[{"embeddable":true,"href":"https:\/\/hilfe.telekom-cloudcenter.de\/index.php\/wp-json\/wp\/v2\/comments?post=5883"}],"version-history":[{"count":7,"href":"https:\/\/hilfe.telekom-cloudcenter.de\/index.php\/wp-json\/wp\/v2\/pages\/5883\/revisions"}],"predecessor-version":[{"id":6286,"href":"https:\/\/hilfe.telekom-cloudcenter.de\/index.php\/wp-json\/wp\/v2\/pages\/5883\/revisions\/6286"}],"wp:attachment":[{"href":"https:\/\/hilfe.telekom-cloudcenter.de\/index.php\/wp-json\/wp\/v2\/media?parent=5883"}],"curies":[{"name":"wp","href":"https:\/\/api.w.org\/{rel}","templated":true}]}}