{"id":5889,"date":"2020-09-30T10:14:56","date_gmt":"2020-09-30T10:14:56","guid":{"rendered":"https:\/\/hilfe.telekom-cloudcenter.de\/?page_id=5889"},"modified":"2023-11-17T08:31:19","modified_gmt":"2023-11-17T08:31:19","slug":"erste-schritte","status":"publish","type":"page","link":"https:\/\/hilfe.telekom-cloudcenter.de\/index.php\/erste-schritte\/","title":{"rendered":"Erste Schritte"},"content":{"rendered":"\n<p>Nach dem erstmaligen Login empfehlen wir Ihnen folgende Vorgehensweise zur Einrichtung und Administration Ihrer Services:<\/p>\n\n\n\n<ol>\n<li><strong>Pr\u00fcfen der Wunschdomain<\/strong>: \u00dcber <strong>\u201eDomainverwaltung\u201c<\/strong> pr\u00fcfen Sie bitte, ob Ihre Wunschdomain (Stammdomain) korrekt eingetragen und f\u00fcr die Produktnutzung &#8220;Microsoft Exchange&#8221; aktiviert ist. Diese erste Domain ist Ihre Kundenstammdomain, die Sie sofort uneingeschr\u00e4nkt nutzen k\u00f6nnen, z.B. f\u00fcr die Anlage von Nutzern f\u00fcr den Loginnamen oder f\u00fcr die Anlage von Mailboxen und Vergabe von E-Mailadressen.<\/li>\n\n\n\n<li><strong>Weitere Domains hinzuf\u00fcgen<\/strong>: Sofern Sie weitere Domains f\u00fcr die Produkte und Services im Cloud Manager verwenden wollen, k\u00f6nnen Sie \u00fcber die Domainverwaltung weitere Domains anlegen oder registrieren. Die Domainregistrierung k\u00f6nnen Sie nur dann nutzen, sofern Sie \u00fcber gebuchte Bestellmengen verf\u00fcgen. Wenn Sie \u00fcber Domains bei einem externen Anbieter verf\u00fcgen, die Sie f\u00fcr die Produkte und Services des Cloud Managers nutzen wollen, m\u00fcssen Sie diese \u00fcber die Funktion <strong>\u201eDomain anlegen\u201c<\/strong> zun\u00e4chst hinzuf\u00fcgen. F\u00fcr die jeweilige Produktnutzung muss Ihre Domain verifiziert werden.\n<ol>\n<li><strong>Domain verifizieren<\/strong>: Mit der einfachen Verifizierung weisen Sie nach, dass Sie f\u00fcr die angelegte Domain zur Nutzung berechtigt sind. Dazu m\u00fcssen Sie im DNS Ihrer Domain einen Verifikationswert eintragen. Anschlie\u00dfend w\u00e4hlen Sie die Funktion <strong>\u201eDomain verifizieren\u201c<\/strong> in der Domainverwaltung. Eine einfach verifizierte Domain k\u00f6nnen Sie f\u00fcr die Vergabe von Loginnamen (Nutzeranlage), <strong>nicht jedoch f\u00fcr die Produktnutzung verwenden wie bspw. f\u00fcr E-Mailadressen<\/strong>. Einzelheiten zur Domainverifikation finden Sie zus\u00e4tzlich <a href=\"https:\/\/hilfe.telekom-cloudcenter.de\/index.php\/domainverwaltung\/domain-verifizieren\/\">hier<\/a>.<\/li>\n\n\n\n<li><strong>MX-Record verifizieren<\/strong>: F\u00fcr den Empfang von E-Mails an ein Cloud Manager Postfach k\u00f6nnen als Bestandteil von E-Mailadressen nur MX-verifizierte Domains verwendet werden. Dazu m\u00fcssen Sie im DNS Ihrer Domain MX-Records eintragen, sodass dass der Mailserver der Cloud Manager Plattform sp\u00e4ter gefunden werden kann. Anschlie\u00dfend w\u00e4hlen Sie die Funktion <strong>\u201eMX-Record verifizieren\u201c<\/strong> in der Domainverwaltung. Einzelheiten zu den MX-Records finden Sie <a href=\"https:\/\/hilfe.telekom-cloudcenter.de\/index.php\/domainverwaltung\/mx-verifizieren\/\">hier<\/a>.<\/li>\n<\/ol>\n<\/li>\n\n\n\n<li><strong>Einrichten von Nutzern<\/strong>: \u00dcber die <strong>&#8220;Nutzerverwaltung&#8221;<\/strong> werden alle Nutzer eingerichtet, die bestellte Leistungen nutzen werden. Beim Neuanlegen eines Nutzers f\u00fcllen Sie bitte mindestens die Pflichtfelder aus. Achten Sie bei der Passwortvergabe auf sichere Passw\u00f6rter. Empfehlungen und Hinweise zur Passwortwahl finden Sie unmittelbar in den Hilfetexten (Fragezeichensymbol) im Formular.<\/li>\n\n\n\n<li><strong>Produktzuweisung an Nutzer<\/strong>: Das Zuweisen von Produkten und Produktoptionen k\u00f6nnen Sie entweder direkt beim Neuanlegen von Nutzern oder nachtr\u00e4glich \u00fcber die Produktverwaltung vornehmen. Zum Zuweisen von Produkten und Produktoptionen beim Neuanlegen w\u00e4hlen Sie bitte die jeweiligen Optionen im Nutzerformular. M\u00f6chten Sie stattdessen die Zuweisung \u00fcber die Produktverwaltung vornehmen, w\u00e4hlen Sie den jeweiligen Produktmen\u00fcpunkt in der Produktverwaltung.<\/li>\n\n\n\n<li><strong>Nutzung der Services\/Produkte<\/strong>: Auf der Startseite finden Sie im Widget &#8220;Ihre Dienste&#8221; Verlinkungen zu Ihren gebuchten Services. So gelangen Sie bequem per Mouseklick direkt zum jeweiligen Service, bspw. zum Webaccess f\u00fcr Exchange, SharePoint oder Professional E-Mail Suite.<\/li>\n<\/ol>\n\n\n\n<p>Weiterf\u00fchrende Informationen und Hilfestellungen zur Einrichtung und Nutzung Ihrer Services entnehmen Sie bitte den Hilfeseiten hier in der Online Hilfe.<\/p>\n","protected":false},"excerpt":{"rendered":"<p>Nach dem erstmaligen Login empfehlen wir Ihnen folgende Vorgehensweise zur Einrichtung und Administration Ihrer Services: Weiterf\u00fchrende Informationen und Hilfestellungen zur Einrichtung und Nutzung Ihrer Services entnehmen Sie bitte den Hilfeseiten hier in der Online Hilfe.<\/p>\n","protected":false},"author":1,"featured_media":0,"parent":0,"menu_order":0,"comment_status":"closed","ping_status":"closed","template":"","meta":{"footnotes":""},"_links":{"self":[{"href":"https:\/\/hilfe.telekom-cloudcenter.de\/index.php\/wp-json\/wp\/v2\/pages\/5889"}],"collection":[{"href":"https:\/\/hilfe.telekom-cloudcenter.de\/index.php\/wp-json\/wp\/v2\/pages"}],"about":[{"href":"https:\/\/hilfe.telekom-cloudcenter.de\/index.php\/wp-json\/wp\/v2\/types\/page"}],"author":[{"embeddable":true,"href":"https:\/\/hilfe.telekom-cloudcenter.de\/index.php\/wp-json\/wp\/v2\/users\/1"}],"replies":[{"embeddable":true,"href":"https:\/\/hilfe.telekom-cloudcenter.de\/index.php\/wp-json\/wp\/v2\/comments?post=5889"}],"version-history":[{"count":12,"href":"https:\/\/hilfe.telekom-cloudcenter.de\/index.php\/wp-json\/wp\/v2\/pages\/5889\/revisions"}],"predecessor-version":[{"id":6289,"href":"https:\/\/hilfe.telekom-cloudcenter.de\/index.php\/wp-json\/wp\/v2\/pages\/5889\/revisions\/6289"}],"wp:attachment":[{"href":"https:\/\/hilfe.telekom-cloudcenter.de\/index.php\/wp-json\/wp\/v2\/media?parent=5889"}],"curies":[{"name":"wp","href":"https:\/\/api.w.org\/{rel}","templated":true}]}}