{"id":5933,"date":"2022-01-03T12:58:34","date_gmt":"2022-01-03T12:58:34","guid":{"rendered":"https:\/\/hilfe.telekom-cloudcenter.de\/?page_id=5933"},"modified":"2022-01-03T13:13:51","modified_gmt":"2022-01-03T13:13:51","slug":"sicherheitsprofile","status":"publish","type":"page","link":"https:\/\/hilfe.telekom-cloudcenter.de\/index.php\/produkte\/microsoft-exchange\/einstellungen-fur-exchange\/sicherheitsprofile\/","title":{"rendered":"Sicherheitsprofile"},"content":{"rendered":"\n<p>Zur Vereinfachung der Administration von erweiterten Sicherheits-Einstellungen f\u00fcr Mailboxen und Verteilerlisten bietet Ihnen der Cloud Manager die M\u00f6glichkeit, Sicherheitsprofile anzulegen. Ein Sicherheitsprofil ist dabei eine Zusammenstellung von mehreren Antivirus- und Antispam-Optionen . Bei der Zuweisung dieses Profils zu einer Mailbox oder Verteilerliste weisen Sie somit schnell und effizient die im Profil enthaltenen Optionen zu. Die Details eines Sicherheitsprofils werden Ihnen angezeigt, wenn Sie einen Eintrag per Mouse-Klick ausw\u00e4hlen. Anschlie\u00dfend haben Sie in der Detailanzeige die M\u00f6glichkeit das Profil zu bearbeiten. Auf der \u00dcbersichtsseite der Sicherheitsprofile werden Ihnen folgende Funktionen angeboten: <\/p>\n\n\n\n<ul><li>Funktion &#8220;<a href=\"https:\/\/hilfe.telekom-cloudcenter.de\/index.php\/produkte\/microsoft-exchange\/einstellungen-fur-exchange\/sicherheitsprofile\/sicherheitsprofil-anlegen\/\">Sicherheitsprofil anlegen<\/a>&#8221; zum Anlegen eines neuen Sicherheitsprofils<\/li><li>Funktion &#8220;<a href=\"https:\/\/hilfe.telekom-cloudcenter.de\/index.php\/produkte\/microsoft-exchange\/einstellungen-fur-exchange\/sicherheitsprofile\/sicherheitsprofil-loschen\/\">Sicherheitsprofil l\u00f6schen<\/a>&#8221; zum L\u00f6schen eines vorhandenen Sicherheitsprofils<\/li><\/ul>\n","protected":false},"excerpt":{"rendered":"<p>Zur Vereinfachung der Administration von erweiterten Sicherheits-Einstellungen f\u00fcr Mailboxen und Verteilerlisten bietet Ihnen der Cloud Manager die M\u00f6glichkeit, Sicherheitsprofile anzulegen. Ein Sicherheitsprofil ist dabei eine Zusammenstellung von mehreren Antivirus- und Antispam-Optionen . Bei der Zuweisung dieses Profils zu einer Mailbox oder Verteilerliste weisen Sie somit schnell und effizient die im Profil enthaltenen Optionen zu. Die&#8230; <a href=\"https:\/\/hilfe.telekom-cloudcenter.de\/index.php\/produkte\/microsoft-exchange\/einstellungen-fur-exchange\/sicherheitsprofile\/\">read more &raquo;<\/a><\/p>\n","protected":false},"author":1,"featured_media":0,"parent":369,"menu_order":0,"comment_status":"closed","ping_status":"closed","template":"","meta":{"footnotes":""},"_links":{"self":[{"href":"https:\/\/hilfe.telekom-cloudcenter.de\/index.php\/wp-json\/wp\/v2\/pages\/5933"}],"collection":[{"href":"https:\/\/hilfe.telekom-cloudcenter.de\/index.php\/wp-json\/wp\/v2\/pages"}],"about":[{"href":"https:\/\/hilfe.telekom-cloudcenter.de\/index.php\/wp-json\/wp\/v2\/types\/page"}],"author":[{"embeddable":true,"href":"https:\/\/hilfe.telekom-cloudcenter.de\/index.php\/wp-json\/wp\/v2\/users\/1"}],"replies":[{"embeddable":true,"href":"https:\/\/hilfe.telekom-cloudcenter.de\/index.php\/wp-json\/wp\/v2\/comments?post=5933"}],"version-history":[{"count":5,"href":"https:\/\/hilfe.telekom-cloudcenter.de\/index.php\/wp-json\/wp\/v2\/pages\/5933\/revisions"}],"predecessor-version":[{"id":5949,"href":"https:\/\/hilfe.telekom-cloudcenter.de\/index.php\/wp-json\/wp\/v2\/pages\/5933\/revisions\/5949"}],"up":[{"embeddable":true,"href":"https:\/\/hilfe.telekom-cloudcenter.de\/index.php\/wp-json\/wp\/v2\/pages\/369"}],"wp:attachment":[{"href":"https:\/\/hilfe.telekom-cloudcenter.de\/index.php\/wp-json\/wp\/v2\/media?parent=5933"}],"curies":[{"name":"wp","href":"https:\/\/api.w.org\/{rel}","templated":true}]}}