{"id":5941,"date":"2022-01-03T13:10:18","date_gmt":"2022-01-03T13:10:18","guid":{"rendered":"https:\/\/hilfe.telekom-cloudcenter.de\/?page_id=5941"},"modified":"2022-01-03T13:32:19","modified_gmt":"2022-01-03T13:32:19","slug":"sicherheitsprofil-anlegen","status":"publish","type":"page","link":"https:\/\/hilfe.telekom-cloudcenter.de\/index.php\/produkte\/microsoft-exchange\/einstellungen-fur-exchange\/sicherheitsprofile\/sicherheitsprofil-anlegen\/","title":{"rendered":"Sicherheitsprofil anlegen"},"content":{"rendered":"\n<p> Um ein neues Sicherheitsprofil anzulegen, w\u00e4hlen Sie den Men\u00fcpunkt &#8220;Sicherheitsprofile&#8221; im Men\u00fc Pfad &#8220;Produkte &#8211;> Microsoft Exchange &#8211;> Einstellungen&#8221; und anschlie\u00dfend die Schaltfl\u00e4che &#8220;Sicherheitsprofil anlegen&#8221;. Anschlie\u00dfend gelangen Sie in die Formularansicht zum Anlegen eines neuen Profils. <\/p>\n\n\n\n<p>Folgende Optionen stehen zur Verf\u00fcgung:<\/p>\n\n\n<table>\n<tbody>\n<tr>\n<td width=\"98\">\n<p><strong>Option<\/strong><\/p>\n<\/td>\n<td width=\"244\">\n<p><strong>Erl\u00e4uterung<\/strong><\/p>\n<\/td>\n<\/tr>\n<tr>\n<td width=\"98\">\n<p>RBL Modus<\/p>\n<\/td>\n<td width=\"244\">\n<p><strong>Off<\/strong><\/p>\n<p>Check deaktivieren, die Mail wird ungepr\u00fcft zugestellt.<\/p>\n<p><strong>Tag<\/strong><\/p>\n<p>Die Mail wird markiert und zugestellt.<\/p>\n<p><strong>Quarantine<\/strong><\/p>\n<p>Mail wird in Quarant\u00e4ne verschoben und im Junkmail Report aufgef\u00fchrt.<\/p>\n<p><strong>Tag &amp; Quarantine<\/strong><\/p>\n<p>Die Mail wird markiert, in Quarant\u00e4ne verschoben und im Junkmail Report aufgef\u00fchrt.<\/p>\n<p><strong>Block<\/strong><\/p>\n<p>Die Mail wird abgewiesen.<\/p>\n<\/td>\n<\/tr>\n<tr>\n<td width=\"98\">\n<p>Black Tag<\/p>\n<\/td>\n<td width=\"244\">\n<p>Legen Sie hier den String fest mit dem die Betreffzeile markiert werden soll, falls der Sender auf der RBL (Real Time Blacklist) gelistet ist.<\/p>\n<\/td>\n<\/tr>\n<tr>\n<td width=\"98\">\n<p>Spam Modus<\/p>\n<\/td>\n<td width=\"244\">\n<p><strong>Off<\/strong><\/p>\n<p>Check deaktivieren, die Mail wird ungepr\u00fcft zugestellt.<\/p>\n<p>\u00a0<\/p>\n<p><strong>Tag<\/strong><\/p>\n<p>Die Mail wird markiert und zugestellt.<\/p>\n<p>\u00a0<\/p>\n<p><strong>Block<\/strong><\/p>\n<p>Die Nachricht wird, nachdem Sie als Spam identifiziert wurde, abgewiesen. Der Empf\u00e4nger erh\u00e4lt den Fehlercode 5xx.<\/p>\n<p>Ausnahme: Hat die Nachricht mehr als einen Empf\u00e4nger von denen z.B. einer AS-Blockieren aktiviert und ein Empf\u00e4nger Spam Markieren oder Whitelisting aktiviert hat, wird die Nachricht f\u00fcr den ersten (blockenden) Empf\u00e4nger silently, also ohne Bounce-Nachricht geblockt und f\u00fcr die weiteren Empf\u00e4nger wie konfiguriert zugestellt. (Nicht SMTP-RFC konform!)\u00a0\u00a0\u00a0\u00a0<\/p>\n<p>\u00a0<\/p>\n<\/td>\n<\/tr>\n<tr>\n<td width=\"98\">\n<p>Spam Tag<\/p>\n<\/td>\n<td width=\"244\">\n<p>Legen Sie hier den String fest, mit dem die Betreffzeile bei identifiziertem Spam markiert werden soll.<\/p>\n<\/td>\n<\/tr>\n<tr>\n<td width=\"98\">\n<p>Greylisting Modus<\/p>\n<\/td>\n<td width=\"244\">\n<p>Die Nachrichten unbekannter(*) Sender werden beim ersten Senden tempor\u00e4r abgewiesen und erst beim zweiten Senden (wiederholter Sendeversuch des SMTP Servers) angenommen.<\/p>\n<p>(*) unbekannt heisst in diesem Zusammenhang, dass f\u00fcr das Triplet aus E-Mail-Adresse des Senders\/E-Mail-Adresse des Empf\u00e4ngers\/IP-Adresse des Absender-Servers noch kein g\u00fcltiger Eintrag existiert.<\/p>\n<p><strong>Optionen<\/strong>:<\/p>\n<p><strong>All<\/strong><\/p>\n<p>Die Nachrichten aller Sender durchlaufen das Verfahren nach dem Greylisting Prinzip, es sei denn, f\u00fcr den Sender existiert ein Eintrag in einer Whitelist oder Greylist-Whitelist<\/p>\n<p>\u00a0<\/p>\n<p><strong>Blacklisted<\/strong><\/p>\n<p>Nur auf der Blacklist angegebene Sender durchlaufen das Verfahren nach dem Greylisting Prinzip, es sei denn, f\u00fcr den Sender exisitiert ein Eintrag in einer Whitelist oder Greylist Whitelist.<\/p>\n<p>\u00a0<\/p>\n<p><strong>Disabled<\/strong><\/p>\n<p>Check deaktivieren.<\/p>\n<p>\u00a0<\/p>\n<\/td>\n<\/tr>\n<tr>\n<td width=\"98\">\n<p>Block No-PTR<\/p>\n<\/td>\n<td width=\"244\">\n<p>Wenn eine Absender-IP-Adresse keinen PTR hat, wird die Mail abgelehnt.<\/p>\n<\/td>\n<\/tr>\n<tr>\n<td width=\"98\">\n<p>Blacklist<\/p>\n<\/td>\n<td width=\"244\">\n<p>Die Verwendung der userbasierten Listen kann f\u00fcr diese Klasse aktiviert oder deaktiviert werden.<\/p>\n<\/td>\n<\/tr>\n<tr>\n<td width=\"98\">\n<p>Whitelist<\/p>\n<\/td>\n<td width=\"244\">\n<p>Die Verwendung der userbasierten Listen kann f\u00fcr diese Klasse aktiviert oder deaktiviert werden.<\/p>\n<\/td>\n<\/tr>\n<tr>\n<td width=\"98\">\n<p>Greylist Whitelist<\/p>\n<\/td>\n<td width=\"244\">\n<p>Die Verwendung der userbasierten Listen kann f\u00fcr diese Klasse aktiviert oder deaktiviert werden.<\/p>\n<\/td>\n<\/tr>\n<tr>\n<td width=\"98\">\n<p>BATV<\/p>\n<\/td>\n<td width=\"244\">\n<p>Durch die Aktivierung von BATV wird bei ausgehenden E-Mails die MAIL FROM Adresse im Return Path mit einem prvs-Tag (Simple Private Signature) versehen. Falls eine E-Mail nicht zugestellt werden kann, wird eine Bounce (Delivery Status Notification) vom zust\u00e4ndigen E-Mail-System erzeugt und an die Adresse im Return Path geschickt. Das SGG-System kann dann anhand des prvs-Tag pr\u00fcfen, ob die Bounce legitim ist. Eine Bounce mit abweichendem oder fehlendem prvs-Tag wird mit dem Fehlercode 550 abgewiesen. Eine legitime Bounce wird an den Absender zugestellt.<\/p>\n<\/td>\n<\/tr>\n<tr>\n<td width=\"98\">\n<p>Antispam Cyren<\/p>\n<\/td>\n<td width=\"244\">\n<p>Aktivieren oder deaktivieren Sie Cyren f\u00fcr diese Klasse. Anhand des R\u00fcckgabewerts des Scanners k\u00f6nnen die E-Mails behandelt werden.<\/p>\n<p><strong>Optionen<\/strong>:<\/p>\n<p><strong>Off<\/strong><\/p>\n<p>Keine E-Mail ist Spam.<\/p>\n<p><strong>Confirmed<\/strong><\/p>\n<p>Best\u00e4tigter Spam.<\/p>\n<p><strong>Confirmed &amp; Bulk<\/strong><\/p>\n<p>Best\u00e4tigter Spam und Werbung.<\/p>\n<p><strong>Confirmed &amp; Bulk &amp; Suspect<\/strong><\/p>\n<p>Best\u00e4tigter Spam, Werbung und unsichere Bewertung.<\/p>\n<p><strong>All<\/strong><\/p>\n<p>Alle E-Mails sind Spam.<\/p>\n<\/td>\n<\/tr>\n<tr>\n<td width=\"98\">\n<p>Junkmail Aufbewahrungszeit<\/p>\n<\/td>\n<td width=\"244\">\n<p>Legen Sie fest, nach wieviel Tagen der Spam aus der User-Quarant\u00e4ne gel\u00f6scht werden soll. Standardm\u00e4\u00dfig sind 30 Tage eingetragen. Maximal k\u00f6nnen 180 Tage ausgew\u00e4hlt werden.<\/p>\n<\/td>\n<\/tr>\n<tr>\n<td width=\"98\">\n<p>Junkmail Modus<\/p>\n<\/td>\n<td width=\"244\">\n<p>Legen Sie die Quarant\u00e4ne &#8211; User Quarantine oder Domain Quarantine &#8211; fest.<\/p>\n<\/td>\n<\/tr>\n<tr>\n<td width=\"98\">\n<p>Junkmail Report<\/p>\n<\/td>\n<td width=\"244\">\n<p>Legen Sie fest, in welcher Form der Junkmail Report zugestellt werden soll.<\/p>\n<p><strong>Optionen<\/strong>:<\/p>\n<p><strong>Off<\/strong><\/p>\n<p>Der Benutzer erh\u00e4lt keine Welcome Message und keinen Report.<\/p>\n<p><strong>Welcome Message<\/strong><\/p>\n<p>Der Benutzer erh\u00e4lt eine Welcome Message und keinen Report.<\/p>\n<p><strong>Report<\/strong><\/p>\n<p>Der Benutzer erh\u00e4lt einen Report und keine Welcome Message.<\/p>\n<p><strong>Welcome Message &amp; Report<\/strong><\/p>\n<p>Der Benutzer erh\u00e4lt eine Welcome Message und einen Report.<\/p>\n<\/td>\n<\/tr>\n<tr>\n<td width=\"98\">\n<p>Junkmail Zustellzeit (UTC)<\/p>\n<\/td>\n<td width=\"244\">\n<p>Der Junkmail Report wird zu der hier angegebenen Uhrzeit zugestellt. Die Angabe der Zeit erfolgt in UTC und ist entsprechend anzupassen.<\/p>\n<\/td>\n<\/tr>\n<tr>\n<td width=\"98\">\n<p>Junkmail Report Intervall (Std.).<\/p>\n<\/td>\n<td width=\"244\">\n<p>Der Junkmail Report wird standardm\u00e4\u00dfig alle 24 Stunden zugestellt. Hier k\u00f6nnen Sie den Intervall \u00e4ndern. Der Intervall ist nur innerhalb eines Tages g\u00fcltig und wird immer ab dem Zeitpunkt, der unter <em><u>Junkmail Zustellzeit<\/u><\/em> eingetragen ist, gerechnet. <br \/>M\u00f6gliche Einstellungen: 1 \/ 2 \/ 3 \/ 4 \/ 6 \/ 8 \/ 12 \/ 24<\/p>\n<\/td>\n<\/tr>\n<tr>\n<td width=\"98\">\n<p>Cyren VOD<\/p>\n<\/td>\n<td width=\"244\">\n<p>Aktivieren oder deaktivieren Sie Cyren VOD (Virus Outbreak Protection) f\u00fcr diese Klasse.<br \/>Anhand des R\u00fcckgabewerts des Scanners k\u00f6nnen die E-Mails behandelt werden: <br \/>Bei Virusverdacht eines Attachments wird die E-Mail mit dem SMTP Fehlercode 4xx tempor\u00e4r abgelehnt. Bei einem best\u00e4tigten Virus wird die E-Mail sofort mit dem SMTP Fehlercode 5xx permanent abgelehnt.<\/p>\n<\/td>\n<\/tr>\n<tr>\n<td width=\"98\">\n<p>Virenscanner<\/p>\n<\/td>\n<td width=\"244\">\n<p><strong>Sophos &amp; ClamAV<\/strong><\/p>\n<p>W\u00e4hlen Sie diese Option, um Sophos Antivirus und Clam Antivirus als ersten und zweiten Virenscanner festzulegen.<\/p>\n<p><strong>ClamAV &amp; CyrenAV<\/strong><\/p>\n<p>W\u00e4hlen Sie diese Option, um Cyren Antivirus und Clam Antivirus als ersten und zweiten Virenscanner festzulegen.<\/p>\n<p><strong>CyrenAV &amp; ClamAV &amp; Sophos<\/strong><\/p>\n<p>W\u00e4hlen Sie diese Option, um alle 3 Virenscanner zu aktivieren.<\/p>\n<\/td>\n<\/tr>\n<tr>\n<td width=\"98\">\n<p>Max. Nachrichtengr\u00f6\u00dfe (MB)<\/p>\n<\/td>\n<td width=\"244\">\n<p>Die Angabe erfolgt in Megabyte. Die systemweite maximale Nachrichtengr\u00f6\u00dfe hat immer Vorrang. Die maximale Nachrichtengr\u00f6\u00dfe betr\u00e4gt 999 MB. Wenn die systemweiten Einstellungen gelten sollen, tragen Sie bitte den Wert 0 ein.<\/p>\n<\/td>\n<\/tr>\n<tr>\n<td width=\"98\">\n<p>Dateianhang Blockieren<\/p>\n<\/td>\n<td width=\"244\">\n<p>Falls Dateianhang Blockieren global aktiviert ist, k\u00f6nnen hier f\u00fcr einzelne Service Klassen Einstellungen vorgenommen werden. Das Feature kann in diesem Fall auch deaktiviert werden, allerdings werden global angegebene Dateitypen immer geblockt.<\/p>\n<p><strong>Optionen<\/strong>:<\/p>\n<p><strong>Disabled<\/strong><\/p>\n<p>Deaktivieren<\/p>\n<p><strong>Block<\/strong><\/p>\n<p>Nachricht wird geblockt, Sender erh\u00e4lt den Fehlercode 5xx, Session wird beendet.<\/p>\n<\/td>\n<\/tr>\n<tr>\n<td width=\"98\">\n<p>Dateiendungen<\/p>\n<\/td>\n<td width=\"244\">\n<p>Geben Sie die Endungen der Dateianh\u00e4nge an, die geblockt werden sollen. Es k\u00f6nnen auch Mime-Types geblockt werden. Angabe durch &#8221; : &#8221; oder Zeilenschaltung getrennt.<br \/><br \/>Es k\u00f6nnen folgende Wildcards verwendet werden: <br \/>&#8220;*&#8221; \u2013 entspricht einer beliebigen Zeichenfolge<br \/>&#8220;?&#8221; \u2013 entspricht einem einzelnen Zeichen <br \/><br \/>Sie k\u00f6nnen einem Eintrag ein Ausrufezeichen (&#8220;!&#8221;) voranstellen, dadurch wird die ganze Liste zur Allow-Liste. Alle Dateianh\u00e4nge aus dieser Liste sind dann erlaubt.<br \/>Listeneintr\u00e4ge ohne Ausrufezeichen werden nicht mehr beachtet.<br \/>Beispiel: !text\/*:!application\/*:!pdf<\/p>\n<p>\u00a0<\/p>\n<p><strong>Empfehlung<\/strong>: ade:adp:bas:bat:chm:cmd:com:cpl:crt:exe:<\/p>\n<p>hlp:hta:inf:ins:isp:js:jse:lnk:mdb:mde:msc:<\/p>\n<p>msi:msp:mst:pcd:pif:reg:scr:sct:shs:shb:<\/p>\n<p>vb:vbe:vbs:wsc:wsf:wsh:application\/x-rar:application\/zip<\/p>\n<p>\u00a0<\/p>\n<p>zippw: Passwortgesch\u00fctztes ZIP-Archiv.<\/p>\n<p>zipse: Auf das ZIP-Archiv konnte nicht zugegriffen werden.<\/p>\n<p>zipok: Das ZIP-Archiv hat kein Passwort und konnte gescannt werden.<\/p>\n<p>zip: Jedes ZIP-Archiv kann trotzdem \u00fcber diese Datei-Endung geblockt werden.<\/p>\n<\/td>\n<\/tr>\n<tr>\n<td width=\"98\">\n<p>Sender Policy Framework<\/p>\n<\/td>\n<td width=\"244\">\n<p>\u00dcberpr\u00fcfung der IP Adresse des sendenden Servers, um das F\u00e4lschen von Absenderadressen zu verhindern.<\/p>\n<p><strong>Optionen<\/strong>:<\/p>\n<p><strong>Disabled<\/strong><\/p>\n<p>Check deaktivieren.<\/p>\n<p><strong>Block<\/strong><\/p>\n<p>Nachrichten werden geblockt, Sender erh\u00e4lt Fehlercode 5xx, Session wird beendet.<\/p>\n<p><strong>Tag<\/strong><\/p>\n<p>Nachrichten werden mit dem Black Tag markiert zugestellt.<\/p>\n<\/td>\n<\/tr>\n<tr>\n<td width=\"98\">\n<p>Local Recipient Callout (Sek.)<\/p>\n<\/td>\n<td width=\"244\">\n<p>F\u00fcr lokale Recipients wird \u00fcberpr\u00fcft, ob die sendende E-Mail Adresse existiert. Geben Sie hier die Wartezeit f\u00fcr die Antwort auf den Callout in Sekunden an.<br \/>Die maximale Wartezeit betr\u00e4gt 999 Sekunden. Soll keine \u00dcberpr\u00fcfung stattfinden, tragen Sie bitte den Wert 0 ein.<\/p>\n<\/td>\n<\/tr>\n<\/tbody>\n<\/table>\n\n\n<p>Im Formular w\u00e4hlen Sie die gew\u00fcnschten\u00a0Antivirus- und Antispam-Optionen\u00a0aus, die das Profil enthalten soll und speichern Ihre Angaben durch Auswahl der Schaltfl\u00e4che &#8220;Speichern&#8221;. Anschlie\u00dfend gelangen Sie zur\u00fcck auf die \u00dcbersichtsseite der Sicherheitsprofile, auf welcher Ihnen das neu erstellte Sicherheitsprofil anzeigt wird. Wenn f\u00fcr Ihre Organisation Sicherheitsprofile hinterlegt wurden, k\u00f6nnen Sie Sicherheitsprofile sowohl Mailboxen als auch Verteilerlisten zuweisen. <\/p>\n","protected":false},"excerpt":{"rendered":"<p>Um ein neues Sicherheitsprofil anzulegen, w\u00e4hlen Sie den Men\u00fcpunkt &#8220;Sicherheitsprofile&#8221; im Men\u00fc Pfad &#8220;Produkte &#8211;> Microsoft Exchange &#8211;> Einstellungen&#8221; und anschlie\u00dfend die Schaltfl\u00e4che &#8220;Sicherheitsprofil anlegen&#8221;. Anschlie\u00dfend gelangen Sie in die Formularansicht zum Anlegen eines neuen Profils. Folgende Optionen stehen zur Verf\u00fcgung: Option Erl\u00e4uterung RBL Modus Off Check deaktivieren, die Mail wird ungepr\u00fcft zugestellt. Tag Die&#8230; <a href=\"https:\/\/hilfe.telekom-cloudcenter.de\/index.php\/produkte\/microsoft-exchange\/einstellungen-fur-exchange\/sicherheitsprofile\/sicherheitsprofil-anlegen\/\">read more &raquo;<\/a><\/p>\n","protected":false},"author":1,"featured_media":0,"parent":5933,"menu_order":0,"comment_status":"closed","ping_status":"closed","template":"","meta":{"footnotes":""},"_links":{"self":[{"href":"https:\/\/hilfe.telekom-cloudcenter.de\/index.php\/wp-json\/wp\/v2\/pages\/5941"}],"collection":[{"href":"https:\/\/hilfe.telekom-cloudcenter.de\/index.php\/wp-json\/wp\/v2\/pages"}],"about":[{"href":"https:\/\/hilfe.telekom-cloudcenter.de\/index.php\/wp-json\/wp\/v2\/types\/page"}],"author":[{"embeddable":true,"href":"https:\/\/hilfe.telekom-cloudcenter.de\/index.php\/wp-json\/wp\/v2\/users\/1"}],"replies":[{"embeddable":true,"href":"https:\/\/hilfe.telekom-cloudcenter.de\/index.php\/wp-json\/wp\/v2\/comments?post=5941"}],"version-history":[{"count":4,"href":"https:\/\/hilfe.telekom-cloudcenter.de\/index.php\/wp-json\/wp\/v2\/pages\/5941\/revisions"}],"predecessor-version":[{"id":5960,"href":"https:\/\/hilfe.telekom-cloudcenter.de\/index.php\/wp-json\/wp\/v2\/pages\/5941\/revisions\/5960"}],"up":[{"embeddable":true,"href":"https:\/\/hilfe.telekom-cloudcenter.de\/index.php\/wp-json\/wp\/v2\/pages\/5933"}],"wp:attachment":[{"href":"https:\/\/hilfe.telekom-cloudcenter.de\/index.php\/wp-json\/wp\/v2\/media?parent=5941"}],"curies":[{"name":"wp","href":"https:\/\/api.w.org\/{rel}","templated":true}]}}