{"id":5943,"date":"2022-01-03T13:10:59","date_gmt":"2022-01-03T13:10:59","guid":{"rendered":"https:\/\/hilfe.telekom-cloudcenter.de\/?page_id=5943"},"modified":"2022-01-03T13:54:52","modified_gmt":"2022-01-03T13:54:52","slug":"sicherheitsprofil-bearbeiten","status":"publish","type":"page","link":"https:\/\/hilfe.telekom-cloudcenter.de\/index.php\/produkte\/microsoft-exchange\/einstellungen-fur-exchange\/sicherheitsprofile\/sicherheitsprofil-bearbeiten\/","title":{"rendered":"Sicherheitsprofil bearbeiten"},"content":{"rendered":"\n<p>Um ein Sicherheitsprofil zu bearbeiten, w\u00e4hlen Sie zun\u00e4chst das gew\u00fcnschte Profil in der \u00dcbersicht durch einen Klick in die jeweilige Zeile aus. In der Detailanzeige des Profils w\u00e4hlen Sie die Schaltfl\u00e4che &#8220;<strong>Bearbeiten<\/strong>&#8221; (Stift-Symbol). In der Bearbeitungsansicht k\u00f6nnen Sie sowohl den Namen des Profils als auch die Zusammenstellung\u00a0der Antivirus\/Antispam-Optionen\u00a0\u00e4ndern. Abschlie\u00dfend k\u00f6nnen Sie Ihre \u00c4nderungen durch Wahl der Schaltfl\u00e4che &#8220;<strong>Speichern<\/strong>&#8221; best\u00e4tigen.<\/p>\n","protected":false},"excerpt":{"rendered":"<p>Um ein Sicherheitsprofil zu bearbeiten, w\u00e4hlen Sie zun\u00e4chst das gew\u00fcnschte Profil in der \u00dcbersicht durch einen Klick in die jeweilige Zeile aus. In der Detailanzeige des Profils w\u00e4hlen Sie die Schaltfl\u00e4che &#8220;Bearbeiten&#8221; (Stift-Symbol). In der Bearbeitungsansicht k\u00f6nnen Sie sowohl den Namen des Profils als auch die Zusammenstellung\u00a0der Antivirus\/Antispam-Optionen\u00a0\u00e4ndern. Abschlie\u00dfend k\u00f6nnen Sie Ihre \u00c4nderungen durch Wahl&#8230; <a href=\"https:\/\/hilfe.telekom-cloudcenter.de\/index.php\/produkte\/microsoft-exchange\/einstellungen-fur-exchange\/sicherheitsprofile\/sicherheitsprofil-bearbeiten\/\">read more &raquo;<\/a><\/p>\n","protected":false},"author":1,"featured_media":0,"parent":5933,"menu_order":0,"comment_status":"closed","ping_status":"closed","template":"","meta":{"footnotes":""},"_links":{"self":[{"href":"https:\/\/hilfe.telekom-cloudcenter.de\/index.php\/wp-json\/wp\/v2\/pages\/5943"}],"collection":[{"href":"https:\/\/hilfe.telekom-cloudcenter.de\/index.php\/wp-json\/wp\/v2\/pages"}],"about":[{"href":"https:\/\/hilfe.telekom-cloudcenter.de\/index.php\/wp-json\/wp\/v2\/types\/page"}],"author":[{"embeddable":true,"href":"https:\/\/hilfe.telekom-cloudcenter.de\/index.php\/wp-json\/wp\/v2\/users\/1"}],"replies":[{"embeddable":true,"href":"https:\/\/hilfe.telekom-cloudcenter.de\/index.php\/wp-json\/wp\/v2\/comments?post=5943"}],"version-history":[{"count":2,"href":"https:\/\/hilfe.telekom-cloudcenter.de\/index.php\/wp-json\/wp\/v2\/pages\/5943\/revisions"}],"predecessor-version":[{"id":5957,"href":"https:\/\/hilfe.telekom-cloudcenter.de\/index.php\/wp-json\/wp\/v2\/pages\/5943\/revisions\/5957"}],"up":[{"embeddable":true,"href":"https:\/\/hilfe.telekom-cloudcenter.de\/index.php\/wp-json\/wp\/v2\/pages\/5933"}],"wp:attachment":[{"href":"https:\/\/hilfe.telekom-cloudcenter.de\/index.php\/wp-json\/wp\/v2\/media?parent=5943"}],"curies":[{"name":"wp","href":"https:\/\/api.w.org\/{rel}","templated":true}]}}