{"id":5945,"date":"2022-01-03T13:11:34","date_gmt":"2022-01-03T13:11:34","guid":{"rendered":"https:\/\/hilfe.telekom-cloudcenter.de\/?page_id=5945"},"modified":"2022-03-22T07:04:12","modified_gmt":"2022-03-22T07:04:12","slug":"sicherheitsprofil-loschen","status":"publish","type":"page","link":"https:\/\/hilfe.telekom-cloudcenter.de\/index.php\/produkte\/microsoft-exchange\/einstellungen-fur-exchange\/sicherheitsprofile\/sicherheitsprofil-loschen\/","title":{"rendered":"Sicherheitsprofil l\u00f6schen"},"content":{"rendered":"<p>Um Sicherheitsprofile zu l\u00f6schen, w\u00e4hlen Sie zun\u00e4chst ein oder mehrere Profile durch Aktivieren der Checkbox(en) in der <a href=\"https:\/\/hilfe.telekom-cloudcenter.de\/index.php\/produkte\/microsoft-exchange\/einstellungen-fur-exchange\/sicherheitsprofile\/\"><strong>\u00dcbersicht der Sicherheitsprofile<\/strong><\/a> aus und w\u00e4hlen anschlie\u00dfend die Schaltfl\u00e4che &#8220;<strong>Sicherheitsprofil l\u00f6schen&#8221;<\/strong>. Alternativ k\u00f6nnen Sie die Schaltfl\u00e4che zum L\u00f6schen eines Sicherheitsprofils auch w\u00e4hlen, wenn Sie sich in der Detailansicht des jeweiligen Profils befinden. Best\u00e4tigen Sie anschlie\u00dfend die Sicherheitsabfrage mit <strong>&#8220;Ok&#8221;<\/strong>.<\/p>\n<p><strong>Wichtiger Hinweis<\/strong>: Sicherheitsprofile k\u00f6nnen nur dann gel\u00f6scht werden, wenn diese keinem Element (Mailbox oder Verteilerliste) mehr zugeordnet bzw. zugewiesen sind.<\/p>\n","protected":false},"excerpt":{"rendered":"<p>Um Sicherheitsprofile zu l\u00f6schen, w\u00e4hlen Sie zun\u00e4chst ein oder mehrere Profile durch Aktivieren der Checkbox(en) in der \u00dcbersicht der Sicherheitsprofile aus und w\u00e4hlen anschlie\u00dfend die Schaltfl\u00e4che &#8220;Sicherheitsprofil l\u00f6schen&#8221;. Alternativ k\u00f6nnen Sie die Schaltfl\u00e4che zum L\u00f6schen eines Sicherheitsprofils auch w\u00e4hlen, wenn Sie sich in der Detailansicht des jeweiligen Profils befinden. Best\u00e4tigen Sie anschlie\u00dfend die Sicherheitsabfrage mit&#8230; <a href=\"https:\/\/hilfe.telekom-cloudcenter.de\/index.php\/produkte\/microsoft-exchange\/einstellungen-fur-exchange\/sicherheitsprofile\/sicherheitsprofil-loschen\/\">read more &raquo;<\/a><\/p>\n","protected":false},"author":1,"featured_media":0,"parent":5933,"menu_order":0,"comment_status":"closed","ping_status":"closed","template":"","meta":{"footnotes":""},"_links":{"self":[{"href":"https:\/\/hilfe.telekom-cloudcenter.de\/index.php\/wp-json\/wp\/v2\/pages\/5945"}],"collection":[{"href":"https:\/\/hilfe.telekom-cloudcenter.de\/index.php\/wp-json\/wp\/v2\/pages"}],"about":[{"href":"https:\/\/hilfe.telekom-cloudcenter.de\/index.php\/wp-json\/wp\/v2\/types\/page"}],"author":[{"embeddable":true,"href":"https:\/\/hilfe.telekom-cloudcenter.de\/index.php\/wp-json\/wp\/v2\/users\/1"}],"replies":[{"embeddable":true,"href":"https:\/\/hilfe.telekom-cloudcenter.de\/index.php\/wp-json\/wp\/v2\/comments?post=5945"}],"version-history":[{"count":4,"href":"https:\/\/hilfe.telekom-cloudcenter.de\/index.php\/wp-json\/wp\/v2\/pages\/5945\/revisions"}],"predecessor-version":[{"id":5962,"href":"https:\/\/hilfe.telekom-cloudcenter.de\/index.php\/wp-json\/wp\/v2\/pages\/5945\/revisions\/5962"}],"up":[{"embeddable":true,"href":"https:\/\/hilfe.telekom-cloudcenter.de\/index.php\/wp-json\/wp\/v2\/pages\/5933"}],"wp:attachment":[{"href":"https:\/\/hilfe.telekom-cloudcenter.de\/index.php\/wp-json\/wp\/v2\/media?parent=5945"}],"curies":[{"name":"wp","href":"https:\/\/api.w.org\/{rel}","templated":true}]}}