{"id":609,"date":"2016-11-24T13:51:22","date_gmt":"2016-11-24T13:51:22","guid":{"rendered":"https:\/\/hilfe.telekom-cloudcenter.de\/?page_id=609"},"modified":"2016-11-24T14:17:47","modified_gmt":"2016-11-24T14:17:47","slug":"produktprofil-bearbeiten","status":"publish","type":"page","link":"https:\/\/hilfe.telekom-cloudcenter.de\/index.php\/produkte\/produktprofile\/produktprofildetails\/produktprofil-bearbeiten\/","title":{"rendered":"Produktprofil bearbeiten"},"content":{"rendered":"<p>Um ein Produktprofil zu bearbeiten, w\u00e4hlen Sie zun\u00e4chst das gew\u00fcnschte Produktprofil in der <a href=\"https:\/\/hilfe.telekom-cloudcenter.de\/index.php\/produkte\/produktprofile\/\"><strong>\u00dcbersicht der Produktprofile<\/strong><\/a> durch einen Klick in die jeweilige Zeile aus. In der Detailanzeige des Produktprofils w\u00e4hlen Sie die Schaltfl\u00e4che <strong>&#8220;Bearbeiten&#8221;<\/strong> (Stift-Symbol). In der Bearbeitungsansicht k\u00f6nnen Sie sowohl den Namen des Produktprofils als auch die Zusammenstellung der Produkte und Produktoptionen \u00e4ndern. Abschlie\u00dfend k\u00f6nnen Sie Ihre \u00c4nderungen durch Wahl der Schaltfl\u00e4che &#8220;<strong>Speichern&#8221;<\/strong>\u00a0best\u00e4tigen.<\/p>\n","protected":false},"excerpt":{"rendered":"<p>Um ein Produktprofil zu bearbeiten, w\u00e4hlen Sie zun\u00e4chst das gew\u00fcnschte Produktprofil in der \u00dcbersicht der Produktprofile durch einen Klick in die jeweilige Zeile aus. In der Detailanzeige des Produktprofils w\u00e4hlen Sie die Schaltfl\u00e4che &#8220;Bearbeiten&#8221; (Stift-Symbol). In der Bearbeitungsansicht k\u00f6nnen Sie sowohl den Namen des Produktprofils als auch die Zusammenstellung der Produkte und Produktoptionen \u00e4ndern. Abschlie\u00dfend&#8230; <a href=\"https:\/\/hilfe.telekom-cloudcenter.de\/index.php\/produkte\/produktprofile\/produktprofildetails\/produktprofil-bearbeiten\/\">read more &raquo;<\/a><\/p>\n","protected":false},"author":1,"featured_media":0,"parent":607,"menu_order":0,"comment_status":"closed","ping_status":"closed","template":"","meta":{"footnotes":""},"_links":{"self":[{"href":"https:\/\/hilfe.telekom-cloudcenter.de\/index.php\/wp-json\/wp\/v2\/pages\/609"}],"collection":[{"href":"https:\/\/hilfe.telekom-cloudcenter.de\/index.php\/wp-json\/wp\/v2\/pages"}],"about":[{"href":"https:\/\/hilfe.telekom-cloudcenter.de\/index.php\/wp-json\/wp\/v2\/types\/page"}],"author":[{"embeddable":true,"href":"https:\/\/hilfe.telekom-cloudcenter.de\/index.php\/wp-json\/wp\/v2\/users\/1"}],"replies":[{"embeddable":true,"href":"https:\/\/hilfe.telekom-cloudcenter.de\/index.php\/wp-json\/wp\/v2\/comments?post=609"}],"version-history":[{"count":2,"href":"https:\/\/hilfe.telekom-cloudcenter.de\/index.php\/wp-json\/wp\/v2\/pages\/609\/revisions"}],"predecessor-version":[{"id":622,"href":"https:\/\/hilfe.telekom-cloudcenter.de\/index.php\/wp-json\/wp\/v2\/pages\/609\/revisions\/622"}],"up":[{"embeddable":true,"href":"https:\/\/hilfe.telekom-cloudcenter.de\/index.php\/wp-json\/wp\/v2\/pages\/607"}],"wp:attachment":[{"href":"https:\/\/hilfe.telekom-cloudcenter.de\/index.php\/wp-json\/wp\/v2\/media?parent=609"}],"curies":[{"name":"wp","href":"https:\/\/api.w.org\/{rel}","templated":true}]}}