{"id":611,"date":"2016-11-24T13:51:59","date_gmt":"2016-11-24T13:51:59","guid":{"rendered":"https:\/\/hilfe.telekom-cloudcenter.de\/?page_id=611"},"modified":"2016-11-24T14:20:50","modified_gmt":"2016-11-24T14:20:50","slug":"produktprofil-loschen","status":"publish","type":"page","link":"https:\/\/hilfe.telekom-cloudcenter.de\/index.php\/produkte\/produktprofile\/produktprofil-loschen\/","title":{"rendered":"Produktprofil l\u00f6schen"},"content":{"rendered":"<p>Um Produktprofile zu l\u00f6schen, w\u00e4hlen Sie zun\u00e4chst ein oder mehrere Produktprofile durch Aktivieren der Checkbox(en) in der <a href=\"https:\/\/hilfe.telekom-cloudcenter.de\/index.php\/produkte\/produktprofile\/\"><strong>\u00dcbersicht der Produktprofile<\/strong><\/a> aus und w\u00e4hlen anschlie\u00dfend die Schaltfl\u00e4che &#8220;<strong>Produktprofil l\u00f6schen&#8221;<\/strong>. Alternativ k\u00f6nnen Sie die Schaltfl\u00e4che zum L\u00f6schen eines Produktprofils auch w\u00e4hlen, wenn Sie sich in der Detailansicht des jeweiligen Produktprofils befinden. Best\u00e4tigen Sie anschlie\u00dfend die Sicherheitsabfrage mit <strong>&#8220;Ok&#8221;<\/strong>. Das L\u00f6schen von Produktprofilen hat keinerlei Freigabe von Nutzungsberechtigungen bzw. den Entzug von Produktzuweisungen an Nutzer zur Folge. Schon get\u00e4tigte Produktzuweisungen bleiben bestehen.<\/p>\n","protected":false},"excerpt":{"rendered":"<p>Um Produktprofile zu l\u00f6schen, w\u00e4hlen Sie zun\u00e4chst ein oder mehrere Produktprofile durch Aktivieren der Checkbox(en) in der \u00dcbersicht der Produktprofile aus und w\u00e4hlen anschlie\u00dfend die Schaltfl\u00e4che &#8220;Produktprofil l\u00f6schen&#8221;. Alternativ k\u00f6nnen Sie die Schaltfl\u00e4che zum L\u00f6schen eines Produktprofils auch w\u00e4hlen, wenn Sie sich in der Detailansicht des jeweiligen Produktprofils befinden. Best\u00e4tigen Sie anschlie\u00dfend die Sicherheitsabfrage mit&#8230; <a href=\"https:\/\/hilfe.telekom-cloudcenter.de\/index.php\/produkte\/produktprofile\/produktprofil-loschen\/\">read more &raquo;<\/a><\/p>\n","protected":false},"author":1,"featured_media":0,"parent":230,"menu_order":0,"comment_status":"closed","ping_status":"closed","template":"","meta":{"footnotes":""},"_links":{"self":[{"href":"https:\/\/hilfe.telekom-cloudcenter.de\/index.php\/wp-json\/wp\/v2\/pages\/611"}],"collection":[{"href":"https:\/\/hilfe.telekom-cloudcenter.de\/index.php\/wp-json\/wp\/v2\/pages"}],"about":[{"href":"https:\/\/hilfe.telekom-cloudcenter.de\/index.php\/wp-json\/wp\/v2\/types\/page"}],"author":[{"embeddable":true,"href":"https:\/\/hilfe.telekom-cloudcenter.de\/index.php\/wp-json\/wp\/v2\/users\/1"}],"replies":[{"embeddable":true,"href":"https:\/\/hilfe.telekom-cloudcenter.de\/index.php\/wp-json\/wp\/v2\/comments?post=611"}],"version-history":[{"count":2,"href":"https:\/\/hilfe.telekom-cloudcenter.de\/index.php\/wp-json\/wp\/v2\/pages\/611\/revisions"}],"predecessor-version":[{"id":624,"href":"https:\/\/hilfe.telekom-cloudcenter.de\/index.php\/wp-json\/wp\/v2\/pages\/611\/revisions\/624"}],"up":[{"embeddable":true,"href":"https:\/\/hilfe.telekom-cloudcenter.de\/index.php\/wp-json\/wp\/v2\/pages\/230"}],"wp:attachment":[{"href":"https:\/\/hilfe.telekom-cloudcenter.de\/index.php\/wp-json\/wp\/v2\/media?parent=611"}],"curies":[{"name":"wp","href":"https:\/\/api.w.org\/{rel}","templated":true}]}}