{"id":6220,"date":"2023-11-16T10:26:58","date_gmt":"2023-11-16T10:26:58","guid":{"rendered":"https:\/\/hilfe.telekom-cloudcenter.de\/?page_id=6220"},"modified":"2023-11-17T08:52:09","modified_gmt":"2023-11-17T08:52:09","slug":"e-mail-protect-pro-lizenz-bearbeiten","status":"publish","type":"page","link":"https:\/\/hilfe.telekom-cloudcenter.de\/index.php\/nutzerverwaltung\/nutzerdetails\/e-mail-protect-pro-lizenz-bearbeiten\/","title":{"rendered":"E-Mail Protect Pro Lizenz bearbeiten"},"content":{"rendered":"\n<p>Um die E-Mail Protect Pro Lizenzdaten eines Nutzers zu bearbeiten, w\u00e4hlen Sie das Stift-Symbol in der Datenbox &#8220;E-Mail Protect Pro Lizenzdaten&#8221;. Anschlie\u00dfend k\u00f6nnen Sie im Bearbeitungsmodus folgende \u00c4nderungen vornehmen:<\/p>\n\n\n\n<ul>\n<li>Hinzuf\u00fcgen weiterer E-Mailadressen (Aliase)<\/li>\n\n\n\n<li>Entfernen von E-Mailadressen (Aliase)<\/li>\n\n\n\n<li>\u00c4ndern des Mail Host<\/li>\n\n\n\n<li>Festlegen der prim\u00e4ren E-Mailadresse<\/li>\n\n\n\n<li>Aktivieren\/Deaktivieren von zus\u00e4tzlichen Produkt-Optionen<\/li>\n\n\n\n<li>Aktivieren\/Deaktivieren von zus\u00e4tzlichen Sicherheitsoptionen<\/li>\n<\/ul>\n\n\n\n<p>Bitte beachten Sie, dass das Aktivieren von zus\u00e4tzlichen Produkt- und Sicherheitsoptionen nur dann m\u00f6glich ist, wenn Sie \u00fcber frei verf\u00fcgbare Lizenzen f\u00fcr die jeweilige Optionen verf\u00fcgen.<\/p>\n\n\n\n<hr class=\"wp-block-separator has-alpha-channel-opacity\"\/>\n\n\n\n<p><strong>E-Mail Protect Pro Lizenz zuweisen<\/strong><\/p>\n\n\n\n<p>Einem Nutzer ohne zugewiesene E-Mail Protect Pro Lizenz k\u00f6nnen Sie in der Datenbox &#8220;E-Mail Protect Pro Lizenzdaten&#8221; eine Lizenz zuweisen und die Lizenzdaten entsprechend konfigurieren. F\u00fcr die Konfiguration stehen Ihnen die gleichen Funktionen wie beim Bearbeiten (siehe oben) zur Verf\u00fcgung.&nbsp;W\u00e4hlen Sie hierzu die Schaltfl\u00e4che&nbsp;<strong>&#8220;E-Mail Protect Pro zuweisen&#8221;<\/strong>. Sie gelangen anschlie\u00dfend in die Ansicht zum Zuweisen der Lizenz. Weiterf\u00fchrende Informationen zu den einzelnen Konfigurationseinstellungen finden Sie unter&nbsp;<a href=\"https:\/\/hilfe.telekom-cloudcenter.de\/index.php\/produkte\/e-mail-protect-pro\/e-mail-protect-pro-nutzer\/e-mail-protect-pro-lizenz-zuweisen\/\" data-type=\"page\" data-id=\"6222\"><strong>&#8220;E-Mail Protect Pro Lizenz zuweisen&#8221;<\/strong><\/a>.<\/p>\n","protected":false},"excerpt":{"rendered":"<p>Um die E-Mail Protect Pro Lizenzdaten eines Nutzers zu bearbeiten, w\u00e4hlen Sie das Stift-Symbol in der Datenbox &#8220;E-Mail Protect Pro Lizenzdaten&#8221;. Anschlie\u00dfend k\u00f6nnen Sie im Bearbeitungsmodus folgende \u00c4nderungen vornehmen: Bitte beachten Sie, dass das Aktivieren von zus\u00e4tzlichen Produkt- und Sicherheitsoptionen nur dann m\u00f6glich ist, wenn Sie \u00fcber frei verf\u00fcgbare Lizenzen f\u00fcr die jeweilige Optionen verf\u00fcgen&#8230;. <a href=\"https:\/\/hilfe.telekom-cloudcenter.de\/index.php\/nutzerverwaltung\/nutzerdetails\/e-mail-protect-pro-lizenz-bearbeiten\/\">read more &raquo;<\/a><\/p>\n","protected":false},"author":1,"featured_media":0,"parent":174,"menu_order":0,"comment_status":"closed","ping_status":"closed","template":"","meta":{"footnotes":""},"_links":{"self":[{"href":"https:\/\/hilfe.telekom-cloudcenter.de\/index.php\/wp-json\/wp\/v2\/pages\/6220"}],"collection":[{"href":"https:\/\/hilfe.telekom-cloudcenter.de\/index.php\/wp-json\/wp\/v2\/pages"}],"about":[{"href":"https:\/\/hilfe.telekom-cloudcenter.de\/index.php\/wp-json\/wp\/v2\/types\/page"}],"author":[{"embeddable":true,"href":"https:\/\/hilfe.telekom-cloudcenter.de\/index.php\/wp-json\/wp\/v2\/users\/1"}],"replies":[{"embeddable":true,"href":"https:\/\/hilfe.telekom-cloudcenter.de\/index.php\/wp-json\/wp\/v2\/comments?post=6220"}],"version-history":[{"count":5,"href":"https:\/\/hilfe.telekom-cloudcenter.de\/index.php\/wp-json\/wp\/v2\/pages\/6220\/revisions"}],"predecessor-version":[{"id":6291,"href":"https:\/\/hilfe.telekom-cloudcenter.de\/index.php\/wp-json\/wp\/v2\/pages\/6220\/revisions\/6291"}],"up":[{"embeddable":true,"href":"https:\/\/hilfe.telekom-cloudcenter.de\/index.php\/wp-json\/wp\/v2\/pages\/174"}],"wp:attachment":[{"href":"https:\/\/hilfe.telekom-cloudcenter.de\/index.php\/wp-json\/wp\/v2\/media?parent=6220"}],"curies":[{"name":"wp","href":"https:\/\/api.w.org\/{rel}","templated":true}]}}