{"id":6222,"date":"2023-11-16T11:12:24","date_gmt":"2023-11-16T11:12:24","guid":{"rendered":"https:\/\/hilfe.telekom-cloudcenter.de\/?page_id=6222"},"modified":"2023-11-17T07:56:03","modified_gmt":"2023-11-17T07:56:03","slug":"e-mail-protect-pro-lizenz-zuweisen","status":"publish","type":"page","link":"https:\/\/hilfe.telekom-cloudcenter.de\/index.php\/produkte\/e-mail-protect-pro\/e-mail-protect-pro-nutzer\/e-mail-protect-pro-lizenz-zuweisen\/","title":{"rendered":"E-Mail Protect Pro Lizenz zuweisen"},"content":{"rendered":"\n<p>Um einem einzelnen Nutzer eine E-Mail Protect Pro Lizenz zuzuweisen, w\u00e4hlen Sie in der Auswahlliste&nbsp;<strong>&#8220;Benutzer&#8221;<\/strong>&nbsp;den gew\u00fcnschten Nutzer aus. Anschlie\u00dfend w\u00e4hlen Sie aus der Auswahlliste &#8220;<strong>Produkttyp&#8221;<\/strong>&nbsp;den gew\u00fcnschten Lizenztyp f\u00fcr die Zuweisung aus. Bitte beachten Sie dabei, dass Ihnen nur Nutzer in der Auswahl angeboten werden, die \u00fcber noch keine Lizenz verf\u00fcgen. Zur Erleichterung der Nutzerauswahl k\u00f6nnen Sie die Auswahlliste durch Zeicheneingabe filtern. Tippen Sie dazu einfach den Namen des gew\u00fcnschten Nutzers ein. Die Auswahl wird umgehend durch Ihre Eingabe gefiltert.<\/p>\n\n\n\n<p>Im Bereich\u00a0<strong>E-Mail Adressen<\/strong>\u00a0k\u00f6nnen Sie alle zum Nutzer bzw. zu Lizenz geh\u00f6renden E-Mail Adressen konfigurieren. Die erste angegebene E-Mailadresse wird automatisch als prim\u00e4re E-Mailadresse (Hauptadresse) gekennzeichnet. Durch Wahl der Schaltfl\u00e4che\u00a0<strong>&#8220;+&#8221;<\/strong>\u00a0k\u00f6nnen Sie weitere E-Mail-Adressen (Alias) hinzuf\u00fcgen. Dabei k\u00f6nnen Sie sowohl den Local-Part (Zeichenfolge vor dem @-Zeichen) als auch den Domain-Part (Zeichenfolge hinter dem @-Zeichen) frei bestimmen. In der Auswahlliste der Domain werden Ihnen dabei nur bereits <a href=\"https:\/\/hilfe.telekom-cloudcenter.de\/index.php\/domainverwaltung\/mx-verifizieren\/\" data-type=\"page\" data-id=\"89\"><strong>mx-verifizierte Domains<\/strong><\/a> zur Auswahl angeboten. Durch Wahl der Schaltfl\u00e4che\u00a0<strong>&#8220;P&#8221;<\/strong>\u00a0k\u00f6nnen Sie eine E-Mail-Adresse als prim\u00e4re E-Mail-Adresse kennzeichnen. In der Auswahlliste &#8220;Mail Host&#8221; legen Sie den gew\u00fcnschten empfangenden Mail Host (Mailsystem) fest.<\/p>\n\n\n\n<p>Im Bereich&nbsp;<strong>Sicherheit<\/strong>&nbsp;stehen Ihnen weitere Einstellungsm\u00f6glichkeiten f\u00fcr den verwendeten&nbsp;<strong>Virenscanner<\/strong>&nbsp;sowie zus\u00e4tzliche Optionen f\u00fcr die Lizenz zur Verf\u00fcgung. In der Standardeinstellung k\u00f6nnen Sie zwischen den Virenscannern Sophos &amp; ClamAV sowie CyrenAV &amp; ClamAV als ersten und zweiten Virenscanner w\u00e4hlen. Sofern Sie \u00fcber gebuchtes Kontingent f\u00fcr den dritten Virenscanner verf\u00fcgen, k\u00f6nnen Sie diese Option aktivieren, sodass alle 3 Virenscanner (ClamAV, CyrenAV und Sophos) verwendet werden. Alternativ zu den Standardeistellungen k\u00f6nnen Sie hier auch die Zuweisung eines&nbsp;<strong><a href=\"https:\/\/hilfe.telekom-cloudcenter.de\/index.php\/produkte\/microsoft-exchange\/einstellungen-fur-exchange\/sicherheitsprofile\/\">Sicherheitsprofils<\/a><\/strong>&nbsp;vornehmen. Als zus\u00e4tzliche Optionen stehen Ihnen neben&nbsp;<a href=\"https:\/\/hilfe.telekom-cloudcenter.de\/index.php\/produkte\/microsoft-exchange\/benutzung-der-zusatzdienste\/e-mailverschlusselung\/\"><strong>E-Mailverschl\u00fcsselung<\/strong><\/a>&nbsp;und&nbsp;<a href=\"https:\/\/hilfe.telekom-cloudcenter.de\/index.php\/produkte\/microsoft-exchange\/benutzung-der-zusatzdienste\/quarantaneboxen-verwalten\/\"><strong>Quarant\u00e4nebox<\/strong>&nbsp;<\/a>auch Optionen f\u00fcr die Verwendung von&nbsp;<strong>Virus Outbreak Detection<\/strong>&nbsp;und&nbsp;<strong>APT Protect Pro<\/strong>&nbsp;zur Auswahl. Bitte beachten Sie, dass Sie jeweils \u00fcber gebuchtes Kontingent (Lizenzen) f\u00fcr diese Optionen verf\u00fcgen m\u00fcssen.<\/p>\n","protected":false},"excerpt":{"rendered":"<p>Um einem einzelnen Nutzer eine E-Mail Protect Pro Lizenz zuzuweisen, w\u00e4hlen Sie in der Auswahlliste&nbsp;&#8220;Benutzer&#8221;&nbsp;den gew\u00fcnschten Nutzer aus. Anschlie\u00dfend w\u00e4hlen Sie aus der Auswahlliste &#8220;Produkttyp&#8221;&nbsp;den gew\u00fcnschten Lizenztyp f\u00fcr die Zuweisung aus. Bitte beachten Sie dabei, dass Ihnen nur Nutzer in der Auswahl angeboten werden, die \u00fcber noch keine Lizenz verf\u00fcgen. Zur Erleichterung der Nutzerauswahl k\u00f6nnen&#8230; <a href=\"https:\/\/hilfe.telekom-cloudcenter.de\/index.php\/produkte\/e-mail-protect-pro\/e-mail-protect-pro-nutzer\/e-mail-protect-pro-lizenz-zuweisen\/\">read more &raquo;<\/a><\/p>\n","protected":false},"author":1,"featured_media":0,"parent":6227,"menu_order":1,"comment_status":"closed","ping_status":"closed","template":"","meta":{"footnotes":""},"_links":{"self":[{"href":"https:\/\/hilfe.telekom-cloudcenter.de\/index.php\/wp-json\/wp\/v2\/pages\/6222"}],"collection":[{"href":"https:\/\/hilfe.telekom-cloudcenter.de\/index.php\/wp-json\/wp\/v2\/pages"}],"about":[{"href":"https:\/\/hilfe.telekom-cloudcenter.de\/index.php\/wp-json\/wp\/v2\/types\/page"}],"author":[{"embeddable":true,"href":"https:\/\/hilfe.telekom-cloudcenter.de\/index.php\/wp-json\/wp\/v2\/users\/1"}],"replies":[{"embeddable":true,"href":"https:\/\/hilfe.telekom-cloudcenter.de\/index.php\/wp-json\/wp\/v2\/comments?post=6222"}],"version-history":[{"count":6,"href":"https:\/\/hilfe.telekom-cloudcenter.de\/index.php\/wp-json\/wp\/v2\/pages\/6222\/revisions"}],"predecessor-version":[{"id":6266,"href":"https:\/\/hilfe.telekom-cloudcenter.de\/index.php\/wp-json\/wp\/v2\/pages\/6222\/revisions\/6266"}],"up":[{"embeddable":true,"href":"https:\/\/hilfe.telekom-cloudcenter.de\/index.php\/wp-json\/wp\/v2\/pages\/6227"}],"wp:attachment":[{"href":"https:\/\/hilfe.telekom-cloudcenter.de\/index.php\/wp-json\/wp\/v2\/media?parent=6222"}],"curies":[{"name":"wp","href":"https:\/\/api.w.org\/{rel}","templated":true}]}}