{"id":6224,"date":"2023-11-16T11:13:29","date_gmt":"2023-11-16T11:13:29","guid":{"rendered":"https:\/\/hilfe.telekom-cloudcenter.de\/?page_id=6224"},"modified":"2023-11-16T11:13:29","modified_gmt":"2023-11-16T11:13:29","slug":"e-mail-protect-pro","status":"publish","type":"page","link":"https:\/\/hilfe.telekom-cloudcenter.de\/index.php\/produkte\/e-mail-protect-pro\/","title":{"rendered":"E-Mail Protect Pro"},"content":{"rendered":"\n<p>\u00dcber den Men\u00fcpunkt\u00a0<strong>&#8220;E-Mail Protect Pro&#8221;<\/strong>\u00a0k\u00f6nnen Sie Ihre E-Mail Protect Pro Produkte und -einstellungen verwalten. Dazu geh\u00f6ren:<\/p>\n\n\n\n<ul>\n<li>Verwaltung Ihrer\u00a0<a href=\"https:\/\/hilfe.telekom-cloudcenter.de\/index.php\/e-mail-protect-pro-nutzer\/\" data-type=\"page\" data-id=\"6227\"><strong>E-Mail Protect Pro Nutzer<\/strong><\/a><\/li>\n<\/ul>\n\n\n\n<p>Auf der \u00dcbersichtsseite werden die von Ihnen erworbenen Nutzungsberechtigungen der E-Mail Protect Pro Produkte und -Produktoptionen sowie deren Verbrauch angezeigt.<\/p>\n\n\n\n<p>Auf der \u00dcbersichtsseite wird Ihnen au\u00dferdem die Funktion <a href=\"https:\/\/hilfe.telekom-cloudcenter.de\/index.php\/e-mail-protect-pro-nutzer\/e-mail-protect-pro-lizenz-zuweisen\/\" data-type=\"page\" data-id=\"6222\"><strong>Zuweisen von E-Mail Protect Pro Lizenzen<\/strong><\/a> zum\u00a0\u00a0angeboten.<\/p>\n","protected":false},"excerpt":{"rendered":"<p>\u00dcber den Men\u00fcpunkt\u00a0&#8220;E-Mail Protect Pro&#8221;\u00a0k\u00f6nnen Sie Ihre E-Mail Protect Pro Produkte und -einstellungen verwalten. Dazu geh\u00f6ren: Auf der \u00dcbersichtsseite werden die von Ihnen erworbenen Nutzungsberechtigungen der E-Mail Protect Pro Produkte und -Produktoptionen sowie deren Verbrauch angezeigt. Auf der \u00dcbersichtsseite wird Ihnen au\u00dferdem die Funktion Zuweisen von E-Mail Protect Pro Lizenzen zum\u00a0\u00a0angeboten.<\/p>\n","protected":false},"author":1,"featured_media":0,"parent":228,"menu_order":0,"comment_status":"closed","ping_status":"closed","template":"","meta":{"footnotes":""},"_links":{"self":[{"href":"https:\/\/hilfe.telekom-cloudcenter.de\/index.php\/wp-json\/wp\/v2\/pages\/6224"}],"collection":[{"href":"https:\/\/hilfe.telekom-cloudcenter.de\/index.php\/wp-json\/wp\/v2\/pages"}],"about":[{"href":"https:\/\/hilfe.telekom-cloudcenter.de\/index.php\/wp-json\/wp\/v2\/types\/page"}],"author":[{"embeddable":true,"href":"https:\/\/hilfe.telekom-cloudcenter.de\/index.php\/wp-json\/wp\/v2\/users\/1"}],"replies":[{"embeddable":true,"href":"https:\/\/hilfe.telekom-cloudcenter.de\/index.php\/wp-json\/wp\/v2\/comments?post=6224"}],"version-history":[{"count":3,"href":"https:\/\/hilfe.telekom-cloudcenter.de\/index.php\/wp-json\/wp\/v2\/pages\/6224\/revisions"}],"predecessor-version":[{"id":6239,"href":"https:\/\/hilfe.telekom-cloudcenter.de\/index.php\/wp-json\/wp\/v2\/pages\/6224\/revisions\/6239"}],"up":[{"embeddable":true,"href":"https:\/\/hilfe.telekom-cloudcenter.de\/index.php\/wp-json\/wp\/v2\/pages\/228"}],"wp:attachment":[{"href":"https:\/\/hilfe.telekom-cloudcenter.de\/index.php\/wp-json\/wp\/v2\/media?parent=6224"}],"curies":[{"name":"wp","href":"https:\/\/api.w.org\/{rel}","templated":true}]}}