{"id":627,"date":"2016-11-24T14:40:20","date_gmt":"2016-11-24T14:40:20","guid":{"rendered":"https:\/\/hilfe.telekom-cloudcenter.de\/?page_id=627"},"modified":"2016-11-24T14:41:13","modified_gmt":"2016-11-24T14:41:13","slug":"downloads","status":"publish","type":"page","link":"https:\/\/hilfe.telekom-cloudcenter.de\/index.php\/service\/downloads\/","title":{"rendered":"Downloads"},"content":{"rendered":"<p>\u00dcber den Link <strong>&#8220;Downloads&#8221;<\/strong> \u00a0in der \u00dcbersichtsseite und \u00fcber den Men\u00fcpunkt <strong>&#8220;Downloads&#8221;<\/strong> gelangen Sie in den Downloadbereich, in dem verschiedene Inhalte, z.B. Applikationsclients zum Download angeboten werden.<\/p>\n<p>Wenn Sie \u00fcber ein entsprechendes Kontingent verf\u00fcgen, finden Sie hier z.B. den Outlook Client.<\/p>\n","protected":false},"excerpt":{"rendered":"<p>\u00dcber den Link &#8220;Downloads&#8221; \u00a0in der \u00dcbersichtsseite und \u00fcber den Men\u00fcpunkt &#8220;Downloads&#8221; gelangen Sie in den Downloadbereich, in dem verschiedene Inhalte, z.B. Applikationsclients zum Download angeboten werden. Wenn Sie \u00fcber ein entsprechendes Kontingent verf\u00fcgen, finden Sie hier z.B. den Outlook Client.<\/p>\n","protected":false},"author":1,"featured_media":0,"parent":139,"menu_order":0,"comment_status":"closed","ping_status":"closed","template":"","meta":{"footnotes":""},"_links":{"self":[{"href":"https:\/\/hilfe.telekom-cloudcenter.de\/index.php\/wp-json\/wp\/v2\/pages\/627"}],"collection":[{"href":"https:\/\/hilfe.telekom-cloudcenter.de\/index.php\/wp-json\/wp\/v2\/pages"}],"about":[{"href":"https:\/\/hilfe.telekom-cloudcenter.de\/index.php\/wp-json\/wp\/v2\/types\/page"}],"author":[{"embeddable":true,"href":"https:\/\/hilfe.telekom-cloudcenter.de\/index.php\/wp-json\/wp\/v2\/users\/1"}],"replies":[{"embeddable":true,"href":"https:\/\/hilfe.telekom-cloudcenter.de\/index.php\/wp-json\/wp\/v2\/comments?post=627"}],"version-history":[{"count":2,"href":"https:\/\/hilfe.telekom-cloudcenter.de\/index.php\/wp-json\/wp\/v2\/pages\/627\/revisions"}],"predecessor-version":[{"id":629,"href":"https:\/\/hilfe.telekom-cloudcenter.de\/index.php\/wp-json\/wp\/v2\/pages\/627\/revisions\/629"}],"up":[{"embeddable":true,"href":"https:\/\/hilfe.telekom-cloudcenter.de\/index.php\/wp-json\/wp\/v2\/pages\/139"}],"wp:attachment":[{"href":"https:\/\/hilfe.telekom-cloudcenter.de\/index.php\/wp-json\/wp\/v2\/media?parent=627"}],"curies":[{"name":"wp","href":"https:\/\/api.w.org\/{rel}","templated":true}]}}