{"id":632,"date":"2016-11-24T14:44:02","date_gmt":"2016-11-24T14:44:02","guid":{"rendered":"https:\/\/hilfe.telekom-cloudcenter.de\/?page_id=632"},"modified":"2016-11-24T14:44:53","modified_gmt":"2016-11-24T14:44:53","slug":"prozessmonitor","status":"publish","type":"page","link":"https:\/\/hilfe.telekom-cloudcenter.de\/index.php\/service\/prozessmonitor\/","title":{"rendered":"Prozessmonitor"},"content":{"rendered":"<p>\u00dcber den Men\u00fcpunkt <strong>&#8220;Prozessmonitor&#8221;<\/strong> gelangen Sie in die \u00dcbersicht der f\u00fcr Ihre Organisation vorhandenen Prozesse. Ein Prozess steht dabei f\u00fcr eine schreibende Transaktion, bspw. das Anlegen einer Mailbox. Nach Wahl des Men\u00fcpunktes <strong>&#8220;Prozessmonitor&#8221;<\/strong> werden Ihnen alle Prozesse angezeigt.<\/p>\n<p>Im Gegensatz zum Prozessmonitor, den Sie stets im oberen rechten Bereich des Cloud Managers finden, enth\u00e4lt der Prozessmonitor in dieser Ansicht alle Prozesse, die jemals f\u00fcr Ihre Organisation durchgef\u00fchrt wurden. Der &#8220;kleine&#8221; Prozessmonitor enth\u00e4lt hingegen nur die Prozesse, die innerhalb der letzten 24 Stunden durchgef\u00fchrt wurden.<\/p>\n<p>Durch Auswahl eines Prozesses in der \u00dcbersicht gelangen Sie in die Detailansicht, in der Sie weitere Informationen zum Prozess einsehen k\u00f6nnen.<\/p>\n","protected":false},"excerpt":{"rendered":"<p>\u00dcber den Men\u00fcpunkt &#8220;Prozessmonitor&#8221; gelangen Sie in die \u00dcbersicht der f\u00fcr Ihre Organisation vorhandenen Prozesse. Ein Prozess steht dabei f\u00fcr eine schreibende Transaktion, bspw. das Anlegen einer Mailbox. Nach Wahl des Men\u00fcpunktes &#8220;Prozessmonitor&#8221; werden Ihnen alle Prozesse angezeigt. Im Gegensatz zum Prozessmonitor, den Sie stets im oberen rechten Bereich des Cloud Managers finden, enth\u00e4lt der&#8230; <a href=\"https:\/\/hilfe.telekom-cloudcenter.de\/index.php\/service\/prozessmonitor\/\">read more &raquo;<\/a><\/p>\n","protected":false},"author":1,"featured_media":0,"parent":139,"menu_order":0,"comment_status":"closed","ping_status":"closed","template":"","meta":{"footnotes":""},"_links":{"self":[{"href":"https:\/\/hilfe.telekom-cloudcenter.de\/index.php\/wp-json\/wp\/v2\/pages\/632"}],"collection":[{"href":"https:\/\/hilfe.telekom-cloudcenter.de\/index.php\/wp-json\/wp\/v2\/pages"}],"about":[{"href":"https:\/\/hilfe.telekom-cloudcenter.de\/index.php\/wp-json\/wp\/v2\/types\/page"}],"author":[{"embeddable":true,"href":"https:\/\/hilfe.telekom-cloudcenter.de\/index.php\/wp-json\/wp\/v2\/users\/1"}],"replies":[{"embeddable":true,"href":"https:\/\/hilfe.telekom-cloudcenter.de\/index.php\/wp-json\/wp\/v2\/comments?post=632"}],"version-history":[{"count":2,"href":"https:\/\/hilfe.telekom-cloudcenter.de\/index.php\/wp-json\/wp\/v2\/pages\/632\/revisions"}],"predecessor-version":[{"id":634,"href":"https:\/\/hilfe.telekom-cloudcenter.de\/index.php\/wp-json\/wp\/v2\/pages\/632\/revisions\/634"}],"up":[{"embeddable":true,"href":"https:\/\/hilfe.telekom-cloudcenter.de\/index.php\/wp-json\/wp\/v2\/pages\/139"}],"wp:attachment":[{"href":"https:\/\/hilfe.telekom-cloudcenter.de\/index.php\/wp-json\/wp\/v2\/media?parent=632"}],"curies":[{"name":"wp","href":"https:\/\/api.w.org\/{rel}","templated":true}]}}