{"id":635,"date":"2016-11-24T14:47:04","date_gmt":"2016-11-24T14:47:04","guid":{"rendered":"https:\/\/hilfe.telekom-cloudcenter.de\/?page_id=635"},"modified":"2016-11-24T14:47:04","modified_gmt":"2016-11-24T14:47:04","slug":"kontakt","status":"publish","type":"page","link":"https:\/\/hilfe.telekom-cloudcenter.de\/index.php\/service\/kontakt\/","title":{"rendered":"Kontakt"},"content":{"rendered":"<p>Um eine Kontaktanfrage zu stellen, w\u00e4hlen Sie den Men\u00fcpunkt <strong>&#8220;Kontakt&#8221;<\/strong> oder den Link <strong>&#8220;Kontakt&#8221;<\/strong> im Widget auf der Service-\u00dcbersichtsseite.<\/p>\n<p>In Abh\u00e4ngigkeit der von Ihnen gew\u00e4hlten Kontaktart wird sich nach Absenden Ihrer Nachricht ein Mitarbeiter des Service Desks mit Ihnen in Verbindung setzen.<\/p>\n","protected":false},"excerpt":{"rendered":"<p>Um eine Kontaktanfrage zu stellen, w\u00e4hlen Sie den Men\u00fcpunkt &#8220;Kontakt&#8221; oder den Link &#8220;Kontakt&#8221; im Widget auf der Service-\u00dcbersichtsseite. In Abh\u00e4ngigkeit der von Ihnen gew\u00e4hlten Kontaktart wird sich nach Absenden Ihrer Nachricht ein Mitarbeiter des Service Desks mit Ihnen in Verbindung setzen.<\/p>\n","protected":false},"author":1,"featured_media":0,"parent":139,"menu_order":0,"comment_status":"closed","ping_status":"closed","template":"","meta":{"footnotes":""},"_links":{"self":[{"href":"https:\/\/hilfe.telekom-cloudcenter.de\/index.php\/wp-json\/wp\/v2\/pages\/635"}],"collection":[{"href":"https:\/\/hilfe.telekom-cloudcenter.de\/index.php\/wp-json\/wp\/v2\/pages"}],"about":[{"href":"https:\/\/hilfe.telekom-cloudcenter.de\/index.php\/wp-json\/wp\/v2\/types\/page"}],"author":[{"embeddable":true,"href":"https:\/\/hilfe.telekom-cloudcenter.de\/index.php\/wp-json\/wp\/v2\/users\/1"}],"replies":[{"embeddable":true,"href":"https:\/\/hilfe.telekom-cloudcenter.de\/index.php\/wp-json\/wp\/v2\/comments?post=635"}],"version-history":[{"count":1,"href":"https:\/\/hilfe.telekom-cloudcenter.de\/index.php\/wp-json\/wp\/v2\/pages\/635\/revisions"}],"predecessor-version":[{"id":636,"href":"https:\/\/hilfe.telekom-cloudcenter.de\/index.php\/wp-json\/wp\/v2\/pages\/635\/revisions\/636"}],"up":[{"embeddable":true,"href":"https:\/\/hilfe.telekom-cloudcenter.de\/index.php\/wp-json\/wp\/v2\/pages\/139"}],"wp:attachment":[{"href":"https:\/\/hilfe.telekom-cloudcenter.de\/index.php\/wp-json\/wp\/v2\/media?parent=635"}],"curies":[{"name":"wp","href":"https:\/\/api.w.org\/{rel}","templated":true}]}}