{"id":642,"date":"2016-11-28T11:00:44","date_gmt":"2016-11-28T11:00:44","guid":{"rendered":"https:\/\/hilfe.telekom-cloudcenter.de\/?page_id=642"},"modified":"2016-11-28T11:12:45","modified_gmt":"2016-11-28T11:12:45","slug":"zentrales-portal-zu-ihrem-exchange-postfach","status":"publish","type":"page","link":"https:\/\/hilfe.telekom-cloudcenter.de\/index.php\/produkte\/microsoft-exchange\/zugriff-auf-ihre-emails-und-exchange-daten\/zentrales-portal-zu-ihrem-exchange-postfach\/","title":{"rendered":"Zentrales Portal zu Ihrem Exchange Postfach"},"content":{"rendered":"<p>\u00dcber den Zugang per Outlook Web App erhalten Sie Zugriff auf Ihre Exchange-Daten, E-Mails und, je nach Postfachtyp, zu Ihrem Kalender und Kontakten. Die Nutzung des Outlook Web Access erm\u00f6glicht Ihnen einen standortunabh\u00e4ngigen Zugang zu Ihren Produkten und Diensten, f\u00fcr den Sie jeden aktuellen Browser verwenden k\u00f6nnen. Empfohlen wird jedoch der Microsoft Internet Explorer ab Version 8.<\/p>\n<p>Um Outlook Web Access zu nutzen, melden Sie sich zun\u00e4chst im Cloud Manger \u00fcber die Adresse <a href=\"http:\/\/www.telekom-cloudcenter.de\">www.telekom-cloudcenter.de<\/a> an. Auf der Startseite w\u00e4hlen Sie im Widget <strong>&#8220;Ihre Dienste&#8221;<\/strong> den Link \u00a0<strong>&#8220;Anwendung \u00f6ffnen&#8221;<\/strong> f\u00fcr das System <strong>&#8220;Microsoft Exchange&#8221;<\/strong>. Sie gelangen anschlie\u00dfend auf die Login-Seite des Outlook Web Access.<\/p>\n<p>Alternativ k\u00f6nnen Sie die Login-Seite zur Outlook Web App auch direkt \u00fcber die Adresse <a href=\"https:\/\/email.telekom-cloudcenter.de\">https:\/\/email.telekom-cloudcenter.de<\/a> aufrufen.\u00a0F\u00fcr die Anmeldung an Outlook Web App nutzen Sie bitte Ihre Anmeldedaten (Nutzername + Passwort).<\/p>\n","protected":false},"excerpt":{"rendered":"<p>\u00dcber den Zugang per Outlook Web App erhalten Sie Zugriff auf Ihre Exchange-Daten, E-Mails und, je nach Postfachtyp, zu Ihrem Kalender und Kontakten. Die Nutzung des Outlook Web Access erm\u00f6glicht Ihnen einen standortunabh\u00e4ngigen Zugang zu Ihren Produkten und Diensten, f\u00fcr den Sie jeden aktuellen Browser verwenden k\u00f6nnen. Empfohlen wird jedoch der Microsoft Internet Explorer ab&#8230; <a href=\"https:\/\/hilfe.telekom-cloudcenter.de\/index.php\/produkte\/microsoft-exchange\/zugriff-auf-ihre-emails-und-exchange-daten\/zentrales-portal-zu-ihrem-exchange-postfach\/\">read more &raquo;<\/a><\/p>\n","protected":false},"author":1,"featured_media":0,"parent":486,"menu_order":0,"comment_status":"closed","ping_status":"closed","template":"","meta":{"footnotes":""},"_links":{"self":[{"href":"https:\/\/hilfe.telekom-cloudcenter.de\/index.php\/wp-json\/wp\/v2\/pages\/642"}],"collection":[{"href":"https:\/\/hilfe.telekom-cloudcenter.de\/index.php\/wp-json\/wp\/v2\/pages"}],"about":[{"href":"https:\/\/hilfe.telekom-cloudcenter.de\/index.php\/wp-json\/wp\/v2\/types\/page"}],"author":[{"embeddable":true,"href":"https:\/\/hilfe.telekom-cloudcenter.de\/index.php\/wp-json\/wp\/v2\/users\/1"}],"replies":[{"embeddable":true,"href":"https:\/\/hilfe.telekom-cloudcenter.de\/index.php\/wp-json\/wp\/v2\/comments?post=642"}],"version-history":[{"count":3,"href":"https:\/\/hilfe.telekom-cloudcenter.de\/index.php\/wp-json\/wp\/v2\/pages\/642\/revisions"}],"predecessor-version":[{"id":645,"href":"https:\/\/hilfe.telekom-cloudcenter.de\/index.php\/wp-json\/wp\/v2\/pages\/642\/revisions\/645"}],"up":[{"embeddable":true,"href":"https:\/\/hilfe.telekom-cloudcenter.de\/index.php\/wp-json\/wp\/v2\/pages\/486"}],"wp:attachment":[{"href":"https:\/\/hilfe.telekom-cloudcenter.de\/index.php\/wp-json\/wp\/v2\/media?parent=642"}],"curies":[{"name":"wp","href":"https:\/\/api.w.org\/{rel}","templated":true}]}}