{"id":646,"date":"2016-11-28T11:16:13","date_gmt":"2016-11-28T11:16:13","guid":{"rendered":"https:\/\/hilfe.telekom-cloudcenter.de\/?page_id=646"},"modified":"2017-02-07T09:18:36","modified_gmt":"2017-02-07T09:18:36","slug":"einrichtung-von-outlook-20162013","status":"publish","type":"page","link":"https:\/\/hilfe.telekom-cloudcenter.de\/index.php\/produkte\/microsoft-exchange\/zugriff-auf-ihre-emails-und-exchange-daten\/einrichtung-von-outlook-20162013\/","title":{"rendered":"Einrichtung von Outlook 2016\/2013"},"content":{"rendered":"<p>Bitte beachten Sie vor der Einrichtung von Microsoft Outlook bitte die <strong><a href=\"https:\/\/hilfe.telekom-cloudcenter.de\/index.php\/produkte\/microsoft-exchange\/zugriff-auf-ihre-emails-und-exchange-daten\/voreinstellungen-fur-clienteinrichtung\/\">Voreinstellungen f\u00fcr die Clienteinrichtung<\/a>.<\/strong><\/p>\n<p>Am komfortabelsten gestaltet sich die Nutzung der Mail-Dienste Ihrer Microsoft\u00ae Exchange Produkte durch die Verwendung von Outlook 2016 oder Outlook 2013.<\/p>\n<p>Lizenzen f\u00fcr Outlook 2016 Clients k\u00f6nnen \u00fcber die Microsoft\u00ae Exchange by Telekom Produkte erworben werden und stehen nach Erwerb Ihrem Administrator im Bereich <strong>&#8220;Downloads&#8221;<\/strong> zum Download zur Verf\u00fcgung.<\/p>\n<p>Nach Installation des Outlook Clients auf Ihrem PC gehen Sie bitte wie nachfolgend beschrieben vor:<\/p>\n<p>Um Ihren Outlook Client mit dem Exchange-Server von Microsoft\u00ae Exchange zu verbinden, w\u00e4hlen Sie in der Systemsteuerung Ihres Betriebssystems (bspw. \u00fcber Start&gt;Einstellungen&gt;Systemsteuerung) den Eintrag <strong>&#8220;E-Mail&#8221;<\/strong>. Legen Sie nun ein neues E-Mail-Konto an.<\/p>\n<p><a href=\"https:\/\/hilfe.telekom-cloudcenter.de\/wp-content\/uploads\/2016\/11\/1.png\"><img decoding=\"async\" loading=\"lazy\" class=\"alignnone size-full wp-image-650\" src=\"https:\/\/hilfe.telekom-cloudcenter.de\/wp-content\/uploads\/2016\/11\/1.png\" alt=\"1\" width=\"1198\" height=\"750\" srcset=\"https:\/\/hilfe.telekom-cloudcenter.de\/wp-content\/uploads\/2016\/11\/1.png 1198w, https:\/\/hilfe.telekom-cloudcenter.de\/wp-content\/uploads\/2016\/11\/1-300x188.png 300w, https:\/\/hilfe.telekom-cloudcenter.de\/wp-content\/uploads\/2016\/11\/1-1024x641.png 1024w\" sizes=\"(max-width: 1198px) 100vw, 1198px\" \/><\/a><\/p>\n<p>An dieser Stelle haben Sie die M\u00f6glichkeit, Ihren Outlook 2016 Client entweder manuell oder automatisch zu konfigurieren. Welche Variante Sie nutzen sollen, erfragen Sie bitte bei Ihrem Administrator. Nachfolgend werden\u00a0die einzelnen M\u00f6glichkeiten der Einrichtung beschrieben.<\/p>\n<hr \/>\n<p><strong>Automatische Client-Einrichtung<\/strong><\/p>\n<p>Nachfolgend veranschaulichen wir Ihnen die von uns empfohlene Vorgehensweise bei der automatischen Konfiguration des Outlook 2016 Clients:<\/p>\n<p>W\u00e4hlen Sie zun\u00e4chst den E-Mail-Dienst <strong>&#8220;E-Mail-Konto&#8221;<\/strong> aus.<\/p>\n<p><a href=\"https:\/\/hilfe.telekom-cloudcenter.de\/wp-content\/uploads\/2016\/11\/2.png\"><img decoding=\"async\" loading=\"lazy\" class=\"alignnone size-full wp-image-651\" src=\"https:\/\/hilfe.telekom-cloudcenter.de\/wp-content\/uploads\/2016\/11\/2.png\" alt=\"2\" width=\"793\" height=\"492\" srcset=\"https:\/\/hilfe.telekom-cloudcenter.de\/wp-content\/uploads\/2016\/11\/2.png 793w, https:\/\/hilfe.telekom-cloudcenter.de\/wp-content\/uploads\/2016\/11\/2-300x186.png 300w\" sizes=\"(max-width: 793px) 100vw, 793px\" \/><\/a><\/p>\n<p>Geben Sie anschlie\u00dfend Ihre Daten wie gefordert ein.<\/p>\n<p><a href=\"https:\/\/hilfe.telekom-cloudcenter.de\/wp-content\/uploads\/2016\/11\/3.png\"><img decoding=\"async\" loading=\"lazy\" class=\"alignnone size-full wp-image-652\" src=\"https:\/\/hilfe.telekom-cloudcenter.de\/wp-content\/uploads\/2016\/11\/3.png\" alt=\"3\" width=\"791\" height=\"495\" srcset=\"https:\/\/hilfe.telekom-cloudcenter.de\/wp-content\/uploads\/2016\/11\/3.png 791w, https:\/\/hilfe.telekom-cloudcenter.de\/wp-content\/uploads\/2016\/11\/3-300x188.png 300w\" sizes=\"(max-width: 791px) 100vw, 791px\" \/><\/a><\/p>\n<p>Nach \u00dcberpr\u00fcfung Ihrer Angaben m\u00fcssen Sie die Servereinstellungen konfigurieren. Aktivieren Sie dazu die Option &#8220;Zuk\u00fcnftig nicht mehr zu dieser Website fragen&#8221;.<\/p>\n<p><a href=\"https:\/\/hilfe.telekom-cloudcenter.de\/wp-content\/uploads\/2016\/11\/4.png\"><img decoding=\"async\" loading=\"lazy\" class=\"alignnone size-full wp-image-653\" src=\"https:\/\/hilfe.telekom-cloudcenter.de\/wp-content\/uploads\/2016\/11\/4.png\" alt=\"4\" width=\"503\" height=\"230\" srcset=\"https:\/\/hilfe.telekom-cloudcenter.de\/wp-content\/uploads\/2016\/11\/4.png 503w, https:\/\/hilfe.telekom-cloudcenter.de\/wp-content\/uploads\/2016\/11\/4-300x137.png 300w\" sizes=\"(max-width: 503px) 100vw, 503px\" \/><\/a><\/p>\n<p>Bei der Abfrage der Anmeldedaten verwenden Sie bitte Ihren Nutzernamen und das zugeh\u00f6rige Passwort. Diese Angaben k\u00f6nnen sich von Ihrer E-Mailadresse unterscheiden!<\/p>\n<p><a href=\"https:\/\/hilfe.telekom-cloudcenter.de\/wp-content\/uploads\/2016\/11\/5.png\"><img decoding=\"async\" loading=\"lazy\" class=\"alignnone size-full wp-image-654\" src=\"https:\/\/hilfe.telekom-cloudcenter.de\/wp-content\/uploads\/2016\/11\/5.png\" alt=\"5\" width=\"438\" height=\"431\" srcset=\"https:\/\/hilfe.telekom-cloudcenter.de\/wp-content\/uploads\/2016\/11\/5.png 438w, https:\/\/hilfe.telekom-cloudcenter.de\/wp-content\/uploads\/2016\/11\/5-300x295.png 300w\" sizes=\"(max-width: 438px) 100vw, 438px\" \/><\/a><\/p>\n<p>Nachdem Ihr Outlook 2016 Client erfolgreich konfiguriert wurde, k\u00f6nnen Sie die Konfiguration abschlie\u00dfen, indem Sie auf die Schaltfl\u00e4che &#8220;Fertig stellen&#8221; klicken.<\/p>\n<p><a href=\"https:\/\/hilfe.telekom-cloudcenter.de\/wp-content\/uploads\/2016\/11\/6.png\"><img decoding=\"async\" loading=\"lazy\" class=\"alignnone size-full wp-image-655\" src=\"https:\/\/hilfe.telekom-cloudcenter.de\/wp-content\/uploads\/2016\/11\/6.png\" alt=\"6\" width=\"790\" height=\"489\" srcset=\"https:\/\/hilfe.telekom-cloudcenter.de\/wp-content\/uploads\/2016\/11\/6.png 790w, https:\/\/hilfe.telekom-cloudcenter.de\/wp-content\/uploads\/2016\/11\/6-300x186.png 300w\" sizes=\"(max-width: 790px) 100vw, 790px\" \/><\/a><\/p>\n<hr \/>\n<p><strong>Einrichtung eines SSL-gesicherten POP3-Kontos am Beispiel von Outlook 2013<\/strong><\/p>\n<p>Um Ihre E-Mails \u00fcber ein SSL-gesichertes POP3-Konto zu empfangen, k\u00f6nnen sie z.B. Outlook Express oder jeden anderen beliebigen E-Mail-Client verwenden, sofern er das Protokoll POP3 unterst\u00fctzt. Der Mailboxtyp <strong>&#8220;Exchange S&#8221;<\/strong> unterst\u00fctzt den Zugriff nur via POP3 und IMAP. Beim Mailboxtyp <strong>&#8220;Exchange L&#8221;<\/strong> hingegen kann der Zugriff \u00fcber POP3, IMAP und MAPI erfolgen.<\/p>\n<p>Damit Ihre firmeninternen Mails nicht unverschl\u00fcsselt \u00fcbertragen werden, bieten wir im Produkt Microsoft\u00ae Exchange \u00a0nur den gesicherten Zugang per POP3S an.<\/p>\n<p>Die Einrichtung erfolgt in Windows \u00fcber die Mail-Einstellungen der Systemsteuerung (z.B. \u00fcber Start&gt;Einstellungen&gt;Systemsteuerung). Um ein POP3-Konto zu erstellen, gehen Sie bitte wie nachfolgend beschrieben vor:<\/p>\n<p>W\u00e4hlen Sie im Dialog-Fenster zum Hinzuf\u00fcgen eines neuen Kontos zun\u00e4chst die Funktion zum Hinzuf\u00fcgen eines neues Kontos und w\u00e4hlen anschlie\u00dfend die Option &#8220;Manuelle Konfiguration oder zus\u00e4tzliche Servertypen\u201c und klicken auf die Schaltfl\u00e4che &#8220;Weiter&#8221;.<\/p>\n<p><a href=\"https:\/\/hilfe.telekom-cloudcenter.de\/wp-content\/uploads\/2016\/11\/7.png\"><img decoding=\"async\" loading=\"lazy\" class=\"alignnone size-full wp-image-660\" src=\"https:\/\/hilfe.telekom-cloudcenter.de\/wp-content\/uploads\/2016\/11\/7.png\" alt=\"7\" width=\"787\" height=\"494\" srcset=\"https:\/\/hilfe.telekom-cloudcenter.de\/wp-content\/uploads\/2016\/11\/7.png 787w, https:\/\/hilfe.telekom-cloudcenter.de\/wp-content\/uploads\/2016\/11\/7-300x188.png 300w\" sizes=\"(max-width: 787px) 100vw, 787px\" \/><\/a><\/p>\n<p>Im nachfolgenden Dialog-Fenster w\u00e4hlen Sie die Option &#8220;POP oder IMAP&#8221; und best\u00e4tigen die Auswahl durch Klicken auf die Schaltfl\u00e4che &#8220;Weiter&#8221;.<\/p>\n<p><a href=\"https:\/\/hilfe.telekom-cloudcenter.de\/wp-content\/uploads\/2016\/11\/8.png\"><img decoding=\"async\" loading=\"lazy\" class=\"alignnone size-full wp-image-661\" src=\"https:\/\/hilfe.telekom-cloudcenter.de\/wp-content\/uploads\/2016\/11\/8.png\" alt=\"8\" width=\"789\" height=\"491\" srcset=\"https:\/\/hilfe.telekom-cloudcenter.de\/wp-content\/uploads\/2016\/11\/8.png 789w, https:\/\/hilfe.telekom-cloudcenter.de\/wp-content\/uploads\/2016\/11\/8-300x187.png 300w\" sizes=\"(max-width: 789px) 100vw, 789px\" \/><\/a><\/p>\n<p>Im n\u00e4chsten Dialog-Fenster geben Sie bitte die nachfolgenden Daten ein, wobei die Angaben zu den Benutzer- und Anmeldeinformationen durch Ihre entsprechenden Daten zu ersetzen sind.<\/p>\n<p><a href=\"https:\/\/hilfe.telekom-cloudcenter.de\/wp-content\/uploads\/2016\/11\/9.png\"><img decoding=\"async\" loading=\"lazy\" class=\"alignnone size-full wp-image-663\" src=\"https:\/\/hilfe.telekom-cloudcenter.de\/wp-content\/uploads\/2016\/11\/9.png\" alt=\"9\" width=\"788\" height=\"490\" srcset=\"https:\/\/hilfe.telekom-cloudcenter.de\/wp-content\/uploads\/2016\/11\/9.png 788w, https:\/\/hilfe.telekom-cloudcenter.de\/wp-content\/uploads\/2016\/11\/9-300x187.png 300w\" sizes=\"(max-width: 788px) 100vw, 788px\" \/><\/a><\/p>\n<p>Ihr Name: \u00a0 \u00a0 \u00a0 \u00a0 \u00a0 \u00a0 \u00a0 \u00a0 \u00a0 \u00a0 \u00a0 \u00a0 \u00a0 \u00a0 \u00a0 \u00a0 \u00a0 \u00a0 \u00a0 \u00a0 \u00a0 \u00a0(Vorname Name)<br \/>\nE-Mail-Adresse: \u00a0 \u00a0 \u00a0 \u00a0 \u00a0 \u00a0 \u00a0 \u00a0 \u00a0 \u00a0 \u00a0 \u00a0 \u00a0 \u00a0 \u00a0 \u00a0 vorname.name@IhreDomain<br \/>\nPosteingangsserver (POP3):\u00a0\u00a0\u00a0\u00a0\u00a0\u00a0\u00a0\u00a0\u00a0\u00a0 pops.telekom-cloudcenter.de<br \/>\nPostausgangsserver (SMTP):\u00a0\u00a0\u00a0\u00a0\u00a0\u00a0\u00a0\u00a0 smtps.telekom-cloudcenter.de<br \/>\nBenutzername: \u00a0 \u00a0 \u00a0 \u00a0 \u00a0 \u00a0 \u00a0 \u00a0 \u00a0 \u00a0 \u00a0 \u00a0 \u00a0 \u00a0 \u00a0 \u00a0 \u00a0vorname.name@IhreDomain<br \/>\nKennwort: \u00a0 \u00a0 \u00a0 \u00a0 \u00a0 \u00a0 \u00a0 \u00a0 \u00a0 \u00a0 \u00a0 \u00a0 \u00a0 \u00a0 \u00a0 \u00a0 \u00a0 \u00a0 \u00a0 \u00a0 \u00a0Das vom Administrator vergebene Passwort.<\/p>\n<p>&nbsp;<\/p>\n<p>Anschlie\u00dfend klicken Sie bitte auf die Schaltfl\u00e4che <strong>&#8220;Weitere Einstellungen&#8221;<\/strong> und w\u00e4hlen im nachfolgenden Dialog-Fenster den Reiter <strong>&#8220;Postausgangsserver&#8221;<\/strong>. Aktivieren Sie nun unbedingt die Option <strong>&#8220;Der Postausgangsserver (SMTP) erfordert Authentifizierung&#8221;<\/strong>. Bitte beachten Sie, dass zur Sicherstellung der Funktionalit\u00e4t das vom Administrator vergebene Passwort im vorhergehenden Schritt eingetragen werden <strong>muss<\/strong>, da E-Mails ohne Authentifizierung aus Sicherheitsgr\u00fcnden nicht versendet werden.<\/p>\n<p><a href=\"https:\/\/hilfe.telekom-cloudcenter.de\/wp-content\/uploads\/2016\/11\/10.png\"><img decoding=\"async\" loading=\"lazy\" class=\"alignnone size-full wp-image-665\" src=\"https:\/\/hilfe.telekom-cloudcenter.de\/wp-content\/uploads\/2016\/11\/10.png\" alt=\"10\" width=\"445\" height=\"441\" srcset=\"https:\/\/hilfe.telekom-cloudcenter.de\/wp-content\/uploads\/2016\/11\/10.png 445w, https:\/\/hilfe.telekom-cloudcenter.de\/wp-content\/uploads\/2016\/11\/10-150x150.png 150w, https:\/\/hilfe.telekom-cloudcenter.de\/wp-content\/uploads\/2016\/11\/10-300x297.png 300w, https:\/\/hilfe.telekom-cloudcenter.de\/wp-content\/uploads\/2016\/11\/10-100x100.png 100w\" sizes=\"(max-width: 445px) 100vw, 445px\" \/><\/a><\/p>\n<p>Um die Einstellungen f\u00fcr Secure-POP zu komplettieren, klicken Sie danach auf den Reiter <strong>&#8220;Erweitert&#8221;<\/strong> und aktivieren die Option <strong>&#8220;Server erfordert eine verschl\u00fcsselte Verbindung (SSL)&#8221;<\/strong>. Der Port f\u00fcr den Posteingangsserver wird nun automatisch von 110 auf 995 ge\u00e4ndert. W\u00e4hlen Sie zus\u00e4tzlich den Verbindungstyp <strong>&#8220;TLS&#8221;<\/strong> \u00a0f\u00fcr den Postausgangsserver. Schlie\u00dfen Sie anschlie\u00dfend bitte das Dialog-Fenster durch Klicken auf die Schaltfl\u00e4che <strong>&#8220;OK&#8221;<\/strong>.<\/p>\n<p><a href=\"https:\/\/hilfe.telekom-cloudcenter.de\/wp-content\/uploads\/2016\/11\/11.png\"><img decoding=\"async\" loading=\"lazy\" class=\"alignnone size-full wp-image-666\" src=\"https:\/\/hilfe.telekom-cloudcenter.de\/wp-content\/uploads\/2016\/11\/11.png\" alt=\"11\" width=\"444\" height=\"443\" srcset=\"https:\/\/hilfe.telekom-cloudcenter.de\/wp-content\/uploads\/2016\/11\/11.png 444w, https:\/\/hilfe.telekom-cloudcenter.de\/wp-content\/uploads\/2016\/11\/11-150x150.png 150w, https:\/\/hilfe.telekom-cloudcenter.de\/wp-content\/uploads\/2016\/11\/11-300x299.png 300w, https:\/\/hilfe.telekom-cloudcenter.de\/wp-content\/uploads\/2016\/11\/11-100x100.png 100w\" sizes=\"(max-width: 444px) 100vw, 444px\" \/><\/a><\/p>\n<p>Best\u00e4tigen Sie bitte Ihre Angaben, indem Sie auf die Schaltfl\u00e4che <strong>\u00a0&#8220;Weiter&#8221;<\/strong> klicken.<\/p>\n<p><a href=\"https:\/\/hilfe.telekom-cloudcenter.de\/wp-content\/uploads\/2016\/11\/12.png\"><img decoding=\"async\" loading=\"lazy\" class=\"alignnone size-full wp-image-668\" src=\"https:\/\/hilfe.telekom-cloudcenter.de\/wp-content\/uploads\/2016\/11\/12.png\" alt=\"12\" width=\"790\" height=\"491\" srcset=\"https:\/\/hilfe.telekom-cloudcenter.de\/wp-content\/uploads\/2016\/11\/12.png 790w, https:\/\/hilfe.telekom-cloudcenter.de\/wp-content\/uploads\/2016\/11\/12-300x186.png 300w\" sizes=\"(max-width: 790px) 100vw, 790px\" \/><\/a><\/p>\n<p>Um die Kontoeinrichtung abzuschlie\u00dfen, klicken Sie bitte auf die Schaltfl\u00e4che <strong>&#8220;Fertig stellen&#8221;<\/strong>.<\/p>\n<p><a href=\"https:\/\/hilfe.telekom-cloudcenter.de\/wp-content\/uploads\/2016\/11\/13.png\"><img decoding=\"async\" loading=\"lazy\" class=\"alignnone size-full wp-image-669\" src=\"https:\/\/hilfe.telekom-cloudcenter.de\/wp-content\/uploads\/2016\/11\/13.png\" alt=\"13\" width=\"788\" height=\"492\" srcset=\"https:\/\/hilfe.telekom-cloudcenter.de\/wp-content\/uploads\/2016\/11\/13.png 788w, https:\/\/hilfe.telekom-cloudcenter.de\/wp-content\/uploads\/2016\/11\/13-300x187.png 300w\" sizes=\"(max-width: 788px) 100vw, 788px\" \/><\/a><\/p>\n<p>Ihre E-Mails k\u00f6nnen jetzt \u00fcber Outlook versendet und abgerufen werden. Nat\u00fcrlich gelten die Einstellungen auch f\u00fcr s\u00e4mtliche anderen Mailprogramme, die aber hier nicht weiter erl\u00e4utert werden.<\/p>\n<hr \/>\n<p><strong>Einrichtung eines gesicherten IMAP Kontos am Beispiel von Outlook 2013<\/strong><\/p>\n<p>Als Alternative zum Exchange- oder POP3-Zugang k\u00f6nnen Sie Ihre Mails auch per IMAP bearbeiten.<\/p>\n<p>Damit Ihre firmeninternen Mails nicht ungesichert \u00fcbertragen werden, bieten wir im Produkt Microsoft\u00ae Exchange\u00a0 nur den gesicherten Zugang per IMAPS an.<\/p>\n<p>Die Einrichtung erfolgt in Windows \u00fcber den Eintrag <strong>&#8220;E-Mail&#8221;<\/strong> der Systemsteuerung (z.B. \u00fcber Start &gt; Einstellungen &gt; Systemsteuerung). Um ein neues E-Mail-Konto hinzuzuf\u00fcgen, gehen Sie bitte wie nachfolgend beschrieben vor:<\/p>\n<p>W\u00e4hlen Sie im Dialog-Fenster zum Hinzuf\u00fcgen eines neuen Kontos zun\u00e4chst den E-Mail-Dienst <strong>&#8220;E-Mail-Konto&#8221;<\/strong> und klicken Sie auf die Schaltfl\u00e4che <strong>&#8220;Neu&#8221;<\/strong>.<\/p>\n<p><a href=\"https:\/\/hilfe.telekom-cloudcenter.de\/wp-content\/uploads\/2016\/11\/14.png\"><img decoding=\"async\" loading=\"lazy\" class=\"alignnone size-full wp-image-671\" src=\"https:\/\/hilfe.telekom-cloudcenter.de\/wp-content\/uploads\/2016\/11\/14.png\" alt=\"14\" width=\"634\" height=\"510\" srcset=\"https:\/\/hilfe.telekom-cloudcenter.de\/wp-content\/uploads\/2016\/11\/14.png 634w, https:\/\/hilfe.telekom-cloudcenter.de\/wp-content\/uploads\/2016\/11\/14-300x241.png 300w\" sizes=\"(max-width: 634px) 100vw, 634px\" \/><\/a><\/p>\n<p>Anschlie\u00dfend aktivieren Sie die Option <strong>&#8220;Servereinstellungen oder zus\u00e4tzliche Servertypen manuell konfigurieren&#8221;<\/strong> und klicken auf die Schaltfl\u00e4che <strong>&#8220;Weiter&#8221;<\/strong>.<\/p>\n<p><a href=\"https:\/\/hilfe.telekom-cloudcenter.de\/wp-content\/uploads\/2016\/11\/15.png\"><img decoding=\"async\" loading=\"lazy\" class=\"alignnone size-full wp-image-672\" src=\"https:\/\/hilfe.telekom-cloudcenter.de\/wp-content\/uploads\/2016\/11\/15.png\" alt=\"15\" width=\"691\" height=\"498\" srcset=\"https:\/\/hilfe.telekom-cloudcenter.de\/wp-content\/uploads\/2016\/11\/15.png 691w, https:\/\/hilfe.telekom-cloudcenter.de\/wp-content\/uploads\/2016\/11\/15-300x216.png 300w\" sizes=\"(max-width: 691px) 100vw, 691px\" \/><\/a><\/p>\n<p>Im nachfolgenden Dialog-Fenster w\u00e4hlen Sie die Option <strong>&#8220;Internet-E-Mail&#8221;<\/strong> und best\u00e4tigen die Auswahl durch Klicken auf die Schaltfl\u00e4che \u00a0<strong>&#8220;Weiter&#8221;<\/strong>.<\/p>\n<p><a href=\"https:\/\/hilfe.telekom-cloudcenter.de\/wp-content\/uploads\/2016\/11\/16.png\"><img decoding=\"async\" loading=\"lazy\" class=\"alignnone size-full wp-image-673\" src=\"https:\/\/hilfe.telekom-cloudcenter.de\/wp-content\/uploads\/2016\/11\/16.png\" alt=\"16\" width=\"687\" height=\"496\" srcset=\"https:\/\/hilfe.telekom-cloudcenter.de\/wp-content\/uploads\/2016\/11\/16.png 687w, https:\/\/hilfe.telekom-cloudcenter.de\/wp-content\/uploads\/2016\/11\/16-300x217.png 300w\" sizes=\"(max-width: 687px) 100vw, 687px\" \/><\/a><\/p>\n<p>Im n\u00e4chsten Dialog-Fenster geben Sie bitte die nachfolgenden Daten ein, wobei die Angaben zu den Benutzer- und Anmeldeinformationen durch Ihre entsprechenden Daten zu ersetzen sind.<\/p>\n<p><a href=\"https:\/\/hilfe.telekom-cloudcenter.de\/wp-content\/uploads\/2016\/11\/17.png\"><img decoding=\"async\" loading=\"lazy\" class=\"alignnone size-full wp-image-674\" src=\"https:\/\/hilfe.telekom-cloudcenter.de\/wp-content\/uploads\/2016\/11\/17.png\" alt=\"17\" width=\"689\" height=\"496\" srcset=\"https:\/\/hilfe.telekom-cloudcenter.de\/wp-content\/uploads\/2016\/11\/17.png 689w, https:\/\/hilfe.telekom-cloudcenter.de\/wp-content\/uploads\/2016\/11\/17-300x216.png 300w\" sizes=\"(max-width: 689px) 100vw, 689px\" \/><\/a><\/p>\n<p>Ihr Name: \u00a0 \u00a0 \u00a0 \u00a0 \u00a0 \u00a0 \u00a0 \u00a0 \u00a0 \u00a0 \u00a0 \u00a0 \u00a0 \u00a0 \u00a0 \u00a0 \u00a0 \u00a0 \u00a0 \u00a0 \u00a0 \u00a0(Vorname Name)<br \/>\nE-Mail Adresse: \u00a0 \u00a0 \u00a0 \u00a0 \u00a0 \u00a0 \u00a0 \u00a0 \u00a0 \u00a0 \u00a0 \u00a0 \u00a0 \u00a0 \u00a0 \u00a0 \u00a0vorname.name@IhreDomain<br \/>\nPosteingangsserver (IMAP): \u00a0 \u00a0 \u00a0 \u00a0 \u00a0 imaps.telekom-cloudcenter.de<br \/>\nPostausgangsserver (SMTP): \u00a0\u00a0\u00a0\u00a0\u00a0\u00a0\u00a0 smtps. telekom-cloudcenter.de<br \/>\nBenutzername: \u00a0 \u00a0 \u00a0 \u00a0 \u00a0 \u00a0 \u00a0 \u00a0 \u00a0 \u00a0 \u00a0 \u00a0 \u00a0 \u00a0 \u00a0 \u00a0 \u00a0vorname.name@IhreDomain<br \/>\nKennwort: \u00a0 \u00a0 \u00a0 \u00a0 \u00a0 \u00a0 \u00a0 \u00a0 \u00a0 \u00a0 \u00a0 \u00a0 \u00a0 \u00a0 \u00a0 \u00a0 \u00a0 \u00a0 \u00a0 \u00a0 \u00a0 Das vom Administrator vergebene Passwort.<\/p>\n<p>Anschlie\u00dfend klicken Sie bitte auf die Schaltfl\u00e4che <strong>&#8220;Weitere Einstellungen&#8221;<\/strong> und w\u00e4hlen im nachfolgenden Dialog-Fenster den Reiter <strong>&#8220;Postausgangsserver&#8221;<\/strong>. Aktivieren Sie nun unbedingt die Option <strong>&#8220;Der Postausgangsserver (SMTP) erfordert Authentifizierung&#8221;<\/strong>. Bitte beachten Sie, dass zur Sicherstellung der Funktionalit\u00e4t das vom Administrator vergebene Passwort im vorhergehenden Schritt eingetragen werden muss, da E-Mails ohne Authentifizierung aus Sicherheitsgr\u00fcnden nicht versendet werden.<\/p>\n<p><a href=\"https:\/\/hilfe.telekom-cloudcenter.de\/wp-content\/uploads\/2016\/11\/18.png\"><img decoding=\"async\" loading=\"lazy\" class=\"alignnone size-full wp-image-675\" src=\"https:\/\/hilfe.telekom-cloudcenter.de\/wp-content\/uploads\/2016\/11\/18.png\" alt=\"18\" width=\"485\" height=\"475\" srcset=\"https:\/\/hilfe.telekom-cloudcenter.de\/wp-content\/uploads\/2016\/11\/18.png 485w, https:\/\/hilfe.telekom-cloudcenter.de\/wp-content\/uploads\/2016\/11\/18-300x294.png 300w\" sizes=\"(max-width: 485px) 100vw, 485px\" \/><\/a><\/p>\n<p>Um die Einstellungen f\u00fcr Secure-IMAP zu komplettieren, klicken Sie danach auf den Reiter <strong>&#8220;Erweitert&#8221;<\/strong> und w\u00e4hlen Sie f\u00fcr den Posteingangsserver unter <strong>&#8220;Verwenden Sie folgenden verschl\u00fcsselten Verbindungstypen&#8221;<\/strong> den Wert <strong>&#8220;SSL&#8221;<\/strong>.<\/p>\n<p>F\u00fcr den Postausgangsserver w\u00e4hlen Sie unter <strong>&#8220;Verwenden Sie folgenden verschl\u00fcsselten Verbindungstypen&#8221;<\/strong> den Wert <strong>&#8220;TLS&#8221;<\/strong>.<\/p>\n<p>Schlie\u00dfen Sie anschlie\u00dfend das Dialog-Fenster durch Klicken auf die Schaltfl\u00e4che <strong>&#8220;OK&#8221;<\/strong>.<\/p>\n<p><a href=\"https:\/\/hilfe.telekom-cloudcenter.de\/wp-content\/uploads\/2016\/11\/19.png\"><img decoding=\"async\" loading=\"lazy\" class=\"alignnone size-full wp-image-676\" src=\"https:\/\/hilfe.telekom-cloudcenter.de\/wp-content\/uploads\/2016\/11\/19.png\" alt=\"19\" width=\"484\" height=\"475\" srcset=\"https:\/\/hilfe.telekom-cloudcenter.de\/wp-content\/uploads\/2016\/11\/19.png 484w, https:\/\/hilfe.telekom-cloudcenter.de\/wp-content\/uploads\/2016\/11\/19-300x294.png 300w\" sizes=\"(max-width: 484px) 100vw, 484px\" \/><\/a><\/p>\n<p>Best\u00e4tigen Sie bitte Ihre Angaben, indem Sie auf die Schaltfl\u00e4che <strong>&#8220;Weiter&#8221;<\/strong> klicken.<\/p>\n<p><a href=\"https:\/\/hilfe.telekom-cloudcenter.de\/wp-content\/uploads\/2016\/11\/20.png\"><img decoding=\"async\" loading=\"lazy\" class=\"alignnone size-full wp-image-677\" src=\"https:\/\/hilfe.telekom-cloudcenter.de\/wp-content\/uploads\/2016\/11\/20.png\" alt=\"20\" width=\"689\" height=\"498\" srcset=\"https:\/\/hilfe.telekom-cloudcenter.de\/wp-content\/uploads\/2016\/11\/20.png 689w, https:\/\/hilfe.telekom-cloudcenter.de\/wp-content\/uploads\/2016\/11\/20-300x217.png 300w\" sizes=\"(max-width: 689px) 100vw, 689px\" \/><\/a><\/p>\n<p>Um die Kontoeinrichtung abzuschlie\u00dfen, klicken Sie bitte auf die Schaltfl\u00e4che <strong>&#8220;Fertig stellen&#8221;<\/strong>.<\/p>\n<p><a href=\"https:\/\/hilfe.telekom-cloudcenter.de\/wp-content\/uploads\/2016\/11\/21.png\"><img decoding=\"async\" loading=\"lazy\" class=\"alignnone size-full wp-image-678\" src=\"https:\/\/hilfe.telekom-cloudcenter.de\/wp-content\/uploads\/2016\/11\/21.png\" alt=\"21\" width=\"686\" height=\"498\" srcset=\"https:\/\/hilfe.telekom-cloudcenter.de\/wp-content\/uploads\/2016\/11\/21.png 686w, https:\/\/hilfe.telekom-cloudcenter.de\/wp-content\/uploads\/2016\/11\/21-300x218.png 300w\" sizes=\"(max-width: 686px) 100vw, 686px\" \/><\/a><\/p>\n","protected":false},"excerpt":{"rendered":"<p>Bitte beachten Sie vor der Einrichtung von Microsoft Outlook bitte die Voreinstellungen f\u00fcr die Clienteinrichtung. Am komfortabelsten gestaltet sich die Nutzung der Mail-Dienste Ihrer Microsoft\u00ae Exchange Produkte durch die Verwendung von Outlook 2016 oder Outlook 2013. Lizenzen f\u00fcr Outlook 2016 Clients k\u00f6nnen \u00fcber die Microsoft\u00ae Exchange by Telekom Produkte erworben werden und stehen nach Erwerb&#8230; <a href=\"https:\/\/hilfe.telekom-cloudcenter.de\/index.php\/produkte\/microsoft-exchange\/zugriff-auf-ihre-emails-und-exchange-daten\/einrichtung-von-outlook-20162013\/\">read more &raquo;<\/a><\/p>\n","protected":false},"author":1,"featured_media":0,"parent":486,"menu_order":0,"comment_status":"closed","ping_status":"closed","template":"","meta":{"footnotes":""},"_links":{"self":[{"href":"https:\/\/hilfe.telekom-cloudcenter.de\/index.php\/wp-json\/wp\/v2\/pages\/646"}],"collection":[{"href":"https:\/\/hilfe.telekom-cloudcenter.de\/index.php\/wp-json\/wp\/v2\/pages"}],"about":[{"href":"https:\/\/hilfe.telekom-cloudcenter.de\/index.php\/wp-json\/wp\/v2\/types\/page"}],"author":[{"embeddable":true,"href":"https:\/\/hilfe.telekom-cloudcenter.de\/index.php\/wp-json\/wp\/v2\/users\/1"}],"replies":[{"embeddable":true,"href":"https:\/\/hilfe.telekom-cloudcenter.de\/index.php\/wp-json\/wp\/v2\/comments?post=646"}],"version-history":[{"count":9,"href":"https:\/\/hilfe.telekom-cloudcenter.de\/index.php\/wp-json\/wp\/v2\/pages\/646\/revisions"}],"predecessor-version":[{"id":965,"href":"https:\/\/hilfe.telekom-cloudcenter.de\/index.php\/wp-json\/wp\/v2\/pages\/646\/revisions\/965"}],"up":[{"embeddable":true,"href":"https:\/\/hilfe.telekom-cloudcenter.de\/index.php\/wp-json\/wp\/v2\/pages\/486"}],"wp:attachment":[{"href":"https:\/\/hilfe.telekom-cloudcenter.de\/index.php\/wp-json\/wp\/v2\/media?parent=646"}],"curies":[{"name":"wp","href":"https:\/\/api.w.org\/{rel}","templated":true}]}}