{"id":65,"date":"2016-10-20T12:30:21","date_gmt":"2016-10-20T12:30:21","guid":{"rendered":"https:\/\/hilfe.telekom-cloudcenter.de\/?page_id=65"},"modified":"2023-11-16T09:35:46","modified_gmt":"2023-11-16T09:35:46","slug":"neue-domain-anlegen","status":"publish","type":"page","link":"https:\/\/hilfe.telekom-cloudcenter.de\/index.php\/domainverwaltung\/neue-domain-anlegen\/","title":{"rendered":"Neue Domain anlegen"},"content":{"rendered":"<p>Um eine neue Domain anzulegen, w\u00e4hlen Sie die Schaltfl\u00e4che &#8220;<strong>Domain anlegen&#8221;<\/strong> in der Domain\u00fcbersicht.<\/p>\n<p>Im folgenden Dialog k\u00f6nnen Sie eine neue Domain anlegen und deren Eigenschaften festlegen. Bitte geben Sie den Domainnamen ohne vorangestelltes <strong>&#8220;http:\/\/www.&#8221;<\/strong> ein. Neben sogenannten 2nd-Level-Dom\u00e4nen (z.B. \u201eDomain.de\u201c) k\u00f6nnen Sie auch Subdom\u00e4nen in der Form <strong>&#8220;Marketing.Firmenname.de&#8221;<\/strong> verwenden. Bitte beachten Sie, dass Sie Umlaut-Dom\u00e4nen nicht als SMTP-Dom\u00e4nen verwenden k\u00f6nnen und somit die Option \u201eMicrosoft Exchange\u201c nicht genutzt werden kann.<\/p>\n<p>Um die Dienste (E-Mailversand und -empfang) des Produkts Microsoft\u00ae Exchange mit einer neu angelegten Dom\u00e4ne nutzen zu k\u00f6nnen, muss die Dom\u00e4ne als f\u00fcr die Produktnutzung &#8220;<strong>Microsoft Exchange<\/strong>&#8221; eingerichtet sein und anschlie\u00dfend durch Sie verifiziert werden. Die Verifikation \u00fcberpr\u00fcft, ob Sie zur Verwaltung der Domain berechtigt sind. Um E-Mails f\u00fcr eine Ihrer Dom\u00e4nen empfangen zu k\u00f6nnen, muss zus\u00e4tzlich der MX-Record in Ihrem DNS umgestellt werden.<\/p>\n<p>Um Ihre Domain f\u00fcr das Produkt &#8220;<strong>E-Mail Protect Pro<\/strong>&#8221; einzurichten, m\u00fcssen Sie die zugeh\u00f6rige Option f\u00fcr die Produktnutzung aktivieren. Geben Sie zus\u00e4tzlich mindestens einen Mailhost f\u00fcr Ihre Domain an. Anschlie\u00dfend m\u00fcssen Sie den MX-Record in Ihrem DNS umstellen (siehe dazu MX-Record verifizieren)<\/p>\n","protected":false},"excerpt":{"rendered":"<p>Um eine neue Domain anzulegen, w\u00e4hlen Sie die Schaltfl\u00e4che &#8220;Domain anlegen&#8221; in der Domain\u00fcbersicht. Im folgenden Dialog k\u00f6nnen Sie eine neue Domain anlegen und deren Eigenschaften festlegen. Bitte geben Sie den Domainnamen ohne vorangestelltes &#8220;http:\/\/www.&#8221; ein. Neben sogenannten 2nd-Level-Dom\u00e4nen (z.B. \u201eDomain.de\u201c) k\u00f6nnen Sie auch Subdom\u00e4nen in der Form &#8220;Marketing.Firmenname.de&#8221; verwenden. Bitte beachten Sie, dass Sie&#8230; <a href=\"https:\/\/hilfe.telekom-cloudcenter.de\/index.php\/domainverwaltung\/neue-domain-anlegen\/\">read more &raquo;<\/a><\/p>\n","protected":false},"author":1,"featured_media":0,"parent":56,"menu_order":0,"comment_status":"closed","ping_status":"closed","template":"","meta":{"footnotes":""},"_links":{"self":[{"href":"https:\/\/hilfe.telekom-cloudcenter.de\/index.php\/wp-json\/wp\/v2\/pages\/65"}],"collection":[{"href":"https:\/\/hilfe.telekom-cloudcenter.de\/index.php\/wp-json\/wp\/v2\/pages"}],"about":[{"href":"https:\/\/hilfe.telekom-cloudcenter.de\/index.php\/wp-json\/wp\/v2\/types\/page"}],"author":[{"embeddable":true,"href":"https:\/\/hilfe.telekom-cloudcenter.de\/index.php\/wp-json\/wp\/v2\/users\/1"}],"replies":[{"embeddable":true,"href":"https:\/\/hilfe.telekom-cloudcenter.de\/index.php\/wp-json\/wp\/v2\/comments?post=65"}],"version-history":[{"count":3,"href":"https:\/\/hilfe.telekom-cloudcenter.de\/index.php\/wp-json\/wp\/v2\/pages\/65\/revisions"}],"predecessor-version":[{"id":6219,"href":"https:\/\/hilfe.telekom-cloudcenter.de\/index.php\/wp-json\/wp\/v2\/pages\/65\/revisions\/6219"}],"up":[{"embeddable":true,"href":"https:\/\/hilfe.telekom-cloudcenter.de\/index.php\/wp-json\/wp\/v2\/pages\/56"}],"wp:attachment":[{"href":"https:\/\/hilfe.telekom-cloudcenter.de\/index.php\/wp-json\/wp\/v2\/media?parent=65"}],"curies":[{"name":"wp","href":"https:\/\/api.w.org\/{rel}","templated":true}]}}