{"id":680,"date":"2016-11-29T10:23:37","date_gmt":"2016-11-29T10:23:37","guid":{"rendered":"https:\/\/hilfe.telekom-cloudcenter.de\/?page_id=680"},"modified":"2017-02-07T09:19:25","modified_gmt":"2017-02-07T09:19:25","slug":"einrichtung-von-apple-mail-mac-os-x","status":"publish","type":"page","link":"https:\/\/hilfe.telekom-cloudcenter.de\/index.php\/produkte\/microsoft-exchange\/zugriff-auf-ihre-emails-und-exchange-daten\/einrichtung-von-apple-mail-mac-os-x\/","title":{"rendered":"Einrichtung von Apple Mail (Mac OS X)"},"content":{"rendered":"<p>F\u00fcr die Einrichtung Ihres Postfachs f\u00fcr Apple Mail unter Mac OSX gehen Sie bitte wie hier beschrieben vor. F\u00fcr die manuelle Einrichtung (IMAP Konto) folgen Sie bitte dieser Anleitung: <a href=\"https:\/\/hilfe.telekom-cloudcenter.de\/index.php\/produkte\/microsoft-exchange\/zugriff-auf-ihre-emails-und-exchange-daten\/einrichtung-von-apple-mail-mac-os-x\/einrichtung-eines-gesicherten-imap-kontos-mit-apple-mail-unter-mac-os-x\/\">Einrichtung eines gesicherten IMAP Kontos mit Apple Mail<\/a><\/p>\n<p>Klicken Sie im Men\u00fc <strong>&#8220;Mail&#8221;<\/strong> auf <strong>&#8220;Account hinzuf\u00fcgen&#8221;<\/strong>.<\/p>\n<p><a href=\"https:\/\/hilfe.telekom-cloudcenter.de\/wp-content\/uploads\/2016\/11\/22.png\"><img decoding=\"async\" loading=\"lazy\" class=\"alignnone size-full wp-image-681\" src=\"https:\/\/hilfe.telekom-cloudcenter.de\/wp-content\/uploads\/2016\/11\/22.png\" alt=\"22\" width=\"389\" height=\"487\" srcset=\"https:\/\/hilfe.telekom-cloudcenter.de\/wp-content\/uploads\/2016\/11\/22.png 389w, https:\/\/hilfe.telekom-cloudcenter.de\/wp-content\/uploads\/2016\/11\/22-240x300.png 240w, https:\/\/hilfe.telekom-cloudcenter.de\/wp-content\/uploads\/2016\/11\/22-300x376.png 300w\" sizes=\"(max-width: 389px) 100vw, 389px\" \/><\/a><\/p>\n<p>W\u00e4hlen Sie im folgenden Dialog die Option <strong>&#8220;Exchange&#8221;<\/strong>.<\/p>\n<p><a href=\"https:\/\/hilfe.telekom-cloudcenter.de\/wp-content\/uploads\/2016\/11\/23.png\"><img decoding=\"async\" loading=\"lazy\" class=\"alignnone size-full wp-image-682\" src=\"https:\/\/hilfe.telekom-cloudcenter.de\/wp-content\/uploads\/2016\/11\/23.png\" alt=\"23\" width=\"640\" height=\"400\" srcset=\"https:\/\/hilfe.telekom-cloudcenter.de\/wp-content\/uploads\/2016\/11\/23.png 640w, https:\/\/hilfe.telekom-cloudcenter.de\/wp-content\/uploads\/2016\/11\/23-300x188.png 300w\" sizes=\"(max-width: 640px) 100vw, 640px\" \/><\/a><\/p>\n<p>&nbsp;<\/p>\n<p>Geben Sie anschlie\u00dfend bitte Ihre Anmeldedaten zu Ihrem Exchange Postfach ein.<\/p>\n<ul>\n<li>Name: Ihr Name<\/li>\n<li>E-Mail-Adresse: Ihre E-Mailadresse des Exchange-Postfachs<\/li>\n<li>Passwort: Ihr Passwort<\/li>\n<\/ul>\n<p><a href=\"https:\/\/hilfe.telekom-cloudcenter.de\/wp-content\/uploads\/2016\/11\/24.png\"><img decoding=\"async\" loading=\"lazy\" class=\"alignnone size-full wp-image-683\" src=\"https:\/\/hilfe.telekom-cloudcenter.de\/wp-content\/uploads\/2016\/11\/24.png\" alt=\"24\" width=\"1280\" height=\"800\" srcset=\"https:\/\/hilfe.telekom-cloudcenter.de\/wp-content\/uploads\/2016\/11\/24.png 1280w, https:\/\/hilfe.telekom-cloudcenter.de\/wp-content\/uploads\/2016\/11\/24-300x188.png 300w, https:\/\/hilfe.telekom-cloudcenter.de\/wp-content\/uploads\/2016\/11\/24-1024x640.png 1024w\" sizes=\"(max-width: 1280px) 100vw, 1280px\" \/><\/a><\/p>\n<p>Legen Sie anschlie\u00dfend fest mit welchen Apps Sie Ihr Exchange-Postfach verwenden wollen und schlie\u00dfen Sie die Einrichtung ab.<\/p>\n<p><a href=\"https:\/\/hilfe.telekom-cloudcenter.de\/wp-content\/uploads\/2016\/11\/25.png\"><img decoding=\"async\" loading=\"lazy\" class=\"alignnone size-full wp-image-684\" src=\"https:\/\/hilfe.telekom-cloudcenter.de\/wp-content\/uploads\/2016\/11\/25.png\" alt=\"25\" width=\"1280\" height=\"800\" srcset=\"https:\/\/hilfe.telekom-cloudcenter.de\/wp-content\/uploads\/2016\/11\/25.png 1280w, https:\/\/hilfe.telekom-cloudcenter.de\/wp-content\/uploads\/2016\/11\/25-300x188.png 300w, https:\/\/hilfe.telekom-cloudcenter.de\/wp-content\/uploads\/2016\/11\/25-1024x640.png 1024w\" sizes=\"(max-width: 1280px) 100vw, 1280px\" \/><\/a><\/p>\n<p>&nbsp;<\/p>\n","protected":false},"excerpt":{"rendered":"<p>F\u00fcr die Einrichtung Ihres Postfachs f\u00fcr Apple Mail unter Mac OSX gehen Sie bitte wie hier beschrieben vor. F\u00fcr die manuelle Einrichtung (IMAP Konto) folgen Sie bitte dieser Anleitung: Einrichtung eines gesicherten IMAP Kontos mit Apple Mail Klicken Sie im Men\u00fc &#8220;Mail&#8221; auf &#8220;Account hinzuf\u00fcgen&#8221;. W\u00e4hlen Sie im folgenden Dialog die Option &#8220;Exchange&#8221;. &nbsp; Geben&#8230; <a href=\"https:\/\/hilfe.telekom-cloudcenter.de\/index.php\/produkte\/microsoft-exchange\/zugriff-auf-ihre-emails-und-exchange-daten\/einrichtung-von-apple-mail-mac-os-x\/\">read more &raquo;<\/a><\/p>\n","protected":false},"author":1,"featured_media":0,"parent":486,"menu_order":0,"comment_status":"closed","ping_status":"closed","template":"","meta":{"footnotes":""},"_links":{"self":[{"href":"https:\/\/hilfe.telekom-cloudcenter.de\/index.php\/wp-json\/wp\/v2\/pages\/680"}],"collection":[{"href":"https:\/\/hilfe.telekom-cloudcenter.de\/index.php\/wp-json\/wp\/v2\/pages"}],"about":[{"href":"https:\/\/hilfe.telekom-cloudcenter.de\/index.php\/wp-json\/wp\/v2\/types\/page"}],"author":[{"embeddable":true,"href":"https:\/\/hilfe.telekom-cloudcenter.de\/index.php\/wp-json\/wp\/v2\/users\/1"}],"replies":[{"embeddable":true,"href":"https:\/\/hilfe.telekom-cloudcenter.de\/index.php\/wp-json\/wp\/v2\/comments?post=680"}],"version-history":[{"count":4,"href":"https:\/\/hilfe.telekom-cloudcenter.de\/index.php\/wp-json\/wp\/v2\/pages\/680\/revisions"}],"predecessor-version":[{"id":966,"href":"https:\/\/hilfe.telekom-cloudcenter.de\/index.php\/wp-json\/wp\/v2\/pages\/680\/revisions\/966"}],"up":[{"embeddable":true,"href":"https:\/\/hilfe.telekom-cloudcenter.de\/index.php\/wp-json\/wp\/v2\/pages\/486"}],"wp:attachment":[{"href":"https:\/\/hilfe.telekom-cloudcenter.de\/index.php\/wp-json\/wp\/v2\/media?parent=680"}],"curies":[{"name":"wp","href":"https:\/\/api.w.org\/{rel}","templated":true}]}}