{"id":687,"date":"2016-11-29T10:26:12","date_gmt":"2016-11-29T10:26:12","guid":{"rendered":"https:\/\/hilfe.telekom-cloudcenter.de\/?page_id=687"},"modified":"2016-11-29T11:22:37","modified_gmt":"2016-11-29T11:22:37","slug":"einrichtung-eines-gesicherten-imap-kontos-mit-apple-mail-unter-mac-os-x","status":"publish","type":"page","link":"https:\/\/hilfe.telekom-cloudcenter.de\/index.php\/produkte\/microsoft-exchange\/zugriff-auf-ihre-emails-und-exchange-daten\/einrichtung-von-apple-mail-mac-os-x\/einrichtung-eines-gesicherten-imap-kontos-mit-apple-mail-unter-mac-os-x\/","title":{"rendered":"Einrichtung eines gesicherten IMAP Kontos mit Apple Mail unter Mac OS X"},"content":{"rendered":"<p>Als Alternative zur automatischen Einrichtung eines Exchange-Kontos k\u00f6nnen Sie Ihr Exchange-Postfach mit Apple Mail auch wahlweise als POP oder IMAP Konto einrichten.<\/p>\n<p>Damit Ihre firmeninternen Mails nicht ungesichert \u00fcbertragen werden, bieten wir im Produkt Microsoft\u00ae Exchange\u00a0 nur den gesicherten Zugang per IMAPS an.<\/p>\n<p>Die Einrichtung erfolgt in Apple Mail \u00fcber den Men\u00fcpunkt <strong>&#8220;Mail&#8221;<\/strong>. W\u00e4hlen Sie anschlie\u00dfend den Eintrag <strong>&#8220;Account hinzuf\u00fcgen&#8221;<\/strong>.<\/p>\n<p><a href=\"https:\/\/hilfe.telekom-cloudcenter.de\/wp-content\/uploads\/2016\/11\/26.png\"><img decoding=\"async\" loading=\"lazy\" class=\"alignnone size-full wp-image-690\" src=\"https:\/\/hilfe.telekom-cloudcenter.de\/wp-content\/uploads\/2016\/11\/26.png\" alt=\"26\" width=\"377\" height=\"472\" srcset=\"https:\/\/hilfe.telekom-cloudcenter.de\/wp-content\/uploads\/2016\/11\/26.png 377w, https:\/\/hilfe.telekom-cloudcenter.de\/wp-content\/uploads\/2016\/11\/26-240x300.png 240w, https:\/\/hilfe.telekom-cloudcenter.de\/wp-content\/uploads\/2016\/11\/26-300x376.png 300w\" sizes=\"(max-width: 377px) 100vw, 377px\" \/><\/a><\/p>\n<p>W\u00e4hlen Sie im nachfolgenden Dialog die Option <strong>&#8220;Anderen Mail-Account hinzuf\u00fcgen\u2026&#8221;<\/strong>.<\/p>\n<p><a href=\"https:\/\/hilfe.telekom-cloudcenter.de\/wp-content\/uploads\/2016\/11\/27.png\"><img decoding=\"async\" loading=\"lazy\" class=\"alignnone size-full wp-image-692\" src=\"https:\/\/hilfe.telekom-cloudcenter.de\/wp-content\/uploads\/2016\/11\/27.png\" alt=\"27\" width=\"724\" height=\"612\" srcset=\"https:\/\/hilfe.telekom-cloudcenter.de\/wp-content\/uploads\/2016\/11\/27.png 724w, https:\/\/hilfe.telekom-cloudcenter.de\/wp-content\/uploads\/2016\/11\/27-300x254.png 300w\" sizes=\"(max-width: 724px) 100vw, 724px\" \/><\/a><\/p>\n<p>In der Dialogbox <strong>&#8220;E-Mail-Account hinzuf\u00fcgen&#8221;<\/strong> geben Sie bitte Ihren Vor- und Zunamen, Ihre E-Mailadresse sowie das pers\u00f6nliche Passwort zu Ihrem Exchange-Postfach ein.<\/p>\n<p><a href=\"https:\/\/hilfe.telekom-cloudcenter.de\/wp-content\/uploads\/2016\/11\/28.png\"><img decoding=\"async\" loading=\"lazy\" class=\"alignnone size-full wp-image-693\" src=\"https:\/\/hilfe.telekom-cloudcenter.de\/wp-content\/uploads\/2016\/11\/28.png\" alt=\"28\" width=\"799\" height=\"524\" srcset=\"https:\/\/hilfe.telekom-cloudcenter.de\/wp-content\/uploads\/2016\/11\/28.png 799w, https:\/\/hilfe.telekom-cloudcenter.de\/wp-content\/uploads\/2016\/11\/28-300x197.png 300w\" sizes=\"(max-width: 799px) 100vw, 799px\" \/><\/a><\/p>\n<p>Im folgenden Dialog w\u00e4hlen Sie bitte den Servertyp aus: wahlweise POP oder IMAP.<\/p>\n<p>Anschlie\u00dfend geben Sie bitte den Namen des Posteingangsservers ein.<\/p>\n<ul>\n<li>telekom-cloudcenter.de (f\u00fcr den Abruf via POP3)<\/li>\n<li>telekom-cloudcenter.de (f\u00fcr den Abruf via IMAP).<\/li>\n<\/ul>\n<p>Hinterlegen Sie zudem Benutzernamen und Ihr pers\u00f6nliches Passwort. Klicken Sie anschlie\u00dfend auf <strong>&#8220;Weiter&#8221;<\/strong>.<\/p>\n<p><a href=\"https:\/\/hilfe.telekom-cloudcenter.de\/wp-content\/uploads\/2016\/11\/29.png\"><img decoding=\"async\" loading=\"lazy\" class=\"alignnone size-full wp-image-694\" src=\"https:\/\/hilfe.telekom-cloudcenter.de\/wp-content\/uploads\/2016\/11\/29.png\" alt=\"29\" width=\"798\" height=\"630\" srcset=\"https:\/\/hilfe.telekom-cloudcenter.de\/wp-content\/uploads\/2016\/11\/29.png 798w, https:\/\/hilfe.telekom-cloudcenter.de\/wp-content\/uploads\/2016\/11\/29-300x237.png 300w\" sizes=\"(max-width: 798px) 100vw, 798px\" \/><\/a><\/p>\n<p>In der folgenden Dialogbox geben Sie bitte als Postausgangsserver <strong>smtps.telekom-cloudcenter.de<\/strong> an. Auch hier geben Sie wieder Ihren Benutzernamen und Ihr pers\u00f6nliches Passwort an.<\/p>\n<p>Um die Einrichtung abzuschlie\u00dfen, klicken Sie <strong>&#8220;Erstellen&#8221;<\/strong>.<\/p>\n<p><a href=\"https:\/\/hilfe.telekom-cloudcenter.de\/wp-content\/uploads\/2016\/11\/30.png\"><img decoding=\"async\" loading=\"lazy\" class=\"alignnone size-full wp-image-695\" src=\"https:\/\/hilfe.telekom-cloudcenter.de\/wp-content\/uploads\/2016\/11\/30.png\" alt=\"30\" width=\"800\" height=\"564\" srcset=\"https:\/\/hilfe.telekom-cloudcenter.de\/wp-content\/uploads\/2016\/11\/30.png 800w, https:\/\/hilfe.telekom-cloudcenter.de\/wp-content\/uploads\/2016\/11\/30-300x212.png 300w\" sizes=\"(max-width: 800px) 100vw, 800px\" \/><\/a><\/p>\n","protected":false},"excerpt":{"rendered":"<p>Als Alternative zur automatischen Einrichtung eines Exchange-Kontos k\u00f6nnen Sie Ihr Exchange-Postfach mit Apple Mail auch wahlweise als POP oder IMAP Konto einrichten. Damit Ihre firmeninternen Mails nicht ungesichert \u00fcbertragen werden, bieten wir im Produkt Microsoft\u00ae Exchange\u00a0 nur den gesicherten Zugang per IMAPS an. Die Einrichtung erfolgt in Apple Mail \u00fcber den Men\u00fcpunkt &#8220;Mail&#8221;. W\u00e4hlen Sie&#8230; <a href=\"https:\/\/hilfe.telekom-cloudcenter.de\/index.php\/produkte\/microsoft-exchange\/zugriff-auf-ihre-emails-und-exchange-daten\/einrichtung-von-apple-mail-mac-os-x\/einrichtung-eines-gesicherten-imap-kontos-mit-apple-mail-unter-mac-os-x\/\">read more &raquo;<\/a><\/p>\n","protected":false},"author":1,"featured_media":0,"parent":680,"menu_order":0,"comment_status":"closed","ping_status":"closed","template":"","meta":{"footnotes":""},"_links":{"self":[{"href":"https:\/\/hilfe.telekom-cloudcenter.de\/index.php\/wp-json\/wp\/v2\/pages\/687"}],"collection":[{"href":"https:\/\/hilfe.telekom-cloudcenter.de\/index.php\/wp-json\/wp\/v2\/pages"}],"about":[{"href":"https:\/\/hilfe.telekom-cloudcenter.de\/index.php\/wp-json\/wp\/v2\/types\/page"}],"author":[{"embeddable":true,"href":"https:\/\/hilfe.telekom-cloudcenter.de\/index.php\/wp-json\/wp\/v2\/users\/1"}],"replies":[{"embeddable":true,"href":"https:\/\/hilfe.telekom-cloudcenter.de\/index.php\/wp-json\/wp\/v2\/comments?post=687"}],"version-history":[{"count":3,"href":"https:\/\/hilfe.telekom-cloudcenter.de\/index.php\/wp-json\/wp\/v2\/pages\/687\/revisions"}],"predecessor-version":[{"id":696,"href":"https:\/\/hilfe.telekom-cloudcenter.de\/index.php\/wp-json\/wp\/v2\/pages\/687\/revisions\/696"}],"up":[{"embeddable":true,"href":"https:\/\/hilfe.telekom-cloudcenter.de\/index.php\/wp-json\/wp\/v2\/pages\/680"}],"wp:attachment":[{"href":"https:\/\/hilfe.telekom-cloudcenter.de\/index.php\/wp-json\/wp\/v2\/media?parent=687"}],"curies":[{"name":"wp","href":"https:\/\/api.w.org\/{rel}","templated":true}]}}