{"id":698,"date":"2016-11-29T13:21:51","date_gmt":"2016-11-29T13:21:51","guid":{"rendered":"https:\/\/hilfe.telekom-cloudcenter.de\/?page_id=698"},"modified":"2017-02-07T09:20:31","modified_gmt":"2017-02-07T09:20:31","slug":"verteilerliste-verwalten","status":"publish","type":"page","link":"https:\/\/hilfe.telekom-cloudcenter.de\/index.php\/produkte\/microsoft-exchange\/zugriff-auf-ihre-emails-und-exchange-daten\/verteilerliste-verwalten\/","title":{"rendered":"Verteilerliste verwalten"},"content":{"rendered":"<p>Durch Administratoren\u00a0k\u00f6nnen im Telekom Cloud Manager <a href=\"https:\/\/hilfe.telekom-cloudcenter.de\/index.php\/produkte\/microsoft-exchange\/verteilerlisten\/\"><strong>&#8220;Verteilerlisten&#8221;<\/strong><\/a> zur zentralen Nutzung angelegt und pro Liste ein Mailbox-Nutzer als <strong>&#8220;Verwalter&#8221;<\/strong> berechtigt werden. Der Verwalter einer Verteilerliste kann diese im globalen Adressbuch sehen und ihr Nutzer bzw. beliebige E-Mail-Adressen zuordnen sowie wieder entfernen. Voraussetzung f\u00fcr die Verwaltung ist die Nutzung eines Outlook Clients! Alternativ kann eine Verteilerliste auch \u00fcber die <a href=\"https:\/\/hilfe.telekom-cloudcenter.de\/index.php\/produkte\/microsoft-exchange\/zugriff-auf-ihre-emails-und-exchange-daten\/zentrales-portal-zu-ihrem-exchange-postfach\/\"><strong>Outlook Web App<\/strong><\/a> verwaltet werden.<\/p>\n<p>Eine zentrale Verteilerliste erscheint im globalen Adressbuch, sichtbar f\u00fcr alle Postfachnutzer. Mails, die an eine zentrale Verteilerliste gesendet werden, werden automatisch an alle Kontakte innerhalb dieser Liste weitergeleitet.<\/p>\n<p>Hier werden Ihnen die folgenden M\u00f6glichkeiten der Verwaltung einer Verteilerliste (Mitgliederverwaltung) gezeigt:<\/p>\n<ol>\n<li>Verwaltung einer Verteilerliste \u00fcber Microsoft Outlook<\/li>\n<li>Verwaltung einer Verteilerliste \u00fcber Outlook Web App<\/li>\n<\/ol>\n<hr \/>\n<p><strong>So verwalten Sie eine Verteilerliste \u00fcber Microsoft Outlook:<\/strong><\/p>\n<p>W\u00e4hlen Sie in Outlook &#8220;Adressbuch&#8221;. Dieses finden Sie in den meisten F\u00e4llen als Symbol in der Ribbonbar Ihres Outlooks.<\/p>\n<p><a href=\"https:\/\/hilfe.telekom-cloudcenter.de\/wp-content\/uploads\/2016\/11\/1-1.png\"><img decoding=\"async\" loading=\"lazy\" class=\"alignnone size-full wp-image-702\" src=\"https:\/\/hilfe.telekom-cloudcenter.de\/wp-content\/uploads\/2016\/11\/1-1.png\" alt=\"1\" width=\"402\" height=\"92\" srcset=\"https:\/\/hilfe.telekom-cloudcenter.de\/wp-content\/uploads\/2016\/11\/1-1.png 402w, https:\/\/hilfe.telekom-cloudcenter.de\/wp-content\/uploads\/2016\/11\/1-1-300x69.png 300w\" sizes=\"(max-width: 402px) 100vw, 402px\" \/><\/a><\/p>\n<p>W\u00e4hlen Sie anschlie\u00dfend im Adressbuch unter <strong>&#8220;Adressbuch&#8221;<\/strong> Ihr Postfach, z.B. max.mustermann@demo-firma.telekom-cloudcenter.de und dort <strong>&#8220;Globale Adressliste&#8221;<\/strong>. Alternativ k\u00f6nnen Sie auch &#8220;All Groups&#8221; bzw. &#8220;Alle Gruppen&#8221; w\u00e4hlen, da Verteilerlisten als Gruppen angelegt werden.<\/p>\n<p><a href=\"https:\/\/hilfe.telekom-cloudcenter.de\/wp-content\/uploads\/2016\/11\/2-1.png\"><img decoding=\"async\" loading=\"lazy\" class=\"alignnone size-full wp-image-703\" src=\"https:\/\/hilfe.telekom-cloudcenter.de\/wp-content\/uploads\/2016\/11\/2-1.png\" alt=\"2\" width=\"678\" height=\"266\" srcset=\"https:\/\/hilfe.telekom-cloudcenter.de\/wp-content\/uploads\/2016\/11\/2-1.png 678w, https:\/\/hilfe.telekom-cloudcenter.de\/wp-content\/uploads\/2016\/11\/2-1-300x118.png 300w\" sizes=\"(max-width: 678px) 100vw, 678px\" \/><\/a><\/p>\n<p>Bei sehr vielen Eintr\u00e4gen in Ihrem Adressbuch k\u00f6nnen Sie im Feld <strong>&#8220;Suchen&#8221;<\/strong> direkt nach dem Namen der Verteilerliste suchen. Klicken Sie zum \u00d6ffnen der Verteilerliste die rechte Mouse-Taste und im sich \u00f6ffnenden Men\u00fc den Eintrag <strong>&#8220;Eigenschaften&#8221;<\/strong>.<\/p>\n<p><a href=\"https:\/\/hilfe.telekom-cloudcenter.de\/wp-content\/uploads\/2016\/11\/3-1.png\"><img decoding=\"async\" loading=\"lazy\" class=\"alignnone size-full wp-image-704\" src=\"https:\/\/hilfe.telekom-cloudcenter.de\/wp-content\/uploads\/2016\/11\/3-1.png\" alt=\"3\" width=\"678\" height=\"266\" srcset=\"https:\/\/hilfe.telekom-cloudcenter.de\/wp-content\/uploads\/2016\/11\/3-1.png 678w, https:\/\/hilfe.telekom-cloudcenter.de\/wp-content\/uploads\/2016\/11\/3-1-300x118.png 300w\" sizes=\"(max-width: 678px) 100vw, 678px\" \/><\/a><\/p>\n<p>Anschlie\u00dfend k\u00f6nnen Sie im Bereich <strong>&#8220;Mitglieder&#8221;<\/strong> alle Mitglieder der Verteilerliste verwalten (Hinzuf\u00fcgen oder Entfernen). Klicken Sie dazu auf <strong>&#8220;Mitglieder \u00e4ndern&#8221;<\/strong>.<\/p>\n<p><a href=\"https:\/\/hilfe.telekom-cloudcenter.de\/wp-content\/uploads\/2016\/11\/4-1.png\"><img decoding=\"async\" loading=\"lazy\" class=\"alignnone size-full wp-image-705\" src=\"https:\/\/hilfe.telekom-cloudcenter.de\/wp-content\/uploads\/2016\/11\/4-1.png\" alt=\"4\" width=\"714\" height=\"405\" srcset=\"https:\/\/hilfe.telekom-cloudcenter.de\/wp-content\/uploads\/2016\/11\/4-1.png 714w, https:\/\/hilfe.telekom-cloudcenter.de\/wp-content\/uploads\/2016\/11\/4-1-300x170.png 300w\" sizes=\"(max-width: 714px) 100vw, 714px\" \/><\/a><\/p>\n<p>Um vorhandene Mitglieder zu entfernen, w\u00e4hlen Sie das Mitglied zun\u00e4chst unter <strong>&#8220;Mitglieder&#8221;<\/strong> aus und w\u00e4hlen anschlie\u00dfend die Schaltfl\u00e4che <strong>&#8220;Entfernen&#8221;<\/strong>. Zum Hinzuf\u00fcgen neuer Mitglieder w\u00e4hlen Sie <strong>&#8220;Hinzuf\u00fcgen&#8221;<\/strong>.<\/p>\n<p><a href=\"https:\/\/hilfe.telekom-cloudcenter.de\/wp-content\/uploads\/2016\/11\/5-1.png\"><img decoding=\"async\" loading=\"lazy\" class=\"alignnone size-full wp-image-706\" src=\"https:\/\/hilfe.telekom-cloudcenter.de\/wp-content\/uploads\/2016\/11\/5-1.png\" alt=\"5\" width=\"714\" height=\"405\" srcset=\"https:\/\/hilfe.telekom-cloudcenter.de\/wp-content\/uploads\/2016\/11\/5-1.png 714w, https:\/\/hilfe.telekom-cloudcenter.de\/wp-content\/uploads\/2016\/11\/5-1-300x170.png 300w\" sizes=\"(max-width: 714px) 100vw, 714px\" \/><\/a><\/p>\n<p>Suchen Sie anschlie\u00dfend in Ihrem Adressbuch nach den Mitgliedern (Empf\u00e4ngern), die Sie hinzuf\u00fcgen m\u00f6chten. W\u00e4hlen Sie diese per Mouse-Klick aus und w\u00e4hlen Sie anschlie\u00dfend die Schaltfl\u00e4che <strong>&#8220;Hinzuf\u00fcgen&#8221;<\/strong>. Mehrere Mitglieder k\u00f6nnen Sie bei gedr\u00fcckter Strg-Taste ausw\u00e4hlen. Best\u00e4tigen Sie Ihre Auswahl bitte mit <strong>&#8220;OK&#8221;<\/strong>.<\/p>\n<p><a href=\"https:\/\/hilfe.telekom-cloudcenter.de\/wp-content\/uploads\/2016\/11\/6-1.png\"><img decoding=\"async\" loading=\"lazy\" class=\"alignnone size-full wp-image-707\" src=\"https:\/\/hilfe.telekom-cloudcenter.de\/wp-content\/uploads\/2016\/11\/6-1.png\" alt=\"6\" width=\"675\" height=\"327\" srcset=\"https:\/\/hilfe.telekom-cloudcenter.de\/wp-content\/uploads\/2016\/11\/6-1.png 675w, https:\/\/hilfe.telekom-cloudcenter.de\/wp-content\/uploads\/2016\/11\/6-1-300x145.png 300w\" sizes=\"(max-width: 675px) 100vw, 675px\" \/><\/a><\/p>\n<p>Anschlie\u00dfend erscheinen die ausgew\u00e4hlten Mitglieder unter <strong>&#8220;Mitglieder&#8221;<\/strong>. Schlie\u00dfen Sie die Ansicht bitte mit <strong>&#8220;OK&#8221;<\/strong>.<\/p>\n<p><a href=\"https:\/\/hilfe.telekom-cloudcenter.de\/wp-content\/uploads\/2016\/11\/7-1.png\"><img decoding=\"async\" loading=\"lazy\" class=\"alignnone size-full wp-image-708\" src=\"https:\/\/hilfe.telekom-cloudcenter.de\/wp-content\/uploads\/2016\/11\/7-1.png\" alt=\"7\" width=\"712\" height=\"405\" srcset=\"https:\/\/hilfe.telekom-cloudcenter.de\/wp-content\/uploads\/2016\/11\/7-1.png 712w, https:\/\/hilfe.telekom-cloudcenter.de\/wp-content\/uploads\/2016\/11\/7-1-300x171.png 300w\" sizes=\"(max-width: 712px) 100vw, 712px\" \/><\/a><\/p>\n<hr \/>\n<p><strong>So verwalten Sie eine Verteilerliste \u00fcber Outlook Web App<\/strong><\/p>\n<p>Melden Sie sich an Ihrem Postfach \u00fcber <a href=\"https:\/\/email.telekom-cloudcenter.de\">https:\/\/email.telekom-cloudcenter.de<\/a> an.<\/p>\n<p>W\u00e4hlen Sie nach dem Login im oberen rechten Bereich das Zahnrad-Symbol und dort im Men\u00fc <strong>&#8220;Optionen&#8221;<\/strong>.<\/p>\n<p><a href=\"https:\/\/hilfe.telekom-cloudcenter.de\/wp-content\/uploads\/2016\/11\/8-1.png\"><img decoding=\"async\" loading=\"lazy\" class=\"alignnone size-full wp-image-711\" src=\"https:\/\/hilfe.telekom-cloudcenter.de\/wp-content\/uploads\/2016\/11\/8-1.png\" alt=\"8\" width=\"228\" height=\"338\" srcset=\"https:\/\/hilfe.telekom-cloudcenter.de\/wp-content\/uploads\/2016\/11\/8-1.png 228w, https:\/\/hilfe.telekom-cloudcenter.de\/wp-content\/uploads\/2016\/11\/8-1-202x300.png 202w\" sizes=\"(max-width: 228px) 100vw, 228px\" \/><\/a><\/p>\n<p>&nbsp;<\/p>\n<p>W\u00e4hlen Sie anschlie\u00dfend am linken Bildschirmrand ganz unten den Men\u00fcpunkt <strong>&#8220;Weitere&#8221;\u00a0<\/strong>und danach im rechten Bereich &#8220;Zur fr\u00fcheren Version wechseln&#8221;.<\/p>\n<p>&nbsp;<\/p>\n<p><a href=\"https:\/\/hilfe.telekom-cloudcenter.de\/wp-content\/uploads\/2016\/11\/9-1.png\"><img decoding=\"async\" loading=\"lazy\" class=\"alignnone size-full wp-image-712\" src=\"https:\/\/hilfe.telekom-cloudcenter.de\/wp-content\/uploads\/2016\/11\/9-1.png\" alt=\"9\" width=\"1098\" height=\"636\" srcset=\"https:\/\/hilfe.telekom-cloudcenter.de\/wp-content\/uploads\/2016\/11\/9-1.png 1098w, https:\/\/hilfe.telekom-cloudcenter.de\/wp-content\/uploads\/2016\/11\/9-1-300x174.png 300w, https:\/\/hilfe.telekom-cloudcenter.de\/wp-content\/uploads\/2016\/11\/9-1-1024x593.png 1024w\" sizes=\"(max-width: 1098px) 100vw, 1098px\" \/><\/a><\/p>\n<p>Anschlie\u00dfend \u00e4ndert sich die Ansicht von Outlook Web App. Diese Ansicht kann wieder ge\u00e4ndert werden. W\u00e4hlen Sie danach im linken \u00a0Bereich <strong>&#8220;Gruppen&#8221;<\/strong>. Anschlie\u00dfend werden Ihnen alle Verteilergruppen (= Verteilerlisten) angezeigt, denen Sie angeh\u00f6ren und die Sie besitzen bzw. deren Verwalter Sie sind.<\/p>\n<p><a href=\"https:\/\/hilfe.telekom-cloudcenter.de\/wp-content\/uploads\/2016\/11\/10-1.png\"><img decoding=\"async\" loading=\"lazy\" class=\"alignnone size-full wp-image-713\" src=\"https:\/\/hilfe.telekom-cloudcenter.de\/wp-content\/uploads\/2016\/11\/10-1.png\" alt=\"10\" width=\"1919\" height=\"481\" srcset=\"https:\/\/hilfe.telekom-cloudcenter.de\/wp-content\/uploads\/2016\/11\/10-1.png 1919w, https:\/\/hilfe.telekom-cloudcenter.de\/wp-content\/uploads\/2016\/11\/10-1-300x75.png 300w, https:\/\/hilfe.telekom-cloudcenter.de\/wp-content\/uploads\/2016\/11\/10-1-1024x257.png 1024w\" sizes=\"(max-width: 1919px) 100vw, 1919px\" \/><\/a><\/p>\n<p>W\u00e4hlen Sie unter <strong>&#8220;Verteilergruppen, die ich besitze&#8221;<\/strong> die Verteilergruppe, die Sie bearbeiten m\u00f6chten per Mouse-Klick aus und w\u00e4hlen anschlie\u00dfend das Stift-Symbol um diese zu bearbeiten.<\/p>\n<p><a href=\"https:\/\/hilfe.telekom-cloudcenter.de\/wp-content\/uploads\/2016\/11\/11-1.png\"><img decoding=\"async\" loading=\"lazy\" class=\"alignnone size-full wp-image-714\" src=\"https:\/\/hilfe.telekom-cloudcenter.de\/wp-content\/uploads\/2016\/11\/11-1.png\" alt=\"11\" width=\"644\" height=\"202\" srcset=\"https:\/\/hilfe.telekom-cloudcenter.de\/wp-content\/uploads\/2016\/11\/11-1.png 644w, https:\/\/hilfe.telekom-cloudcenter.de\/wp-content\/uploads\/2016\/11\/11-1-300x94.png 300w\" sizes=\"(max-width: 644px) 100vw, 644px\" \/><\/a><\/p>\n<p>W\u00e4hlen Sie im n\u00e4chsten Dialog den Punkt <strong>&#8220;Mitgliedschaft&#8221;<\/strong>. Um vorhandene Mitglieder zu entfernen, markieren Sie diese zuvor per Mouse-Klick im Bereich <strong>&#8220;Mitglieder&#8221;<\/strong> und w\u00e4hlen anschlie\u00dfend das Minus-Symbol. Um Mitglieder hinzuzuf\u00fcgen, w\u00e4hlen Sie das Plus-Symbol.<\/p>\n<p><a href=\"https:\/\/hilfe.telekom-cloudcenter.de\/wp-content\/uploads\/2016\/11\/12-1.png\"><img decoding=\"async\" loading=\"lazy\" class=\"alignnone size-full wp-image-715\" src=\"https:\/\/hilfe.telekom-cloudcenter.de\/wp-content\/uploads\/2016\/11\/12-1.png\" alt=\"12\" width=\"695\" height=\"550\" srcset=\"https:\/\/hilfe.telekom-cloudcenter.de\/wp-content\/uploads\/2016\/11\/12-1.png 695w, https:\/\/hilfe.telekom-cloudcenter.de\/wp-content\/uploads\/2016\/11\/12-1-300x237.png 300w\" sizes=\"(max-width: 695px) 100vw, 695px\" \/><\/a><\/p>\n<p>Um neue Mitglieder hinzuzuf\u00fcgen, suchen Sie in Ihrem Adressbuch nach den gew\u00fcnschten Mitgliedern und w\u00e4hlen zum Hinzuf\u00fcgen das <strong>Plus-Symbol<\/strong>. Speichern Sie Ihre Auswahl mit <strong>&#8220;Speichern&#8221;<\/strong>.<\/p>\n<p><a href=\"https:\/\/hilfe.telekom-cloudcenter.de\/wp-content\/uploads\/2016\/11\/13-1.png\"><img decoding=\"async\" loading=\"lazy\" class=\"alignnone size-full wp-image-716\" src=\"https:\/\/hilfe.telekom-cloudcenter.de\/wp-content\/uploads\/2016\/11\/13-1.png\" alt=\"13\" width=\"921\" height=\"521\" srcset=\"https:\/\/hilfe.telekom-cloudcenter.de\/wp-content\/uploads\/2016\/11\/13-1.png 921w, https:\/\/hilfe.telekom-cloudcenter.de\/wp-content\/uploads\/2016\/11\/13-1-300x170.png 300w\" sizes=\"(max-width: 921px) 100vw, 921px\" \/><\/a><\/p>\n<p>&nbsp;<\/p>\n<p>Hinzugef\u00fcgte Mitglieder erscheinen im Bereich <strong>&#8220;Mitglieder&#8221;<\/strong>. W\u00e4hlen Sie abschlie\u00dfend die Schaltfl\u00e4che <strong>&#8220;Speichern&#8221;<\/strong>.<\/p>\n<p><a href=\"https:\/\/hilfe.telekom-cloudcenter.de\/wp-content\/uploads\/2016\/11\/14-1.png\"><img decoding=\"async\" loading=\"lazy\" class=\"alignnone size-full wp-image-717\" src=\"https:\/\/hilfe.telekom-cloudcenter.de\/wp-content\/uploads\/2016\/11\/14-1.png\" alt=\"14\" width=\"693\" height=\"552\" srcset=\"https:\/\/hilfe.telekom-cloudcenter.de\/wp-content\/uploads\/2016\/11\/14-1.png 693w, https:\/\/hilfe.telekom-cloudcenter.de\/wp-content\/uploads\/2016\/11\/14-1-300x239.png 300w\" sizes=\"(max-width: 693px) 100vw, 693px\" \/><\/a><\/p>\n","protected":false},"excerpt":{"rendered":"<p>Durch Administratoren\u00a0k\u00f6nnen im Telekom Cloud Manager &#8220;Verteilerlisten&#8221; zur zentralen Nutzung angelegt und pro Liste ein Mailbox-Nutzer als &#8220;Verwalter&#8221; berechtigt werden. Der Verwalter einer Verteilerliste kann diese im globalen Adressbuch sehen und ihr Nutzer bzw. beliebige E-Mail-Adressen zuordnen sowie wieder entfernen. Voraussetzung f\u00fcr die Verwaltung ist die Nutzung eines Outlook Clients! Alternativ kann eine Verteilerliste auch&#8230; <a href=\"https:\/\/hilfe.telekom-cloudcenter.de\/index.php\/produkte\/microsoft-exchange\/zugriff-auf-ihre-emails-und-exchange-daten\/verteilerliste-verwalten\/\">read more &raquo;<\/a><\/p>\n","protected":false},"author":1,"featured_media":0,"parent":486,"menu_order":0,"comment_status":"closed","ping_status":"closed","template":"","meta":{"footnotes":""},"_links":{"self":[{"href":"https:\/\/hilfe.telekom-cloudcenter.de\/index.php\/wp-json\/wp\/v2\/pages\/698"}],"collection":[{"href":"https:\/\/hilfe.telekom-cloudcenter.de\/index.php\/wp-json\/wp\/v2\/pages"}],"about":[{"href":"https:\/\/hilfe.telekom-cloudcenter.de\/index.php\/wp-json\/wp\/v2\/types\/page"}],"author":[{"embeddable":true,"href":"https:\/\/hilfe.telekom-cloudcenter.de\/index.php\/wp-json\/wp\/v2\/users\/1"}],"replies":[{"embeddable":true,"href":"https:\/\/hilfe.telekom-cloudcenter.de\/index.php\/wp-json\/wp\/v2\/comments?post=698"}],"version-history":[{"count":7,"href":"https:\/\/hilfe.telekom-cloudcenter.de\/index.php\/wp-json\/wp\/v2\/pages\/698\/revisions"}],"predecessor-version":[{"id":967,"href":"https:\/\/hilfe.telekom-cloudcenter.de\/index.php\/wp-json\/wp\/v2\/pages\/698\/revisions\/967"}],"up":[{"embeddable":true,"href":"https:\/\/hilfe.telekom-cloudcenter.de\/index.php\/wp-json\/wp\/v2\/pages\/486"}],"wp:attachment":[{"href":"https:\/\/hilfe.telekom-cloudcenter.de\/index.php\/wp-json\/wp\/v2\/media?parent=698"}],"curies":[{"name":"wp","href":"https:\/\/api.w.org\/{rel}","templated":true}]}}