{"id":725,"date":"2016-11-30T10:55:10","date_gmt":"2016-11-30T10:55:10","guid":{"rendered":"https:\/\/hilfe.telekom-cloudcenter.de\/?page_id=725"},"modified":"2016-12-01T11:40:05","modified_gmt":"2016-12-01T11:40:05","slug":"quarantaneboxen-verwalten","status":"publish","type":"page","link":"https:\/\/hilfe.telekom-cloudcenter.de\/index.php\/produkte\/microsoft-exchange\/benutzung-der-zusatzdienste\/quarantaneboxen-verwalten\/","title":{"rendered":"Quarant\u00e4neboxen verwalten"},"content":{"rendered":"<p>Nachdem Ihnen durch Ihren Administrator eine Quarant\u00e4nebox (Junkmail-Box) zugewiesen wurde, erhalten Sie per E-Mail in Ihr Microsoft Exchange Postfach eine Benachrichtigung \u00fcber die Einrichtung mit einem Zugangslink (URL) und Ihren initialen Zugangsdaten. Die Zustellung dieser E-Mail erfolgt jedoch erst dann, wenn an Ihre Quarant\u00e4nebox die erste Spam-E-Mail zugestellt wurde. Wie Sie Ihre Quarant\u00e4nebox bereits sofort einrichten k\u00f6nnen, erfahren Sie unter &#8220;Manuelle Aktivierung der Quarant\u00e4nebox&#8221; auf dieser Hilfeseite.<\/p>\n<p><a href=\"https:\/\/hilfe.telekom-cloudcenter.de\/wp-content\/uploads\/2016\/11\/1.jpg\"><img decoding=\"async\" loading=\"lazy\" class=\"alignnone size-full wp-image-763\" src=\"https:\/\/hilfe.telekom-cloudcenter.de\/wp-content\/uploads\/2016\/11\/1.jpg\" alt=\"1\" width=\"757\" height=\"450\" srcset=\"https:\/\/hilfe.telekom-cloudcenter.de\/wp-content\/uploads\/2016\/11\/1.jpg 757w, https:\/\/hilfe.telekom-cloudcenter.de\/wp-content\/uploads\/2016\/11\/1-300x178.jpg 300w\" sizes=\"(max-width: 757px) 100vw, 757px\" \/><\/a><\/p>\n<p><strong><em>Login @ SignUp<\/em><\/strong><\/p>\n<p>\u00dcber diesen Link gelangt der Benutzer zur Registration der Spam-Mailbox f\u00fcr den Zugriff auf den vollen Funktionsumfang.<\/p>\n<p><strong><em>Action<\/em><\/strong><\/p>\n<p><strong><em>DELIVER:\u00a0<\/em><\/strong>Link \u00fcber den die Mail an den Empf\u00e4nger zugestellt wird.<\/p>\n<p><strong><em>APPROVE:\u00a0<\/em><\/strong>Link \u00fcber den die Mail an den Empf\u00e4nger zugestellt wird und der Absender zur Whitelist hinzugef\u00fcgt wird (Mails des Absenders werden in Zukunft immer zugestellt).<\/p>\n<p><strong><em>BLOCK: \u00a0<\/em><\/strong>Link \u00fcber den der Absender der Mail zur Blacklist hinzugef\u00fcgt wir (Mails des Absenders werden in Zukunft immer geblockt).<\/p>\n<p>\u00dcber den Zugangslink \u00a0&#8220;Auf dem Junkmail-Server einloggen&#8221; gelangen Sie zur Login-Maske. Hier geben Sie bitte Benutzer(name) und das Kennwort ein und klicken auf &#8220;Anmelden&#8221;. Auf Wunsch kann hier auch <em>Englisch<\/em> als Sprache f\u00fcr die Benutzerf\u00fchrung gew\u00e4hlt werden.<\/p>\n<p>Danach k\u00f6nnen Sie eine Reihe von Einstellungen vornehmen, z.B. wann Sie \u00fcber eingetroffene Junkmails informiert werden m\u00f6chten, die Pflege von Whitelist- und Blacklist-Eintr\u00e4gen, die Filterung von E-Mails oder auch das Benutzen der Online-Hilfe. Die Hauptfunktion ist jedoch das Sichten der in der Junkmail-Box enthaltenen E-Mails, die dann entweder gel\u00f6scht oder in das Postfach weitergeleitet werden k\u00f6nnen. Es besteht auch die M\u00f6glichkeit, die Absenderadresse als vertrauensw\u00fcrdig einzustufen und in die Whitelist aufzunehmen. Diese Aktion kann \u00fcber empfangene &#8220;Daily Summaries&#8221;-E-Mails ebenfalls durchgef\u00fchrt werden.<\/p>\n<hr \/>\n<p><strong>Manuelle Aktivierung der Quarant\u00e4nebox<\/strong><\/p>\n<p>Um Ihre Quarant\u00e4nebox vorab zu aktivieren, navigieren Sie bitte zur Administrationsoberfl\u00e4che \u00fcber <a href=\"https:\/\/manage.mas.t-systems.com\/dda\">https:\/\/manage.mas.t-systems.com\/dda<\/a>.<\/p>\n<p>In der nun folgenden Anmeldemaske w\u00e4hlen Sie <strong>&#8220;Registrieren&#8221;<\/strong>.<\/p>\n<p><a href=\"https:\/\/hilfe.telekom-cloudcenter.de\/wp-content\/uploads\/2016\/11\/1-2.png\"><img decoding=\"async\" loading=\"lazy\" class=\"alignnone size-full wp-image-729\" src=\"https:\/\/hilfe.telekom-cloudcenter.de\/wp-content\/uploads\/2016\/11\/1-2.png\" alt=\"1\" width=\"370\" height=\"360\" srcset=\"https:\/\/hilfe.telekom-cloudcenter.de\/wp-content\/uploads\/2016\/11\/1-2.png 370w, https:\/\/hilfe.telekom-cloudcenter.de\/wp-content\/uploads\/2016\/11\/1-2-300x292.png 300w\" sizes=\"(max-width: 370px) 100vw, 370px\" \/><\/a><\/p>\n<p>Anschlie\u00dfend tragen Sie die E-Mail-Adresse ein, der die Quarant\u00e4nebox zugewiesen wurde:<\/p>\n<p><a href=\"https:\/\/hilfe.telekom-cloudcenter.de\/wp-content\/uploads\/2016\/11\/2-2.png\"><img decoding=\"async\" loading=\"lazy\" class=\"alignnone size-full wp-image-730\" src=\"https:\/\/hilfe.telekom-cloudcenter.de\/wp-content\/uploads\/2016\/11\/2-2.png\" alt=\"2\" width=\"365\" height=\"201\" srcset=\"https:\/\/hilfe.telekom-cloudcenter.de\/wp-content\/uploads\/2016\/11\/2-2.png 365w, https:\/\/hilfe.telekom-cloudcenter.de\/wp-content\/uploads\/2016\/11\/2-2-300x165.png 300w\" sizes=\"(max-width: 365px) 100vw, 365px\" \/><\/a><\/p>\n<p>Nach erfolgreicher Registrierung erhalten Sie folgende R\u00fcckmeldung:<\/p>\n<p><a href=\"https:\/\/hilfe.telekom-cloudcenter.de\/wp-content\/uploads\/2016\/11\/3-2.png\"><img decoding=\"async\" loading=\"lazy\" class=\"alignnone size-full wp-image-731\" src=\"https:\/\/hilfe.telekom-cloudcenter.de\/wp-content\/uploads\/2016\/11\/3-2.png\" alt=\"3\" width=\"355\" height=\"269\" srcset=\"https:\/\/hilfe.telekom-cloudcenter.de\/wp-content\/uploads\/2016\/11\/3-2.png 355w, https:\/\/hilfe.telekom-cloudcenter.de\/wp-content\/uploads\/2016\/11\/3-2-300x227.png 300w\" sizes=\"(max-width: 355px) 100vw, 355px\" \/><\/a><\/p>\n<p>Gleichzeitig wird eine Spam-Registrationsmail an Ihr Postfach versandt. In dieser Mail befindet sich der Link, welcher Sie zur Passwortvergabe leitet:<\/p>\n<p><a href=\"https:\/\/hilfe.telekom-cloudcenter.de\/wp-content\/uploads\/2016\/11\/2.jpg\"><img decoding=\"async\" loading=\"lazy\" class=\"alignnone size-full wp-image-764\" src=\"https:\/\/hilfe.telekom-cloudcenter.de\/wp-content\/uploads\/2016\/11\/2.jpg\" alt=\"2\" width=\"529\" height=\"270\" srcset=\"https:\/\/hilfe.telekom-cloudcenter.de\/wp-content\/uploads\/2016\/11\/2.jpg 529w, https:\/\/hilfe.telekom-cloudcenter.de\/wp-content\/uploads\/2016\/11\/2-300x153.jpg 300w\" sizes=\"(max-width: 529px) 100vw, 529px\" \/><\/a><\/p>\n<p>\u00dcber den Link &#8220;Login here&#8221; gelangen Sie zur Eingabemaske f\u00fcr die Vergabe des Passwortes.<\/p>\n<p><a href=\"https:\/\/hilfe.telekom-cloudcenter.de\/wp-content\/uploads\/2016\/11\/4-2.png\"><img decoding=\"async\" loading=\"lazy\" class=\"alignnone size-full wp-image-732\" src=\"https:\/\/hilfe.telekom-cloudcenter.de\/wp-content\/uploads\/2016\/11\/4-2.png\" alt=\"4\" width=\"372\" height=\"277\" srcset=\"https:\/\/hilfe.telekom-cloudcenter.de\/wp-content\/uploads\/2016\/11\/4-2.png 372w, https:\/\/hilfe.telekom-cloudcenter.de\/wp-content\/uploads\/2016\/11\/4-2-300x223.png 300w\" sizes=\"(max-width: 372px) 100vw, 372px\" \/><\/a><\/p>\n<p>Bei der Vergabe eines Passwortes f\u00fcr die Spam-Mailbox gilt f\u00fcr das Passwort folgende Konventionen:<\/p>\n<ol>\n<li>Das Passwort muss aus mindestens acht Zeichen bestehen<\/li>\n<li>Das Passwort muss mindestens ein Gro\u00dfbuchstaben beinhalten<\/li>\n<li>Das Passwort muss mindestens ein Kleinbuchstaben beinhalten<\/li>\n<li>Das Passwort muss mindestens eine Zahl beinhalten<\/li>\n<\/ol>\n<p>Nach Vergabe des Passwortes gelangen Sie erneut zur Anmeldemaske, \u00fcber welche die Anmeldung in der Quarant\u00e4nebox erfolgt (<a href=\"https:\/\/manage.mas.t-systems.com\/dda\">https:\/\/manage.mas.t-systems.com\/dda<\/a>). \u00a0Nach erfolgreicher Anmeldung k\u00f6nnen verschiedene Einstellungen wie z.B. zu Whitelist- und Blacklist-Eintr\u00e4gen oder die Filterung von E-Mails vorgenommen werden.<\/p>\n<hr \/>\n<p><strong>Die Junkmail-Box (Quarant\u00e4nebox)<\/strong><\/p>\n<p>Auf der Hauptseite &#8220;Junkmail-Mailbox&#8221; haben Sie die M\u00f6glichkeiten<\/p>\n<ul>\n<li>die E-Mails anzusehen,<\/li>\n<li>durch Klicken auf den Button &#8220;L\u00f6schen&#8221; die zuvor markierten E-Mails zu l\u00f6schen,<\/li>\n<li>durch Klicken auf den Button &#8220;Zustellen&#8221; die zuvor markierten E-Mails zuzustellen,<\/li>\n<li>durch Klicken auf den Button &#8220;Annehmen&#8221; die zuvor markierten E-Mails als vertrauensw\u00fcrdig einzustufen und den Absender in die pers\u00f6nliche Whitelist aufzunehmen oder<\/li>\n<li>durch Klicken auf den Button &#8220;Blockieren&#8221; die zuvor markierten E-Mails abzuweisen und den Absender in die Blacklist aufzunehmen.<\/li>\n<\/ul>\n<p>Werden f\u00fcr die betreffenden E-Mails keine Aktionen ausgel\u00f6st, werden diese nach einer einstellbaren Zeit automatisch gel\u00f6scht.<\/p>\n","protected":false},"excerpt":{"rendered":"<p>Nachdem Ihnen durch Ihren Administrator eine Quarant\u00e4nebox (Junkmail-Box) zugewiesen wurde, erhalten Sie per E-Mail in Ihr Microsoft Exchange Postfach eine Benachrichtigung \u00fcber die Einrichtung mit einem Zugangslink (URL) und Ihren initialen Zugangsdaten. Die Zustellung dieser E-Mail erfolgt jedoch erst dann, wenn an Ihre Quarant\u00e4nebox die erste Spam-E-Mail zugestellt wurde. Wie Sie Ihre Quarant\u00e4nebox bereits sofort&#8230; <a href=\"https:\/\/hilfe.telekom-cloudcenter.de\/index.php\/produkte\/microsoft-exchange\/benutzung-der-zusatzdienste\/quarantaneboxen-verwalten\/\">read more &raquo;<\/a><\/p>\n","protected":false},"author":1,"featured_media":0,"parent":721,"menu_order":0,"comment_status":"closed","ping_status":"closed","template":"","meta":{"footnotes":""},"_links":{"self":[{"href":"https:\/\/hilfe.telekom-cloudcenter.de\/index.php\/wp-json\/wp\/v2\/pages\/725"}],"collection":[{"href":"https:\/\/hilfe.telekom-cloudcenter.de\/index.php\/wp-json\/wp\/v2\/pages"}],"about":[{"href":"https:\/\/hilfe.telekom-cloudcenter.de\/index.php\/wp-json\/wp\/v2\/types\/page"}],"author":[{"embeddable":true,"href":"https:\/\/hilfe.telekom-cloudcenter.de\/index.php\/wp-json\/wp\/v2\/users\/1"}],"replies":[{"embeddable":true,"href":"https:\/\/hilfe.telekom-cloudcenter.de\/index.php\/wp-json\/wp\/v2\/comments?post=725"}],"version-history":[{"count":9,"href":"https:\/\/hilfe.telekom-cloudcenter.de\/index.php\/wp-json\/wp\/v2\/pages\/725\/revisions"}],"predecessor-version":[{"id":821,"href":"https:\/\/hilfe.telekom-cloudcenter.de\/index.php\/wp-json\/wp\/v2\/pages\/725\/revisions\/821"}],"up":[{"embeddable":true,"href":"https:\/\/hilfe.telekom-cloudcenter.de\/index.php\/wp-json\/wp\/v2\/pages\/721"}],"wp:attachment":[{"href":"https:\/\/hilfe.telekom-cloudcenter.de\/index.php\/wp-json\/wp\/v2\/media?parent=725"}],"curies":[{"name":"wp","href":"https:\/\/api.w.org\/{rel}","templated":true}]}}