{"id":740,"date":"2016-11-30T11:38:02","date_gmt":"2016-11-30T11:38:02","guid":{"rendered":"https:\/\/hilfe.telekom-cloudcenter.de\/?page_id=740"},"modified":"2016-11-30T11:39:15","modified_gmt":"2016-11-30T11:39:15","slug":"aktivierung-des-ms-push-dienstes-auf-ihrem-mobilen-endgerat","status":"publish","type":"page","link":"https:\/\/hilfe.telekom-cloudcenter.de\/index.php\/produkte\/microsoft-exchange\/benutzung-der-zusatzdienste\/aktivierung-des-ms-push-dienstes-auf-ihrem-mobilen-endgerat\/","title":{"rendered":"Aktivierung des MS-Push Dienstes auf Ihrem mobilen Endger\u00e4t"},"content":{"rendered":"<p>Die Option <strong>&#8220;Microsoft Push&#8221;<\/strong> erm\u00f6glicht drahtlosen Zugriff auf Ihr Microsoft\u00ae Exchange-Postfach mittels Active Sync \/ Push-Technologie. Voraussetzung zur Nutzung dieses Dienstes ist ein mobiles Endger\u00e4t mit dem Betriebssystem Microsoft Mobile 5 oder h\u00f6her, auch iPhone 3G oder h\u00f6her.<\/p>\n<p>Nachdem Ihr Firmenadministrator im Cloud Manager f\u00fcr Sie eine Mailbox vom Typ &#8220;Exchange L&#8221; angelegt hat, k\u00f6nnen Sie sofort Ihr mobiles Endger\u00e4t f\u00fcr Microsoft Active Sync gem\u00e4\u00df der Dokumentation ihres Endger\u00e4teherstellers einrichten \u2013 nutzbar mit allen Mobilfunkger\u00e4ten mit Windows Mobile Client, ab Version Windows Mobile 5.0, und dem Microsoft Messaging &amp; Security Feature Pack.<\/p>\n<p>Hierbei werden der Server, der Benutzername, die Dom\u00e4ne und das Kennwort abgefragt \u2013 benutzen Sie hierf\u00fcr Ihre Microsoft\u00ae Exchange-Login- \/ -Zugangsdaten.<\/p>\n<p>Beispiel:<\/p>\n<p><strong>Serveradresse:<\/strong>\u00a0 \u00a0 \u00a0 \u00a0 \u00a0 \u00a0 \u00a0 \u00a0 email.telekom-cloudcenter.de<\/p>\n<p><strong>Dom\u00e4ne:<\/strong> \u00a0\u00a0\u00a0\u00a0\u00a0\u00a0\u00a0\u00a0\u00a0\u00a0\u00a0\u00a0\u00a0\u00a0\u00a0\u00a0\u00a0\u00a0\u00a0\u00a0\u00a0\u00a0\u00a0\u00a0\u00a0\u00a0 (wird nicht ben\u00f6tigt)<\/p>\n<p><strong>Benutzername:\u00a0\u00a0\u00a0\u00a0\u00a0\u00a0\u00a0\u00a0\u00a0\u00a0 \u00a0\u00a0\u00a0<\/strong>Ihr Microsoft Exchange-Benutzername (Login-Daten)<\/p>\n<p><strong>Kennwort:\u00a0\u00a0\u00a0\u00a0\u00a0\u00a0 <\/strong>\u00a0 \u00a0 \u00a0 \u00a0 \u00a0 \u00a0 \u00a0 \u00a0 \u00a0Ihr pers\u00f6nliches Passwort.<\/p>\n<p>Damit eingehende E-Mails etc. automatisch von Ihrem Mobilfunkger\u00e4t empfangen werden k\u00f6nnen, m\u00fcssen Sie bei der Einrichtung Ihres Endger\u00e4tes beim Punkt &#8220;Kennwort speichern?&#8221; das H\u00e4kchen setzen.<\/p>\n","protected":false},"excerpt":{"rendered":"<p>Die Option &#8220;Microsoft Push&#8221; erm\u00f6glicht drahtlosen Zugriff auf Ihr Microsoft\u00ae Exchange-Postfach mittels Active Sync \/ Push-Technologie. Voraussetzung zur Nutzung dieses Dienstes ist ein mobiles Endger\u00e4t mit dem Betriebssystem Microsoft Mobile 5 oder h\u00f6her, auch iPhone 3G oder h\u00f6her. Nachdem Ihr Firmenadministrator im Cloud Manager f\u00fcr Sie eine Mailbox vom Typ &#8220;Exchange L&#8221; angelegt hat, k\u00f6nnen&#8230; <a href=\"https:\/\/hilfe.telekom-cloudcenter.de\/index.php\/produkte\/microsoft-exchange\/benutzung-der-zusatzdienste\/aktivierung-des-ms-push-dienstes-auf-ihrem-mobilen-endgerat\/\">read more &raquo;<\/a><\/p>\n","protected":false},"author":1,"featured_media":0,"parent":721,"menu_order":0,"comment_status":"closed","ping_status":"closed","template":"","meta":{"footnotes":""},"_links":{"self":[{"href":"https:\/\/hilfe.telekom-cloudcenter.de\/index.php\/wp-json\/wp\/v2\/pages\/740"}],"collection":[{"href":"https:\/\/hilfe.telekom-cloudcenter.de\/index.php\/wp-json\/wp\/v2\/pages"}],"about":[{"href":"https:\/\/hilfe.telekom-cloudcenter.de\/index.php\/wp-json\/wp\/v2\/types\/page"}],"author":[{"embeddable":true,"href":"https:\/\/hilfe.telekom-cloudcenter.de\/index.php\/wp-json\/wp\/v2\/users\/1"}],"replies":[{"embeddable":true,"href":"https:\/\/hilfe.telekom-cloudcenter.de\/index.php\/wp-json\/wp\/v2\/comments?post=740"}],"version-history":[{"count":3,"href":"https:\/\/hilfe.telekom-cloudcenter.de\/index.php\/wp-json\/wp\/v2\/pages\/740\/revisions"}],"predecessor-version":[{"id":744,"href":"https:\/\/hilfe.telekom-cloudcenter.de\/index.php\/wp-json\/wp\/v2\/pages\/740\/revisions\/744"}],"up":[{"embeddable":true,"href":"https:\/\/hilfe.telekom-cloudcenter.de\/index.php\/wp-json\/wp\/v2\/pages\/721"}],"wp:attachment":[{"href":"https:\/\/hilfe.telekom-cloudcenter.de\/index.php\/wp-json\/wp\/v2\/media?parent=740"}],"curies":[{"name":"wp","href":"https:\/\/api.w.org\/{rel}","templated":true}]}}