{"id":745,"date":"2016-11-30T11:42:09","date_gmt":"2016-11-30T11:42:09","guid":{"rendered":"https:\/\/hilfe.telekom-cloudcenter.de\/?page_id=745"},"modified":"2019-11-21T14:16:14","modified_gmt":"2019-11-21T14:16:14","slug":"ressourcenmailboxen-verwalten","status":"publish","type":"page","link":"https:\/\/hilfe.telekom-cloudcenter.de\/index.php\/produkte\/microsoft-exchange\/zugriff-auf-ihre-emails-und-exchange-daten\/ressourcenmailboxen-verwalten\/","title":{"rendered":"Ressourcenmailboxen verwalten"},"content":{"rendered":"<p>In diesem Hilfebereich erfahren Sie, wie Sie Ressourcenmailboxen f\u00fcr Termine verwenden k\u00f6nnen und wie Sie als Verwalter einer Ressourcenmailbox auf diese zugreifen k\u00f6nnen.<\/p>\n<p>\u00dcber die Mailbox-Verwaltung im Cloud Manager k\u00f6nnen Sie f\u00fcr Ihre Organisation Ressourcenmailboxen anlegen und verwalten. Ressourcenmailboxen unterscheiden sich anhand des Ressourcentyps, wonach eine Unterscheidung zwischen Raum und Equipment erfolgt.<\/p>\n<p>Wurden f\u00fcr Ihre Organisation Ressourcenmailboxen angelegt, k\u00f6nnen diese bei Besprechungen bzw. Terminen gebucht werden, indem sie der Besprechungsanfrage als Ressource hinzugef\u00fcgt werden. Ressourcenmailboxen erscheinen ebenso wie externe Kontakte und Nutzer Ihrer Organisation im globalen Exchange Adressbuch.<\/p>\n<p><a href=\"https:\/\/hilfe.telekom-cloudcenter.de\/wp-content\/uploads\/2016\/11\/2-3.png\"><img decoding=\"async\" loading=\"lazy\" class=\"alignnone size-full wp-image-749\" src=\"https:\/\/hilfe.telekom-cloudcenter.de\/wp-content\/uploads\/2016\/11\/2-3.png\" alt=\"2\" width=\"1489\" height=\"266\" srcset=\"https:\/\/hilfe.telekom-cloudcenter.de\/wp-content\/uploads\/2016\/11\/2-3.png 1489w, https:\/\/hilfe.telekom-cloudcenter.de\/wp-content\/uploads\/2016\/11\/2-3-300x54.png 300w, https:\/\/hilfe.telekom-cloudcenter.de\/wp-content\/uploads\/2016\/11\/2-3-1024x183.png 1024w\" sizes=\"(max-width: 1489px) 100vw, 1489px\" \/><\/a><\/p>\n<p>Um einen Raum als Ressource f\u00fcr eine Besprechung zu buchen, f\u00fcgen Sie die gew\u00fcnschte Ressourcenmailbox bei der Erstellung der Besprechungsanfrage unter <strong>&#8220;R\u00e4ume hinzuf\u00fcgen&#8221;<\/strong> hinzu.<\/p>\n<p><a href=\"https:\/\/hilfe.telekom-cloudcenter.de\/wp-content\/uploads\/2016\/11\/3-3.png\"><img decoding=\"async\" loading=\"lazy\" class=\"alignnone size-full wp-image-750\" src=\"https:\/\/hilfe.telekom-cloudcenter.de\/wp-content\/uploads\/2016\/11\/3-3.png\" alt=\"3\" width=\"1439\" height=\"872\" srcset=\"https:\/\/hilfe.telekom-cloudcenter.de\/wp-content\/uploads\/2016\/11\/3-3.png 1439w, https:\/\/hilfe.telekom-cloudcenter.de\/wp-content\/uploads\/2016\/11\/3-3-300x182.png 300w, https:\/\/hilfe.telekom-cloudcenter.de\/wp-content\/uploads\/2016\/11\/3-3-1024x621.png 1024w\" sizes=\"(max-width: 1439px) 100vw, 1439px\" \/><\/a><\/p>\n<p>Ob eine Ressource (Raum oder Equipment) f\u00fcr die Zeit Ihrer geplanten Besprechung verf\u00fcgbar ist, k\u00f6nnen Sie mit Hilfe des Terminplanungs-Assistenten pr\u00fcfen. F\u00fcgen Sie dazu die gew\u00fcnschte Ressource dem Termin hinzu und pr\u00fcfen Sie die Verf\u00fcgbarkeit im angezeigten Kalender.<\/p>\n<p><a href=\"https:\/\/hilfe.telekom-cloudcenter.de\/wp-content\/uploads\/2016\/11\/4-3.png\"><img decoding=\"async\" loading=\"lazy\" class=\"alignnone size-full wp-image-751\" src=\"https:\/\/hilfe.telekom-cloudcenter.de\/wp-content\/uploads\/2016\/11\/4-3.png\" alt=\"4\" width=\"1439\" height=\"870\" srcset=\"https:\/\/hilfe.telekom-cloudcenter.de\/wp-content\/uploads\/2016\/11\/4-3.png 1439w, https:\/\/hilfe.telekom-cloudcenter.de\/wp-content\/uploads\/2016\/11\/4-3-300x181.png 300w, https:\/\/hilfe.telekom-cloudcenter.de\/wp-content\/uploads\/2016\/11\/4-3-1024x619.png 1024w\" sizes=\"(max-width: 1439px) 100vw, 1439px\" \/><\/a><\/p>\n<p>F\u00fcr die Zu- und Absagen der an eine Ressourcenmailbox gestellten Termine ist der Verwalter verantwortlich. Dieser muss bei Anlage der Ressourcenmailbox im Cloud Manager angegeben werden. Um eine Ressourcenmailbox zu verwalten, muss der Verwalter auf diese Mailbox zugreifen \u2013 entweder per Einbindung der Mailbox in Microsoft Outlook oder per Outlook Web App\u00a0(OWA). In Microsoft Outlook wird Ihnen als Verwalter einer Ressourcenmailbox diese automatisch angezeigt. Starten Sie dazu ggf. Outlook neu.<\/p>\n<p><a href=\"https:\/\/hilfe.telekom-cloudcenter.de\/wp-content\/uploads\/2016\/11\/5-2.png\"><img decoding=\"async\" loading=\"lazy\" class=\"alignnone size-full wp-image-752\" src=\"https:\/\/hilfe.telekom-cloudcenter.de\/wp-content\/uploads\/2016\/11\/5-2.png\" alt=\"5\" width=\"1440\" height=\"752\" srcset=\"https:\/\/hilfe.telekom-cloudcenter.de\/wp-content\/uploads\/2016\/11\/5-2.png 1440w, https:\/\/hilfe.telekom-cloudcenter.de\/wp-content\/uploads\/2016\/11\/5-2-300x157.png 300w, https:\/\/hilfe.telekom-cloudcenter.de\/wp-content\/uploads\/2016\/11\/5-2-1024x535.png 1024w\" sizes=\"(max-width: 1440px) 100vw, 1440px\" \/><\/a><\/p>\n<hr \/>\n<p><strong>Ressourcenmailbox \u00fcber Outlook Web App \u00f6ffnen<\/strong><\/p>\n<p>\u00dcber Outlook Web App k\u00f6nnen Sie wie folgt auf eine Ressourcenmailbox zugreifen:<\/p>\n<p>\u00d6ffnen Sie Outlook Web App \u00fcber <a href=\"https:\/\/email.telekom-cloudcenter.de\"><strong>https:\/\/email.telekom-cloudcenter.de<\/strong><\/a>.<\/p>\n<p>W\u00e4hlen Sie nach der Anmeldung in Ihrem Postfach in der oberen rechten Ecke das Symbol f\u00fcr Ihre Kontoverwaltung.\u00a0W\u00e4hlen Sie anschlie\u00dfend <strong>&#8220;Weiteres Postfach \u00f6ffnen&#8221;<\/strong>.<\/p>\n<p><a href=\"https:\/\/hilfe.telekom-cloudcenter.de\/wp-content\/uploads\/2016\/11\/6-2.png\"><img decoding=\"async\" loading=\"lazy\" class=\"alignnone size-full wp-image-754\" src=\"https:\/\/hilfe.telekom-cloudcenter.de\/wp-content\/uploads\/2016\/11\/6-2.png\" alt=\"6\" width=\"384\" height=\"255\" srcset=\"https:\/\/hilfe.telekom-cloudcenter.de\/wp-content\/uploads\/2016\/11\/6-2.png 384w, https:\/\/hilfe.telekom-cloudcenter.de\/wp-content\/uploads\/2016\/11\/6-2-300x199.png 300w\" sizes=\"(max-width: 384px) 100vw, 384px\" \/><\/a><\/p>\n<p>Geben Sie im nachfolgenden Suchfeld den Name oder die E-Mailadresse der Ressourcenmailbox ein und w\u00e4hlen Sie <strong>&#8220;Verzeichnis durchsuchen&#8221;<\/strong>.<\/p>\n<p><a href=\"https:\/\/hilfe.telekom-cloudcenter.de\/wp-content\/uploads\/2016\/11\/7-3.png\"><img decoding=\"async\" loading=\"lazy\" class=\"alignnone size-full wp-image-756\" src=\"https:\/\/hilfe.telekom-cloudcenter.de\/wp-content\/uploads\/2016\/11\/7-3.png\" alt=\"7\" width=\"370\" height=\"178\" srcset=\"https:\/\/hilfe.telekom-cloudcenter.de\/wp-content\/uploads\/2016\/11\/7-3.png 370w, https:\/\/hilfe.telekom-cloudcenter.de\/wp-content\/uploads\/2016\/11\/7-3-300x144.png 300w\" sizes=\"(max-width: 370px) 100vw, 370px\" \/><\/a><\/p>\n<p>W\u00e4hlen Sie aus den Suchergebnissen die gew\u00fcnschte Ressourcenmailbox aus und w\u00e4hlen Sie <strong>&#8220;\u00d6ffnen&#8221;<\/strong>.<\/p>\n<p><a href=\"https:\/\/hilfe.telekom-cloudcenter.de\/wp-content\/uploads\/2016\/11\/8-2.png\"><img decoding=\"async\" loading=\"lazy\" class=\"alignnone size-full wp-image-757\" src=\"https:\/\/hilfe.telekom-cloudcenter.de\/wp-content\/uploads\/2016\/11\/8-2.png\" alt=\"8\" width=\"365\" height=\"221\" srcset=\"https:\/\/hilfe.telekom-cloudcenter.de\/wp-content\/uploads\/2016\/11\/8-2.png 365w, https:\/\/hilfe.telekom-cloudcenter.de\/wp-content\/uploads\/2016\/11\/8-2-300x182.png 300w\" sizes=\"(max-width: 365px) 100vw, 365px\" \/><\/a><\/p>\n<hr \/>\n<p><strong>Einstellungen einer Ressourcenmailbox \u00e4ndern<\/strong><\/p>\n<p>Greifen Sie zun\u00e4chst wie oben beschrieben \u00fcber Outlook Web App auf die Ressourcenbox zu. W\u00e4hlen Sie anschlie\u00dfend im oberen rechten Bereich das &#8220;Zahnrad-Symbol&#8221; und dort den Men\u00fcpunkt &#8220;Optionen&#8221;.<\/p>\n<p><a href=\"https:\/\/hilfe.telekom-cloudcenter.de\/wp-content\/uploads\/2016\/11\/9-2.png\"><img decoding=\"async\" loading=\"lazy\" class=\"alignnone size-full wp-image-760\" src=\"https:\/\/hilfe.telekom-cloudcenter.de\/wp-content\/uploads\/2016\/11\/9-2.png\" alt=\"9\" width=\"229\" height=\"257\" \/><\/a><\/p>\n<p>W\u00e4hlen Sie nun im linken unteren Bereich den Men\u00fcpunkt <strong>&#8220;Weitere&#8221;<\/strong> und anschlie\u00dfend im rechten Bereich <strong>&#8220;Zur fr\u00fcheren Version wechseln&#8221;<\/strong>.<\/p>\n<p><a href=\"https:\/\/hilfe.telekom-cloudcenter.de\/wp-content\/uploads\/2016\/11\/9-1.png\"><img decoding=\"async\" loading=\"lazy\" class=\"alignnone size-full wp-image-712\" src=\"https:\/\/hilfe.telekom-cloudcenter.de\/wp-content\/uploads\/2016\/11\/9-1.png\" alt=\"9\" width=\"1098\" height=\"636\" srcset=\"https:\/\/hilfe.telekom-cloudcenter.de\/wp-content\/uploads\/2016\/11\/9-1.png 1098w, https:\/\/hilfe.telekom-cloudcenter.de\/wp-content\/uploads\/2016\/11\/9-1-300x174.png 300w, https:\/\/hilfe.telekom-cloudcenter.de\/wp-content\/uploads\/2016\/11\/9-1-1024x593.png 1024w\" sizes=\"(max-width: 1098px) 100vw, 1098px\" \/><\/a><\/p>\n<p>W\u00e4hlen Sie nun den Men\u00fcpunkt <strong>&#8220;Einstellungen&#8221;<\/strong> im linken Bereich und nehmen Sie anschlie\u00dfend die gew\u00fcnschten Einstellungen vor. Beispielsweise k\u00f6nnen Sie unter <strong>&#8220;Planungsoptionen&#8221;<\/strong> einstellen, dass Besprechungsanfragen automatisch beantwortet werden, ohne dass der Verwalter reagieren muss.<\/p>\n<p><a href=\"https:\/\/hilfe.telekom-cloudcenter.de\/wp-content\/uploads\/2016\/11\/10-2.png\"><img decoding=\"async\" loading=\"lazy\" class=\"alignnone size-full wp-image-761\" src=\"https:\/\/hilfe.telekom-cloudcenter.de\/wp-content\/uploads\/2016\/11\/10-2.png\" alt=\"10\" width=\"1914\" height=\"1027\" srcset=\"https:\/\/hilfe.telekom-cloudcenter.de\/wp-content\/uploads\/2016\/11\/10-2.png 1914w, https:\/\/hilfe.telekom-cloudcenter.de\/wp-content\/uploads\/2016\/11\/10-2-300x161.png 300w, https:\/\/hilfe.telekom-cloudcenter.de\/wp-content\/uploads\/2016\/11\/10-2-1024x549.png 1024w\" sizes=\"(max-width: 1914px) 100vw, 1914px\" \/><\/a><\/p>\n","protected":false},"excerpt":{"rendered":"<p>In diesem Hilfebereich erfahren Sie, wie Sie Ressourcenmailboxen f\u00fcr Termine verwenden k\u00f6nnen und wie Sie als Verwalter einer Ressourcenmailbox auf diese zugreifen k\u00f6nnen. \u00dcber die Mailbox-Verwaltung im Cloud Manager k\u00f6nnen Sie f\u00fcr Ihre Organisation Ressourcenmailboxen anlegen und verwalten. Ressourcenmailboxen unterscheiden sich anhand des Ressourcentyps, wonach eine Unterscheidung zwischen Raum und Equipment erfolgt. Wurden f\u00fcr Ihre&#8230; <a href=\"https:\/\/hilfe.telekom-cloudcenter.de\/index.php\/produkte\/microsoft-exchange\/zugriff-auf-ihre-emails-und-exchange-daten\/ressourcenmailboxen-verwalten\/\">read more &raquo;<\/a><\/p>\n","protected":false},"author":1,"featured_media":0,"parent":486,"menu_order":0,"comment_status":"closed","ping_status":"closed","template":"","meta":{"footnotes":""},"_links":{"self":[{"href":"https:\/\/hilfe.telekom-cloudcenter.de\/index.php\/wp-json\/wp\/v2\/pages\/745"}],"collection":[{"href":"https:\/\/hilfe.telekom-cloudcenter.de\/index.php\/wp-json\/wp\/v2\/pages"}],"about":[{"href":"https:\/\/hilfe.telekom-cloudcenter.de\/index.php\/wp-json\/wp\/v2\/types\/page"}],"author":[{"embeddable":true,"href":"https:\/\/hilfe.telekom-cloudcenter.de\/index.php\/wp-json\/wp\/v2\/users\/1"}],"replies":[{"embeddable":true,"href":"https:\/\/hilfe.telekom-cloudcenter.de\/index.php\/wp-json\/wp\/v2\/comments?post=745"}],"version-history":[{"count":5,"href":"https:\/\/hilfe.telekom-cloudcenter.de\/index.php\/wp-json\/wp\/v2\/pages\/745\/revisions"}],"predecessor-version":[{"id":4821,"href":"https:\/\/hilfe.telekom-cloudcenter.de\/index.php\/wp-json\/wp\/v2\/pages\/745\/revisions\/4821"}],"up":[{"embeddable":true,"href":"https:\/\/hilfe.telekom-cloudcenter.de\/index.php\/wp-json\/wp\/v2\/pages\/486"}],"wp:attachment":[{"href":"https:\/\/hilfe.telekom-cloudcenter.de\/index.php\/wp-json\/wp\/v2\/media?parent=745"}],"curies":[{"name":"wp","href":"https:\/\/api.w.org\/{rel}","templated":true}]}}