{"id":769,"date":"2016-12-01T10:58:42","date_gmt":"2016-12-01T10:58:42","guid":{"rendered":"https:\/\/hilfe.telekom-cloudcenter.de\/?page_id=769"},"modified":"2016-12-01T11:00:14","modified_gmt":"2016-12-01T11:00:14","slug":"allgemeine-erlauterungen","status":"publish","type":"page","link":"https:\/\/hilfe.telekom-cloudcenter.de\/index.php\/produkte\/microsoft-exchange\/benutzung-der-zusatzdienste\/quarantaneboxen-verwalten\/allgemeine-erlauterungen\/","title":{"rendered":"Allgemeine Erl\u00e4uterungen"},"content":{"rendered":"<p><strong>Administration<\/strong><\/p>\n<p><a href=\"https:\/\/hilfe.telekom-cloudcenter.de\/wp-content\/uploads\/2016\/12\/4.jpg\"><img decoding=\"async\" loading=\"lazy\" class=\"alignnone size-full wp-image-770\" src=\"https:\/\/hilfe.telekom-cloudcenter.de\/wp-content\/uploads\/2016\/12\/4.jpg\" alt=\"4\" width=\"659\" height=\"324\" srcset=\"https:\/\/hilfe.telekom-cloudcenter.de\/wp-content\/uploads\/2016\/12\/4.jpg 659w, https:\/\/hilfe.telekom-cloudcenter.de\/wp-content\/uploads\/2016\/12\/4-300x147.jpg 300w\" sizes=\"(max-width: 659px) 100vw, 659px\" \/><\/a><\/p>\n<p><strong><em>Suchfeld <\/em><\/strong><\/p>\n<p>Geben Sie hier den von Ihnen gesuchten Begriff oder einen Teil davon ein und klicken anschlie\u00dfend auf <em>Filtern <\/em>(Wildcard: %).<\/p>\n<p><strong><em>Filterkriterien <\/em><\/strong><\/p>\n<p>Je nach Men\u00fcpunkt gibt es verschiedene Kriterien, nach denen gefiltert werden kann. Bitte w\u00e4hlen Sie den entsprechenden Eintrag aus.<\/p>\n<p><strong><em>Filtern <\/em><\/strong><\/p>\n<p>Durch Klick auf diesen Button, wird die Datenbank nach dem von Ihnen eingegebenen Begriff gefiltert und entsprechend angezeigt.<\/p>\n<p><strong><em>Alle <\/em><\/strong><\/p>\n<p>Mit diesem Button haben Sie die M\u00f6glichkeit, das Suchfeld zu leeren und wieder alle Datens\u00e4tze anzeigen zu lassen.<\/p>\n<p>Im Bearbeitungsmodus eines Datensatzes gelangen Sie hier\u00fcber wieder in die Administration (wie Button <em><u>Zur\u00fcck zur Tabelle<\/u><\/em>). Eventuell vorgenommene \u00c4nderungen werden verworfen.<\/p>\n<p><strong><em>Aktion <\/em><\/strong><\/p>\n<ul>\n<li><strong><em>Optionen:<\/em><\/strong>\n<ul>\n<li><strong><em>L\u00f6schen<\/em><\/strong>\n<ul>\n<li>Die von Ihnen ausgew\u00e4hlte Zeile wird endg\u00fcltig gel\u00f6scht. Es erfolgt nochmals eine Sicherheitsabfrage. Sobald die Abfrage mit OK best\u00e4tigt wurde kann die Aktion nicht mehr r\u00fcckg\u00e4ngig gemacht werden.<\/li>\n<\/ul>\n<\/li>\n<li><strong><em>Bearbeiten<\/em><\/strong>\n<ul>\n<li>Die Maske zum Editieren dieses Eintrages wird ge\u00f6ffnet und Sie k\u00f6nnen \u00c4nderungen vornehmen und speichern bzw. ohne zu speichern \u00fcber den Button <em><u>Zur\u00fcck zur Tabelle<\/u> \u00a0<\/em>wieder in die vorige Ansicht wechseln.<\/li>\n<\/ul>\n<\/li>\n<li><strong><em>Deaktivieren \/Aktivieren<\/em><\/strong>\n<ul>\n<li>Hier kann der ausgew\u00e4hlte Datenbankeintrag deaktiviert (Button wird rot) oder wieder aktiviert (Button wird gr\u00fcn) werden. Bitte beachten Sie, dass diese Aktion ohne Zeitverz\u00f6gerung umgesetzt wird und die entsprechende Domain etc. dann nicht mehr genutzt werden kann.<\/li>\n<\/ul>\n<\/li>\n<\/ul>\n<\/li>\n<\/ul>\n<p><strong><em>Anzahl angezeigte Datens\u00e4tze pro Seite <\/em><\/strong><\/p>\n<p>Stellen Sie die Anzahl der Datens\u00e4tze ein, die pro Seite auf Ihrem Monitor angezeigt werden sollen.<\/p>\n<ul>\n<li><strong><em>Optionen: <\/em><\/strong>\n<ul>\n<li>10<\/li>\n<li>15<\/li>\n<li>20<\/li>\n<li>30<\/li>\n<li>50<\/li>\n<\/ul>\n<\/li>\n<\/ul>\n<p><strong><em>Seitenzahl <\/em><\/strong><\/p>\n<p>Anzeige der Gesamtseiten sowie der aktuellen Seite, auf der Sie sich momentan befinden.<\/p>\n<p><strong><em>Anzahl Datens\u00e4tze <\/em><\/strong><\/p>\n<p>Anzeige der Gesamtzahl aller Datens\u00e4tze.<\/p>\n<p><strong><em>Neue Domain anlegen <\/em><\/strong><\/p>\n<p>Die Neuanlage von Eintr\u00e4gen erfolgt \u00fcber diesen Button.<\/p>\n<hr \/>\n<p><strong>Bearbeiten<\/strong><\/p>\n<p><a href=\"https:\/\/hilfe.telekom-cloudcenter.de\/wp-content\/uploads\/2016\/12\/5.jpg\"><img decoding=\"async\" loading=\"lazy\" class=\"alignnone size-full wp-image-772\" src=\"https:\/\/hilfe.telekom-cloudcenter.de\/wp-content\/uploads\/2016\/12\/5.jpg\" alt=\"5\" width=\"601\" height=\"451\" srcset=\"https:\/\/hilfe.telekom-cloudcenter.de\/wp-content\/uploads\/2016\/12\/5.jpg 601w, https:\/\/hilfe.telekom-cloudcenter.de\/wp-content\/uploads\/2016\/12\/5-300x225.jpg 300w\" sizes=\"(max-width: 601px) 100vw, 601px\" \/><\/a><\/p>\n<p><strong><em>Erstellt <\/em><\/strong><\/p>\n<p>Hier ist ersichtlich, wann der ausgew\u00e4hlte Eintrag erstellt wurde.<\/p>\n<p><strong><em>Ge\u00e4ndert <\/em><\/strong><\/p>\n<p>Zu diesem Datum wurde die letzte \u00c4nderung an diesem Eintrag vorgenommen.<\/p>\n<p><strong><em>Speichern <\/em><\/strong><\/p>\n<p>Mit dem Button <em><u>Speichern<\/u><\/em> \u00a0werde alle bis zu diesem Zeitpunkt vorgenommenen \u00c4nderungen gespeichert.<\/p>\n<p><strong><em>Zur\u00fcck zur Tabelle <\/em><\/strong><\/p>\n<p>Mit diesem Button gelangen Sie zur\u00fcck zum Men\u00fc Administration. Eventuell vorgenommene \u00c4nderungen werden verworfen.<\/p>\n","protected":false},"excerpt":{"rendered":"<p>Administration Suchfeld Geben Sie hier den von Ihnen gesuchten Begriff oder einen Teil davon ein und klicken anschlie\u00dfend auf Filtern (Wildcard: %). Filterkriterien Je nach Men\u00fcpunkt gibt es verschiedene Kriterien, nach denen gefiltert werden kann. Bitte w\u00e4hlen Sie den entsprechenden Eintrag aus. Filtern Durch Klick auf diesen Button, wird die Datenbank nach dem von Ihnen&#8230; <a href=\"https:\/\/hilfe.telekom-cloudcenter.de\/index.php\/produkte\/microsoft-exchange\/benutzung-der-zusatzdienste\/quarantaneboxen-verwalten\/allgemeine-erlauterungen\/\">read more &raquo;<\/a><\/p>\n","protected":false},"author":1,"featured_media":0,"parent":725,"menu_order":0,"comment_status":"closed","ping_status":"closed","template":"","meta":{"footnotes":""},"_links":{"self":[{"href":"https:\/\/hilfe.telekom-cloudcenter.de\/index.php\/wp-json\/wp\/v2\/pages\/769"}],"collection":[{"href":"https:\/\/hilfe.telekom-cloudcenter.de\/index.php\/wp-json\/wp\/v2\/pages"}],"about":[{"href":"https:\/\/hilfe.telekom-cloudcenter.de\/index.php\/wp-json\/wp\/v2\/types\/page"}],"author":[{"embeddable":true,"href":"https:\/\/hilfe.telekom-cloudcenter.de\/index.php\/wp-json\/wp\/v2\/users\/1"}],"replies":[{"embeddable":true,"href":"https:\/\/hilfe.telekom-cloudcenter.de\/index.php\/wp-json\/wp\/v2\/comments?post=769"}],"version-history":[{"count":2,"href":"https:\/\/hilfe.telekom-cloudcenter.de\/index.php\/wp-json\/wp\/v2\/pages\/769\/revisions"}],"predecessor-version":[{"id":773,"href":"https:\/\/hilfe.telekom-cloudcenter.de\/index.php\/wp-json\/wp\/v2\/pages\/769\/revisions\/773"}],"up":[{"embeddable":true,"href":"https:\/\/hilfe.telekom-cloudcenter.de\/index.php\/wp-json\/wp\/v2\/pages\/725"}],"wp:attachment":[{"href":"https:\/\/hilfe.telekom-cloudcenter.de\/index.php\/wp-json\/wp\/v2\/media?parent=769"}],"curies":[{"name":"wp","href":"https:\/\/api.w.org\/{rel}","templated":true}]}}