{"id":785,"date":"2016-12-01T11:07:50","date_gmt":"2016-12-01T11:07:50","guid":{"rendered":"https:\/\/hilfe.telekom-cloudcenter.de\/?page_id=785"},"modified":"2016-12-01T11:11:49","modified_gmt":"2016-12-01T11:11:49","slug":"routing-administration","status":"publish","type":"page","link":"https:\/\/hilfe.telekom-cloudcenter.de\/index.php\/produkte\/microsoft-exchange\/benutzung-der-zusatzdienste\/quarantaneboxen-verwalten\/routing-administration\/","title":{"rendered":"Routing &#8211; Administration"},"content":{"rendered":"<p>Anlage von E-Mail-Adressen und Domainrouten. Alle Domains, die hier verwendet werden, m\u00fcssen zun\u00e4chst im Men\u00fc <em><u>Domain<\/u> \u00a0<\/em>im System bekannt gemacht werden.<br \/>\n<a href=\"https:\/\/hilfe.telekom-cloudcenter.de\/wp-content\/uploads\/2016\/12\/10.jpg\"><img decoding=\"async\" loading=\"lazy\" class=\"alignnone size-full wp-image-787\" src=\"https:\/\/hilfe.telekom-cloudcenter.de\/wp-content\/uploads\/2016\/12\/10.jpg\" alt=\"10\" width=\"800\" height=\"304\" srcset=\"https:\/\/hilfe.telekom-cloudcenter.de\/wp-content\/uploads\/2016\/12\/10.jpg 800w, https:\/\/hilfe.telekom-cloudcenter.de\/wp-content\/uploads\/2016\/12\/10-300x114.jpg 300w\" sizes=\"(max-width: 800px) 100vw, 800px\" \/><\/a><\/p>\n<p><strong><em>Neuen Benutzer anlegen <\/em><\/strong><\/p>\n<p>Die Neuanlage von Benutzern erfolgt \u00fcber diesen Button.<\/p>\n<p><strong><em>Filterkriterien <\/em><\/strong><\/p>\n<ul>\n<li>Benutzername<\/li>\n<li>Routing COS<\/li>\n<li>Mailhost<\/li>\n<li>Domain<\/li>\n<\/ul>\n<p><strong><em>Benutzername <\/em><\/strong><\/p>\n<p>Komplette E-Mail-Adresse des Benutzers.<\/p>\n<p><strong><em>Routing COS <\/em><\/strong><\/p>\n<p>Service-Klasse, die dem Benutzer zugeordnet wurde.<\/p>\n<p><strong><em>Domain <\/em><\/strong><\/p>\n<p>Domain des jeweiligen Benutzers.<\/p>\n<hr \/>\n<p><strong>Neuen Benutzer anlegen<\/strong><\/p>\n<p><a href=\"https:\/\/hilfe.telekom-cloudcenter.de\/wp-content\/uploads\/2016\/12\/11.jpg\"><img decoding=\"async\" loading=\"lazy\" class=\"alignnone size-full wp-image-789\" src=\"https:\/\/hilfe.telekom-cloudcenter.de\/wp-content\/uploads\/2016\/12\/11.jpg\" alt=\"11\" width=\"724\" height=\"401\" srcset=\"https:\/\/hilfe.telekom-cloudcenter.de\/wp-content\/uploads\/2016\/12\/11.jpg 724w, https:\/\/hilfe.telekom-cloudcenter.de\/wp-content\/uploads\/2016\/12\/11-300x166.jpg 300w\" sizes=\"(max-width: 724px) 100vw, 724px\" \/><\/a><\/p>\n<p><strong><em>Benutzername <\/em><\/strong><\/p>\n<p>Angabe der Standard E-Mail-Adresse oder Domain (@example.com).<\/p>\n<p><strong><em>Name <\/em><\/strong><\/p>\n<p>Freitext.<\/p>\n<p><strong><em>Mailhost <\/em><\/strong><\/p>\n<p>Mailserver oder Hostliste angeben.<\/p>\n<ul>\n<li>Beispiel: &#8220;1.2.3.4:testdomain.de\/MX:notfall.testdomain.de&#8221;\n<p>Die Hostliste kann in beliebiger Folge, durch \u201c:\u201c getrennt, enthalten:<\/p>\n<ul>\n<li>IP-Adresse<\/li>\n<li>A-Record<\/li>\n<li>MX-Record<\/li>\n<\/ul>\n<\/li>\n<\/ul>\n<p><strong><em>Junkmail Host <\/em><\/strong><\/p>\n<p>Das System, auf dem sich die Junkmailbox f\u00fcr diesen Eintrag befindet. Junkmail Manager oder Hostliste<sup>1<\/sup> angeben.<\/p>\n<p><strong><em>Routing COS <\/em><\/strong><\/p>\n<p>Entsprechende Service-Klasse ausw\u00e4hlen. Sollten der Domain und einzelnen Benutzern der Domain gleichzeitig unterschiedliche Service-Klassen zugewiesen sein, &#8220;gewinnen&#8221; die Einstellungen des Benutzers (&#8220;Most specific pattern wins&#8221;).<\/p>\n<p><strong><em>Rewrite Envelope <\/em><\/strong><\/p>\n<p>\u00dcberschreibung der Envelope rcpt to Adresse (!Nur f\u00fcr Experten!).<\/p>\n<p><strong><em>Quarant\u00e4ne Mailbox <\/em><\/strong><\/p>\n<p>Quarant\u00e4ne-Server oder Hostliste1 angeben. System auf dem sich die Virus-Quarant\u00e4ne f\u00fcr infizierte E-Mails befindet.<\/p>\n<p><strong><em>Aktiv <\/em><\/strong><\/p>\n<p>Aktivieren oder deaktivieren Sie einen Benutzer-Eintrag. Diese Box erf\u00fcllt die gleiche Aufgabe wie Deaktivieren in der Routing Administration (siehe Spalte Aktion).<\/p>\n<hr \/>\n<p><strong>Benutzer bearbeiten<\/strong><\/p>\n<p><a href=\"https:\/\/hilfe.telekom-cloudcenter.de\/wp-content\/uploads\/2016\/12\/12.jpg\"><img decoding=\"async\" loading=\"lazy\" class=\"alignnone size-full wp-image-790\" src=\"https:\/\/hilfe.telekom-cloudcenter.de\/wp-content\/uploads\/2016\/12\/12.jpg\" alt=\"12\" width=\"754\" height=\"774\" srcset=\"https:\/\/hilfe.telekom-cloudcenter.de\/wp-content\/uploads\/2016\/12\/12.jpg 754w, https:\/\/hilfe.telekom-cloudcenter.de\/wp-content\/uploads\/2016\/12\/12-292x300.jpg 292w, https:\/\/hilfe.telekom-cloudcenter.de\/wp-content\/uploads\/2016\/12\/12-300x308.jpg 300w\" sizes=\"(max-width: 754px) 100vw, 754px\" \/><\/a><\/p>\n<p><strong><em>Aliasse <\/em><\/strong><\/p>\n<p>Es k\u00f6nnen jedem Benutzer- oder Domain-Eintrag beliebig viele Alias-Adressen zugewiesen werden. Auch Alias-Domains m\u00fcssen zun\u00e4chst unter dem Men\u00fcpunkt <em><u>Domain<\/u><\/em> \u00a0im System bekannt gemacht worden sein. Andernfalls wird eine Fehlermeldung ausgegeben.<\/p>\n<p><strong><em>Adresse <\/em><\/strong><\/p>\n<p>Geben Sie hier die komplette E-Mail-Adresse oder nur die Domain f\u00fcr den Alias-Eintrag ein.<\/p>\n<p><strong><em>Aktiv <\/em><\/strong><\/p>\n<p>Zur tempor\u00e4ren Abschaltung ist die Deaktivierung einzelner Aliasse m\u00f6glich.<\/p>\n<p><strong><em>Alias speichern <\/em><\/strong><\/p>\n<p>Der neue Alias-Eintrag bzw. vorgenommene \u00c4nderungen werden abgespeichert.<\/p>\n<p><strong><em>Neuen Alias anlegen <\/em><\/strong><\/p>\n<p>Legen Sie hier einen neuen Alias an. Domain-Eintr\u00e4ge d\u00fcrfen keine Benutzer-Aliasse und Benutzer-Eintr\u00e4ge keine Domain-Aliasse haben.<\/p>\n","protected":false},"excerpt":{"rendered":"<p>Anlage von E-Mail-Adressen und Domainrouten. Alle Domains, die hier verwendet werden, m\u00fcssen zun\u00e4chst im Men\u00fc Domain \u00a0im System bekannt gemacht werden. Neuen Benutzer anlegen Die Neuanlage von Benutzern erfolgt \u00fcber diesen Button. Filterkriterien Benutzername Routing COS Mailhost Domain Benutzername Komplette E-Mail-Adresse des Benutzers. Routing COS Service-Klasse, die dem Benutzer zugeordnet wurde. Domain Domain des jeweiligen&#8230; <a href=\"https:\/\/hilfe.telekom-cloudcenter.de\/index.php\/produkte\/microsoft-exchange\/benutzung-der-zusatzdienste\/quarantaneboxen-verwalten\/routing-administration\/\">read more &raquo;<\/a><\/p>\n","protected":false},"author":1,"featured_media":0,"parent":725,"menu_order":0,"comment_status":"closed","ping_status":"closed","template":"","meta":{"footnotes":""},"_links":{"self":[{"href":"https:\/\/hilfe.telekom-cloudcenter.de\/index.php\/wp-json\/wp\/v2\/pages\/785"}],"collection":[{"href":"https:\/\/hilfe.telekom-cloudcenter.de\/index.php\/wp-json\/wp\/v2\/pages"}],"about":[{"href":"https:\/\/hilfe.telekom-cloudcenter.de\/index.php\/wp-json\/wp\/v2\/types\/page"}],"author":[{"embeddable":true,"href":"https:\/\/hilfe.telekom-cloudcenter.de\/index.php\/wp-json\/wp\/v2\/users\/1"}],"replies":[{"embeddable":true,"href":"https:\/\/hilfe.telekom-cloudcenter.de\/index.php\/wp-json\/wp\/v2\/comments?post=785"}],"version-history":[{"count":3,"href":"https:\/\/hilfe.telekom-cloudcenter.de\/index.php\/wp-json\/wp\/v2\/pages\/785\/revisions"}],"predecessor-version":[{"id":791,"href":"https:\/\/hilfe.telekom-cloudcenter.de\/index.php\/wp-json\/wp\/v2\/pages\/785\/revisions\/791"}],"up":[{"embeddable":true,"href":"https:\/\/hilfe.telekom-cloudcenter.de\/index.php\/wp-json\/wp\/v2\/pages\/725"}],"wp:attachment":[{"href":"https:\/\/hilfe.telekom-cloudcenter.de\/index.php\/wp-json\/wp\/v2\/media?parent=785"}],"curies":[{"name":"wp","href":"https:\/\/api.w.org\/{rel}","templated":true}]}}