{"id":79,"date":"2016-10-20T14:01:10","date_gmt":"2016-10-20T14:01:10","guid":{"rendered":"https:\/\/hilfe.telekom-cloudcenter.de\/?page_id=79"},"modified":"2016-10-20T14:57:04","modified_gmt":"2016-10-20T14:57:04","slug":"domain-loschen","status":"publish","type":"page","link":"https:\/\/hilfe.telekom-cloudcenter.de\/index.php\/domainverwaltung\/domain-loschen\/","title":{"rendered":"Domain l\u00f6schen"},"content":{"rendered":"<p>Um eine Domain zu l\u00f6schen, w\u00e4hlen Sie die Schaltfl\u00e4che <strong>&#8220;Domain l\u00f6schen&#8221;<\/strong> in der Anzeige der Domaindetails und best\u00e4tigen die anschlie\u00dfende Sicherheitsabfrage mit <strong>&#8220;Ok&#8221;<\/strong>.<\/p>\n<p>Bitte beachten Sie, dass eine Domain nur dann gel\u00f6scht werden kann, wenn diese weder f\u00fcr Nutzer-Logins noch f\u00fcr produktspezifische Zuweisungen wie z.B. E-Mail-Adressen verwendet wird.<\/p>\n<p>Die Funktion <strong>&#8220;Domain l\u00f6schen&#8221;<\/strong> kann nur f\u00fcr extern gehostete Domains (Status &#8220;fremdgehostet&#8221;) genutzt werden. F\u00fcr Domains, die \u00fcber den Cloud Manager registriert wurden (Status &#8220;registriert&#8221;) nutzen Sie bitte die Funktion <a href=\"https:\/\/hilfe.telekom-cloudcenter.de\/index.php\/domainverwaltung\/domain-kundigen\/\"><strong>&#8220;Domain k\u00fcndigen&#8221;<\/strong><\/a>.<\/p>\n","protected":false},"excerpt":{"rendered":"<p>Um eine Domain zu l\u00f6schen, w\u00e4hlen Sie die Schaltfl\u00e4che &#8220;Domain l\u00f6schen&#8221; in der Anzeige der Domaindetails und best\u00e4tigen die anschlie\u00dfende Sicherheitsabfrage mit &#8220;Ok&#8221;. Bitte beachten Sie, dass eine Domain nur dann gel\u00f6scht werden kann, wenn diese weder f\u00fcr Nutzer-Logins noch f\u00fcr produktspezifische Zuweisungen wie z.B. E-Mail-Adressen verwendet wird. Die Funktion &#8220;Domain l\u00f6schen&#8221; kann nur f\u00fcr&#8230; <a href=\"https:\/\/hilfe.telekom-cloudcenter.de\/index.php\/domainverwaltung\/domain-loschen\/\">read more &raquo;<\/a><\/p>\n","protected":false},"author":1,"featured_media":0,"parent":56,"menu_order":0,"comment_status":"closed","ping_status":"closed","template":"","meta":{"footnotes":""},"_links":{"self":[{"href":"https:\/\/hilfe.telekom-cloudcenter.de\/index.php\/wp-json\/wp\/v2\/pages\/79"}],"collection":[{"href":"https:\/\/hilfe.telekom-cloudcenter.de\/index.php\/wp-json\/wp\/v2\/pages"}],"about":[{"href":"https:\/\/hilfe.telekom-cloudcenter.de\/index.php\/wp-json\/wp\/v2\/types\/page"}],"author":[{"embeddable":true,"href":"https:\/\/hilfe.telekom-cloudcenter.de\/index.php\/wp-json\/wp\/v2\/users\/1"}],"replies":[{"embeddable":true,"href":"https:\/\/hilfe.telekom-cloudcenter.de\/index.php\/wp-json\/wp\/v2\/comments?post=79"}],"version-history":[{"count":3,"href":"https:\/\/hilfe.telekom-cloudcenter.de\/index.php\/wp-json\/wp\/v2\/pages\/79\/revisions"}],"predecessor-version":[{"id":103,"href":"https:\/\/hilfe.telekom-cloudcenter.de\/index.php\/wp-json\/wp\/v2\/pages\/79\/revisions\/103"}],"up":[{"embeddable":true,"href":"https:\/\/hilfe.telekom-cloudcenter.de\/index.php\/wp-json\/wp\/v2\/pages\/56"}],"wp:attachment":[{"href":"https:\/\/hilfe.telekom-cloudcenter.de\/index.php\/wp-json\/wp\/v2\/media?parent=79"}],"curies":[{"name":"wp","href":"https:\/\/api.w.org\/{rel}","templated":true}]}}