{"id":792,"date":"2016-12-01T11:12:32","date_gmt":"2016-12-01T11:12:32","guid":{"rendered":"https:\/\/hilfe.telekom-cloudcenter.de\/?page_id=792"},"modified":"2016-12-01T11:28:20","modified_gmt":"2016-12-01T11:28:20","slug":"routing-cos-administration","status":"publish","type":"page","link":"https:\/\/hilfe.telekom-cloudcenter.de\/index.php\/produkte\/microsoft-exchange\/benutzung-der-zusatzdienste\/quarantaneboxen-verwalten\/routing-cos-administration\/","title":{"rendered":"Routing &#8211; COS Administration"},"content":{"rendered":"<p>Service-Klassen (Class of Service -&gt; COS) k\u00f6nnen f\u00fcr Domains oder einzelne Benutzer erstellt werden.<\/p>\n<p><a href=\"https:\/\/hilfe.telekom-cloudcenter.de\/wp-content\/uploads\/2016\/12\/13.jpg\"><img decoding=\"async\" loading=\"lazy\" class=\"alignnone size-full wp-image-794\" src=\"https:\/\/hilfe.telekom-cloudcenter.de\/wp-content\/uploads\/2016\/12\/13.jpg\" alt=\"13\" width=\"670\" height=\"320\" srcset=\"https:\/\/hilfe.telekom-cloudcenter.de\/wp-content\/uploads\/2016\/12\/13.jpg 670w, https:\/\/hilfe.telekom-cloudcenter.de\/wp-content\/uploads\/2016\/12\/13-300x143.jpg 300w\" sizes=\"(max-width: 670px) 100vw, 670px\" \/><\/a><\/p>\n<p><strong><em>Neue Routing COS anlegen <\/em><\/strong><\/p>\n<p>Die Neuanlage von Service-Klassen erfolgt \u00fcber diesen Button.<\/p>\n<p><strong><em>Filterkriterien <\/em><\/strong><\/p>\n<ul>\n<li>Routing COS<\/li>\n<li>Spam Tag<\/li>\n<li>Black Tag<\/li>\n<\/ul>\n<p><strong><em>Routing COS <\/em><\/strong><\/p>\n<p>Bezeichnung der Service-Klasse mit Domain, f\u00fcr die die COS erstellt wurde.<\/p>\n<p><strong><em>Spam Tag <\/em><\/strong><\/p>\n<p>String, mit dem die Betreffzeile bei identifiziertem Spam markiert wird.<\/p>\n<p><strong><em>Black Tag <\/em><\/strong><\/p>\n<p>String, mit dem die Betreffzeile markiert wird, falls der Sender auf der RBL gelistet ist.<\/p>\n<hr \/>\n<p><strong>Neue Routing COS anlegen<\/strong><\/p>\n<p><a href=\"https:\/\/hilfe.telekom-cloudcenter.de\/wp-content\/uploads\/2016\/12\/14.jpg\"><img decoding=\"async\" loading=\"lazy\" class=\"alignnone size-full wp-image-796\" src=\"https:\/\/hilfe.telekom-cloudcenter.de\/wp-content\/uploads\/2016\/12\/14.jpg\" alt=\"14\" width=\"636\" height=\"158\" srcset=\"https:\/\/hilfe.telekom-cloudcenter.de\/wp-content\/uploads\/2016\/12\/14.jpg 636w, https:\/\/hilfe.telekom-cloudcenter.de\/wp-content\/uploads\/2016\/12\/14-300x75.jpg 300w\" sizes=\"(max-width: 636px) 100vw, 636px\" \/><\/a><\/p>\n<p><strong><em>Routing COS <\/em><\/strong><\/p>\n<p>Eindeutiger Bezeichner f\u00fcr diese Service-Klasse.<\/p>\n<p><strong><em>Domain <\/em><\/strong><\/p>\n<p>W\u00e4hlen Sie die Domain aus, f\u00fcr die die COS erstellt werden soll.<\/p>\n<p><a href=\"https:\/\/hilfe.telekom-cloudcenter.de\/wp-content\/uploads\/2016\/12\/15.jpg\"><img decoding=\"async\" loading=\"lazy\" class=\"alignnone size-full wp-image-797\" src=\"https:\/\/hilfe.telekom-cloudcenter.de\/wp-content\/uploads\/2016\/12\/15.jpg\" alt=\"15\" width=\"665\" height=\"528\" srcset=\"https:\/\/hilfe.telekom-cloudcenter.de\/wp-content\/uploads\/2016\/12\/15.jpg 665w, https:\/\/hilfe.telekom-cloudcenter.de\/wp-content\/uploads\/2016\/12\/15-300x238.jpg 300w\" sizes=\"(max-width: 665px) 100vw, 665px\" \/><\/a><\/p>\n<p><strong><em>RBL Modus <\/em><\/strong><\/p>\n<ul>\n<li><strong><em>Optionen:<\/em><\/strong>\n<ul>\n<li><strong><em>Off:\u00a0<\/em><\/strong>Check deaktivieren, die Mail wird ungepr\u00fcft zugestellt.<\/li>\n<li><strong><em>Tag:\u00a0<\/em><\/strong>Die Mail wird markiert und zugestellt.<\/li>\n<li><strong><em>Quarantine:\u00a0<\/em><\/strong>Die Mail wird in Quarant\u00e4ne verschoben und im Junkmail Report aufgef\u00fchrt.<\/li>\n<li><strong><em>Tag &amp; Quarantine:\u00a0<\/em><\/strong>Die Mail wird markiert, in Quarant\u00e4ne verschoben und im Junkmail Report aufgef\u00fchrt.<\/li>\n<li><strong><em>Block:\u00a0<\/em><\/strong>Die Mail wird abgewiesen.<\/li>\n<li><strong><em>Black Tag:\u00a0<\/em><\/strong>Legen Sie hier den String fest, mit dem die Betreffzeile markiert werden soll, falls der Sender auf der RBL (Real Time Blacklist) gelistet ist.<\/li>\n<\/ul>\n<\/li>\n<\/ul>\n<p>&nbsp;<\/p>\n<p><strong><em>Spam Modus <\/em><\/strong><\/p>\n<ul>\n<li><strong><em>Optionen:<\/em><\/strong>\n<ul>\n<li><strong><em>Off:\u00a0<\/em><\/strong>Check deaktivieren, die Mail wird ungepr\u00fcft zugestellt.<\/li>\n<li><strong>Tag:\u00a0<\/strong>Die Mail wird markiert und zugestellt.<\/li>\n<li><strong>Block:\u00a0<\/strong>Die Nachricht wird, nachdem sie als Spam markiert wurde, abgewiesen. Der Empf\u00e4nger erh\u00e4lt den Fehlercode 5xx.\u00a0<strong>Ausnahme: Hat die Nachricht mehr als einen Empf\u00e4nger von denen z.B. einer AS-Blockieren aktiviert und ein Empf\u00e4nger Spam Markieren oder Whitelisting aktiviert hat, wird die Nachricht f\u00fcr den ersten (blockenden) Empf\u00e4nger silently, also ohne Bounce-Nachricht geblockt und f\u00fcr die weiteren Empf\u00e4nger wie konfiguriert zugestellt. (Nicht SMTP-RFC konform!)\u00a0<\/strong><\/li>\n<\/ul>\n<\/li>\n<\/ul>\n<p><strong><em>Spam Tag <\/em><\/strong><\/p>\n<p>Legen Sie hier den String fest, mit dem die Betreffzeile bei identifiziertem Spam markiert werden soll.<br \/>\n<strong><em>Greylisting Modus <\/em><\/strong><\/p>\n<p>Die Nachrichten unbekannter Sender werden beim ersten Senden tempor\u00e4r abgewiesen und erst beim zweiten Senden (wiederholter Sendeversuch des SMTP Servers) angenommen. Unbekannt hei\u00dft in diesem Zusammenhang, dass f\u00fcr das Triplet aus E-Mail-Adresse des Senders \/ E-Mail-Adresse des Empf\u00e4ngers \/ IP-Adresse des Absender-Servers noch kein g\u00fcltiger Eintrag existiert.<\/p>\n<ul>\n<li><strong><em>Optionen:<\/em><\/strong>\n<ul>\n<li><strong><em>\u00a0All:\u00a0<\/em><\/strong>Die Nachrichten aller Sender durchlaufen das Verfahren nach dem Greylisting Prinzip, es sei denn, f\u00fcr den Sender existiert ein Eintrag in einer Whitelist oder Greylist Whitelist.<\/li>\n<li><em><strong>Blacklisted:\u00a0<\/strong><\/em>Nur auf der Blacklist angegebene Sender durchlaufen das Verfahren nach dem Greylisting Prinzip, es sei denn, f\u00fcr den Sender existiert ein Eintrag in einer Whitelist oder Greylist Whitelist.<\/li>\n<li><strong><em>Disabled:\u00a0<\/em><\/strong>Check deaktivieren.<\/li>\n<\/ul>\n<\/li>\n<\/ul>\n<p><strong><em>Block No-PTR <\/em><\/strong><\/p>\n<p>Wenn eine Absender-IP-Adresse keinen PTR hat, wird die Mail abgelehnt.<\/p>\n<p><strong><em>Blacklist <\/em><\/strong><\/p>\n<p>Die Verwendung der userbasierten Listen kann f\u00fcr diese Klasse aktiviert oder deaktiviert werden.<\/p>\n<p><strong><em>Whitelist <\/em><\/strong><\/p>\n<p>Die Verwendung der userbasierten Listen kann f\u00fcr diese Klasse aktiviert oder deaktiviert werden.<\/p>\n<p><strong><em>Greylist Whitelist <\/em><\/strong><\/p>\n<p>Die Verwendung der userbasierten Listen kann f\u00fcr diese Klasse aktiviert oder deaktiviert werden.<\/p>\n<p><strong><em>Antispam Commtouch <\/em><\/strong><\/p>\n<p>Aktivieren oder deaktivieren Sie Commtouch f\u00fcr diese Klasse. Anhand des R\u00fcckgabewerts des Scanners k\u00f6nnen die E-Mails behandelt werden.<\/p>\n<ul>\n<li><strong><em>Optionen:<\/em><\/strong>\n<ul>\n<li><strong><em>Off:\u00a0<\/em><\/strong>Keine E-Mail ist Spam.<\/li>\n<li><strong><em>Confirmed:\u00a0<\/em><\/strong>Best\u00e4tigter Spam.<\/li>\n<li><strong><em>Confirmed &amp; Bulk:\u00a0<\/em><\/strong>Best\u00e4tigter Spam und Werbung.<\/li>\n<li><strong><em>Confirmed &amp; Bulk &amp; Suspect:\u00a0<\/em><\/strong>Best\u00e4tigter Spam, Werbung und unsichere Bewertung.<\/li>\n<li><strong><em>All:\u00a0<\/em><\/strong>Alle E-Mails sind Spam.<\/li>\n<\/ul>\n<\/li>\n<\/ul>\n<p><strong><em>Antispam Cloudmark <\/em><\/strong><\/p>\n<p>Aktivieren oder deaktivieren Sie Cloudmark f\u00fcr diese Klasse.<\/p>\n<p><strong><em>Junkmail Aufbewahrungszeit (Tage) <\/em><\/strong><\/p>\n<p>Legen Sie fest, nach wieviel Tagen der Spam aus der User-Quarant\u00e4ne gel\u00f6scht werden soll. Standardm\u00e4\u00dfig sind 30 Tage eingetragen. Maximal k\u00f6nnen 180 Tage ausgew\u00e4hlt werden.<\/p>\n<p><strong><em>Junkmail Modus <\/em><\/strong><\/p>\n<p>Legen Sie die Quarant\u00e4ne &#8211; User Quarantine oder Domain Quarantine &#8211; fest.<\/p>\n<p><strong><em>Junkmail Report <\/em><\/strong><\/p>\n<p>Legen Sie fest, in welcher Form der Junkmail Report zugestellt werden soll.<\/p>\n<ul>\n<li><strong><em>Optionen:<\/em><\/strong>\n<ul>\n<li><strong><em>Off:\u00a0<\/em><\/strong>Der Benutzer erh\u00e4lt keine Welcome Message und keinen Report.<\/li>\n<li><strong><em>Welcome Message:\u00a0<\/em><\/strong>Der Benutzer erh\u00e4lt eine Welcome Message und keinen Report.<\/li>\n<li><strong><em>Report:\u00a0<\/em><\/strong>Der Benutzer erh\u00e4lt einen Report und keine Welcome Message.<\/li>\n<li><strong><em>Welcome Message &amp; Report:\u00a0<\/em><\/strong>Der Benutzer erh\u00e4lt eine Welcome Message und einen Report.<\/li>\n<\/ul>\n<\/li>\n<\/ul>\n<p><strong><em>Junkmail Zustellzeit (UTC) <\/em><\/strong><\/p>\n<p>Der Junkmail Report wird zu der hier angegebenen Uhrzeit zugestellt. Die Angabe der Zeit erfolgt in UTC und ist entsprechend anzupassen.<\/p>\n<p><a href=\"https:\/\/hilfe.telekom-cloudcenter.de\/wp-content\/uploads\/2016\/12\/16.jpg\"><img decoding=\"async\" loading=\"lazy\" class=\"alignnone size-full wp-image-798\" src=\"https:\/\/hilfe.telekom-cloudcenter.de\/wp-content\/uploads\/2016\/12\/16.jpg\" alt=\"16\" width=\"499\" height=\"102\" srcset=\"https:\/\/hilfe.telekom-cloudcenter.de\/wp-content\/uploads\/2016\/12\/16.jpg 499w, https:\/\/hilfe.telekom-cloudcenter.de\/wp-content\/uploads\/2016\/12\/16-300x61.jpg 300w\" sizes=\"(max-width: 499px) 100vw, 499px\" \/><\/a><\/p>\n<p><strong><em>Sophos <\/em><\/strong><\/p>\n<p>Aktivieren oder deaktivieren Sie Sophos Antivirus f\u00fcr diese Klasse.<\/p>\n<p><strong><em>ClamAV <\/em><\/strong><\/p>\n<p>Aktivieren oder deaktivieren Sie ClamAV f\u00fcr diese Klasse.<\/p>\n<p><a href=\"https:\/\/hilfe.telekom-cloudcenter.de\/wp-content\/uploads\/2016\/12\/17.jpg\"><img decoding=\"async\" loading=\"lazy\" class=\"alignnone size-full wp-image-799\" src=\"https:\/\/hilfe.telekom-cloudcenter.de\/wp-content\/uploads\/2016\/12\/17.jpg\" alt=\"17\" width=\"694\" height=\"315\" srcset=\"https:\/\/hilfe.telekom-cloudcenter.de\/wp-content\/uploads\/2016\/12\/17.jpg 694w, https:\/\/hilfe.telekom-cloudcenter.de\/wp-content\/uploads\/2016\/12\/17-300x136.jpg 300w\" sizes=\"(max-width: 694px) 100vw, 694px\" \/><\/a><\/p>\n<p><strong><em>Max. Nachrichtengr\u00f6\u00dfe (MB) <\/em><\/strong><\/p>\n<p>Die Angabe erfolgt in Megabyte. Die systemweite maximale Nachrichtengr\u00f6\u00dfe hat immer Vorrang. \u00a0Die maximale Nachrichtengr\u00f6\u00dfe betr\u00e4gt 999 MB. Wenn die systemweiten Einstellungen gelten sollen, tragen Sie bitte den Wert 0 ein.<\/p>\n<p><strong><em>Dateianhang Blockieren <\/em><\/strong><\/p>\n<p>Falls Dateianhang Blockieren global aktiviert ist, k\u00f6nnen hier f\u00fcr einzelne Service Klassen Einstellungen vorgenommen werden. Das Feature kann in diesem Fall auch deaktiviert werden, allerdings werden global angegebene Dateitypen immer geblockt.<\/p>\n<ul>\n<li><strong><em>Optionen:<\/em><\/strong>\n<ul>\n<li><strong><em>Disabled:\u00a0<\/em><\/strong>Deaktivieren.<\/li>\n<li><strong><em>Block:\u00a0<\/em><\/strong>Nachricht wird geblockt, Sender erh\u00e4lt den Fehlercode 5xx, Session wird beendet.<\/li>\n<\/ul>\n<\/li>\n<\/ul>\n<p><strong><em>Datei-Endungen <\/em><\/strong><\/p>\n<p>Geben Sie die Endungen der Dateianh\u00e4nge an, die geblockt oder entfernt werden sollen. Angabe durch &#8220;:&#8221; getrennt (z.B. exe:cmd:com).<\/p>\n<p><strong><em>Sender Policy Framework <\/em><\/strong><\/p>\n<p>\u00dcberpr\u00fcfung der IP Adresse des sendenden Servers, um das F\u00e4lschen von Absenderadressen zu verhindern.<\/p>\n<ul>\n<li><strong><em>Optionen:<\/em><\/strong>\n<ul>\n<li><strong><em>Disabled:\u00a0<\/em><\/strong>Check deaktivieren.<\/li>\n<li><strong><em>Block:\u00a0<\/em><\/strong>Nachrichten werden geblockt, Sender erh\u00e4lt Fehlercode 5xx, Session wird beendet.<\/li>\n<li><strong><em>Tag:\u00a0<\/em><\/strong>Nachrichten werden mit dem Black Tag markiert zugestellt.<\/li>\n<\/ul>\n<\/li>\n<\/ul>\n<p><strong><em>Local Recipient Callout (Sek.) <\/em><\/strong><\/p>\n<p>F\u00fcr lokale Recipients wird \u00fcberpr\u00fcft, ob die sendende E-Mail Adresse existiert. Geben Sie hier die Wartezeit f\u00fcr die Antwort auf den Callout in Sekunden an.\u00a0Die maximale Wartezeit betr\u00e4gt 999 Sekunden. Soll keine \u00dcberpr\u00fcfung stattfinden, tragen Sie bitte den\u00a0Wert 0 ein.<\/p>\n<p><strong><em>Sender Check Local <\/em><\/strong><\/p>\n<p>Absender\u00fcberpr\u00fcfung f\u00fcr ausgehenden Traffic, der von der Relayliste kommt. F\u00fcr ausgehenden E-Mail Traffic wird \u00fcberpr\u00fcft, ob die MAIL FROM Adresse in der lokalen Datenbank vorhanden ist.<\/p>\n<ul>\n<li><strong><em>Optionen:<\/em><\/strong>\n<ul>\n<li><strong><em>Off:\u00a0<\/em><\/strong>Check deaktivieren.<\/li>\n<li><strong><em>On:\u00a0<\/em><\/strong>Check aktivieren.<\/li>\n<\/ul>\n<\/li>\n<\/ul>\n<p><strong><em>Sender Check Local Auth <\/em><\/strong><\/p>\n<p>F\u00fcr ausgehenden E-Mail Traffic wird \u00fcberpr\u00fcft, ob die MAIL FROM Adresse mit dem Benutzer-namen oder einem Alias der Mailbox \u00fcbereinstimmt.<\/p>\n<ul>\n<li><strong><em>Optionen:<\/em><\/strong>\n<ul>\n<li><strong><em>Off:\u00a0<\/em><\/strong>Check deaktivieren.<\/li>\n<li><strong><em>On:\u00a0<\/em><\/strong>Check aktivieren.<\/li>\n<\/ul>\n<\/li>\n<\/ul>\n<hr \/>\n<p><strong>Routing COS bearbeiten<\/strong><\/p>\n<p>Die Bearbeitung der Eintr\u00e4ge erfolgt im gleichen Formular wie die Erstellung.<\/p>\n<p><a href=\"https:\/\/hilfe.telekom-cloudcenter.de\/wp-content\/uploads\/2016\/12\/18.jpg\"><img decoding=\"async\" loading=\"lazy\" class=\"alignnone size-full wp-image-801\" src=\"https:\/\/hilfe.telekom-cloudcenter.de\/wp-content\/uploads\/2016\/12\/18.jpg\" alt=\"18\" width=\"622\" height=\"1211\" srcset=\"https:\/\/hilfe.telekom-cloudcenter.de\/wp-content\/uploads\/2016\/12\/18.jpg 622w, https:\/\/hilfe.telekom-cloudcenter.de\/wp-content\/uploads\/2016\/12\/18-154x300.jpg 154w, https:\/\/hilfe.telekom-cloudcenter.de\/wp-content\/uploads\/2016\/12\/18-526x1024.jpg 526w, https:\/\/hilfe.telekom-cloudcenter.de\/wp-content\/uploads\/2016\/12\/18-300x584.jpg 300w\" sizes=\"(max-width: 622px) 100vw, 622px\" \/><\/a><\/p>\n<p><a href=\"#_ftnref1\" name=\"_ftn1\"><\/a><\/p>\n","protected":false},"excerpt":{"rendered":"<p>Service-Klassen (Class of Service -&gt; COS) k\u00f6nnen f\u00fcr Domains oder einzelne Benutzer erstellt werden. Neue Routing COS anlegen Die Neuanlage von Service-Klassen erfolgt \u00fcber diesen Button. Filterkriterien Routing COS Spam Tag Black Tag Routing COS Bezeichnung der Service-Klasse mit Domain, f\u00fcr die die COS erstellt wurde. Spam Tag String, mit dem die Betreffzeile bei identifiziertem&#8230; <a href=\"https:\/\/hilfe.telekom-cloudcenter.de\/index.php\/produkte\/microsoft-exchange\/benutzung-der-zusatzdienste\/quarantaneboxen-verwalten\/routing-cos-administration\/\">read more &raquo;<\/a><\/p>\n","protected":false},"author":1,"featured_media":0,"parent":725,"menu_order":0,"comment_status":"closed","ping_status":"closed","template":"","meta":{"footnotes":""},"_links":{"self":[{"href":"https:\/\/hilfe.telekom-cloudcenter.de\/index.php\/wp-json\/wp\/v2\/pages\/792"}],"collection":[{"href":"https:\/\/hilfe.telekom-cloudcenter.de\/index.php\/wp-json\/wp\/v2\/pages"}],"about":[{"href":"https:\/\/hilfe.telekom-cloudcenter.de\/index.php\/wp-json\/wp\/v2\/types\/page"}],"author":[{"embeddable":true,"href":"https:\/\/hilfe.telekom-cloudcenter.de\/index.php\/wp-json\/wp\/v2\/users\/1"}],"replies":[{"embeddable":true,"href":"https:\/\/hilfe.telekom-cloudcenter.de\/index.php\/wp-json\/wp\/v2\/comments?post=792"}],"version-history":[{"count":4,"href":"https:\/\/hilfe.telekom-cloudcenter.de\/index.php\/wp-json\/wp\/v2\/pages\/792\/revisions"}],"predecessor-version":[{"id":802,"href":"https:\/\/hilfe.telekom-cloudcenter.de\/index.php\/wp-json\/wp\/v2\/pages\/792\/revisions\/802"}],"up":[{"embeddable":true,"href":"https:\/\/hilfe.telekom-cloudcenter.de\/index.php\/wp-json\/wp\/v2\/pages\/725"}],"wp:attachment":[{"href":"https:\/\/hilfe.telekom-cloudcenter.de\/index.php\/wp-json\/wp\/v2\/media?parent=792"}],"curies":[{"name":"wp","href":"https:\/\/api.w.org\/{rel}","templated":true}]}}