{"id":806,"date":"2016-12-01T11:33:57","date_gmt":"2016-12-01T11:33:57","guid":{"rendered":"https:\/\/hilfe.telekom-cloudcenter.de\/?page_id=806"},"modified":"2016-12-01T11:35:12","modified_gmt":"2016-12-01T11:35:12","slug":"greylist-whitelist","status":"publish","type":"page","link":"https:\/\/hilfe.telekom-cloudcenter.de\/index.php\/produkte\/microsoft-exchange\/benutzung-der-zusatzdienste\/quarantaneboxen-verwalten\/greylist-whitelist\/","title":{"rendered":"Greylist Whitelist"},"content":{"rendered":"<p><strong>Greylist Whitelist<\/strong><\/p>\n<p>Hier k\u00f6nnen einzelne E-Mail-Adressen oder ganze Dom\u00e4nen zur pers\u00f6nlichen Greylist hinzugef\u00fcgt \/ gel\u00f6scht werden. Mails von einem Absender auf der Greylist werden beim ersten Zustellversuch mit einem Fehler abgelehnt, sodass der Sender die erneute Zustellung ansto\u00dfen muss. Erst beim zweiten Zustellversuch wird die E-Mail in das normale Postfach zugestellt.<\/p>\n<p><a href=\"https:\/\/hilfe.telekom-cloudcenter.de\/wp-content\/uploads\/2016\/11\/19.jpg\"><img decoding=\"async\" loading=\"lazy\" class=\"alignnone size-full wp-image-803\" src=\"https:\/\/hilfe.telekom-cloudcenter.de\/wp-content\/uploads\/2016\/11\/19.jpg\" alt=\"19\" width=\"625\" height=\"294\" srcset=\"https:\/\/hilfe.telekom-cloudcenter.de\/wp-content\/uploads\/2016\/11\/19.jpg 625w, https:\/\/hilfe.telekom-cloudcenter.de\/wp-content\/uploads\/2016\/11\/19-300x141.jpg 300w\" sizes=\"(max-width: 625px) 100vw, 625px\" \/><\/a><\/p>\n<p><strong><em>Neue Greylist Whitelist anlegen <\/em><\/strong><\/p>\n<p>Die Neuanlage von Greylist Whitelist Eintr\u00e4gen erfolgt \u00fcber diesen Button.<\/p>\n<p><strong><em>Filterkriterien <\/em><\/strong><\/p>\n<ul>\n<li>Von<\/li>\n<li>An<\/li>\n<\/ul>\n<p><strong><em>Von <\/em><\/strong><\/p>\n<p>E-Mail-Adresse oder Domain des Senders.<\/p>\n<p><strong><em>An <\/em><\/strong><\/p>\n<p>E-Mail-Adresse oder Domain des Empf\u00e4ngers.<\/p>\n<hr \/>\n<p>So legen Sie eine neue Greylist Whitelist an:<\/p>\n<p><a href=\"https:\/\/hilfe.telekom-cloudcenter.de\/wp-content\/uploads\/2016\/11\/20.jpg\"><img decoding=\"async\" loading=\"lazy\" class=\"alignnone size-full wp-image-804\" src=\"https:\/\/hilfe.telekom-cloudcenter.de\/wp-content\/uploads\/2016\/11\/20.jpg\" alt=\"20\" width=\"565\" height=\"356\" srcset=\"https:\/\/hilfe.telekom-cloudcenter.de\/wp-content\/uploads\/2016\/11\/20.jpg 565w, https:\/\/hilfe.telekom-cloudcenter.de\/wp-content\/uploads\/2016\/11\/20-300x189.jpg 300w\" sizes=\"(max-width: 565px) 100vw, 565px\" \/><\/a><\/p>\n<p><strong><em>Von <\/em><\/strong><\/p>\n<p>E-Mail-Adresse (xxx@example.com) oder Domain (@example.com) des Senders. Eingabe von &#8220;@&#8221; f\u00fcr leere Absender-Adressen.<\/p>\n<p>Es k\u00f6nnen mehrere Adressen mit Trennzeichen (Komma oder Semikolon) eingegeben werden.<\/p>\n<p><strong><em>An <\/em><\/strong><\/p>\n<p>E-Mail-Adresse (xxx@localexample.com) oder Domain (@localexample.com) des Empf\u00e4ngers.<\/p>\n<p>Es k\u00f6nnen mehrere Adressen mit Trennzeichen (Komma oder Semikolon) eingegeben werden.<\/p>\n<hr \/>\n<p><strong>Greylist Whiteliste bearbeiten<\/strong><\/p>\n<p>Eintrag kann nur angezeigt, aber nicht bearbeitet werden. Um einen Eintrag zu \u00e4ndern, muss dieser im Bereich Administration gel\u00f6scht und anschlie\u00dfend neu angelegt werden.<\/p>\n<p><a href=\"https:\/\/hilfe.saase.local\/wp-content\/uploads\/2016\/12\/21.jpg\"><img decoding=\"async\" loading=\"lazy\" class=\"alignnone size-full wp-image-809\" src=\"https:\/\/hilfe.saase.local\/wp-content\/uploads\/2016\/12\/21.jpg\" alt=\"21\" width=\"555\" height=\"461\" srcset=\"https:\/\/hilfe.telekom-cloudcenter.de\/wp-content\/uploads\/2016\/12\/21.jpg 555w, https:\/\/hilfe.telekom-cloudcenter.de\/wp-content\/uploads\/2016\/12\/21-300x249.jpg 300w\" sizes=\"(max-width: 555px) 100vw, 555px\" \/><\/a><\/p>\n<p>&nbsp;<\/p>\n","protected":false},"excerpt":{"rendered":"<p>Greylist Whitelist Hier k\u00f6nnen einzelne E-Mail-Adressen oder ganze Dom\u00e4nen zur pers\u00f6nlichen Greylist hinzugef\u00fcgt \/ gel\u00f6scht werden. Mails von einem Absender auf der Greylist werden beim ersten Zustellversuch mit einem Fehler abgelehnt, sodass der Sender die erneute Zustellung ansto\u00dfen muss. Erst beim zweiten Zustellversuch wird die E-Mail in das normale Postfach zugestellt. Neue Greylist Whitelist anlegen&#8230; <a href=\"https:\/\/hilfe.telekom-cloudcenter.de\/index.php\/produkte\/microsoft-exchange\/benutzung-der-zusatzdienste\/quarantaneboxen-verwalten\/greylist-whitelist\/\">read more &raquo;<\/a><\/p>\n","protected":false},"author":1,"featured_media":0,"parent":725,"menu_order":0,"comment_status":"closed","ping_status":"closed","template":"","meta":{"footnotes":""},"_links":{"self":[{"href":"https:\/\/hilfe.telekom-cloudcenter.de\/index.php\/wp-json\/wp\/v2\/pages\/806"}],"collection":[{"href":"https:\/\/hilfe.telekom-cloudcenter.de\/index.php\/wp-json\/wp\/v2\/pages"}],"about":[{"href":"https:\/\/hilfe.telekom-cloudcenter.de\/index.php\/wp-json\/wp\/v2\/types\/page"}],"author":[{"embeddable":true,"href":"https:\/\/hilfe.telekom-cloudcenter.de\/index.php\/wp-json\/wp\/v2\/users\/1"}],"replies":[{"embeddable":true,"href":"https:\/\/hilfe.telekom-cloudcenter.de\/index.php\/wp-json\/wp\/v2\/comments?post=806"}],"version-history":[{"count":3,"href":"https:\/\/hilfe.telekom-cloudcenter.de\/index.php\/wp-json\/wp\/v2\/pages\/806\/revisions"}],"predecessor-version":[{"id":810,"href":"https:\/\/hilfe.telekom-cloudcenter.de\/index.php\/wp-json\/wp\/v2\/pages\/806\/revisions\/810"}],"up":[{"embeddable":true,"href":"https:\/\/hilfe.telekom-cloudcenter.de\/index.php\/wp-json\/wp\/v2\/pages\/725"}],"wp:attachment":[{"href":"https:\/\/hilfe.telekom-cloudcenter.de\/index.php\/wp-json\/wp\/v2\/media?parent=806"}],"curies":[{"name":"wp","href":"https:\/\/api.w.org\/{rel}","templated":true}]}}